{"id":96,"date":"2018-06-18T06:57:57","date_gmt":"2018-06-18T11:57:57","guid":{"rendered":"http:\/\/pruebaswhisper.xyz\/MultiExpress\/about\/"},"modified":"2022-10-31T17:15:44","modified_gmt":"2022-10-31T22:15:44","slug":"nosotros","status":"publish","type":"page","link":"https:\/\/pruebaswhisper.xyz\/MultiExpress\/nosotros\/","title":{"rendered":"NOSOTROS"},"content":{"rendered":"<style>\/*! elementor - v3.8.0 - 30-10-2022 *\/\n.elementor-heading-title{padding:0;margin:0;line-height:1}.elementor-widget-heading .elementor-heading-title[class*=elementor-size-]>a{color:inherit;font-size:inherit;line-height:inherit}.elementor-widget-heading .elementor-heading-title.elementor-size-small{font-size:15px}.elementor-widget-heading .elementor-heading-title.elementor-size-medium{font-size:19px}.elementor-widget-heading .elementor-heading-title.elementor-size-large{font-size:29px}.elementor-widget-heading .elementor-heading-title.elementor-size-xl{font-size:39px}.elementor-widget-heading .elementor-heading-title.elementor-size-xxl{font-size:59px}<\/style>\n<h2>NOSOTROS<\/h2>\n<h2>M\u00e1s de 19 a\u00f1os de experiencia<br \/>\nen el tr\u00e1mite de documentos<br \/>\nnotariales y consulares.<\/h2>\n<h2>U.S. MULTIEXPRESS<\/h2>\n<h2>Bienvenido a U.S.MultiExpress<\/h2>\n<style>\/*! elementor - v3.8.0 - 30-10-2022 *\/\n.elementor-widget-divider{--divider-border-style:none;--divider-border-width:1px;--divider-color:#2c2c2c;--divider-icon-size:20px;--divider-element-spacing:10px;--divider-pattern-height:24px;--divider-pattern-size:20px;--divider-pattern-url:none;--divider-pattern-repeat:repeat-x}.elementor-widget-divider .elementor-divider{display:-webkit-box;display:-ms-flexbox;display:flex}.elementor-widget-divider .elementor-divider__text{font-size:15px;line-height:1;max-width:95%}.elementor-widget-divider .elementor-divider__element{margin:0 var(--divider-element-spacing);-ms-flex-negative:0;flex-shrink:0}.elementor-widget-divider .elementor-icon{font-size:var(--divider-icon-size)}.elementor-widget-divider .elementor-divider-separator{display:-webkit-box;display:-ms-flexbox;display:flex;margin:0;direction:ltr}.elementor-widget-divider--view-line_icon .elementor-divider-separator,.elementor-widget-divider--view-line_text .elementor-divider-separator{-webkit-box-align:center;-ms-flex-align:center;align-items:center}.elementor-widget-divider--view-line_icon .elementor-divider-separator:after,.elementor-widget-divider--view-line_icon .elementor-divider-separator:before,.elementor-widget-divider--view-line_text .elementor-divider-separator:after,.elementor-widget-divider--view-line_text .elementor-divider-separator:before{display:block;content:\"\";border-bottom:0;-webkit-box-flex:1;-ms-flex-positive:1;flex-grow:1;border-top:var(--divider-border-width) var(--divider-border-style) var(--divider-color)}.elementor-widget-divider--element-align-left .elementor-divider .elementor-divider-separator>.elementor-divider__svg:first-of-type{-webkit-box-flex:0;-ms-flex-positive:0;flex-grow:0;-ms-flex-negative:100;flex-shrink:100}.elementor-widget-divider--element-align-left .elementor-divider-separator:before{content:none}.elementor-widget-divider--element-align-left .elementor-divider__element{margin-left:0}.elementor-widget-divider--element-align-right .elementor-divider .elementor-divider-separator>.elementor-divider__svg:last-of-type{-webkit-box-flex:0;-ms-flex-positive:0;flex-grow:0;-ms-flex-negative:100;flex-shrink:100}.elementor-widget-divider--element-align-right .elementor-divider-separator:after{content:none}.elementor-widget-divider--element-align-right .elementor-divider__element{margin-right:0}.elementor-widget-divider:not(.elementor-widget-divider--view-line_text):not(.elementor-widget-divider--view-line_icon) .elementor-divider-separator{border-top:var(--divider-border-width) var(--divider-border-style) var(--divider-color)}.elementor-widget-divider--separator-type-pattern{--divider-border-style:none}.elementor-widget-divider--separator-type-pattern.elementor-widget-divider--view-line .elementor-divider-separator,.elementor-widget-divider--separator-type-pattern:not(.elementor-widget-divider--view-line) .elementor-divider-separator:after,.elementor-widget-divider--separator-type-pattern:not(.elementor-widget-divider--view-line) .elementor-divider-separator:before,.elementor-widget-divider--separator-type-pattern:not([class*=elementor-widget-divider--view]) .elementor-divider-separator{width:100%;min-height:var(--divider-pattern-height);-webkit-mask-size:var(--divider-pattern-size) 100%;mask-size:var(--divider-pattern-size) 100%;-webkit-mask-repeat:var(--divider-pattern-repeat);mask-repeat:var(--divider-pattern-repeat);background-color:var(--divider-color);-webkit-mask-image:var(--divider-pattern-url);mask-image:var(--divider-pattern-url)}.elementor-widget-divider--no-spacing{--divider-pattern-size:auto}.elementor-widget-divider--bg-round{--divider-pattern-repeat:round}.rtl .elementor-widget-divider .elementor-divider__text{direction:rtl}.e-con-inner>.elementor-widget-divider,.e-con>.elementor-widget-divider{width:var(--container-widget-width,100%)}<\/style>\n<p>Nosotros tenemos m\u00e1s de 19 a\u00f1os de experiencia en el tr\u00e1mite de documentos notariales y consulares. Adem\u00e1s enviamos sus paquetes y documentos a cualquier lugar del mundo. Estamos ubicados en Miami, Florida pero nuestra especialidad es Latinoam\u00e9rica! Nuestros servicios de traducciones son impecables, traducimos del espa\u00f1ol al ingl\u00e9s y de ingl\u00e9s a espa\u00f1ol.<\/p>\n<p>La calidad, la integridad y la satisfacci\u00f3n del cliente son nuestros tres pilares, y seguimos a la altura de estos principios hasta este dia. Explore nuestro sitio para aprender m\u00e1s de lo que le podemos ofrecer a usted como persona o como empresa. Ofrecemos servicios tanto para empresas grandes, peque\u00f1as o internacionales.<\/p>\n<p>Si tiene m\u00e1s dudas, preguntas o comentarios, no espere y cont\u00e1ctenos ahora. Estamos aqu\u00ed para servirles.<\/p>\n<style>\/*! elementor - v3.8.0 - 30-10-2022 *\/\n.elementor-widget-image{text-align:center}.elementor-widget-image a{display:inline-block}.elementor-widget-image a img[src$=\".svg\"]{width:48px}.elementor-widget-image img{vertical-align:middle;display:inline-block}<\/style>\n<p>\t\t\t\t\t\t\t\t\t\t\t\t<img decoding=\"async\" width=\"768\" height=\"900\" src=\"https:\/\/pruebaswhisper.xyz\/MultiExpress\/wp-content\/uploads\/2022\/10\/MUJER-100-768x900.jpg\" alt=\"\" loading=\"lazy\" srcset=\"https:\/\/pruebaswhisper.xyz\/MultiExpress\/wp-content\/uploads\/2022\/10\/MUJER-100-768x900.jpg 768w, https:\/\/pruebaswhisper.xyz\/MultiExpress\/wp-content\/uploads\/2022\/10\/MUJER-100-256x300.jpg 256w, https:\/\/pruebaswhisper.xyz\/MultiExpress\/wp-content\/uploads\/2022\/10\/MUJER-100-874x1024.jpg 874w, https:\/\/pruebaswhisper.xyz\/MultiExpress\/wp-content\/uploads\/2022\/10\/MUJER-100.jpg 1080w\" sizes=\"auto, (max-width: 768px) 100vw, 768px\" \/>\t\t\t\t\t\t\t\t\t\t\t\t\t\t\t<\/p>\n<h2>U.S. MULTIEXPRESS<\/h2>\n<h2>Testimoniales<\/h2>\n<p>\t\t\t\t\t\t\t\t\t\t\t\t\t\t\t<img decoding=\"async\" width=\"150\" height=\"150\" src=\"https:\/\/pruebaswhisper.xyz\/MultiExpress\/wp-content\/uploads\/2022\/10\/man-100-150x150.jpg\" alt=\"\" loading=\"lazy\" srcset=\"https:\/\/pruebaswhisper.xyz\/MultiExpress\/wp-content\/uploads\/2022\/10\/man-100-150x150.jpg 150w, https:\/\/pruebaswhisper.xyz\/MultiExpress\/wp-content\/uploads\/2022\/10\/man-100-300x300.jpg 300w, https:\/\/pruebaswhisper.xyz\/MultiExpress\/wp-content\/uploads\/2022\/10\/man-100.jpg 503w\" sizes=\"auto, (max-width: 150px) 100vw, 150px\" \/>\t\t\t\t\t\t\t\t\t\t\t\t\t\t\t<\/p>\n<h2>&#8220;<\/h2>\n<p>Lorem fistrum por la gloria de mi madre esse jarl aliqua llevame al sircoo. De la pradera ullamco qu\u00e9 dise usteer est\u00e1 la cosa muy malar.<\/p>\n<h2>NOMBRE PERSONA<\/h2>\n<h2>Cargo de la persona<\/h2>\n<p>\t\t\t\t\t\t\t\t\t\t\t\t\t\t\t<img decoding=\"async\" width=\"150\" height=\"150\" src=\"https:\/\/pruebaswhisper.xyz\/MultiExpress\/wp-content\/uploads\/2022\/10\/man-100-150x150.jpg\" alt=\"\" loading=\"lazy\" srcset=\"https:\/\/pruebaswhisper.xyz\/MultiExpress\/wp-content\/uploads\/2022\/10\/man-100-150x150.jpg 150w, https:\/\/pruebaswhisper.xyz\/MultiExpress\/wp-content\/uploads\/2022\/10\/man-100-300x300.jpg 300w, https:\/\/pruebaswhisper.xyz\/MultiExpress\/wp-content\/uploads\/2022\/10\/man-100.jpg 503w\" sizes=\"auto, (max-width: 150px) 100vw, 150px\" \/>\t\t\t\t\t\t\t\t\t\t\t\t\t\t\t<\/p>\n<h2>&#8220;<\/h2>\n<p>Lorem fistrum por la gloria de mi madre esse jarl aliqua llevame al sircoo. De la pradera ullamco qu\u00e9 dise usteer est\u00e1 la cosa muy malar.<\/p>\n<h2>NOMBRE PERSONA<\/h2>\n<h2>Cargo de la persona<\/h2>\n<h2>U.S. MULTIEXPRESS<\/h2>\n<h2>NUESTROS SERVICIOS<\/h2>\n<p>\u00a1Ofrecemos nuestros servicios a nivel local e internacional!<\/p>\n<p>\t\t\t<svg xmlns=\"http:\/\/www.w3.org\/2000\/svg\" viewBox=\"0 0 204 160.93\"><defs><\/p>\n<style>.cls-1,.cls-2{fill:#9d282d;}.cls-1{stroke:#9d282d;stroke-miterlimit:10;stroke-width:4px;}<\/style>\n<p><\/defs><title>Recurso 2<\/title><g id=\"Capa_2\" data-name=\"Capa 2\"><g id=\"Capa_2-2\" data-name=\"Capa 2\"><path d=\"M200.34,34.75,131.75,2.26a2.65,2.65,0,0,0-2.3,0L60.86,34.75a3.14,3.14,0,0,0-1.66,3.12v84.6a3,3,0,0,0,1.6,2.67l68.66,33.52a2.55,2.55,0,0,0,1.14.27,2.1,2.1,0,0,0,1.14-.28l68.66-33.51a3,3,0,0,0,1.6-2.67V37.87A3.22,3.22,0,0,0,200.34,34.75ZM127.86,151.43,64.68,120.59V42l15.65,7.64,24.38,11.9,23.15,11.3Zm2.74-85.37L73,36.7l57.59-30L68.81,37.59,130.6,5.66l59.58,30.26Zm65.92,54.53-63.18,30.84V72.87L196.52,42Z\"><\/path><path d=\"M50.75,40.1V34.27c0-.62-.35-1.12-.79-1.12H.79c-.44,0-.79.5-.79,1.12V40.1c0,.62.35,1.12.79,1.12H50c.44,0,.79-.5.79-1.12Z\"><\/path><path d=\"M50.75,50.42V45.49c0-.62-.35-1.13-.79-1.13H.79c-.44,0-.79.51-.79,1.13v4.93c0,.62.35,1.12.79,1.12H50c.44,0,.79-.5.79-1.12Z\"><\/path><path d=\"M50.75,58.72V56.25c0-.62-.35-1.12-.79-1.12H.79c-.44,0-.79.5-.79,1.12v2.47c0,.62.35,1.12.79,1.12H50c.44,0,.79-.5.79-1.12Z\"><\/path><path d=\"M50.75,66.3V63.47c0-.62-.35-1.12-.79-1.12H.79c-.44,0-.79.5-.79,1.12V66.3c0,.62.35,1.13.79,1.13H50c.44,0,.79-.51.79-1.13Z\"><\/path><path d=\"M50.75,78V73.34c0-.62-.35-1.12-.79-1.12H.79c-.44,0-.79.5-.79,1.12V78c0,.62.35,1.12.79,1.12H50c.44,0,.79-.5.79-1.12Z\"><\/path><path d=\"M50.75,85.52V83.21c0-.62-.35-1.12-.79-1.12H.79c-.44,0-.79.5-.79,1.12v2.31c0,.62.35,1.13.79,1.13H50c.44,0,.79-.51.79-1.13Z\"><\/path><path d=\"M50.75,93.56V90.69c0-.62-.35-1.13-.79-1.13H.79c-.44,0-.79.51-.79,1.13v2.87c0,.62.35,1.12.79,1.12H50c.44,0,.79-.5.79-1.12Z\"><\/path><path d=\"M50.75,105.26V103c0-.62-.35-1.12-.79-1.12H.79c-.44,0-.79.5-.79,1.12v2.31c0,.62.35,1.12.79,1.12H50c.44,0,.79-.5.79-1.12Z\"><\/path><path d=\"M50.75,117.71V112.9c0-.62-.35-1.12-.79-1.12H.79c-.44,0-.79.5-.79,1.12v4.81c0,.62.35,1.12.79,1.12H50c.44,0,.79-.5.79-1.12Z\"><\/path><path d=\"M50.75,130.56v-6.9c0-.62-.35-1.12-.79-1.12H.79c-.44,0-.79.5-.79,1.12v6.9c0,.62.35,1.12.79,1.12H50c.44,0,.79-.5.79-1.12Z\"><\/path><\/g><\/g><\/svg>\t\t\t<\/p>\n<h3>COURIER Y CARGA<\/h3>\n<p>Env\u00edo de documentos y paquetes: Llegan a la mayor parte del mundo con la rapidez y seguridad que brindan nuestros corresponsales y aliados de prestigio mundial.<\/p>\n<p>\t\t\t<svg xmlns=\"http:\/\/www.w3.org\/2000\/svg\" viewBox=\"0 0 171.15 157.83\"><defs><\/p>\n<style>.cls-1,.cls-2,.cls-3,.cls-5{fill:#9d282d;}.cls-2,.cls-5{stroke:#9d282d;}.cls-2,.cls-3,.cls-4,.cls-5{stroke-miterlimit:10;}.cls-2,.cls-3{stroke-width:0.25px;}.cls-3{stroke:#c30f80;}.cls-4{fill:none;stroke:#fff;}.cls-4,.cls-5{stroke-width:0.5px;}<\/style>\n<p><\/defs><title>Recurso 3<\/title><g id=\"Capa_2\" data-name=\"Capa 2\"><g id=\"Capa_2-2\" data-name=\"Capa 2\"><path d=\"M148.51,124.2H110.76a3.43,3.43,0,0,0,0,6.86h37.75a3.43,3.43,0,1,0,0-6.86Z\"><\/path><path d=\"M152.91,97.71H103.06a4.22,4.22,0,1,0,0,8.41h49.85a4.22,4.22,0,1,0,0-8.41Z\"><\/path><path d=\"M102.76,114.17a3.44,3.44,0,0,0,3.43,3.43H152a3.43,3.43,0,0,0,0-6.86H106.19A3.44,3.44,0,0,0,102.76,114.17Z\"><\/path><path d=\"M20,33,1.14,51.5a3.36,3.36,0,0,0,0,4.76L26.48,82.17l-7,6.91a3.37,3.37,0,1,0,4.72,4.81l5.55-5.44,7.38,23a3.39,3.39,0,0,0,2.11,2.15L95.09,132.8A2.66,2.66,0,0,0,96,133a3.3,3.3,0,0,0,3.52-3.45,2.73,2.73,0,0,0-.14-.93L81.26,72.32a3.35,3.35,0,0,0-2.11-2.15L56.37,62.32l5.54-5.43a3.37,3.37,0,1,0-4.72-4.82l-7,6.89L24.77,33.05A3.38,3.38,0,0,0,20,33Zm68.6,84.05L70.84,98.94A3.37,3.37,0,1,0,66,103.66l17.76,18.12L43,107.73,35.1,83.17,51,67.6,75.37,76ZM8.26,54,22.31,40.18l23,23.5-14,13.77Z\"><\/path><path d=\"M54.54,87.13a6.63,6.63,0,1,0,9.37.09A6.62,6.62,0,0,0,54.54,87.13Z\"><\/path><polygon points=\"133.92 37.88 155.46 37.88 133.92 16.34 133.92 37.88\"><\/polygon><path d=\"M169.52,38.61l-37-37a3.22,3.22,0,0,0-.36-.24A4.45,4.45,0,0,0,131,.62a4.7,4.7,0,0,0-1.82-.37H54.54A4.71,4.71,0,0,0,49.83,5L49,44.85l10.18,2.28.08-37.45h65.23V42.6a4.72,4.72,0,0,0,4.72,4.71h32.26V148.15H59.26v-22l-9.43,7.73v19a4.71,4.71,0,0,0,4.71,4.71H166.19a4.71,4.71,0,0,0,4.71-4.71V41.94A4.72,4.72,0,0,0,169.52,38.61Zm-35.6-.73V16.34l21.54,21.54Z\"><\/path><\/g><\/g><\/svg>\t\t\t<\/p>\n<h3>NOTARY<\/h3>\n<p>Contamos con servicio de Notary Public para documentos que necesite presentar en los Estados Unidos y tambi\u00e9n en el exterior, ya que tramitamos ante el Departamento de Estado la Apostilla para que el documento sea v\u00e1lido en el pa\u00eds de destino.<\/p>\n<p>\t\t\t<svg xmlns=\"http:\/\/www.w3.org\/2000\/svg\" viewBox=\"0 0 202.91 160.34\"><defs><\/p>\n<style>.cls-1{fill:#9d282d;stroke:#9d282d;stroke-miterlimit:10;stroke-width:0.5px;}<\/style>\n<p><\/defs><title>Recurso 4<\/title><g id=\"Capa_2\" data-name=\"Capa 2\"><g id=\"Capa_2-2\" data-name=\"Capa 2\"><path d=\"M176,42.82H138.81V27A26.74,26.74,0,0,0,112.1.25H27A26.74,26.74,0,0,0,.25,27v85.13a5.44,5.44,0,0,0,5.43,5.43A26.77,26.77,0,0,0,31.84,96.24H64.1V112.1a26.75,26.75,0,0,0,26.71,26.71h80.26a26.77,26.77,0,0,0,26.16,21.28,5.44,5.44,0,0,0,5.43-5.43V69.53A26.74,26.74,0,0,0,176,42.82ZM191.8,112v36.33a15.88,15.88,0,0,1-10.43-14.9,5.43,5.43,0,0,0-5.43-5.43H90.81A15.87,15.87,0,0,1,75,112.1V96.24H112.1a26.74,26.74,0,0,0,26.71-26.71V53.67H176A15.88,15.88,0,0,1,191.8,69.53ZM75,69.53A15.88,15.88,0,0,1,90.81,53.67H128V69.53A15.87,15.87,0,0,1,112.1,85.38H75ZM27,85.38a5.43,5.43,0,0,0-5.43,5.43,15.88,15.88,0,0,1-10.43,14.9V27A15.87,15.87,0,0,1,27,11.11H112.1A15.87,15.87,0,0,1,128,27V42.82H90.81A26.74,26.74,0,0,0,64.1,69.53V85.38Z\"><\/path><\/g><\/g><\/svg>\t\t\t<\/p>\n<h3>TRADUCCIONES<\/h3>\n<p>Traducimos todo tipo de documentos de ingl\u00e9s a espa\u00f1ol y viceversa. Contamos con traductores que se especializan en \u00e1reas espec\u00edficas de acuerdo con sus necesidades.<br \/>\u2022 Legal<br \/>\u2022 Website<br \/>\u2022 Con Medicex<\/p>\n<p>\t\t\t<svg xmlns=\"http:\/\/www.w3.org\/2000\/svg\" viewBox=\"0 0 180.97 144.12\"><defs><\/p>\n<style>.cls-1{fill:#9d282d;stroke:#9d282d;stroke-miterlimit:10;stroke-width:3px;}<\/style>\n<p><\/defs><title>Recurso 5<\/title><g id=\"Capa_2\" data-name=\"Capa 2\"><g id=\"Capa_2-2\" data-name=\"Capa 2\"><g id=\"wtsPhb\"><path d=\"M1.5,48.76A33,33,0,0,1,2.84,45c2.55-5.11,6.81-7.56,12.44-7.67,3.17-.06,6.35,0,9.64,0L26.17,26c.47-4.38.87-8.76,1.42-13.13C28.46,6,34.92,1,42.13,1.55q30,2.51,60.06,5.06Q130.32,9,158.46,11.26c3.23.27,6.47.46,9.67.93A13,13,0,0,1,179.45,26c-.31,6.12-1,12.23-1.47,18.35q-1.3,15.58-2.63,31.17c-.83,9.86-1.58,19.74-2.49,29.6a13.24,13.24,0,0,1-13.28,11.79c-1.77,0-3.54-.21-5.52-.34,0,3.61.07,7.07,0,10.53a25.86,25.86,0,0,1-.61,5.84,13.18,13.18,0,0,1-12.21,9.68c-.64,0-1.27,0-1.91,0h-123c-7.89,0-12.31-3.34-14.54-11a3.31,3.31,0,0,0-.22-.47Zm7,37.58v42c0,4.86,2.52,7.36,7.41,7.36H139.59c5,0,7.51-2.51,7.51-7.45q0-20,0-40v-1.9Zm145.61,23.17c1.83.16,3.37.36,4.93.43a6.35,6.35,0,0,0,7-6.13q1.19-13.66,2.34-27.35,2.08-24.76,4.15-49.52c.41-4.88-2-7.73-6.83-8.09s-9.47-.75-14.2-1.15Q131.62,16,111.81,14.36c-11.78-1-23.55-1.94-35.32-2.92s-23.31-2-35-2.95a6.26,6.26,0,0,0-7.06,5.66c-.64,5.11-1.13,10.24-1.68,15.37-.27,2.56-.53,5.12-.81,7.83h2.52q52.32,0,104.63,0a20.49,20.49,0,0,1,4.82.48c6.2,1.5,10.11,6.81,10.11,13.65q0,27.9,0,55.8ZM8.54,79.22H147V64.94H8.54ZM147.11,57.81V55.89c0-1.86.09-3.72-.06-5.56a6.37,6.37,0,0,0-6-6,13.48,13.48,0,0,0-1.56-.05H15.93a12,12,0,0,0-2.24.18c-2.64.53-4.6,2.11-4.94,4.73a64.7,64.7,0,0,0-.09,8.59Z\"><\/path><path d=\"M115.8,125.35c-5.33,0-10.66,0-16,0-3,0-4.18-1.18-4.19-4.24q0-10.17,0-20.34c0-2.93,1.2-4.15,4.11-4.15q16.08,0,32.16,0c2.88,0,4.12,1.28,4.13,4.16q0,10.26,0,20.51c0,2.77-1.29,4-4.05,4.06C126.58,125.37,121.19,125.35,115.8,125.35Zm-13.11-21.68v14.59H129V103.67Z\"><\/path><\/g><\/g><\/g><\/svg>\t\t\t<\/p>\n<h3>APERTURA DE CUENTAS<\/h3>\n<p>Ahora puede abrir su cuenta de ahorro Bancolombia y tener acceso a cr\u00e9dito de vivienda.<\/p>\n<h2>U.S. MULTIEXPRESS<\/h2>\n<h2>Estamos a sus \u00f3rdenes,<br \/>\n\u00bfen qu\u00e9 le podemos ayudar?<\/h2>\n<p>\t\t[contact-form-7 id=&#8221;5761&#8243; title=&#8221;Form-Home&#8221;]\t\t<\/p>\n<style>\/*! elementor - v3.8.0 - 30-10-2022 *\/\n.elementor-widget-social-icons.elementor-grid-0 .elementor-widget-container,.elementor-widget-social-icons.elementor-grid-mobile-0 .elementor-widget-container,.elementor-widget-social-icons.elementor-grid-tablet-0 .elementor-widget-container{line-height:1;font-size:0}.elementor-widget-social-icons:not(.elementor-grid-0):not(.elementor-grid-tablet-0):not(.elementor-grid-mobile-0) .elementor-grid{display:inline-grid}.elementor-widget-social-icons .elementor-grid{grid-column-gap:var(--grid-column-gap,5px);grid-row-gap:var(--grid-row-gap,5px);grid-template-columns:var(--grid-template-columns);-webkit-box-pack:var(--justify-content,center);-ms-flex-pack:var(--justify-content,center);justify-content:var(--justify-content,center);justify-items:var(--justify-content,center)}.elementor-icon.elementor-social-icon{font-size:var(--icon-size,25px);line-height:var(--icon-size,25px);width:calc(var(--icon-size, 25px) + (2 * var(--icon-padding, .5em)));height:calc(var(--icon-size, 25px) + (2 * var(--icon-padding, .5em)))}.elementor-social-icon{--e-social-icon-icon-color:#fff;display:-webkit-inline-box;display:-ms-inline-flexbox;display:inline-flex;background-color:#818a91;-webkit-box-align:center;-ms-flex-align:center;align-items:center;-webkit-box-pack:center;-ms-flex-pack:center;justify-content:center;text-align:center;cursor:pointer}.elementor-social-icon i{color:var(--e-social-icon-icon-color)}.elementor-social-icon svg{fill:var(--e-social-icon-icon-color)}.elementor-social-icon:last-child{margin:0}.elementor-social-icon:hover{opacity:.9;color:#fff}.elementor-social-icon-android{background-color:#a4c639}.elementor-social-icon-apple{background-color:#999}.elementor-social-icon-behance{background-color:#1769ff}.elementor-social-icon-bitbucket{background-color:#205081}.elementor-social-icon-codepen{background-color:#000}.elementor-social-icon-delicious{background-color:#39f}.elementor-social-icon-deviantart{background-color:#05cc47}.elementor-social-icon-digg{background-color:#005be2}.elementor-social-icon-dribbble{background-color:#ea4c89}.elementor-social-icon-elementor{background-color:#d30c5c}.elementor-social-icon-envelope{background-color:#ea4335}.elementor-social-icon-facebook,.elementor-social-icon-facebook-f{background-color:#3b5998}.elementor-social-icon-flickr{background-color:#0063dc}.elementor-social-icon-foursquare{background-color:#2d5be3}.elementor-social-icon-free-code-camp,.elementor-social-icon-freecodecamp{background-color:#006400}.elementor-social-icon-github{background-color:#333}.elementor-social-icon-gitlab{background-color:#e24329}.elementor-social-icon-globe{background-color:#818a91}.elementor-social-icon-google-plus,.elementor-social-icon-google-plus-g{background-color:#dd4b39}.elementor-social-icon-houzz{background-color:#7ac142}.elementor-social-icon-instagram{background-color:#262626}.elementor-social-icon-jsfiddle{background-color:#487aa2}.elementor-social-icon-link{background-color:#818a91}.elementor-social-icon-linkedin,.elementor-social-icon-linkedin-in{background-color:#0077b5}.elementor-social-icon-medium{background-color:#00ab6b}.elementor-social-icon-meetup{background-color:#ec1c40}.elementor-social-icon-mixcloud{background-color:#273a4b}.elementor-social-icon-odnoklassniki{background-color:#f4731c}.elementor-social-icon-pinterest{background-color:#bd081c}.elementor-social-icon-product-hunt{background-color:#da552f}.elementor-social-icon-reddit{background-color:#ff4500}.elementor-social-icon-rss{background-color:#f26522}.elementor-social-icon-shopping-cart{background-color:#4caf50}.elementor-social-icon-skype{background-color:#00aff0}.elementor-social-icon-slideshare{background-color:#0077b5}.elementor-social-icon-snapchat{background-color:#fffc00}.elementor-social-icon-soundcloud{background-color:#f80}.elementor-social-icon-spotify{background-color:#2ebd59}.elementor-social-icon-stack-overflow{background-color:#fe7a15}.elementor-social-icon-steam{background-color:#00adee}.elementor-social-icon-stumbleupon{background-color:#eb4924}.elementor-social-icon-telegram{background-color:#2ca5e0}.elementor-social-icon-thumb-tack{background-color:#1aa1d8}.elementor-social-icon-tripadvisor{background-color:#589442}.elementor-social-icon-tumblr{background-color:#35465c}.elementor-social-icon-twitch{background-color:#6441a5}.elementor-social-icon-twitter{background-color:#1da1f2}.elementor-social-icon-viber{background-color:#665cac}.elementor-social-icon-vimeo{background-color:#1ab7ea}.elementor-social-icon-vk{background-color:#45668e}.elementor-social-icon-weibo{background-color:#dd2430}.elementor-social-icon-weixin{background-color:#31a918}.elementor-social-icon-whatsapp{background-color:#25d366}.elementor-social-icon-wordpress{background-color:#21759b}.elementor-social-icon-xing{background-color:#026466}.elementor-social-icon-yelp{background-color:#af0606}.elementor-social-icon-youtube{background-color:#cd201f}.elementor-social-icon-500px{background-color:#0099e5}.elementor-shape-rounded .elementor-icon.elementor-social-icon{border-radius:10%}.elementor-shape-circle .elementor-icon.elementor-social-icon{border-radius:50%}<\/style>\n<p>\t\t\t\t\t<a target=\"_blank\" rel=\"noopener\"><br \/>\n\t\t\t\t\t\t<svg xmlns=\"http:\/\/www.w3.org\/2000\/svg\" viewBox=\"0 0 33.06 47.24\"><defs><\/p>\n<style>.cls-1{fill:#e3e3e3;}<\/style>\n<p><\/defs><title>Recurso 14<\/title><g id=\"Capa_2\" data-name=\"Capa 2\"><g id=\"Capa_2-2\" data-name=\"Capa 2\"><path d=\"M26.06,0H7A7,7,0,0,0,0,7V40.24a7,7,0,0,0,7,7H26.06a7,7,0,0,0,7-7V7A7,7,0,0,0,26.06,0ZM7,3.23H26.06A3.77,3.77,0,0,1,29.83,7V33.63H3.23V7A3.77,3.77,0,0,1,7,3.23ZM26.06,44H7a3.77,3.77,0,0,1-3.76-3.77V36.86h26.6v3.38A3.77,3.77,0,0,1,26.06,44Z\"><\/path><path d=\"M16.09,7.87A1.29,1.29,0,1,0,14.8,6.58,1.29,1.29,0,0,0,16.09,7.87Z\"><\/path><path d=\"M16.09,38.87a1.29,1.29,0,1,0,1.29,1.29A1.28,1.28,0,0,0,16.09,38.87Z\"><\/path><\/g><\/g><\/svg>\t\t\t\t\t<\/a><br \/>\n\t\t\t\t\t<a target=\"_blank\" rel=\"noopener\"><br \/>\n\t\t\t\t\t\tWhatsapp<br \/>\n\t\t\t\t\t\t\t\t\t\t\t<\/a><br \/>\n\t\t\t\t\t<a target=\"_blank\" rel=\"noopener\"><br \/>\n\t\t\t\t\t\tGoogle-plus-g<br \/>\n\t\t\t\t\t\t\t\t\t\t\t<\/a><\/p>\n<h2>Nuestro Negocio<br \/>\nEs Ayudarle A Usted<\/h2>\n<p>\t\t\t<a href=\"#\" role=\"button\"><br \/>\n\t\t\t\t\t\tCont\u00e1ctenos<br \/>\n\t\t\t\t\t<\/a><\/p>\n","protected":false},"excerpt":{"rendered":"<p>NOSOTROS M\u00e1s de 19 a\u00f1os de experiencia en el tr\u00e1mite de documentos notariales y consulares. U.S. MULTIEXPRESS Bienvenido a U.S.MultiExpress Nosotros tenemos m\u00e1s de 19 a\u00f1os de experiencia en el tr\u00e1mite de documentos notariales y consulares. Adem\u00e1s enviamos sus paquetes y documentos a cualquier lugar del mundo. Estamos ubicados en Miami, Florida pero nuestra especialidad &hellip;<\/p>\n<p class=\"read-more\"> <a class=\"\" href=\"https:\/\/pruebaswhisper.xyz\/MultiExpress\/nosotros\/\"> <span class=\"screen-reader-text\">NOSOTROS<\/span> Leer m\u00e1s &raquo;<\/a><\/p>\n","protected":false},"author":1,"featured_media":0,"parent":0,"menu_order":0,"comment_status":"closed","ping_status":"closed","template":"","meta":{"site-sidebar-layout":"no-sidebar","site-content-layout":"page-builder","ast-global-header-display":"","ast-main-header-display":"","ast-hfb-above-header-display":"","ast-hfb-below-header-display":"","ast-hfb-mobile-header-display":"","site-post-title":"disabled","ast-breadcrumbs-content":"","ast-featured-img":"disabled","footer-sml-layout":"","theme-transparent-header-meta":"enabled","adv-header-id-meta":"","stick-header-meta":"","header-above-stick-meta":"","header-main-stick-meta":"","header-below-stick-meta":"","footnotes":""},"class_list":["post-96","page","type-page","status-publish","hentry"],"_links":{"self":[{"href":"https:\/\/pruebaswhisper.xyz\/MultiExpress\/wp-json\/wp\/v2\/pages\/96","targetHints":{"allow":["GET"]}}],"collection":[{"href":"https:\/\/pruebaswhisper.xyz\/MultiExpress\/wp-json\/wp\/v2\/pages"}],"about":[{"href":"https:\/\/pruebaswhisper.xyz\/MultiExpress\/wp-json\/wp\/v2\/types\/page"}],"author":[{"embeddable":true,"href":"https:\/\/pruebaswhisper.xyz\/MultiExpress\/wp-json\/wp\/v2\/users\/1"}],"replies":[{"embeddable":true,"href":"https:\/\/pruebaswhisper.xyz\/MultiExpress\/wp-json\/wp\/v2\/comments?post=96"}],"version-history":[{"count":176,"href":"https:\/\/pruebaswhisper.xyz\/MultiExpress\/wp-json\/wp\/v2\/pages\/96\/revisions"}],"predecessor-version":[{"id":6730,"href":"https:\/\/pruebaswhisper.xyz\/MultiExpress\/wp-json\/wp\/v2\/pages\/96\/revisions\/6730"}],"wp:attachment":[{"href":"https:\/\/pruebaswhisper.xyz\/MultiExpress\/wp-json\/wp\/v2\/media?parent=96"}],"curies":[{"name":"wp","href":"https:\/\/api.w.org\/{rel}","templated":true}]}}