{"id":519,"date":"2025-04-29T14:32:03","date_gmt":"2025-04-29T19:32:03","guid":{"rendered":"https:\/\/pruebaswhisper.xyz\/albala\/?page_id=519"},"modified":"2025-04-29T15:15:24","modified_gmt":"2025-04-29T20:15:24","slug":"historias-de-exito","status":"publish","type":"page","link":"https:\/\/pruebaswhisper.xyz\/albala\/historias-de-exito\/","title":{"rendered":"Historias de \u00c9xito"},"content":{"rendered":"\t\t<div data-elementor-type=\"wp-page\" data-elementor-id=\"519\" class=\"elementor elementor-519\" data-elementor-post-type=\"page\">\n\t\t\t\t<div class=\"elementor-element elementor-element-45425eaa e-flex e-con-boxed e-con e-parent\" data-id=\"45425eaa\" data-element_type=\"container\">\n\t\t\t\t\t<div class=\"e-con-inner\">\n\t\t\t\t<div class=\"elementor-element elementor-element-3784676c elementor-widget__width-initial animated-slow elementor-invisible elementor-widget elementor-widget-heading\" data-id=\"3784676c\" data-element_type=\"widget\" data-settings=\"{&quot;_animation&quot;:&quot;fadeInUp&quot;}\" data-widget_type=\"heading.default\">\n\t\t\t\t<div class=\"elementor-widget-container\">\n\t\t\t\t\t<h2 class=\"elementor-heading-title elementor-size-default\">Voces que renacen<\/h2>\t\t\t\t<\/div>\n\t\t\t\t<\/div>\n\t\t\t\t<div class=\"elementor-element elementor-element-24a0aa97 elementor-widget__width-initial animated-slow elementor-invisible elementor-widget elementor-widget-text-editor\" data-id=\"24a0aa97\" data-element_type=\"widget\" data-settings=\"{&quot;_animation&quot;:&quot;fadeInUp&quot;,&quot;_animation_delay&quot;:100}\" data-widget_type=\"text-editor.default\">\n\t\t\t\t<div class=\"elementor-widget-container\">\n\t\t\t\t\t\t\t\t\t<p>Historias reales de estudiantes que transformaron su vida en Albal\u00e1.<\/p>\t\t\t\t\t\t\t\t<\/div>\n\t\t\t\t<\/div>\n\t\t<div class=\"elementor-element elementor-element-5ad53b34 e-grid e-con-full animated-slow elementor-invisible e-con e-child\" data-id=\"5ad53b34\" data-element_type=\"container\" data-settings=\"{&quot;animation&quot;:&quot;fadeInUp&quot;,&quot;animation_delay&quot;:200}\">\n\t\t\t\t<div class=\"elementor-element elementor-element-7a0cf14e elementor-position-top elementor-widget elementor-widget-image-box\" data-id=\"7a0cf14e\" data-element_type=\"widget\" data-widget_type=\"image-box.default\">\n\t\t\t\t<div class=\"elementor-widget-container\">\n\t\t\t\t\t<div class=\"elementor-image-box-wrapper\"><figure class=\"elementor-image-box-img\"><a href=\"#elementor-action%3Aaction%3Dpopup%3Aopen%26settings%3DeyJpZCI6IjUyMiIsInRvZ2dsZSI6ZmFsc2V9\" tabindex=\"-1\"><img decoding=\"async\" width=\"60\" height=\"60\" src=\"https:\/\/pruebaswhisper.xyz\/albala\/wp-content\/uploads\/2025\/04\/herramientas-albala.webp\" class=\"attachment-full size-full wp-image-499\" alt=\"\" \/><\/a><\/figure><div class=\"elementor-image-box-content\"><h3 class=\"elementor-image-box-title\"><a href=\"#elementor-action%3Aaction%3Dpopup%3Aopen%26settings%3DeyJpZCI6IjUyMiIsInRvZ2dsZSI6ZmFsc2V9\">Enrique<\/a><\/h3><p class=\"elementor-image-box-description\">Carta a Hern\u00e1n y la Mona: Mi sobriedad ahora se ha transformado, ya no es una lucha por no consumir, ahora es un tesoro por el cual me felicito y me agradezco...<\/p><\/div><\/div>\t\t\t\t<\/div>\n\t\t\t\t<\/div>\n\t\t\t\t<div class=\"elementor-element elementor-element-510b08a0 elementor-position-top elementor-widget elementor-widget-image-box\" data-id=\"510b08a0\" data-element_type=\"widget\" data-widget_type=\"image-box.default\">\n\t\t\t\t<div class=\"elementor-widget-container\">\n\t\t\t\t\t<div class=\"elementor-image-box-wrapper\"><figure class=\"elementor-image-box-img\"><img decoding=\"async\" width=\"60\" height=\"60\" src=\"https:\/\/pruebaswhisper.xyz\/albala\/wp-content\/uploads\/2025\/04\/herramientas-albala.webp\" class=\"attachment-full size-full wp-image-499\" alt=\"\" \/><\/figure><div class=\"elementor-image-box-content\"><h3 class=\"elementor-image-box-title\">Amalia<\/h3><p class=\"elementor-image-box-description\">La vida empieza cuando decides morir, eso de pronto lo le\u00ed en alguna parte o lo vi en alguna pel\u00edcula o me lo dijeron, a lo mejor es un graffiti en las calles de Bogot\u00e1, o a lo mejor me lo acabo de inventar....<\/p><\/div><\/div>\t\t\t\t<\/div>\n\t\t\t\t<\/div>\n\t\t\t\t<\/div>\n\t\t<div class=\"elementor-element elementor-element-3558a6fb e-grid e-con-full animated-slow elementor-invisible e-con e-child\" data-id=\"3558a6fb\" data-element_type=\"container\" data-settings=\"{&quot;animation&quot;:&quot;fadeInUp&quot;,&quot;animation_delay&quot;:300}\">\n\t\t\t\t<div class=\"elementor-element elementor-element-70d91313 elementor-position-top elementor-widget elementor-widget-image-box\" data-id=\"70d91313\" data-element_type=\"widget\" data-widget_type=\"image-box.default\">\n\t\t\t\t<div class=\"elementor-widget-container\">\n\t\t\t\t\t<div class=\"elementor-image-box-wrapper\"><figure class=\"elementor-image-box-img\"><img decoding=\"async\" width=\"60\" height=\"60\" src=\"https:\/\/pruebaswhisper.xyz\/albala\/wp-content\/uploads\/2025\/04\/diversity_1-5.png\" class=\"attachment-full size-full wp-image-65\" alt=\"\" \/><\/figure><div class=\"elementor-image-box-content\"><h3 class=\"elementor-image-box-title\">Carlos<\/h3><p class=\"elementor-image-box-description\">Yo llegu\u00e9 a Albal\u00e1 buscando alivio. Quer\u00eda terminar con un comportamiento auto destructivo que me hac\u00eda sentir muerto por dentro. En Albal\u00e1 comprend\u00ed que mi verdadera b\u00fasqueda... <\/p><\/div><\/div>\t\t\t\t<\/div>\n\t\t\t\t<\/div>\n\t\t\t\t<div class=\"elementor-element elementor-element-575ac269 elementor-position-top elementor-widget elementor-widget-image-box\" data-id=\"575ac269\" data-element_type=\"widget\" data-widget_type=\"image-box.default\">\n\t\t\t\t<div class=\"elementor-widget-container\">\n\t\t\t\t\t<div class=\"elementor-image-box-wrapper\"><figure class=\"elementor-image-box-img\"><img decoding=\"async\" width=\"60\" height=\"60\" src=\"https:\/\/pruebaswhisper.xyz\/albala\/wp-content\/uploads\/2025\/04\/herramientas-albala.webp\" class=\"attachment-full size-full wp-image-499\" alt=\"\" \/><\/figure><div class=\"elementor-image-box-content\"><h3 class=\"elementor-image-box-title\">Laura R<\/h3><p class=\"elementor-image-box-description\">Hablar de lo que era mi vida antes de conocer Albal\u00e1 es como hablar de un pasado que ya no existe, o que ya veo demasiado lejano, de pronto porque aprend\u00ed...<\/p><\/div><\/div>\t\t\t\t<\/div>\n\t\t\t\t<\/div>\n\t\t\t\t<div class=\"elementor-element elementor-element-622f7e0a elementor-position-top elementor-widget elementor-widget-image-box\" data-id=\"622f7e0a\" data-element_type=\"widget\" data-widget_type=\"image-box.default\">\n\t\t\t\t<div class=\"elementor-widget-container\">\n\t\t\t\t\t<div class=\"elementor-image-box-wrapper\"><figure class=\"elementor-image-box-img\"><img decoding=\"async\" width=\"60\" height=\"60\" src=\"https:\/\/pruebaswhisper.xyz\/albala\/wp-content\/uploads\/2025\/04\/diversity_1-7.png\" class=\"attachment-full size-full wp-image-67\" alt=\"\" \/><\/figure><div class=\"elementor-image-box-content\"><h3 class=\"elementor-image-box-title\">Luis Felipe<\/h3><p class=\"elementor-image-box-description\">Me sent\u00ed un poco desorientado, buscaba algo; no sab\u00eda qu\u00e9 era, solo sent\u00eda que algo me faltaba. As\u00ed que trat\u00e9 de buscarlo en todas partes, en todas las personas...<\/p><\/div><\/div>\t\t\t\t<\/div>\n\t\t\t\t<\/div>\n\t\t\t\t<\/div>\n\t\t<div class=\"elementor-element elementor-element-74dd9f6 e-grid e-con-full animated-slow elementor-invisible e-con e-child\" data-id=\"74dd9f6\" data-element_type=\"container\" data-settings=\"{&quot;animation&quot;:&quot;fadeInUp&quot;,&quot;animation_delay&quot;:200}\">\n\t\t\t\t<div class=\"elementor-element elementor-element-4bd9b9b elementor-position-top elementor-widget elementor-widget-image-box\" data-id=\"4bd9b9b\" data-element_type=\"widget\" data-widget_type=\"image-box.default\">\n\t\t\t\t<div class=\"elementor-widget-container\">\n\t\t\t\t\t<div class=\"elementor-image-box-wrapper\"><figure class=\"elementor-image-box-img\"><a href=\"#elementor-action%3Aaction%3Dpopup%3Aopen%26settings%3DeyJpZCI6IjUyMiIsInRvZ2dsZSI6ZmFsc2V9\" tabindex=\"-1\"><img decoding=\"async\" width=\"60\" height=\"60\" src=\"https:\/\/pruebaswhisper.xyz\/albala\/wp-content\/uploads\/2025\/04\/herramientas-albala.webp\" class=\"attachment-full size-full wp-image-499\" alt=\"\" \/><\/a><\/figure><div class=\"elementor-image-box-content\"><h3 class=\"elementor-image-box-title\"><a href=\"#elementor-action%3Aaction%3Dpopup%3Aopen%26settings%3DeyJpZCI6IjUyMiIsInRvZ2dsZSI6ZmFsc2V9\">Luis B<\/a><\/h3><p class=\"elementor-image-box-description\"> Fue una experiencia muy enriquecedora, me siento un ser privilegiado por haber tenido la oportunidad de ir a Albal\u00e1.<\/p><\/div><\/div>\t\t\t\t<\/div>\n\t\t\t\t<\/div>\n\t\t\t\t<div class=\"elementor-element elementor-element-093843b elementor-position-top elementor-widget elementor-widget-image-box\" data-id=\"093843b\" data-element_type=\"widget\" data-widget_type=\"image-box.default\">\n\t\t\t\t<div class=\"elementor-widget-container\">\n\t\t\t\t\t<div class=\"elementor-image-box-wrapper\"><figure class=\"elementor-image-box-img\"><img decoding=\"async\" width=\"60\" height=\"60\" src=\"https:\/\/pruebaswhisper.xyz\/albala\/wp-content\/uploads\/2025\/04\/herramientas-albala.webp\" class=\"attachment-full size-full wp-image-499\" alt=\"\" \/><\/figure><div class=\"elementor-image-box-content\"><h3 class=\"elementor-image-box-title\">Maria Isabel<\/h3><p class=\"elementor-image-box-description\">Me admitieron en la Javeriana para entrar a la facultad de DERECHO (ser\u00e1 que logro enderezarme???). Es un pendiente de vida que ten\u00eda!!!!! DIOS es muyyyyyy grande y Albal\u00e1 tambi\u00e9n. Estoy FELIZZZZZ.<\/p><\/div><\/div>\t\t\t\t<\/div>\n\t\t\t\t<\/div>\n\t\t\t\t<\/div>\n\t\t\t\t\t<\/div>\n\t\t\t\t<\/div>\n\t\t\t\t<\/div>\n\t\t","protected":false},"excerpt":{"rendered":"<p>Voces que renacen Historias reales de estudiantes que transformaron su vida en Albal\u00e1. Enrique Carta a Hern\u00e1n y la Mona: Mi sobriedad ahora se ha transformado, ya no es una lucha por no consumir, ahora es un tesoro por el cual me felicito y me agradezco&#8230; Amalia La vida empieza cuando decides morir, eso de [&hellip;]<\/p>\n","protected":false},"author":1,"featured_media":0,"parent":0,"menu_order":0,"comment_status":"closed","ping_status":"closed","template":"","meta":{"_joinchat":[],"footnotes":""},"class_list":["post-519","page","type-page","status-publish","hentry"],"_links":{"self":[{"href":"https:\/\/pruebaswhisper.xyz\/albala\/wp-json\/wp\/v2\/pages\/519","targetHints":{"allow":["GET"]}}],"collection":[{"href":"https:\/\/pruebaswhisper.xyz\/albala\/wp-json\/wp\/v2\/pages"}],"about":[{"href":"https:\/\/pruebaswhisper.xyz\/albala\/wp-json\/wp\/v2\/types\/page"}],"author":[{"embeddable":true,"href":"https:\/\/pruebaswhisper.xyz\/albala\/wp-json\/wp\/v2\/users\/1"}],"replies":[{"embeddable":true,"href":"https:\/\/pruebaswhisper.xyz\/albala\/wp-json\/wp\/v2\/comments?post=519"}],"version-history":[{"count":13,"href":"https:\/\/pruebaswhisper.xyz\/albala\/wp-json\/wp\/v2\/pages\/519\/revisions"}],"predecessor-version":[{"id":540,"href":"https:\/\/pruebaswhisper.xyz\/albala\/wp-json\/wp\/v2\/pages\/519\/revisions\/540"}],"wp:attachment":[{"href":"https:\/\/pruebaswhisper.xyz\/albala\/wp-json\/wp\/v2\/media?parent=519"}],"curies":[{"name":"wp","href":"https:\/\/api.w.org\/{rel}","templated":true}]}}