{"id":749,"date":"2021-11-06T17:34:03","date_gmt":"2021-11-06T17:34:03","guid":{"rendered":"https:\/\/pruebaswhisper.xyz\/b360\/?page_id=749"},"modified":"2021-11-06T19:32:52","modified_gmt":"2021-11-06T19:32:52","slug":"nuestros-productos","status":"publish","type":"page","link":"https:\/\/pruebaswhisper.xyz\/b360\/nuestros-productos\/","title":{"rendered":"Nuestros Productos"},"content":{"rendered":"<p>Bio 360 es Arte vivo a tu alcanceTranquilidadNaturaleza<\/p>\n<h2>\u00bfQu\u00e9 espacio deseas transformar?<\/h2>\n<h2>Productos BIO<\/h2>\n<p>En <strong>BIO 360<\/strong> incorporamos la Vegetaci\u00f3n en Ambientes Cotidianos mediante el desarrollo de tecnolog\u00edas que permiten disfrutar los beneficios de la naturaleza.<\/p>\n<p>\t\t\t<!-- start Woocommerce Product Carousel -->\n\t\t<link id='font-awesome-css' href='https:\/\/pruebaswhisper.xyz\/b360\/wp-content\/plugins\/unlimited-elements-for-elementor-premium\/assets_libraries\/font-awesome5\/css\/fontawesome-all.min.css' type='text\/css' rel='stylesheet' >\n\t\t<link id='font-awesome-4-shim-css' href='https:\/\/pruebaswhisper.xyz\/b360\/wp-content\/plugins\/unlimited-elements-for-elementor-premium\/assets_libraries\/font-awesome5\/css\/fontawesome-v4-shims.css' type='text\/css' rel='stylesheet' >\n\t\t<link id='owl-carousel-css' href='https:\/\/pruebaswhisper.xyz\/b360\/wp-content\/plugins\/unlimited-elements-for-elementor-premium\/assets_libraries\/owl-carousel-new\/assets\/owl.carousel.css' type='text\/css' rel='stylesheet' >\n<style type=\"text\/css\">\/* widget: Woocommerce Product Carousel *\/\n#uc_woocommerce_product_carousel_elementor52620{\n  min-height:1px;\n}\n#uc_woocommerce_product_carousel_elementor52620 *{\n  box-sizing:border-box;\n}\n#uc_woocommerce_product_carousel_elementor52620 .uc_image_carousel_content\n{ \n  box-sizing:border-box;\n}\n#uc_woocommerce_product_carousel_elementor52620 .uc_image_carousel_placeholder\n{\n  overflow:hidden;\n  position:relative;\n}\n#uc_woocommerce_product_carousel_elementor52620{\n  position:relative;\n}\n.uc_post_title{\n  font-size:21px;\n}\n#uc_woocommerce_product_carousel_elementor52620 .owl-carousel .owl-nav .owl-prev{\n    position:absolute;\n    left:-100px;\n    display:inline-block;\n    text-align:center;\n}\n#uc_woocommerce_product_carousel_elementor52620 .owl-carousel .owl-nav .owl-next{\n  position:absolute;\n    right:-100px;\n  display:inline-block;\n  text-align:center;\n}\n#uc_woocommerce_product_carousel_elementor52620 .owl-carousel .owl-nav .owl-prev:after{\n    content: \"\u2190\";\n}\n#uc_woocommerce_product_carousel_elementor52620 .owl-carousel .owl-nav .owl-next:after{\n    content: \"\u2192\";\n}\n#uc_woocommerce_product_carousel_elementor52620 .uc_image_carousel_container_holder{\n  text-align:center;\n  overflow:hidden;\n}\n#uc_woocommerce_product_carousel_elementor52620 .uc_btn, .uc-button-addcart, .added_to_cart{\n    display:block;\n  text-decoration:none;\n  text-align:center;\n}\n#uc_woocommerce_product_carousel_elementor52620 .owl-dots {\noverflow:hidden;\n display:none !important;\ntext-align:center;\n}\n#uc_woocommerce_product_carousel_elementor52620 .owl-dot {\nborder-radius:50%;\ndisplay:inline-block;\n}\n.uc-button-addcart.added\n{\n  display:none !important;\n}\n.uc_prices > div\n{\n  display:block;\n}\n#uc_woocommerce_product_carousel_elementor52620 .uc_image_carousel_container_holder .uc_product_image\n{\n  transition:0.5s;\n}\n#uc_woocommerce_product_carousel_elementor52620 .ue_woocommerce_product_carousel_sale_label\n{\n  display:inline-flex;\n  position:absolute;\n  left:10px;\n  top:10px;\n  align-items:center;\n  justify-content:center;\n}\n#uc_woocommerce_product_carousel_elementor52620 .uc_image_carousel_content_inside\n{\n  display:flex;\n  flex-direction:column;\n}\n#uc_woocommerce_product_carousel_elementor52620 .uc_buttons\n{\n  margin-top:auto;\n}\n#uc_woocommerce_product_carousel_elementor52620 .ue-woo-item\n{\n  transition:0.3s;\n}\n#uc_woocommerce_product_carousel_elementor52620 .ue-woo-counter\n{\n  display:inline-flex;\n  align-items:center;\n  border:1px solid lightgray;\n}\n#uc_woocommerce_product_carousel_elementor52620 .ue-woo-counter-btn\n{\n  height:30px;\n  width:30px;\n  display:flex;\n  align-items:center;\n  justify-content:center;\n}\n#uc_woocommerce_product_carousel_elementor52620 .ue-woo-counter-input\n{\n  height:30px;\n  box-sizing:border-box;\n  width:50px;\n  border-radius:0px;\n  border:none;\n  text-align:center;\n}\n#uc_woocommerce_product_carousel_elementor52620 .ue-woo-counter-btn\n{\n  background:lightgray;\n  cursor:pointer;\n}\n\t#uc_woocommerce_product_carousel_elementor52620_item1 .uc_sale_currency\n    {\n      display:none\n    }\n\t#uc_woocommerce_product_carousel_elementor52620_item2 .uc_sale_currency\n    {\n      display:none\n    }\n\t#uc_woocommerce_product_carousel_elementor52620_item3 .uc_price\n    {\n      text-decoration:line-through;\n    }\n\t#uc_woocommerce_product_carousel_elementor52620_item4 .uc_sale_currency\n    {\n      display:none\n    }\n\t#uc_woocommerce_product_carousel_elementor52620_item5 .uc_price\n    {\n      text-decoration:line-through;\n    }\n\t#uc_woocommerce_product_carousel_elementor52620_item6 .uc_sale_currency\n    {\n      display:none\n    }\n\t#uc_woocommerce_product_carousel_elementor52620_item7 .uc_sale_currency\n    {\n      display:none\n    }\n\t#uc_woocommerce_product_carousel_elementor52620_item8 .uc_sale_currency\n    {\n      display:none\n    }\n\t#uc_woocommerce_product_carousel_elementor52620_item9 .uc_sale_currency\n    {\n      display:none\n    }\n\t#uc_woocommerce_product_carousel_elementor52620_item10 .uc_price\n    {\n      text-decoration:line-through;\n    }\n<\/style>\n<p>    <a href=\"https:\/\/pruebaswhisper.xyz\/b360\/producto\/wordpress-pennant\/\"><br \/>\n    <\/a><br \/>\n        <a href=\"https:\/\/pruebaswhisper.xyz\/b360\/producto\/wordpress-pennant\/\">WordPress Pennant<\/a><br \/>\n       <bdi>$&nbsp;11<\/bdi><br \/>\n    <a href=\"https:\/\/pruebaswhisper.xyz\/b360\/producto\/logo-collection\/\"><br \/>\n    <\/a><br \/>\n        <a href=\"https:\/\/pruebaswhisper.xyz\/b360\/producto\/logo-collection\/\">Logo Collection<\/a><br \/>\n       <bdi>$&nbsp;18<\/bdi><br \/>\n    <a href=\"https:\/\/pruebaswhisper.xyz\/b360\/producto\/beanie-with-logo\/\"><br \/>\n    <\/a><br \/>\n                                      \tOferta<br \/>\n                                        10%<br \/>\n        <a href=\"https:\/\/pruebaswhisper.xyz\/b360\/producto\/beanie-with-logo\/\">Beanie with Logo<\/a><br \/>\n       <bdi>$&nbsp;20<\/bdi>             \t\t<bdi>$&nbsp;18<\/bdi><br \/>\n    <a href=\"https:\/\/pruebaswhisper.xyz\/b360\/producto\/t-shirt-with-logo\/\"><br \/>\n    <\/a><br \/>\n        <a href=\"https:\/\/pruebaswhisper.xyz\/b360\/producto\/t-shirt-with-logo\/\">T-Shirt with Logo<\/a><br \/>\n       <bdi>$&nbsp;18<\/bdi><br \/>\n    <a href=\"https:\/\/pruebaswhisper.xyz\/b360\/producto\/single\/\"><br \/>\n    <\/a><br \/>\n                                      \tOferta<br \/>\n                                        33%<br \/>\n        <a href=\"https:\/\/pruebaswhisper.xyz\/b360\/producto\/single\/\">Single<\/a><br \/>\n       <bdi>$&nbsp;3<\/bdi>             \t\t<bdi>$&nbsp;2<\/bdi><br \/>\n    <a href=\"https:\/\/pruebaswhisper.xyz\/b360\/producto\/album\/\"><br \/>\n    <\/a><br \/>\n        <a href=\"https:\/\/pruebaswhisper.xyz\/b360\/producto\/album\/\">Album<\/a><br \/>\n       <bdi>$&nbsp;15<\/bdi><br \/>\n    <a href=\"https:\/\/pruebaswhisper.xyz\/b360\/producto\/polo\/\"><br \/>\n    <\/a><br \/>\n        <a href=\"https:\/\/pruebaswhisper.xyz\/b360\/producto\/polo\/\">Polo<\/a><br \/>\n       <bdi>$&nbsp;20<\/bdi><br \/>\n    <a href=\"https:\/\/pruebaswhisper.xyz\/b360\/producto\/long-sleeve-tee\/\"><br \/>\n    <\/a><br \/>\n        <a href=\"https:\/\/pruebaswhisper.xyz\/b360\/producto\/long-sleeve-tee\/\">Long Sleeve Tee<\/a><br \/>\n       <bdi>$&nbsp;25<\/bdi><br \/>\n    <a href=\"https:\/\/pruebaswhisper.xyz\/b360\/producto\/hoodie-with-zipper\/\"><br \/>\n    <\/a><br \/>\n        <a href=\"https:\/\/pruebaswhisper.xyz\/b360\/producto\/hoodie-with-zipper\/\">Hoodie with Zipper<\/a><br \/>\n       <bdi>$&nbsp;45<\/bdi><br \/>\n    <a href=\"https:\/\/pruebaswhisper.xyz\/b360\/producto\/hoodie-with-pocket\/\"><br \/>\n    <\/a><br \/>\n                                      \tOferta<br \/>\n                                        22%<br \/>\n        <a href=\"https:\/\/pruebaswhisper.xyz\/b360\/producto\/hoodie-with-pocket\/\">Hoodie with Pocket<\/a><br \/>\n       <bdi>$&nbsp;45<\/bdi>             \t\t<bdi>$&nbsp;35<\/bdi><br \/>\n\t\t\t<!-- end Woocommerce Product Carousel -->\t\t<\/p>\n<h2>Categor\u00eda BIO 1<\/h2>\n<p>Lorem fistrum por la gloria de mi madre\u00a0<\/p>\n<h2>House Plants<\/h2>\n<h2>Categor\u00eda BIO 2<\/h2>\n<p>Lorem fistrum por la gloria de mi madre\u00a0<\/p>\n<h2>Office Plants<\/h2>\n<h2>Categor\u00eda BIO 2<\/h2>\n<p>Lorem fistrum por la gloria de mi madre\u00a0<\/p>\n<h2>Garden Plants<\/h2>\n<h2>Categor\u00eda BIO 1<\/h2>\n<p>Lorem fistrum por la gloria de mi madre\u00a0<\/p>\n<h2>House Plants<\/h2>\n<h2>Categor\u00eda BIO 2<\/h2>\n<p>Lorem fistrum por la gloria de mi madre\u00a0<\/p>\n<h2>Office Plants<\/h2>\n<h2>Categor\u00eda BIO 2<\/h2>\n<p>Lorem fistrum por la gloria de mi madre\u00a0<\/p>\n<h2>Garden Plants<\/h2>\n<p>\t\t\t<!-- start Woocommerce Product Carousel --><\/p>\n<style type=\"text\/css\">\/* widget: Woocommerce Product Carousel *\/\n#uc_woocommerce_product_carousel_elementor69222{\n  min-height:1px;\n}\n#uc_woocommerce_product_carousel_elementor69222 *{\n  box-sizing:border-box;\n}\n#uc_woocommerce_product_carousel_elementor69222 .uc_image_carousel_content\n{ \n  box-sizing:border-box;\n}\n#uc_woocommerce_product_carousel_elementor69222 .uc_image_carousel_placeholder\n{\n  overflow:hidden;\n  position:relative;\n}\n#uc_woocommerce_product_carousel_elementor69222{\n  position:relative;\n}\n.uc_post_title{\n  font-size:21px;\n}\n#uc_woocommerce_product_carousel_elementor69222 .owl-carousel .owl-nav .owl-prev{\n    position:absolute;\n    left:-100px;\n    display:inline-block;\n    text-align:center;\n}\n#uc_woocommerce_product_carousel_elementor69222 .owl-carousel .owl-nav .owl-next{\n  position:absolute;\n    right:-100px;\n  display:inline-block;\n  text-align:center;\n}\n#uc_woocommerce_product_carousel_elementor69222 .owl-carousel .owl-nav .owl-prev:after{\n    content: \"\u2190\";\n}\n#uc_woocommerce_product_carousel_elementor69222 .owl-carousel .owl-nav .owl-next:after{\n    content: \"\u2192\";\n}\n#uc_woocommerce_product_carousel_elementor69222 .uc_image_carousel_container_holder{\n  text-align:center;\n  overflow:hidden;\n}\n#uc_woocommerce_product_carousel_elementor69222 .uc_btn, .uc-button-addcart, .added_to_cart{\n    display:block;\n  text-decoration:none;\n  text-align:center;\n}\n#uc_woocommerce_product_carousel_elementor69222 .owl-dots {\noverflow:hidden;\n display:none !important;\ntext-align:center;\n}\n#uc_woocommerce_product_carousel_elementor69222 .owl-dot {\nborder-radius:50%;\ndisplay:inline-block;\n}\n.uc-button-addcart.added\n{\n  display:none !important;\n}\n.uc_prices > div\n{\n  display:block;\n}\n#uc_woocommerce_product_carousel_elementor69222 .uc_image_carousel_container_holder .uc_product_image\n{\n  transition:0.5s;\n}\n#uc_woocommerce_product_carousel_elementor69222 .ue_woocommerce_product_carousel_sale_label\n{\n  display:inline-flex;\n  position:absolute;\n  left:10px;\n  top:10px;\n  align-items:center;\n  justify-content:center;\n}\n#uc_woocommerce_product_carousel_elementor69222 .uc_image_carousel_content_inside\n{\n  display:flex;\n  flex-direction:column;\n}\n#uc_woocommerce_product_carousel_elementor69222 .uc_buttons\n{\n  margin-top:auto;\n}\n#uc_woocommerce_product_carousel_elementor69222 .ue-woo-item\n{\n  transition:0.3s;\n}\n#uc_woocommerce_product_carousel_elementor69222 .ue-woo-counter\n{\n  display:inline-flex;\n  align-items:center;\n  border:1px solid lightgray;\n}\n#uc_woocommerce_product_carousel_elementor69222 .ue-woo-counter-btn\n{\n  height:30px;\n  width:30px;\n  display:flex;\n  align-items:center;\n  justify-content:center;\n}\n#uc_woocommerce_product_carousel_elementor69222 .ue-woo-counter-input\n{\n  height:30px;\n  box-sizing:border-box;\n  width:50px;\n  border-radius:0px;\n  border:none;\n  text-align:center;\n}\n#uc_woocommerce_product_carousel_elementor69222 .ue-woo-counter-btn\n{\n  background:lightgray;\n  cursor:pointer;\n}\n\t#uc_woocommerce_product_carousel_elementor69222_item1 .uc_sale_currency\n    {\n      display:none\n    }\n\t#uc_woocommerce_product_carousel_elementor69222_item2 .uc_sale_currency\n    {\n      display:none\n    }\n\t#uc_woocommerce_product_carousel_elementor69222_item3 .uc_price\n    {\n      text-decoration:line-through;\n    }\n\t#uc_woocommerce_product_carousel_elementor69222_item4 .uc_sale_currency\n    {\n      display:none\n    }\n\t#uc_woocommerce_product_carousel_elementor69222_item5 .uc_price\n    {\n      text-decoration:line-through;\n    }\n\t#uc_woocommerce_product_carousel_elementor69222_item6 .uc_sale_currency\n    {\n      display:none\n    }\n\t#uc_woocommerce_product_carousel_elementor69222_item7 .uc_sale_currency\n    {\n      display:none\n    }\n\t#uc_woocommerce_product_carousel_elementor69222_item8 .uc_sale_currency\n    {\n      display:none\n    }\n\t#uc_woocommerce_product_carousel_elementor69222_item9 .uc_sale_currency\n    {\n      display:none\n    }\n\t#uc_woocommerce_product_carousel_elementor69222_item10 .uc_price\n    {\n      text-decoration:line-through;\n    }\n<\/style>\n<p>    <a href=\"https:\/\/pruebaswhisper.xyz\/b360\/producto\/wordpress-pennant\/\"><br \/>\n    <\/a><br \/>\n        <a href=\"https:\/\/pruebaswhisper.xyz\/b360\/producto\/wordpress-pennant\/\">WordPress Pennant<\/a><br \/>\n       <bdi>$&nbsp;11<\/bdi><br \/>\n    <a href=\"https:\/\/pruebaswhisper.xyz\/b360\/producto\/logo-collection\/\"><br \/>\n    <\/a><br \/>\n        <a href=\"https:\/\/pruebaswhisper.xyz\/b360\/producto\/logo-collection\/\">Logo Collection<\/a><br \/>\n       <bdi>$&nbsp;18<\/bdi><br \/>\n    <a href=\"https:\/\/pruebaswhisper.xyz\/b360\/producto\/beanie-with-logo\/\"><br \/>\n    <\/a><br \/>\n                                      \tOferta<br \/>\n                                        10%<br \/>\n        <a href=\"https:\/\/pruebaswhisper.xyz\/b360\/producto\/beanie-with-logo\/\">Beanie with Logo<\/a><br \/>\n       <bdi>$&nbsp;20<\/bdi>             \t\t<bdi>$&nbsp;18<\/bdi><br \/>\n    <a href=\"https:\/\/pruebaswhisper.xyz\/b360\/producto\/t-shirt-with-logo\/\"><br \/>\n    <\/a><br \/>\n        <a href=\"https:\/\/pruebaswhisper.xyz\/b360\/producto\/t-shirt-with-logo\/\">T-Shirt with Logo<\/a><br \/>\n       <bdi>$&nbsp;18<\/bdi><br \/>\n    <a href=\"https:\/\/pruebaswhisper.xyz\/b360\/producto\/single\/\"><br \/>\n    <\/a><br \/>\n                                      \tOferta<br \/>\n                                        33%<br \/>\n        <a href=\"https:\/\/pruebaswhisper.xyz\/b360\/producto\/single\/\">Single<\/a><br \/>\n       <bdi>$&nbsp;3<\/bdi>             \t\t<bdi>$&nbsp;2<\/bdi><br \/>\n    <a href=\"https:\/\/pruebaswhisper.xyz\/b360\/producto\/album\/\"><br \/>\n    <\/a><br \/>\n        <a href=\"https:\/\/pruebaswhisper.xyz\/b360\/producto\/album\/\">Album<\/a><br \/>\n       <bdi>$&nbsp;15<\/bdi><br \/>\n    <a href=\"https:\/\/pruebaswhisper.xyz\/b360\/producto\/polo\/\"><br \/>\n    <\/a><br \/>\n        <a href=\"https:\/\/pruebaswhisper.xyz\/b360\/producto\/polo\/\">Polo<\/a><br \/>\n       <bdi>$&nbsp;20<\/bdi><br \/>\n    <a href=\"https:\/\/pruebaswhisper.xyz\/b360\/producto\/long-sleeve-tee\/\"><br \/>\n    <\/a><br \/>\n        <a href=\"https:\/\/pruebaswhisper.xyz\/b360\/producto\/long-sleeve-tee\/\">Long Sleeve Tee<\/a><br \/>\n       <bdi>$&nbsp;25<\/bdi><br \/>\n    <a href=\"https:\/\/pruebaswhisper.xyz\/b360\/producto\/hoodie-with-zipper\/\"><br \/>\n    <\/a><br \/>\n        <a href=\"https:\/\/pruebaswhisper.xyz\/b360\/producto\/hoodie-with-zipper\/\">Hoodie with Zipper<\/a><br \/>\n       <bdi>$&nbsp;45<\/bdi><br \/>\n    <a href=\"https:\/\/pruebaswhisper.xyz\/b360\/producto\/hoodie-with-pocket\/\"><br \/>\n    <\/a><br \/>\n                                      \tOferta<br \/>\n                                        22%<br \/>\n        <a href=\"https:\/\/pruebaswhisper.xyz\/b360\/producto\/hoodie-with-pocket\/\">Hoodie with Pocket<\/a><br \/>\n       <bdi>$&nbsp;45<\/bdi>             \t\t<bdi>$&nbsp;35<\/bdi><br \/>\n\t\t\t<!-- end Woocommerce Product Carousel -->\t\t<\/p>\n<h2>Arma BIO a tu gusto<\/h2>\n<p>En <strong>BIO 360<\/strong> incorporamos la Vegetaci\u00f3n en Ambientes Cotidianos mediante el desarrollo de tecnolog\u00edas que permiten disfrutar los beneficios de la naturaleza.<\/p>\n<p>\t\t\t\t\t\t\t\t\t\t\t\t<img decoding=\"async\" width=\"524\" height=\"524\" src=\"https:\/\/pruebaswhisper.xyz\/b360\/wp-content\/uploads\/2021\/11\/LATERAL-IZQ-PRODUCTOS-BIO-360.jpg\" alt=\"LATERAL IZQ PRODUCTOS BIO 360\" loading=\"lazy\" srcset=\"https:\/\/pruebaswhisper.xyz\/b360\/wp-content\/uploads\/2021\/11\/LATERAL-IZQ-PRODUCTOS-BIO-360.jpg 524w, https:\/\/pruebaswhisper.xyz\/b360\/wp-content\/uploads\/2021\/11\/LATERAL-IZQ-PRODUCTOS-BIO-360-300x300.jpg 300w, https:\/\/pruebaswhisper.xyz\/b360\/wp-content\/uploads\/2021\/11\/LATERAL-IZQ-PRODUCTOS-BIO-360-150x150.jpg 150w, https:\/\/pruebaswhisper.xyz\/b360\/wp-content\/uploads\/2021\/11\/LATERAL-IZQ-PRODUCTOS-BIO-360-100x100.jpg 100w\" sizes=\"auto, (max-width: 524px) 100vw, 524px\" \/><br \/>\n\t\t\t\t\t\t\t\t\t\t\t\t<img decoding=\"async\" width=\"712\" height=\"380\" src=\"https:\/\/pruebaswhisper.xyz\/b360\/wp-content\/uploads\/2021\/11\/LAT-DER-PRODUCTOS-BIO-360.jpg\" alt=\"\" loading=\"lazy\" srcset=\"https:\/\/pruebaswhisper.xyz\/b360\/wp-content\/uploads\/2021\/11\/LAT-DER-PRODUCTOS-BIO-360.jpg 712w, https:\/\/pruebaswhisper.xyz\/b360\/wp-content\/uploads\/2021\/11\/LAT-DER-PRODUCTOS-BIO-360-300x160.jpg 300w, https:\/\/pruebaswhisper.xyz\/b360\/wp-content\/uploads\/2021\/11\/LAT-DER-PRODUCTOS-BIO-360-600x320.jpg 600w\" sizes=\"auto, (max-width: 712px) 100vw, 712px\" \/>\t\t\t\t\t\t\t\t\t\t\t\t\t\t<\/p>\n<p>Ahorro de m\u00e1s del 90% de agua de riego, comparado con un sistema que mantiene el agua en un reservorio, aprovech\u00e1ndola para que dure m\u00e1s tiempo.<\/p>\n","protected":false},"excerpt":{"rendered":"<p>Bio 360 es Arte vivo a tu alcanceTranquilidadNaturaleza \u00bfQu\u00e9 espacio deseas transformar? Productos BIO En BIO 360 incorporamos la Vegetaci\u00f3n en Ambientes Cotidianos mediante el desarrollo de tecnolog\u00edas que permiten disfrutar los beneficios de la naturaleza. WordPress Pennant $&nbsp;11 Logo Collection $&nbsp;18 Oferta 10% Beanie with Logo $&nbsp;20 $&nbsp;18 T-Shirt with Logo $&nbsp;18 Oferta 33% [&hellip;]<\/p>\n","protected":false},"author":1,"featured_media":0,"parent":0,"menu_order":0,"comment_status":"closed","ping_status":"open","template":"elementor_header_footer","meta":{"footnotes":""},"class_list":["post-749","page","type-page","status-publish","hentry"],"_links":{"self":[{"href":"https:\/\/pruebaswhisper.xyz\/b360\/wp-json\/wp\/v2\/pages\/749","targetHints":{"allow":["GET"]}}],"collection":[{"href":"https:\/\/pruebaswhisper.xyz\/b360\/wp-json\/wp\/v2\/pages"}],"about":[{"href":"https:\/\/pruebaswhisper.xyz\/b360\/wp-json\/wp\/v2\/types\/page"}],"author":[{"embeddable":true,"href":"https:\/\/pruebaswhisper.xyz\/b360\/wp-json\/wp\/v2\/users\/1"}],"replies":[{"embeddable":true,"href":"https:\/\/pruebaswhisper.xyz\/b360\/wp-json\/wp\/v2\/comments?post=749"}],"version-history":[{"count":91,"href":"https:\/\/pruebaswhisper.xyz\/b360\/wp-json\/wp\/v2\/pages\/749\/revisions"}],"predecessor-version":[{"id":852,"href":"https:\/\/pruebaswhisper.xyz\/b360\/wp-json\/wp\/v2\/pages\/749\/revisions\/852"}],"wp:attachment":[{"href":"https:\/\/pruebaswhisper.xyz\/b360\/wp-json\/wp\/v2\/media?parent=749"}],"curies":[{"name":"wp","href":"https:\/\/api.w.org\/{rel}","templated":true}]}}