{"id":706,"date":"2022-09-30T16:49:06","date_gmt":"2022-09-30T21:49:06","guid":{"rendered":"https:\/\/bijouxdovan.com\/?post_type=product&#038;p=706"},"modified":"2022-10-03T18:44:26","modified_gmt":"2022-10-03T23:44:26","slug":"rosa-negra","status":"publish","type":"product","link":"https:\/\/pruebaswhisper.xyz\/bijouxdovan\/producto\/rosa-negra\/","title":{"rendered":"Rosa Negra"},"content":{"rendered":"<p><span data-sheets-value=\"{&quot;1&quot;:2,&quot;2&quot;:&quot;Conjunto de Corset con tanga, liguero en tul y con aplicaciones bordadas a mano.&quot;}\" data-sheets-userformat=\"{&quot;2&quot;:15357,&quot;3&quot;:{&quot;1&quot;:0},&quot;5&quot;:{&quot;1&quot;:[{&quot;1&quot;:2,&quot;2&quot;:0,&quot;5&quot;:{&quot;1&quot;:2,&quot;2&quot;:5263440}},{&quot;1&quot;:0,&quot;2&quot;:0,&quot;3&quot;:3},{&quot;1&quot;:1,&quot;2&quot;:0,&quot;4&quot;:1}]},&quot;6&quot;:{&quot;1&quot;:[{&quot;1&quot;:2,&quot;2&quot;:0,&quot;5&quot;:{&quot;1&quot;:2,&quot;2&quot;:5263440}},{&quot;1&quot;:0,&quot;2&quot;:0,&quot;3&quot;:3},{&quot;1&quot;:1,&quot;2&quot;:0,&quot;4&quot;:1}]},&quot;7&quot;:{&quot;1&quot;:[{&quot;1&quot;:2,&quot;2&quot;:0,&quot;5&quot;:{&quot;1&quot;:2,&quot;2&quot;:5263440}},{&quot;1&quot;:0,&quot;2&quot;:0,&quot;3&quot;:3},{&quot;1&quot;:1,&quot;2&quot;:0,&quot;4&quot;:1}]},&quot;8&quot;:{&quot;1&quot;:[{&quot;1&quot;:2,&quot;2&quot;:0,&quot;5&quot;:{&quot;1&quot;:2,&quot;2&quot;:5263440}},{&quot;1&quot;:0,&quot;2&quot;:0,&quot;3&quot;:3},{&quot;1&quot;:1,&quot;2&quot;:0,&quot;4&quot;:1}]},&quot;9&quot;:1,&quot;10&quot;:1,&quot;11&quot;:4,&quot;12&quot;:0,&quot;14&quot;:{&quot;1&quot;:3,&quot;3&quot;:1},&quot;15&quot;:&quot;Calibri&quot;,&quot;16&quot;:11}\">Conjunto de Corset con tanga, liguero en tul y con aplicaciones bordadas a mano.<\/span><\/p>\n","protected":false},"excerpt":{"rendered":"<p><span data-sheets-value=\"{&quot;1&quot;:2,&quot;2&quot;:&quot;Este encantador Corset de tul y tanga, oculta e insin\u00faa a la vez. Tiene aplicaciones bordadas a mano estrat\u00e9gicamente ubicadas. Viene con herrajes de Oro enchapado, liguero ajustable con argolla decorativa y un cintur\u00f3n de Razo que marca a\u00fan m\u00e1s tu cintura.&quot;}\" data-sheets-userformat=\"{&quot;2&quot;:15357,&quot;3&quot;:{&quot;1&quot;:0},&quot;5&quot;:{&quot;1&quot;:[{&quot;1&quot;:2,&quot;2&quot;:0,&quot;5&quot;:{&quot;1&quot;:2,&quot;2&quot;:5263440}},{&quot;1&quot;:0,&quot;2&quot;:0,&quot;3&quot;:3},{&quot;1&quot;:1,&quot;2&quot;:0,&quot;4&quot;:1}]},&quot;6&quot;:{&quot;1&quot;:[{&quot;1&quot;:2,&quot;2&quot;:0,&quot;5&quot;:{&quot;1&quot;:2,&quot;2&quot;:5263440}},{&quot;1&quot;:0,&quot;2&quot;:0,&quot;3&quot;:3},{&quot;1&quot;:1,&quot;2&quot;:0,&quot;4&quot;:1}]},&quot;7&quot;:{&quot;1&quot;:[{&quot;1&quot;:2,&quot;2&quot;:0,&quot;5&quot;:{&quot;1&quot;:2,&quot;2&quot;:5263440}},{&quot;1&quot;:0,&quot;2&quot;:0,&quot;3&quot;:3},{&quot;1&quot;:1,&quot;2&quot;:0,&quot;4&quot;:1}]},&quot;8&quot;:{&quot;1&quot;:[{&quot;1&quot;:2,&quot;2&quot;:0,&quot;5&quot;:{&quot;1&quot;:2,&quot;2&quot;:5263440}},{&quot;1&quot;:0,&quot;2&quot;:0,&quot;3&quot;:3},{&quot;1&quot;:1,&quot;2&quot;:0,&quot;4&quot;:1}]},&quot;9&quot;:1,&quot;10&quot;:1,&quot;11&quot;:4,&quot;12&quot;:0,&quot;14&quot;:{&quot;1&quot;:3,&quot;3&quot;:1},&quot;15&quot;:&quot;Calibri&quot;,&quot;16&quot;:11}\">Este encantador Corset de tul y tanga, oculta e insin\u00faa a la vez. Tiene aplicaciones bordadas a mano estrat\u00e9gicamente ubicadas. Viene con herrajes de Oro enchapado, liguero ajustable con argolla decorativa y un cintur\u00f3n de Razo que marca a\u00fan m\u00e1s tu cintura.<\/span><\/p>\n","protected":false},"featured_media":710,"comment_status":"open","ping_status":"closed","template":"","meta":{"_joinchat":[]},"product_cat":[16],"product_tag":[],"class_list":["post-706","product","type-product","status-publish","has-post-thumbnail","hentry","product_cat-deseo","pa_color-negro","pa_talla-l","pa_talla-m","pa_talla-s"],"_links":{"self":[{"href":"https:\/\/pruebaswhisper.xyz\/bijouxdovan\/wp-json\/wp\/v2\/product\/706","targetHints":{"allow":["GET"]}}],"collection":[{"href":"https:\/\/pruebaswhisper.xyz\/bijouxdovan\/wp-json\/wp\/v2\/product"}],"about":[{"href":"https:\/\/pruebaswhisper.xyz\/bijouxdovan\/wp-json\/wp\/v2\/types\/product"}],"replies":[{"embeddable":true,"href":"https:\/\/pruebaswhisper.xyz\/bijouxdovan\/wp-json\/wp\/v2\/comments?post=706"}],"wp:featuredmedia":[{"embeddable":true,"href":"https:\/\/pruebaswhisper.xyz\/bijouxdovan\/wp-json\/wp\/v2\/media\/710"}],"wp:attachment":[{"href":"https:\/\/pruebaswhisper.xyz\/bijouxdovan\/wp-json\/wp\/v2\/media?parent=706"}],"wp:term":[{"taxonomy":"product_cat","embeddable":true,"href":"https:\/\/pruebaswhisper.xyz\/bijouxdovan\/wp-json\/wp\/v2\/product_cat?post=706"},{"taxonomy":"product_tag","embeddable":true,"href":"https:\/\/pruebaswhisper.xyz\/bijouxdovan\/wp-json\/wp\/v2\/product_tag?post=706"}],"curies":[{"name":"wp","href":"https:\/\/api.w.org\/{rel}","templated":true}]}}