{"id":893,"date":"2022-10-03T11:47:17","date_gmt":"2022-10-03T16:47:17","guid":{"rendered":"https:\/\/bijouxdovan.com\/?post_type=product&#038;p=893"},"modified":"2022-10-03T18:25:02","modified_gmt":"2022-10-03T23:25:02","slug":"geranio","status":"publish","type":"product","link":"https:\/\/pruebaswhisper.xyz\/bijouxdovan\/producto\/geranio\/","title":{"rendered":"Geranio"},"content":{"rendered":"<p>Conjunto de brasier y tanga con tiras que salen del brasier hasta el cuello y caen en los hombros.<\/p>\n","protected":false},"excerpt":{"rendered":"<p>Este modelo causa sensaci\u00f3n, tiene encajes transparentes y Licra. La espalda son tiras que se ajustan a tu cuerpo. Para hacer a\u00fan m\u00e1s especial este modelo complementa con la pieza de tiras que salen del cuello y caen sobre el hombro. Manilla en plata 925 enchapado en oro de 14k. Herrajes enchapado de oro.<\/p>\n","protected":false},"featured_media":897,"comment_status":"open","ping_status":"closed","template":"","meta":{"_joinchat":[]},"product_cat":[21],"product_tag":[41,33],"class_list":["post-893","product","type-product","status-publish","has-post-thumbnail","hentry","product_cat-obsesion","product_tag-dije","product_tag-oro-enchapado","pa_color-cafe","pa_talla-l","pa_talla-m","pa_talla-s"],"_links":{"self":[{"href":"https:\/\/pruebaswhisper.xyz\/bijouxdovan\/wp-json\/wp\/v2\/product\/893","targetHints":{"allow":["GET"]}}],"collection":[{"href":"https:\/\/pruebaswhisper.xyz\/bijouxdovan\/wp-json\/wp\/v2\/product"}],"about":[{"href":"https:\/\/pruebaswhisper.xyz\/bijouxdovan\/wp-json\/wp\/v2\/types\/product"}],"replies":[{"embeddable":true,"href":"https:\/\/pruebaswhisper.xyz\/bijouxdovan\/wp-json\/wp\/v2\/comments?post=893"}],"wp:featuredmedia":[{"embeddable":true,"href":"https:\/\/pruebaswhisper.xyz\/bijouxdovan\/wp-json\/wp\/v2\/media\/897"}],"wp:attachment":[{"href":"https:\/\/pruebaswhisper.xyz\/bijouxdovan\/wp-json\/wp\/v2\/media?parent=893"}],"wp:term":[{"taxonomy":"product_cat","embeddable":true,"href":"https:\/\/pruebaswhisper.xyz\/bijouxdovan\/wp-json\/wp\/v2\/product_cat?post=893"},{"taxonomy":"product_tag","embeddable":true,"href":"https:\/\/pruebaswhisper.xyz\/bijouxdovan\/wp-json\/wp\/v2\/product_tag?post=893"}],"curies":[{"name":"wp","href":"https:\/\/api.w.org\/{rel}","templated":true}]}}