{"id":917,"date":"2022-10-03T14:15:16","date_gmt":"2022-10-03T19:15:16","guid":{"rendered":"https:\/\/bijouxdovan.com\/?post_type=product&#038;p=917"},"modified":"2022-10-03T18:21:31","modified_gmt":"2022-10-03T23:21:31","slug":"kalacoche","status":"publish","type":"product","link":"https:\/\/pruebaswhisper.xyz\/bijouxdovan\/producto\/kalacoche\/","title":{"rendered":"Kalacoche"},"content":{"rendered":"<p>Conjunto de brasier y panty de licra con tul y liguero de tiras con detalle de medall\u00f3n en la espalda.<\/p>\n","protected":false},"excerpt":{"rendered":"<p>Crea un look perfecto para cualquier ocasi\u00f3n con este conjunto de brasier y panty hecho de Licra con tul piel. En la espalda trae un medall\u00f3n de oro enchapado \u00fanico que agrega a este dise\u00f1o un toque especial. Como complemento una cinturilla que llega al cuello y con ligas hecho en puras tiras y herraje enchapado de oro. Viene con Dije de Oro amarillo 14k y piedra topacio azul entrelazado con zirconias.<\/p>\n","protected":false},"featured_media":921,"comment_status":"open","ping_status":"closed","template":"","meta":{"_joinchat":[]},"product_cat":[21],"product_tag":[42,33,34,24],"class_list":["post-917","product","type-product","status-publish","has-post-thumbnail","hentry","product_cat-obsesion","product_tag-oro-amarillo-14k","product_tag-oro-enchapado","product_tag-topacio-azul","product_tag-zirconias","pa_color-cafe","pa_talla-l","pa_talla-m","pa_talla-s"],"_links":{"self":[{"href":"https:\/\/pruebaswhisper.xyz\/bijouxdovan\/wp-json\/wp\/v2\/product\/917","targetHints":{"allow":["GET"]}}],"collection":[{"href":"https:\/\/pruebaswhisper.xyz\/bijouxdovan\/wp-json\/wp\/v2\/product"}],"about":[{"href":"https:\/\/pruebaswhisper.xyz\/bijouxdovan\/wp-json\/wp\/v2\/types\/product"}],"replies":[{"embeddable":true,"href":"https:\/\/pruebaswhisper.xyz\/bijouxdovan\/wp-json\/wp\/v2\/comments?post=917"}],"wp:featuredmedia":[{"embeddable":true,"href":"https:\/\/pruebaswhisper.xyz\/bijouxdovan\/wp-json\/wp\/v2\/media\/921"}],"wp:attachment":[{"href":"https:\/\/pruebaswhisper.xyz\/bijouxdovan\/wp-json\/wp\/v2\/media?parent=917"}],"wp:term":[{"taxonomy":"product_cat","embeddable":true,"href":"https:\/\/pruebaswhisper.xyz\/bijouxdovan\/wp-json\/wp\/v2\/product_cat?post=917"},{"taxonomy":"product_tag","embeddable":true,"href":"https:\/\/pruebaswhisper.xyz\/bijouxdovan\/wp-json\/wp\/v2\/product_tag?post=917"}],"curies":[{"name":"wp","href":"https:\/\/api.w.org\/{rel}","templated":true}]}}