{"id":16,"date":"2024-08-22T12:34:48","date_gmt":"2024-08-22T17:34:48","guid":{"rendered":"https:\/\/pruebaswhisper.xyz\/lactalis-mx\/?page_id=16"},"modified":"2025-02-13T13:47:59","modified_gmt":"2025-02-13T18:47:59","slug":"experiencia","status":"publish","type":"page","link":"https:\/\/pruebaswhisper.xyz\/lactalis-mx\/experiencia\/","title":{"rendered":"Experiencia"},"content":{"rendered":"\t\t<div data-elementor-type=\"wp-page\" data-elementor-id=\"16\" class=\"elementor elementor-16\" data-elementor-post-type=\"page\">\n\t\t\t\t<div class=\"elementor-element elementor-element-46211f1 e-flex e-con-boxed elementor-invisible e-con e-parent\" data-id=\"46211f1\" data-element_type=\"container\" data-settings=\"{&quot;background_background&quot;:&quot;classic&quot;,&quot;animation&quot;:&quot;fadeInLeft&quot;}\">\n\t\t\t\t\t<div class=\"e-con-inner\">\n\t\t\t\t\t<\/div>\n\t\t\t\t<\/div>\n\t\t<div class=\"elementor-element elementor-element-7742559 e-flex e-con-boxed e-con e-parent\" data-id=\"7742559\" data-element_type=\"container\">\n\t\t\t\t\t<div class=\"e-con-inner\">\n\t\t<div class=\"elementor-element elementor-element-319fc44 e-con-full e-flex e-con e-child\" data-id=\"319fc44\" data-element_type=\"container\">\n\t\t\t\t<div class=\"elementor-element elementor-element-8655946 elementor-widget elementor-widget-text-editor\" data-id=\"8655946\" data-element_type=\"widget\" data-widget_type=\"text-editor.default\">\n\t\t\t\t<div class=\"elementor-widget-container\">\n\t\t\t\t\t\t\t\t\t<p class=\"p1\">Ser parte de la #ExperienciaLactalis es vivir una <b>HISTORIA<\/b> \u00fanica de profundas ra\u00edces en la industria l\u00e1ctea a nivel mundial, es compartir una <b>PASI\u00d3N <\/b>por lo que hacemos cada d\u00eda, por nuestras marcas y ofrecer lo mejor de la leche a nuestros clientes y consumidores a trav\u00e9s de nuestra <b>EXPERIENCIA<\/b> que nos destaca del resto.\u00a0<\/p><p class=\"p1\">Cada uno de nuestros colaboradores disfruta la #ExperienciaLactalis, desarroll\u00e1ndose, construyendo una carrera excepcional, transformando su potencial y convirti\u00e9ndose en una mejor versi\u00f3n que nos permite reafirmar nuestro liderazgo en el mercado l\u00e1cteo.\u00a0<\/p><p class=\"p1\">Te invitamos a unirte a nosotros para vivir la #ExperienciaLactalis.<\/p>\t\t\t\t\t\t\t\t<\/div>\n\t\t\t\t<\/div>\n\t\t\t\t<\/div>\n\t\t<div class=\"elementor-element elementor-element-197dfa2 e-con-full e-flex e-con e-child\" data-id=\"197dfa2\" data-element_type=\"container\">\n\t\t\t\t<div class=\"elementor-element elementor-element-7986103 elementor-widget elementor-widget-image\" data-id=\"7986103\" data-element_type=\"widget\" data-widget_type=\"image.default\">\n\t\t\t\t<div class=\"elementor-widget-container\">\n\t\t\t\t\t\t\t\t\t\t\t\t\t\t\t<img fetchpriority=\"high\" decoding=\"async\" width=\"1600\" height=\"900\" src=\"https:\/\/pruebaswhisper.xyz\/lactalis-mx\/wp-content\/uploads\/2025\/02\/experiencia-lactalis-mexico-2025.webp\" class=\"attachment-full size-full wp-image-3282\" alt=\"\" srcset=\"https:\/\/pruebaswhisper.xyz\/lactalis-mx\/wp-content\/uploads\/2025\/02\/experiencia-lactalis-mexico-2025.webp 1600w, https:\/\/pruebaswhisper.xyz\/lactalis-mx\/wp-content\/uploads\/2025\/02\/experiencia-lactalis-mexico-2025-300x169.webp 300w, https:\/\/pruebaswhisper.xyz\/lactalis-mx\/wp-content\/uploads\/2025\/02\/experiencia-lactalis-mexico-2025-1024x576.webp 1024w, https:\/\/pruebaswhisper.xyz\/lactalis-mx\/wp-content\/uploads\/2025\/02\/experiencia-lactalis-mexico-2025-768x432.webp 768w, https:\/\/pruebaswhisper.xyz\/lactalis-mx\/wp-content\/uploads\/2025\/02\/experiencia-lactalis-mexico-2025-1536x864.webp 1536w, https:\/\/pruebaswhisper.xyz\/lactalis-mx\/wp-content\/uploads\/2025\/02\/experiencia-lactalis-mexico-2025-600x338.webp 600w\" sizes=\"(max-width: 1600px) 100vw, 1600px\" \/>\t\t\t\t\t\t\t\t\t\t\t\t\t\t\t<\/div>\n\t\t\t\t<\/div>\n\t\t\t\t<\/div>\n\t\t\t\t\t<\/div>\n\t\t\t\t<\/div>\n\t\t<div class=\"elementor-element elementor-element-848e6eb e-flex e-con-boxed e-con e-parent\" data-id=\"848e6eb\" data-element_type=\"container\">\n\t\t\t\t\t<div class=\"e-con-inner\">\n\t\t\t\t<div class=\"elementor-element elementor-element-6984b62 elementor-invisible elementor-widget elementor-widget-heading\" data-id=\"6984b62\" data-element_type=\"widget\" data-settings=\"{&quot;_animation&quot;:&quot;fadeInRight&quot;}\" data-widget_type=\"heading.default\">\n\t\t\t\t<div class=\"elementor-widget-container\">\n\t\t\t\t\t<h2 class=\"elementor-heading-title elementor-size-default\">CONOCE SOBRE NUESTRA CULTURA, VIDA Y HAPPY PLACE TO WORK<\/h2>\t\t\t\t<\/div>\n\t\t\t\t<\/div>\n\t\t\t\t\t<\/div>\n\t\t\t\t<\/div>\n\t\t<div class=\"elementor-element elementor-element-62f305e e-flex e-con-boxed e-con e-parent\" data-id=\"62f305e\" data-element_type=\"container\">\n\t\t\t\t\t<div class=\"e-con-inner\">\n\t\t<div class=\"elementor-element elementor-element-6f9b90c e-con-full e-flex e-con e-child\" data-id=\"6f9b90c\" data-element_type=\"container\">\n\t\t\t\t<div class=\"elementor-element elementor-element-4d4501a elementor-flip-box--effect-flip elementor-flip-box--direction-up elementor-widget elementor-widget-flip-box\" data-id=\"4d4501a\" data-element_type=\"widget\" data-widget_type=\"flip-box.default\">\n\t\t\t\t<div class=\"elementor-widget-container\">\n\t\t\t\t\t\t\t<div class=\"elementor-flip-box\" tabindex=\"0\">\n\t\t\t<div class=\"elementor-flip-box__layer elementor-flip-box__front\">\n\t\t\t\t<div class=\"elementor-flip-box__layer__overlay\">\n\t\t\t\t\t<div class=\"elementor-flip-box__layer__inner\">\n\t\t\t\t\t\t\t\t\t\t\t\t\t<div class=\"elementor-icon-wrapper elementor-view-default\">\n\t\t\t\t\t\t\t\t<div class=\"elementor-icon\">\n\t\t\t\t\t\t\t\t\t\t\t\t\t\t\t\t\t<\/div>\n\t\t\t\t\t\t\t<\/div>\n\t\t\t\t\t\t\n\t\t\t\t\t\t\t\t\t\t\t\t\t<h3 class=\"elementor-flip-box__layer__title\">\n\t\t\t\t\t\t\t\tWorld Cleanup Day\t\t\t\t\t\t\t<\/h3>\n\t\t\t\t\t\t\n\t\t\t\t\t\t\t\t\t\t\t<\/div>\n\t\t\t\t<\/div>\n\t\t\t<\/div>\n\t\t\t<div class=\"elementor-flip-box__layer elementor-flip-box__back\">\n\t\t\t<div class=\"elementor-flip-box__layer__overlay\">\n\t\t\t\t<div class=\"elementor-flip-box__layer__inner\">\n\t\t\t\t\t\t\t\t\t\t\t<h3 class=\"elementor-flip-box__layer__title\">\n\t\t\t\t\t\t\tWorld Cleanup Day\t\t\t\t\t\t<\/h3>\n\t\t\t\t\t\n\t\t\t\t\t\t\t\t\t\t\t<div class=\"elementor-flip-box__layer__description\">\n\t\t\t\t\t\t\tEl pasado 20 de septiembre, Lactalis M\u00e9xico particip\u00f3 por primera vez en el World Cleanup Day, el mayor programa global de limpieza de basura, respaldado por el Grupo Lactalis. Este evento, realizado en San Miguel de Allende, reuni\u00f3 a 40 colaboradores de nuestra planta de producci\u00f3n, en alianza con la Fundaci\u00f3n Coraz\u00f3n Valiente y habitantes de la comunidad Los L\u00f3pez.\n\nDurante la jornada, se recolectaron 346 kilos de basura de calles y escuelas, mejorando la gesti\u00f3n de residuos y promoviendo espacios limpios para el desarrollo integral de la comunidad. Esta iniciativa refuerza nuestro compromiso con el cuidado del planeta, respetando y preservando los espacios verdes.\n\nEn el evento, nuestros colaboradores se unieron al s\u00edmbolo \u201cW\u201d del World Cleanup Day, mostrando su apoyo a esta importante causa.\t\t\t\t\t\t<\/div>\n\t\t\t\t\t\n\t\t\t\t\t\t\t\t<\/div>\n\t\t<\/div>\n\t\t<\/div>\n\t\t<\/div>\n\t\t\t\t\t\t<\/div>\n\t\t\t\t<\/div>\n\t\t\t\t<div class=\"elementor-element elementor-element-224ff96 elementor-invisible elementor-widget elementor-widget-image\" data-id=\"224ff96\" data-element_type=\"widget\" data-settings=\"{&quot;_animation&quot;:&quot;fadeIn&quot;}\" data-widget_type=\"image.default\">\n\t\t\t\t<div class=\"elementor-widget-container\">\n\t\t\t\t\t\t\t\t\t\t\t\t\t\t\t<img decoding=\"async\" width=\"466\" height=\"301\" src=\"https:\/\/pruebaswhisper.xyz\/lactalis-mx\/wp-content\/uploads\/2024\/11\/lactalis_world_.webp\" class=\"attachment-large size-large wp-image-1697\" alt=\"\" srcset=\"https:\/\/pruebaswhisper.xyz\/lactalis-mx\/wp-content\/uploads\/2024\/11\/lactalis_world_.webp 466w, https:\/\/pruebaswhisper.xyz\/lactalis-mx\/wp-content\/uploads\/2024\/11\/lactalis_world_-300x194.webp 300w\" sizes=\"(max-width: 466px) 100vw, 466px\" \/>\t\t\t\t\t\t\t\t\t\t\t\t\t\t\t<\/div>\n\t\t\t\t<\/div>\n\t\t\t\t<\/div>\n\t\t<div class=\"elementor-element elementor-element-3507587 e-con-full e-flex e-con e-child\" data-id=\"3507587\" data-element_type=\"container\">\n\t\t\t\t<div class=\"elementor-element elementor-element-61b3862 elementor-invisible elementor-widget elementor-widget-image\" data-id=\"61b3862\" data-element_type=\"widget\" data-settings=\"{&quot;_animation&quot;:&quot;fadeIn&quot;}\" data-widget_type=\"image.default\">\n\t\t\t\t<div class=\"elementor-widget-container\">\n\t\t\t\t\t\t\t\t\t\t\t\t\t\t\t<img decoding=\"async\" width=\"466\" height=\"301\" src=\"https:\/\/pruebaswhisper.xyz\/lactalis-mx\/wp-content\/uploads\/2024\/11\/lactalis_91_an\u0303os.webp\" class=\"attachment-large size-large wp-image-1698\" alt=\"\" srcset=\"https:\/\/pruebaswhisper.xyz\/lactalis-mx\/wp-content\/uploads\/2024\/11\/lactalis_91_an\u0303os.webp 466w, https:\/\/pruebaswhisper.xyz\/lactalis-mx\/wp-content\/uploads\/2024\/11\/lactalis_91_an\u0303os-300x194.webp 300w\" sizes=\"(max-width: 466px) 100vw, 466px\" \/>\t\t\t\t\t\t\t\t\t\t\t\t\t\t\t<\/div>\n\t\t\t\t<\/div>\n\t\t\t\t<div class=\"elementor-element elementor-element-05bd95d elementor-flip-box--effect-flip elementor-flip-box--direction-up elementor-widget elementor-widget-flip-box\" data-id=\"05bd95d\" data-element_type=\"widget\" data-widget_type=\"flip-box.default\">\n\t\t\t\t<div class=\"elementor-widget-container\">\n\t\t\t\t\t\t\t<div class=\"elementor-flip-box\" tabindex=\"0\">\n\t\t\t<div class=\"elementor-flip-box__layer elementor-flip-box__front\">\n\t\t\t\t<div class=\"elementor-flip-box__layer__overlay\">\n\t\t\t\t\t<div class=\"elementor-flip-box__layer__inner\">\n\t\t\t\t\t\t\t\t\t\t\t\t\t<div class=\"elementor-icon-wrapper elementor-view-default\">\n\t\t\t\t\t\t\t\t<div class=\"elementor-icon\">\n\t\t\t\t\t\t\t\t\t\t\t\t\t\t\t\t\t<\/div>\n\t\t\t\t\t\t\t<\/div>\n\t\t\t\t\t\t\n\t\t\t\t\t\t\t\t\t\t\t\t\t<h3 class=\"elementor-flip-box__layer__title\">\n\t\t\t\t\t\t\t\t91 a\u00f1os ofreciendo lo mejor del mundo de la leche\t\t\t\t\t\t\t<\/h3>\n\t\t\t\t\t\t\n\t\t\t\t\t\t\t\t\t\t\t<\/div>\n\t\t\t\t<\/div>\n\t\t\t<\/div>\n\t\t\t<div class=\"elementor-flip-box__layer elementor-flip-box__back\">\n\t\t\t<div class=\"elementor-flip-box__layer__overlay\">\n\t\t\t\t<div class=\"elementor-flip-box__layer__inner\">\n\t\t\t\t\t\t\t\t\t\t\t<h3 class=\"elementor-flip-box__layer__title\">\n\t\t\t\t\t\t\t91 a\u00f1os ofreciendo lo mejor del mundo de la leche\t\t\t\t\t\t<\/h3>\n\t\t\t\t\t\n\t\t\t\t\t\t\t\t\t\t\t<div class=\"elementor-flip-box__layer__description\">\n\t\t\t\t\t\t\tEl d\u00eda 19 de octubre fue el 91\u00b0 Aniversario del Grupo Lactalis y como ya es costumbre, en nuestras operaciones de M\u00e9xico, nos unimos para conmemorar nuestra historia y celebrar los \u00e9xitos que hemos logrado y los ambiciosos objetivos que nos esperan en el futuro.\nLa celebraci\u00f3n se vivi\u00f3 en nuestro Corporativo, ubicado en Vallejo, en nuestra Planta de Producci\u00f3n en San Miguel de Allende y en nuestro Centro de Distribuci\u00f3n m\u00e1s grande, ubicado en Tepotzotl\u00e1n, Edo. M\u00e9xico.\nFue el momento perfecto para agradecer a nuestros m\u00e1s de 1200 colaboradores por compartir su compromiso, pasi\u00f3n y trabajo en equipo, gracias a ellos hoy seguimos consolid\u00e1ndonos como l\u00edderes en la industria l\u00e1ctea, con el firme prop\u00f3sito de ofrecer productos de la mejor calidad a los millones de consumidores de nuestro pa\u00eds. \n\t\t\t\t\t\t<\/div>\n\t\t\t\t\t\n\t\t\t\t\t\t\t\t<\/div>\n\t\t<\/div>\n\t\t<\/div>\n\t\t<\/div>\n\t\t\t\t\t\t<\/div>\n\t\t\t\t<\/div>\n\t\t\t\t<\/div>\n\t\t<div class=\"elementor-element elementor-element-1dc357c e-con-full e-flex e-con e-child\" data-id=\"1dc357c\" data-element_type=\"container\">\n\t\t\t\t<div class=\"elementor-element elementor-element-d18555e elementor-flip-box--effect-flip elementor-flip-box--direction-up elementor-widget elementor-widget-flip-box\" data-id=\"d18555e\" data-element_type=\"widget\" data-widget_type=\"flip-box.default\">\n\t\t\t\t<div class=\"elementor-widget-container\">\n\t\t\t\t\t\t\t<div class=\"elementor-flip-box\" tabindex=\"0\">\n\t\t\t<div class=\"elementor-flip-box__layer elementor-flip-box__front\">\n\t\t\t\t<div class=\"elementor-flip-box__layer__overlay\">\n\t\t\t\t\t<div class=\"elementor-flip-box__layer__inner\">\n\t\t\t\t\t\t\t\t\t\t\t\t\t<div class=\"elementor-icon-wrapper elementor-view-default\">\n\t\t\t\t\t\t\t\t<div class=\"elementor-icon\">\n\t\t\t\t\t\t\t\t\t\t\t\t\t\t\t\t\t<\/div>\n\t\t\t\t\t\t\t<\/div>\n\t\t\t\t\t\t\n\t\t\t\t\t\t\t\t\t\t\t\t\t<h3 class=\"elementor-flip-box__layer__title\">\n\t\t\t\t\t\t\t\tLanzamiento de la nueva imagen de Esmeralda: \t\t\t\t\t\t\t<\/h3>\n\t\t\t\t\t\t\n\t\t\t\t\t\t\t\t\t\t\t<\/div>\n\t\t\t\t<\/div>\n\t\t\t<\/div>\n\t\t\t<div class=\"elementor-flip-box__layer elementor-flip-box__back\">\n\t\t\t<div class=\"elementor-flip-box__layer__overlay\">\n\t\t\t\t<div class=\"elementor-flip-box__layer__inner\">\n\t\t\t\t\t\t\t\t\t\t\t<h3 class=\"elementor-flip-box__layer__title\">\n\t\t\t\t\t\t\tLanzamiento de la nueva imagen de Esmeralda: \t\t\t\t\t\t<\/h3>\n\t\t\t\t\t\n\t\t\t\t\t\t\t\t\t\t\t<div class=\"elementor-flip-box__layer__description\">\n\t\t\t\t\t\t\tEn noviembre, nuestro equipo de Marketing, realizo el lanzamiento interno de la imagen de nuestra ic\u00f3nica marca Esmeralda, un cambio totalmente nuevo que nos posiciona como una marca moderna, especial para cualquier momento del d\u00eda y que destaca los atributos de nuestras costumbres, calidad y elaboraci\u00f3n de los mejores quesos.\nDurante el evento nos prepararon un rico desayuno con productos Esmeralda y nos dieron informaci\u00f3n valiosa sobre los beneficios y las bondades que posee la marca, la cu\u00e1l se ha convertido en la favorita de muchos de nuestros clientes y que hoy esta presente en todas las tiendas de autoservicio. \n\t\t\t\t\t\t<\/div>\n\t\t\t\t\t\n\t\t\t\t\t\t\t\t<\/div>\n\t\t<\/div>\n\t\t<\/div>\n\t\t<\/div>\n\t\t\t\t\t\t<\/div>\n\t\t\t\t<\/div>\n\t\t\t\t<div class=\"elementor-element elementor-element-44cd175 elementor-invisible elementor-widget elementor-widget-image\" data-id=\"44cd175\" data-element_type=\"widget\" data-settings=\"{&quot;_animation&quot;:&quot;fadeIn&quot;}\" data-widget_type=\"image.default\">\n\t\t\t\t<div class=\"elementor-widget-container\">\n\t\t\t\t\t\t\t\t\t\t\t\t\t\t\t<img loading=\"lazy\" decoding=\"async\" width=\"466\" height=\"301\" src=\"https:\/\/pruebaswhisper.xyz\/lactalis-mx\/wp-content\/uploads\/2024\/11\/esmeralda_nueva-imagen_lactalis.webp\" class=\"attachment-large size-large wp-image-1696\" alt=\"\" srcset=\"https:\/\/pruebaswhisper.xyz\/lactalis-mx\/wp-content\/uploads\/2024\/11\/esmeralda_nueva-imagen_lactalis.webp 466w, https:\/\/pruebaswhisper.xyz\/lactalis-mx\/wp-content\/uploads\/2024\/11\/esmeralda_nueva-imagen_lactalis-300x194.webp 300w\" sizes=\"(max-width: 466px) 100vw, 466px\" \/>\t\t\t\t\t\t\t\t\t\t\t\t\t\t\t<\/div>\n\t\t\t\t<\/div>\n\t\t\t\t<\/div>\n\t\t\t\t\t<\/div>\n\t\t\t\t<\/div>\n\t\t<div class=\"elementor-element elementor-element-4f83cfe e-flex e-con-boxed e-con e-parent\" data-id=\"4f83cfe\" data-element_type=\"container\" data-settings=\"{&quot;background_background&quot;:&quot;classic&quot;}\">\n\t\t\t\t\t<div class=\"e-con-inner\">\n\t\t<div class=\"elementor-element elementor-element-85dc7bd e-con-full e-flex e-con e-child\" data-id=\"85dc7bd\" data-element_type=\"container\">\n\t\t\t\t<div class=\"elementor-element elementor-element-6148ace elementor-invisible elementor-widget elementor-widget-image\" data-id=\"6148ace\" data-element_type=\"widget\" data-settings=\"{&quot;_animation&quot;:&quot;fadeInLeft&quot;}\" data-widget_type=\"image.default\">\n\t\t\t\t<div class=\"elementor-widget-container\">\n\t\t\t\t\t\t\t\t\t\t\t\t\t\t\t\t<a href=\"https:\/\/www.instagram.com\/experiencialactalis_mx\" target=\"_blank\">\n\t\t\t\t\t\t\t<img loading=\"lazy\" decoding=\"async\" width=\"852\" height=\"406\" src=\"https:\/\/pruebaswhisper.xyz\/lactalis-mx\/wp-content\/uploads\/2025\/01\/logo-lactalis-mexico-ig.webp\" class=\"elementor-animation-grow attachment-full size-full wp-image-3080\" alt=\"\" srcset=\"https:\/\/pruebaswhisper.xyz\/lactalis-mx\/wp-content\/uploads\/2025\/01\/logo-lactalis-mexico-ig.webp 852w, https:\/\/pruebaswhisper.xyz\/lactalis-mx\/wp-content\/uploads\/2025\/01\/logo-lactalis-mexico-ig-300x143.webp 300w, https:\/\/pruebaswhisper.xyz\/lactalis-mx\/wp-content\/uploads\/2025\/01\/logo-lactalis-mexico-ig-768x366.webp 768w, https:\/\/pruebaswhisper.xyz\/lactalis-mx\/wp-content\/uploads\/2025\/01\/logo-lactalis-mexico-ig-600x286.webp 600w\" sizes=\"(max-width: 852px) 100vw, 852px\" \/>\t\t\t\t\t\t\t\t<\/a>\n\t\t\t\t\t\t\t\t\t\t\t\t\t\t\t<\/div>\n\t\t\t\t<\/div>\n\t\t\t\t<\/div>\n\t\t<div class=\"elementor-element elementor-element-a14700d e-con-full e-flex elementor-invisible e-con e-child\" data-id=\"a14700d\" data-element_type=\"container\" data-settings=\"{&quot;animation&quot;:&quot;fadeInRight&quot;}\">\n\t\t\t\t<div class=\"elementor-element elementor-element-1cee24f elementor-position-left elementor-vertical-align-middle elementor-view-default elementor-mobile-position-top elementor-widget elementor-widget-icon-box\" data-id=\"1cee24f\" data-element_type=\"widget\" data-widget_type=\"icon-box.default\">\n\t\t\t\t<div class=\"elementor-widget-container\">\n\t\t\t\t\t\t\t<div class=\"elementor-icon-box-wrapper\">\n\n\t\t\t\t\t\t<div class=\"elementor-icon-box-icon\">\n\t\t\t\t<a href=\"https:\/\/www.instagram.com\/experiencialactalis_mx\" target=\"_blank\" class=\"elementor-icon\" tabindex=\"-1\" aria-label=\" S\u00cdGUENOS EN @experiencialactalis_mx\">\n\t\t\t\t<svg aria-hidden=\"true\" class=\"e-font-icon-svg e-fab-instagram\" viewBox=\"0 0 448 512\" xmlns=\"http:\/\/www.w3.org\/2000\/svg\"><path d=\"M224.1 141c-63.6 0-114.9 51.3-114.9 114.9s51.3 114.9 114.9 114.9S339 319.5 339 255.9 287.7 141 224.1 141zm0 189.6c-41.1 0-74.7-33.5-74.7-74.7s33.5-74.7 74.7-74.7 74.7 33.5 74.7 74.7-33.6 74.7-74.7 74.7zm146.4-194.3c0 14.9-12 26.8-26.8 26.8-14.9 0-26.8-12-26.8-26.8s12-26.8 26.8-26.8 26.8 12 26.8 26.8zm76.1 27.2c-1.7-35.9-9.9-67.7-36.2-93.9-26.2-26.2-58-34.4-93.9-36.2-37-2.1-147.9-2.1-184.9 0-35.8 1.7-67.6 9.9-93.9 36.1s-34.4 58-36.2 93.9c-2.1 37-2.1 147.9 0 184.9 1.7 35.9 9.9 67.7 36.2 93.9s58 34.4 93.9 36.2c37 2.1 147.9 2.1 184.9 0 35.9-1.7 67.7-9.9 93.9-36.2 26.2-26.2 34.4-58 36.2-93.9 2.1-37 2.1-147.8 0-184.8zM398.8 388c-7.8 19.6-22.9 34.7-42.6 42.6-29.5 11.7-99.5 9-132.1 9s-102.7 2.6-132.1-9c-19.6-7.8-34.7-22.9-42.6-42.6-11.7-29.5-9-99.5-9-132.1s-2.6-102.7 9-132.1c7.8-19.6 22.9-34.7 42.6-42.6 29.5-11.7 99.5-9 132.1-9s102.7-2.6 132.1 9c19.6 7.8 34.7 22.9 42.6 42.6 11.7 29.5 9 99.5 9 132.1s2.7 102.7-9 132.1z\"><\/path><\/svg>\t\t\t\t<\/a>\n\t\t\t<\/div>\n\t\t\t\n\t\t\t\t\t\t<div class=\"elementor-icon-box-content\">\n\n\t\t\t\t\t\t\t\t\t<h3 class=\"elementor-icon-box-title\">\n\t\t\t\t\t\t<a href=\"https:\/\/www.instagram.com\/experiencialactalis_mx\" target=\"_blank\" >\n\t\t\t\t\t\t\t S\u00cdGUENOS EN @experiencialactalis_mx\t\t\t\t\t\t<\/a>\n\t\t\t\t\t<\/h3>\n\t\t\t\t\n\t\t\t\t\n\t\t\t<\/div>\n\t\t\t\n\t\t<\/div>\n\t\t\t\t\t\t<\/div>\n\t\t\t\t<\/div>\n\t\t\t\t<\/div>\n\t\t\t\t\t<\/div>\n\t\t\t\t<\/div>\n\t\t<div class=\"elementor-element elementor-element-2af820a e-con-full e-flex e-con e-parent\" data-id=\"2af820a\" data-element_type=\"container\">\n\t\t\t\t<div class=\"elementor-element elementor-element-facdde4 elementor-widget elementor-widget-shortcode\" data-id=\"facdde4\" data-element_type=\"widget\" data-widget_type=\"shortcode.default\">\n\t\t\t\t<div class=\"elementor-widget-container\">\n\t\t\t\t\t\t\t<div class=\"elementor-shortcode\">\n<div id=\"sb_instagram\"  class=\"sbi sbi_mob_col_2 sbi_tab_col_3 sbi_col_4 sbi_width_resp sbi-theme sbi-modern sbi-style-boxed\" style=\"padding-bottom: 10px;\" data-post-style=\"boxed\" data-feedid=\"*2\"  data-res=\"auto\" data-cols=\"4\" data-colsmobile=\"2\" data-colstablet=\"3\" data-num=\"12\" data-nummobile=\"8\" data-header-size=\"medium\" data-item-padding=\"5\" data-shortcode-atts=\"{&quot;feed&quot;:&quot;2&quot;}\"  data-postid=\"16\" data-locatornonce=\"22eab5cad6\" data-options=\"{&quot;carousel&quot;:[true,false,true,3500,true,1],&quot;avatars&quot;:{&quot;experiencialactalis_mx&quot;:&quot;https:\\\/\\\/scontent-hel3-1.cdninstagram.com\\\/v\\\/t51.2885-19\\\/342384624_610662344016693_4607353343391430668_n.jpg?stp=dst-jpg_s206x206_tt6&amp;_nc_cat=107&amp;ccb=1-7&amp;_nc_sid=bf7eb4&amp;_nc_ohc=VSm5kP_a4hYQ7kNvgHNwbSU&amp;_nc_oc=AdigAjNSaKvEGNxhHESAJQ5PDAknPBAH1NX9JY91mwQtpzqPhpJOx6CnUTLtpwO5Fge8q7E3y-3yFhTcbiQgpqt2&amp;_nc_zt=24&amp;_nc_ht=scontent-hel3-1.cdninstagram.com&amp;edm=AP4hL3IEAAAA&amp;oh=00_AYAM1_CgyIz6DCvUbnK4g1HpduP6x9CSJ0AyW72xDJS-pA&amp;oe=67B3E420&quot;,&quot;LCLexperiencialactalis_mx&quot;:0},&quot;lightboxcomments&quot;:10,&quot;colsmobile&quot;:2,&quot;colstablet&quot;:&quot;3&quot;,&quot;captionsize&quot;:12,&quot;captionlength&quot;:50,&quot;hovercaptionlength&quot;:50,&quot;feedtheme&quot;:&quot;modern&quot;}\" data-sbi-flags=\"favorLocal\">\n\n\n    <div id=\"sbi_images\" style=\"gap: 10px;\">\n\t\t    <\/div>\n\n\t<div id=\"sbi_load\" >\n\n\t\n\t\n<\/div>\n\n\t    <span class=\"sbi_resized_image_data\" data-feed-id=\"*2\" data-resized=\"[]\">\n\t<\/span>\n\t        <div id=\"sbi_mod_error\">\n            <span>This error message is only visible to WordPress admins<\/span><br \/>\n        <div><strong>There has been a problem with your Instagram Feed.<\/strong><\/div>        <\/div>\n        \n<\/div>\n\n\t<style type=\"text\/css\">\n\t\t\t\t#sb_instagram #sbi_load .sbi_load_btn:hover{\n\t\t\toutline: none;\n\t\t\tbox-shadow: inset 0 0 20px 20px #E8E8EB;\n\t\t}\n\t\t\t\t\n\t\t#sb_instagram .sbi_follow_btn a:hover,\n\t\t#sb_instagram .sbi_follow_btn a:focus{\n\t\t\toutline: none;\n\t\t\tbox-shadow: inset 0 0 10px 20px #005B8C;\n\t\t}\n\t\t\t<\/style>\n\t<\/div>\n\t\t\t\t\t\t<\/div>\n\t\t\t\t<\/div>\n\t\t\t\t<\/div>\n\t\t\t\t<\/div>\n\t\t","protected":false},"excerpt":{"rendered":"<p>Ser parte de la #ExperienciaLactalis es vivir una HISTORIA \u00fanica de profundas ra\u00edces en la industria l\u00e1ctea a nivel mundial, es compartir una PASI\u00d3N por lo que hacemos cada d\u00eda, por nuestras marcas y ofrecer lo mejor de la leche a nuestros clientes y consumidores a trav\u00e9s de nuestra EXPERIENCIA que nos destaca del resto.\u00a0 [&hellip;]<\/p>\n","protected":false},"author":1,"featured_media":0,"parent":0,"menu_order":0,"comment_status":"closed","ping_status":"closed","template":"elementor_header_footer","meta":{"_acf_changed":false,"footnotes":""},"class_list":["post-16","page","type-page","status-publish","hentry"],"acf":[],"_links":{"self":[{"href":"https:\/\/pruebaswhisper.xyz\/lactalis-mx\/wp-json\/wp\/v2\/pages\/16","targetHints":{"allow":["GET"]}}],"collection":[{"href":"https:\/\/pruebaswhisper.xyz\/lactalis-mx\/wp-json\/wp\/v2\/pages"}],"about":[{"href":"https:\/\/pruebaswhisper.xyz\/lactalis-mx\/wp-json\/wp\/v2\/types\/page"}],"author":[{"embeddable":true,"href":"https:\/\/pruebaswhisper.xyz\/lactalis-mx\/wp-json\/wp\/v2\/users\/1"}],"replies":[{"embeddable":true,"href":"https:\/\/pruebaswhisper.xyz\/lactalis-mx\/wp-json\/wp\/v2\/comments?post=16"}],"version-history":[{"count":154,"href":"https:\/\/pruebaswhisper.xyz\/lactalis-mx\/wp-json\/wp\/v2\/pages\/16\/revisions"}],"predecessor-version":[{"id":3432,"href":"https:\/\/pruebaswhisper.xyz\/lactalis-mx\/wp-json\/wp\/v2\/pages\/16\/revisions\/3432"}],"wp:attachment":[{"href":"https:\/\/pruebaswhisper.xyz\/lactalis-mx\/wp-json\/wp\/v2\/media?parent=16"}],"curies":[{"name":"wp","href":"https:\/\/api.w.org\/{rel}","templated":true}]}}