{"id":2355,"date":"2025-01-10T09:04:27","date_gmt":"2025-01-10T14:04:27","guid":{"rendered":"https:\/\/pruebaswhisper.xyz\/lactalis-mx\/?page_id=2355"},"modified":"2025-02-13T11:55:15","modified_gmt":"2025-02-13T16:55:15","slug":"formacion","status":"publish","type":"page","link":"https:\/\/pruebaswhisper.xyz\/lactalis-mx\/formacion\/","title":{"rendered":"Formacion"},"content":{"rendered":"\t\t<div data-elementor-type=\"wp-page\" data-elementor-id=\"2355\" class=\"elementor elementor-2355\" data-elementor-post-type=\"page\">\n\t\t\t\t<div class=\"elementor-element elementor-element-a365657 e-flex e-con-boxed elementor-invisible e-con e-parent\" data-id=\"a365657\" data-element_type=\"container\" data-settings=\"{&quot;background_background&quot;:&quot;classic&quot;,&quot;animation&quot;:&quot;fadeInLeft&quot;}\">\n\t\t\t\t\t<div class=\"e-con-inner\">\n\t\t\t\t<div class=\"elementor-element elementor-element-f61aa04 elementor-hidden-widescreen elementor-hidden-desktop elementor-hidden-laptop elementor-hidden-tablet elementor-hidden-mobile elementor-widget elementor-widget-heading\" data-id=\"f61aa04\" data-element_type=\"widget\" data-widget_type=\"heading.default\">\n\t\t\t\t<div class=\"elementor-widget-container\">\n\t\t\t\t\t<h2 class=\"elementor-heading-title elementor-size-default\">Formaci\u00f3n<\/h2>\t\t\t\t<\/div>\n\t\t\t\t<\/div>\n\t\t\t\t\t<\/div>\n\t\t\t\t<\/div>\n\t\t<div class=\"elementor-element elementor-element-2134162 e-flex e-con-boxed e-con e-parent\" data-id=\"2134162\" data-element_type=\"container\">\n\t\t\t\t\t<div class=\"e-con-inner\">\n\t\t\t\t<div class=\"elementor-element elementor-element-48623dd elementor-invisible elementor-widget elementor-widget-heading\" data-id=\"48623dd\" data-element_type=\"widget\" data-settings=\"{&quot;_animation&quot;:&quot;fadeInLeft&quot;}\" data-widget_type=\"heading.default\">\n\t\t\t\t<div class=\"elementor-widget-container\">\n\t\t\t\t\t<h2 class=\"elementor-heading-title elementor-size-default\">SITUAMOS A NUESTROS COLABORADORES EN EL CENTRO DE NUESTRAS ESTRATEGIAS Y NUESTROS EXITOS:<\/h2>\t\t\t\t<\/div>\n\t\t\t\t<\/div>\n\t\t\t\t<div class=\"elementor-element elementor-element-bcabd53 elementor-invisible elementor-widget elementor-widget-text-editor\" data-id=\"bcabd53\" data-element_type=\"widget\" data-settings=\"{&quot;_animation&quot;:&quot;fadeInRight&quot;}\" data-widget_type=\"text-editor.default\">\n\t\t\t\t<div class=\"elementor-widget-container\">\n\t\t\t\t\t\t\t\t\t<p>En Lactalis M\u00e9xico apostamos por la formaci\u00f3n continua de nuestros colaboradores a trav\u00e9s de programas de capacitaci\u00f3n internas y externas que les permitan desarrollar habilidades y crecer dentro de la industria l\u00e1ctea, esto tambi\u00e9n contribuye a prevalecer nuestro know-how y cubrir nuestros ambiciosos objetivos de crecimiento.<\/p><p>Contamos con programas de formaci\u00f3n con las mejores pr\u00e1cticas y conocimientos industriales, as\u00ed como, as\u00ed como en \u00e1reas de liderazgo, gesti\u00f3n, comunicaci\u00f3n, trabajo en equipo y cursos de formaci\u00f3n de TI. Nuestros programas tambi\u00e9n incluyen academias: Industrial, Ventas y Log\u00edstica.<\/p>\t\t\t\t\t\t\t\t<\/div>\n\t\t\t\t<\/div>\n\t\t\t\t\t<\/div>\n\t\t\t\t<\/div>\n\t\t<div class=\"elementor-element elementor-element-279c499f e-flex e-con-boxed e-con e-parent\" data-id=\"279c499f\" data-element_type=\"container\" data-settings=\"{&quot;background_background&quot;:&quot;classic&quot;}\">\n\t\t\t\t\t<div class=\"e-con-inner\">\n\t\t<div class=\"elementor-element elementor-element-c5e2224 e-con-full e-flex elementor-invisible e-con e-child\" data-id=\"c5e2224\" data-element_type=\"container\" data-settings=\"{&quot;animation&quot;:&quot;fadeInLeft&quot;}\">\n\t\t\t\t<div class=\"elementor-element elementor-element-a849747 elementor-widget__width-initial elementor-widget elementor-widget-image\" data-id=\"a849747\" data-element_type=\"widget\" data-widget_type=\"image.default\">\n\t\t\t\t<div class=\"elementor-widget-container\">\n\t\t\t\t\t\t\t\t\t\t\t\t\t\t\t<img fetchpriority=\"high\" decoding=\"async\" width=\"256\" height=\"256\" src=\"https:\/\/pruebaswhisper.xyz\/lactalis-mx\/wp-content\/uploads\/2025\/01\/study.png\" class=\"attachment-full size-full wp-image-2809\" alt=\"\" srcset=\"https:\/\/pruebaswhisper.xyz\/lactalis-mx\/wp-content\/uploads\/2025\/01\/study.png 256w, https:\/\/pruebaswhisper.xyz\/lactalis-mx\/wp-content\/uploads\/2025\/01\/study-150x150.png 150w, https:\/\/pruebaswhisper.xyz\/lactalis-mx\/wp-content\/uploads\/2025\/01\/study-100x100.png 100w\" sizes=\"(max-width: 256px) 100vw, 256px\" \/>\t\t\t\t\t\t\t\t\t\t\t\t\t\t\t<\/div>\n\t\t\t\t<\/div>\n\t\t\t\t<div class=\"elementor-element elementor-element-75405e02 elementor-widget elementor-widget-heading\" data-id=\"75405e02\" data-element_type=\"widget\" data-widget_type=\"heading.default\">\n\t\t\t\t<div class=\"elementor-widget-container\">\n\t\t\t\t\t<h2 class=\"elementor-heading-title elementor-size-default\">Inversi\u00f3n en educaci\u00f3n digital<\/h2>\t\t\t\t<\/div>\n\t\t\t\t<\/div>\n\t\t\t\t<div class=\"elementor-element elementor-element-105c5f7b elementor-widget__width-initial elementor-widget elementor-widget-text-editor\" data-id=\"105c5f7b\" data-element_type=\"widget\" data-widget_type=\"text-editor.default\">\n\t\t\t\t<div class=\"elementor-widget-container\">\n\t\t\t\t\t\t\t\t\t<p>Lactalis ha realizado una importante inversi\u00f3n en educaci\u00f3n digital para apoyar a nuestros colaboradores asoci\u00e1ndose con la plataforma digital de formaci\u00f3n del Grupo, dentro de la cu\u00e1l existen m\u00e1s de 1000 m\u00f3dulos en temas como: cultura, calidad, gesti\u00f3n de la leche, mantenimiento, etc.<\/p>\t\t\t\t\t\t\t\t<\/div>\n\t\t\t\t<\/div>\n\t\t\t\t<\/div>\n\t\t<div class=\"elementor-element elementor-element-7bbe9bf5 e-con-full e-flex elementor-invisible e-con e-child\" data-id=\"7bbe9bf5\" data-element_type=\"container\" data-settings=\"{&quot;animation&quot;:&quot;fadeInUp&quot;}\">\n\t\t\t\t<div class=\"elementor-element elementor-element-32862139 elementor-widget elementor-widget-image\" data-id=\"32862139\" data-element_type=\"widget\" data-widget_type=\"image.default\">\n\t\t\t\t<div class=\"elementor-widget-container\">\n\t\t\t\t\t\t\t\t\t\t\t\t\t\t\t<img decoding=\"async\" width=\"2002\" height=\"2002\" src=\"https:\/\/pruebaswhisper.xyz\/lactalis-mx\/wp-content\/uploads\/2025\/02\/Learning-Factory.png\" class=\"attachment-full size-full wp-image-3321\" alt=\"\" srcset=\"https:\/\/pruebaswhisper.xyz\/lactalis-mx\/wp-content\/uploads\/2025\/02\/Learning-Factory.png 2002w, https:\/\/pruebaswhisper.xyz\/lactalis-mx\/wp-content\/uploads\/2025\/02\/Learning-Factory-300x300.png 300w, https:\/\/pruebaswhisper.xyz\/lactalis-mx\/wp-content\/uploads\/2025\/02\/Learning-Factory-1024x1024.png 1024w, https:\/\/pruebaswhisper.xyz\/lactalis-mx\/wp-content\/uploads\/2025\/02\/Learning-Factory-150x150.png 150w, https:\/\/pruebaswhisper.xyz\/lactalis-mx\/wp-content\/uploads\/2025\/02\/Learning-Factory-768x768.png 768w, https:\/\/pruebaswhisper.xyz\/lactalis-mx\/wp-content\/uploads\/2025\/02\/Learning-Factory-1536x1536.png 1536w, https:\/\/pruebaswhisper.xyz\/lactalis-mx\/wp-content\/uploads\/2025\/02\/Learning-Factory-600x600.png 600w, https:\/\/pruebaswhisper.xyz\/lactalis-mx\/wp-content\/uploads\/2025\/02\/Learning-Factory-100x100.png 100w\" sizes=\"(max-width: 2002px) 100vw, 2002px\" \/>\t\t\t\t\t\t\t\t\t\t\t\t\t\t\t<\/div>\n\t\t\t\t<\/div>\n\t\t<div class=\"elementor-element elementor-element-cdfc505 e-con-full e-flex e-con e-child\" data-id=\"cdfc505\" data-element_type=\"container\" data-settings=\"{&quot;background_background&quot;:&quot;classic&quot;}\">\n\t\t\t\t<div class=\"elementor-element elementor-element-2cb4aaa elementor-widget__width-initial elementor-absolute animated-slow elementor-invisible elementor-widget elementor-widget-image\" data-id=\"2cb4aaa\" data-element_type=\"widget\" data-settings=\"{&quot;_position&quot;:&quot;absolute&quot;,&quot;_animation&quot;:&quot;bounceIn&quot;}\" data-widget_type=\"image.default\">\n\t\t\t\t<div class=\"elementor-widget-container\">\n\t\t\t\t\t\t\t\t\t\t\t\t\t\t\t<img decoding=\"async\" width=\"512\" height=\"512\" src=\"https:\/\/pruebaswhisper.xyz\/lactalis-mx\/wp-content\/uploads\/2025\/02\/medalla-de-oro.png\" class=\"attachment-full size-full wp-image-3325\" alt=\"\" srcset=\"https:\/\/pruebaswhisper.xyz\/lactalis-mx\/wp-content\/uploads\/2025\/02\/medalla-de-oro.png 512w, https:\/\/pruebaswhisper.xyz\/lactalis-mx\/wp-content\/uploads\/2025\/02\/medalla-de-oro-300x300.png 300w, https:\/\/pruebaswhisper.xyz\/lactalis-mx\/wp-content\/uploads\/2025\/02\/medalla-de-oro-150x150.png 150w, https:\/\/pruebaswhisper.xyz\/lactalis-mx\/wp-content\/uploads\/2025\/02\/medalla-de-oro-100x100.png 100w\" sizes=\"(max-width: 512px) 100vw, 512px\" \/>\t\t\t\t\t\t\t\t\t\t\t\t\t\t\t<\/div>\n\t\t\t\t<\/div>\n\t\t\t\t<div class=\"elementor-element elementor-element-a1efd23 elementor-widget elementor-widget-heading\" data-id=\"a1efd23\" data-element_type=\"widget\" data-widget_type=\"heading.default\">\n\t\t\t\t<div class=\"elementor-widget-container\">\n\t\t\t\t\t<h2 class=\"elementor-heading-title elementor-size-default\">Nuestra plataforma Learning Factory\ngan\u00f3 una medalla de oro en los <b>Brandon\nHall Awards 2022<\/b> por su innovada\nestrategia de aprendizaje digital.<\/h2>\t\t\t\t<\/div>\n\t\t\t\t<\/div>\n\t\t\t\t<\/div>\n\t\t\t\t<\/div>\n\t\t\t\t\t<\/div>\n\t\t\t\t<\/div>\n\t\t<div class=\"elementor-element elementor-element-bd84a26 e-flex e-con-boxed e-con e-parent\" data-id=\"bd84a26\" data-element_type=\"container\" data-settings=\"{&quot;background_background&quot;:&quot;classic&quot;}\">\n\t\t\t\t\t<div class=\"e-con-inner\">\n\t\t<div class=\"elementor-element elementor-element-1195262 e-con-full e-flex elementor-invisible e-con e-child\" data-id=\"1195262\" data-element_type=\"container\" data-settings=\"{&quot;animation&quot;:&quot;fadeInUp&quot;}\">\n\t\t\t\t<div class=\"elementor-element elementor-element-b63c4b4 elementor-widget elementor-widget-heading\" data-id=\"b63c4b4\" data-element_type=\"widget\" data-widget_type=\"heading.default\">\n\t\t\t\t<div class=\"elementor-widget-container\">\n\t\t\t\t\t<h2 class=\"elementor-heading-title elementor-size-default\">Conoce nuestras cifras totales de formaci\u00f3n del 2024<\/h2>\t\t\t\t<\/div>\n\t\t\t\t<\/div>\n\t\t\t\t<div class=\"elementor-element elementor-element-3b171db elementor-widget elementor-widget-image\" data-id=\"3b171db\" data-element_type=\"widget\" data-widget_type=\"image.default\">\n\t\t\t\t<div class=\"elementor-widget-container\">\n\t\t\t\t\t\t\t\t\t\t\t\t\t\t\t<img loading=\"lazy\" decoding=\"async\" width=\"1500\" height=\"844\" src=\"https:\/\/pruebaswhisper.xyz\/lactalis-mx\/wp-content\/uploads\/2025\/02\/formacion-lactalis-mexico-valores.webp\" class=\"attachment-full size-full wp-image-3329\" alt=\"\" srcset=\"https:\/\/pruebaswhisper.xyz\/lactalis-mx\/wp-content\/uploads\/2025\/02\/formacion-lactalis-mexico-valores.webp 1500w, https:\/\/pruebaswhisper.xyz\/lactalis-mx\/wp-content\/uploads\/2025\/02\/formacion-lactalis-mexico-valores-300x169.webp 300w, https:\/\/pruebaswhisper.xyz\/lactalis-mx\/wp-content\/uploads\/2025\/02\/formacion-lactalis-mexico-valores-1024x576.webp 1024w, https:\/\/pruebaswhisper.xyz\/lactalis-mx\/wp-content\/uploads\/2025\/02\/formacion-lactalis-mexico-valores-768x432.webp 768w, https:\/\/pruebaswhisper.xyz\/lactalis-mx\/wp-content\/uploads\/2025\/02\/formacion-lactalis-mexico-valores-600x338.webp 600w\" sizes=\"(max-width: 1500px) 100vw, 1500px\" \/>\t\t\t\t\t\t\t\t\t\t\t\t\t\t\t<\/div>\n\t\t\t\t<\/div>\n\t\t\t\t<\/div>\n\t\t<div class=\"elementor-element elementor-element-1abcf2a e-con-full e-flex e-con e-child\" data-id=\"1abcf2a\" data-element_type=\"container\">\n\t\t<div class=\"elementor-element elementor-element-b5b1a3f e-con-full e-flex e-con e-child\" data-id=\"b5b1a3f\" data-element_type=\"container\">\n\t\t<div class=\"elementor-element elementor-element-753b6ee e-con-full e-flex e-con e-child\" data-id=\"753b6ee\" data-element_type=\"container\">\n\t\t\t\t<div class=\"elementor-element elementor-element-38d0d29 elementor-widget__width-initial elementor-invisible elementor-widget elementor-widget-counter\" data-id=\"38d0d29\" data-element_type=\"widget\" data-settings=\"{&quot;_animation&quot;:&quot;fadeInRight&quot;,&quot;_animation_delay&quot;:1}\" data-widget_type=\"counter.default\">\n\t\t\t\t<div class=\"elementor-widget-container\">\n\t\t\t\t\t\t\t<div class=\"elementor-counter\">\n\t\t\t\t\t\t<div class=\"elementor-counter-number-wrapper\">\n\t\t\t\t<span class=\"elementor-counter-number-prefix\"><\/span>\n\t\t\t\t<span class=\"elementor-counter-number\" data-duration=\"2000\" data-to-value=\"25\" data-from-value=\"0\" data-delimiter=\",\">0<\/span>\n\t\t\t\t<span class=\"elementor-counter-number-suffix\"><\/span>\n\t\t\t<\/div>\n\t\t<\/div>\n\t\t\t\t\t\t<\/div>\n\t\t\t\t<\/div>\n\t\t\t\t<div class=\"elementor-element elementor-element-4716809 elementor-widget__width-auto elementor-absolute animated-slow elementor-invisible elementor-widget elementor-widget-heading\" data-id=\"4716809\" data-element_type=\"widget\" data-settings=\"{&quot;_position&quot;:&quot;absolute&quot;,&quot;_animation&quot;:&quot;fadeInRight&quot;,&quot;_animation_delay&quot;:1}\" data-widget_type=\"heading.default\">\n\t\t\t\t<div class=\"elementor-widget-container\">\n\t\t\t\t\t<h3 class=\"elementor-heading-title elementor-size-default\">+<\/h3>\t\t\t\t<\/div>\n\t\t\t\t<\/div>\n\t\t\t\t<\/div>\n\t\t<div class=\"elementor-element elementor-element-f81af0f e-con-full e-flex e-con e-child\" data-id=\"f81af0f\" data-element_type=\"container\">\n\t\t\t\t<div class=\"elementor-element elementor-element-f032fda elementor-widget elementor-widget-heading\" data-id=\"f032fda\" data-element_type=\"widget\" data-widget_type=\"heading.default\">\n\t\t\t\t<div class=\"elementor-widget-container\">\n\t\t\t\t\t<h2 class=\"elementor-heading-title elementor-size-default\">Formadores internos certificados<\/h2>\t\t\t\t<\/div>\n\t\t\t\t<\/div>\n\t\t\t\t<\/div>\n\t\t\t\t<\/div>\n\t\t<div class=\"elementor-element elementor-element-2aa502d e-con-full e-flex e-con e-child\" data-id=\"2aa502d\" data-element_type=\"container\">\n\t\t<div class=\"elementor-element elementor-element-96f3b00 e-con-full e-flex e-con e-child\" data-id=\"96f3b00\" data-element_type=\"container\">\n\t\t\t\t<div class=\"elementor-element elementor-element-fa7e52e elementor-widget__width-initial elementor-invisible elementor-widget elementor-widget-counter\" data-id=\"fa7e52e\" data-element_type=\"widget\" data-settings=\"{&quot;_animation&quot;:&quot;fadeInRight&quot;,&quot;_animation_delay&quot;:1}\" data-widget_type=\"counter.default\">\n\t\t\t\t<div class=\"elementor-widget-container\">\n\t\t\t\t\t\t\t<div class=\"elementor-counter\">\n\t\t\t\t\t\t<div class=\"elementor-counter-number-wrapper\">\n\t\t\t\t<span class=\"elementor-counter-number-prefix\"><\/span>\n\t\t\t\t<span class=\"elementor-counter-number\" data-duration=\"2000\" data-to-value=\"35\" data-from-value=\"0\" data-delimiter=\",\">0<\/span>\n\t\t\t\t<span class=\"elementor-counter-number-suffix\"><\/span>\n\t\t\t<\/div>\n\t\t<\/div>\n\t\t\t\t\t\t<\/div>\n\t\t\t\t<\/div>\n\t\t\t\t<div class=\"elementor-element elementor-element-4aab91c elementor-widget__width-auto elementor-absolute animated-slow elementor-invisible elementor-widget elementor-widget-heading\" data-id=\"4aab91c\" data-element_type=\"widget\" data-settings=\"{&quot;_position&quot;:&quot;absolute&quot;,&quot;_animation&quot;:&quot;fadeInRight&quot;,&quot;_animation_delay&quot;:1}\" data-widget_type=\"heading.default\">\n\t\t\t\t<div class=\"elementor-widget-container\">\n\t\t\t\t\t<h3 class=\"elementor-heading-title elementor-size-default\">+<\/h3>\t\t\t\t<\/div>\n\t\t\t\t<\/div>\n\t\t\t\t<div class=\"elementor-element elementor-element-3a26d5c elementor-widget__width-auto elementor-absolute animated-slow elementor-invisible elementor-widget elementor-widget-heading\" data-id=\"3a26d5c\" data-element_type=\"widget\" data-settings=\"{&quot;_position&quot;:&quot;absolute&quot;,&quot;_animation&quot;:&quot;fadeInRight&quot;,&quot;_animation_delay&quot;:1}\" data-widget_type=\"heading.default\">\n\t\t\t\t<div class=\"elementor-widget-container\">\n\t\t\t\t\t<h3 class=\"elementor-heading-title elementor-size-default\">mil<\/h3>\t\t\t\t<\/div>\n\t\t\t\t<\/div>\n\t\t\t\t<\/div>\n\t\t<div class=\"elementor-element elementor-element-c3cc2ac e-con-full e-flex e-con e-child\" data-id=\"c3cc2ac\" data-element_type=\"container\">\n\t\t\t\t<div class=\"elementor-element elementor-element-0f4e19a elementor-widget elementor-widget-heading\" data-id=\"0f4e19a\" data-element_type=\"widget\" data-widget_type=\"heading.default\">\n\t\t\t\t<div class=\"elementor-widget-container\">\n\t\t\t\t\t<h2 class=\"elementor-heading-title elementor-size-default\">Oportunidades de formaci\u00f3n<\/h2>\t\t\t\t<\/div>\n\t\t\t\t<\/div>\n\t\t\t\t<\/div>\n\t\t\t\t<\/div>\n\t\t<div class=\"elementor-element elementor-element-35474bf e-con-full e-flex e-con e-child\" data-id=\"35474bf\" data-element_type=\"container\">\n\t\t<div class=\"elementor-element elementor-element-b6dbf6d e-con-full e-flex e-con e-child\" data-id=\"b6dbf6d\" data-element_type=\"container\">\n\t\t\t\t<div class=\"elementor-element elementor-element-7ad3cd6 elementor-widget__width-initial elementor-invisible elementor-widget elementor-widget-counter\" data-id=\"7ad3cd6\" data-element_type=\"widget\" data-settings=\"{&quot;_animation&quot;:&quot;fadeInRight&quot;,&quot;_animation_delay&quot;:1}\" data-widget_type=\"counter.default\">\n\t\t\t\t<div class=\"elementor-widget-container\">\n\t\t\t\t\t\t\t<div class=\"elementor-counter\">\n\t\t\t\t\t\t<div class=\"elementor-counter-number-wrapper\">\n\t\t\t\t<span class=\"elementor-counter-number-prefix\"><\/span>\n\t\t\t\t<span class=\"elementor-counter-number\" data-duration=\"2000\" data-to-value=\"38\" data-from-value=\"0\" data-delimiter=\",\">0<\/span>\n\t\t\t\t<span class=\"elementor-counter-number-suffix\"><\/span>\n\t\t\t<\/div>\n\t\t<\/div>\n\t\t\t\t\t\t<\/div>\n\t\t\t\t<\/div>\n\t\t\t\t<div class=\"elementor-element elementor-element-60735da elementor-widget__width-auto elementor-absolute animated-slow elementor-invisible elementor-widget elementor-widget-heading\" data-id=\"60735da\" data-element_type=\"widget\" data-settings=\"{&quot;_position&quot;:&quot;absolute&quot;,&quot;_animation&quot;:&quot;fadeInRight&quot;,&quot;_animation_delay&quot;:1}\" data-widget_type=\"heading.default\">\n\t\t\t\t<div class=\"elementor-widget-container\">\n\t\t\t\t\t<h3 class=\"elementor-heading-title elementor-size-default\">+<\/h3>\t\t\t\t<\/div>\n\t\t\t\t<\/div>\n\t\t\t\t<div class=\"elementor-element elementor-element-3fc19a0 elementor-widget__width-auto elementor-absolute animated-slow elementor-invisible elementor-widget elementor-widget-heading\" data-id=\"3fc19a0\" data-element_type=\"widget\" data-settings=\"{&quot;_position&quot;:&quot;absolute&quot;,&quot;_animation&quot;:&quot;fadeInRight&quot;,&quot;_animation_delay&quot;:1}\" data-widget_type=\"heading.default\">\n\t\t\t\t<div class=\"elementor-widget-container\">\n\t\t\t\t\t<h3 class=\"elementor-heading-title elementor-size-default\">mil<\/h3>\t\t\t\t<\/div>\n\t\t\t\t<\/div>\n\t\t\t\t<\/div>\n\t\t<div class=\"elementor-element elementor-element-6f34773 e-con-full e-flex e-con e-child\" data-id=\"6f34773\" data-element_type=\"container\">\n\t\t\t\t<div class=\"elementor-element elementor-element-5c56b8d elementor-widget elementor-widget-heading\" data-id=\"5c56b8d\" data-element_type=\"widget\" data-widget_type=\"heading.default\">\n\t\t\t\t<div class=\"elementor-widget-container\">\n\t\t\t\t\t<h2 class=\"elementor-heading-title elementor-size-default\">Horas de formaci\u00f3n<\/h2>\t\t\t\t<\/div>\n\t\t\t\t<\/div>\n\t\t\t\t<\/div>\n\t\t\t\t<\/div>\n\t\t<div class=\"elementor-element elementor-element-a970847 e-con-full e-flex e-con e-child\" data-id=\"a970847\" data-element_type=\"container\">\n\t\t<div class=\"elementor-element elementor-element-083d705 e-con-full e-flex e-con e-child\" data-id=\"083d705\" data-element_type=\"container\">\n\t\t\t\t<div class=\"elementor-element elementor-element-1d2cb62 elementor-widget__width-initial elementor-invisible elementor-widget elementor-widget-counter\" data-id=\"1d2cb62\" data-element_type=\"widget\" data-settings=\"{&quot;_animation&quot;:&quot;fadeInRight&quot;,&quot;_animation_delay&quot;:1}\" data-widget_type=\"counter.default\">\n\t\t\t\t<div class=\"elementor-widget-container\">\n\t\t\t\t\t\t\t<div class=\"elementor-counter\">\n\t\t\t\t\t\t<div class=\"elementor-counter-number-wrapper\">\n\t\t\t\t<span class=\"elementor-counter-number-prefix\"><\/span>\n\t\t\t\t<span class=\"elementor-counter-number\" data-duration=\"2000\" data-to-value=\"700\" data-from-value=\"0\" data-delimiter=\",\">0<\/span>\n\t\t\t\t<span class=\"elementor-counter-number-suffix\"><\/span>\n\t\t\t<\/div>\n\t\t<\/div>\n\t\t\t\t\t\t<\/div>\n\t\t\t\t<\/div>\n\t\t\t\t<div class=\"elementor-element elementor-element-a9ae3a4 elementor-widget__width-auto elementor-absolute animated-slow elementor-invisible elementor-widget elementor-widget-heading\" data-id=\"a9ae3a4\" data-element_type=\"widget\" data-settings=\"{&quot;_position&quot;:&quot;absolute&quot;,&quot;_animation&quot;:&quot;fadeInRight&quot;,&quot;_animation_delay&quot;:1}\" data-widget_type=\"heading.default\">\n\t\t\t\t<div class=\"elementor-widget-container\">\n\t\t\t\t\t<h3 class=\"elementor-heading-title elementor-size-default\">+<\/h3>\t\t\t\t<\/div>\n\t\t\t\t<\/div>\n\t\t\t\t<\/div>\n\t\t<div class=\"elementor-element elementor-element-f427032 e-con-full e-flex e-con e-child\" data-id=\"f427032\" data-element_type=\"container\">\n\t\t\t\t<div class=\"elementor-element elementor-element-efa674a elementor-widget elementor-widget-heading\" data-id=\"efa674a\" data-element_type=\"widget\" data-widget_type=\"heading.default\">\n\t\t\t\t<div class=\"elementor-widget-container\">\n\t\t\t\t\t<h2 class=\"elementor-heading-title elementor-size-default\">Cursos de formaci\u00f3n<\/h2>\t\t\t\t<\/div>\n\t\t\t\t<\/div>\n\t\t\t\t<\/div>\n\t\t\t\t<\/div>\n\t\t\t\t<\/div>\n\t\t\t\t\t<\/div>\n\t\t\t\t<\/div>\n\t\t\t\t<\/div>\n\t\t","protected":false},"excerpt":{"rendered":"<p>Formaci\u00f3n SITUAMOS A NUESTROS COLABORADORES EN EL CENTRO DE NUESTRAS ESTRATEGIAS Y NUESTROS EXITOS: En Lactalis M\u00e9xico apostamos por la formaci\u00f3n continua de nuestros colaboradores a trav\u00e9s de programas de capacitaci\u00f3n internas y externas que les permitan desarrollar habilidades y crecer dentro de la industria l\u00e1ctea, esto tambi\u00e9n contribuye a prevalecer nuestro know-how y cubrir [&hellip;]<\/p>\n","protected":false},"author":1,"featured_media":0,"parent":0,"menu_order":0,"comment_status":"closed","ping_status":"closed","template":"elementor_header_footer","meta":{"_acf_changed":false,"footnotes":""},"class_list":["post-2355","page","type-page","status-publish","hentry"],"acf":[],"_links":{"self":[{"href":"https:\/\/pruebaswhisper.xyz\/lactalis-mx\/wp-json\/wp\/v2\/pages\/2355","targetHints":{"allow":["GET"]}}],"collection":[{"href":"https:\/\/pruebaswhisper.xyz\/lactalis-mx\/wp-json\/wp\/v2\/pages"}],"about":[{"href":"https:\/\/pruebaswhisper.xyz\/lactalis-mx\/wp-json\/wp\/v2\/types\/page"}],"author":[{"embeddable":true,"href":"https:\/\/pruebaswhisper.xyz\/lactalis-mx\/wp-json\/wp\/v2\/users\/1"}],"replies":[{"embeddable":true,"href":"https:\/\/pruebaswhisper.xyz\/lactalis-mx\/wp-json\/wp\/v2\/comments?post=2355"}],"version-history":[{"count":63,"href":"https:\/\/pruebaswhisper.xyz\/lactalis-mx\/wp-json\/wp\/v2\/pages\/2355\/revisions"}],"predecessor-version":[{"id":3332,"href":"https:\/\/pruebaswhisper.xyz\/lactalis-mx\/wp-json\/wp\/v2\/pages\/2355\/revisions\/3332"}],"wp:attachment":[{"href":"https:\/\/pruebaswhisper.xyz\/lactalis-mx\/wp-json\/wp\/v2\/media?parent=2355"}],"curies":[{"name":"wp","href":"https:\/\/api.w.org\/{rel}","templated":true}]}}