{"id":3441,"date":"2025-02-17T18:00:56","date_gmt":"2025-02-17T23:00:56","guid":{"rendered":"https:\/\/pruebaswhisper.xyz\/lactalis-mx\/?page_id=3441"},"modified":"2025-02-17T18:28:35","modified_gmt":"2025-02-17T23:28:35","slug":"kraft-smile-comercial-2025","status":"publish","type":"page","link":"https:\/\/pruebaswhisper.xyz\/lactalis-mx\/kraft-smile-comercial-2025\/","title":{"rendered":"Kraft Smile Comercial 2025"},"content":{"rendered":"\t\t<div data-elementor-type=\"wp-page\" data-elementor-id=\"3441\" class=\"elementor elementor-3441\" data-elementor-post-type=\"page\">\n\t\t\t\t<div class=\"elementor-element elementor-element-6c26ca9 e-flex e-con-boxed elementor-invisible e-con e-parent\" data-id=\"6c26ca9\" data-element_type=\"container\" data-settings=\"{&quot;background_background&quot;:&quot;classic&quot;,&quot;animation&quot;:&quot;fadeInLeft&quot;}\">\n\t\t\t\t\t<div class=\"e-con-inner\">\n\t\t\t\t<div class=\"elementor-element elementor-element-a207016 elementor-widget elementor-widget-heading\" data-id=\"a207016\" data-element_type=\"widget\" data-widget_type=\"heading.default\">\n\t\t\t\t<div class=\"elementor-widget-container\">\n\t\t\t\t\t<h2 class=\"elementor-heading-title elementor-size-default\">Kraft Smile Comercial 2025<\/h2>\t\t\t\t<\/div>\n\t\t\t\t<\/div>\n\t\t\t\t\t<\/div>\n\t\t\t\t<\/div>\n\t\t<div class=\"elementor-element elementor-element-36c1f82 e-flex e-con-boxed e-con e-parent\" data-id=\"36c1f82\" data-element_type=\"container\">\n\t\t\t\t\t<div class=\"e-con-inner\">\n\t\t<div class=\"elementor-element elementor-element-3b82e2b e-con-full animated-slow e-flex elementor-invisible e-con e-child\" data-id=\"3b82e2b\" data-element_type=\"container\" data-settings=\"{&quot;animation&quot;:&quot;fadeInLeft&quot;}\">\n\t\t\t\t<div class=\"elementor-element elementor-element-1ebd9d2 elementor-widget elementor-widget-video\" data-id=\"1ebd9d2\" data-element_type=\"widget\" data-settings=\"{&quot;youtube_url&quot;:&quot;https:\\\/\\\/www.youtube.com\\\/watch?v=LZ50BeRFRZ4&quot;,&quot;autoplay&quot;:&quot;yes&quot;,&quot;play_on_mobile&quot;:&quot;yes&quot;,&quot;mute&quot;:&quot;yes&quot;,&quot;video_type&quot;:&quot;youtube&quot;,&quot;controls&quot;:&quot;yes&quot;}\" data-widget_type=\"video.default\">\n\t\t\t\t<div class=\"elementor-widget-container\">\n\t\t\t\t\t\t\t<div class=\"elementor-wrapper elementor-open-inline\">\n\t\t\t<div class=\"elementor-video\"><\/div>\t\t<\/div>\n\t\t\t\t\t\t<\/div>\n\t\t\t\t<\/div>\n\t\t\t\t<\/div>\n\t\t<div class=\"elementor-element elementor-element-bffb461 e-con-full animated-slow e-flex elementor-invisible e-con e-child\" data-id=\"bffb461\" data-element_type=\"container\" data-settings=\"{&quot;animation&quot;:&quot;fadeInRight&quot;}\">\n\t\t\t\t<div class=\"elementor-element elementor-element-d38adae elementor-widget elementor-widget-image\" data-id=\"d38adae\" data-element_type=\"widget\" data-widget_type=\"image.default\">\n\t\t\t\t<div class=\"elementor-widget-container\">\n\t\t\t\t\t\t\t\t\t\t\t\t\t\t\t<img decoding=\"async\" width=\"242\" height=\"94\" src=\"https:\/\/pruebaswhisper.xyz\/lactalis-mx\/wp-content\/uploads\/2024\/08\/lactalis-mexico-kraft.webp\" class=\"attachment-full size-full wp-image-63\" alt=\"\" \/>\t\t\t\t\t\t\t\t\t\t\t\t\t\t\t<\/div>\n\t\t\t\t<\/div>\n\t\t\t\t<div class=\"elementor-element elementor-element-fa5de1b elementor-widget elementor-widget-text-editor\" data-id=\"fa5de1b\" data-element_type=\"widget\" data-widget_type=\"text-editor.default\">\n\t\t\t\t<div class=\"elementor-widget-container\">\n\t\t\t\t\t\t\t\t\t<p>Estamos muy orgullosos de presentar <strong>nuestro primer comercial de Kraft<\/strong>, un proyecto liderado por nuestro equipo de Marketing. Este lanzamiento es un paso clave para continuar consolid\u00e1ndonos como l\u00edderes en el mercado l\u00e1cteo.<\/p><p>Proximamente esta campa\u00f1al la estaremos compartiendo a nuestras filiales de LATAM, como comienzo de una serie de iniciativas que seguir\u00e1n posicion\u00e1ndonos como referentes en la industria.<\/p>\t\t\t\t\t\t\t\t<\/div>\n\t\t\t\t<\/div>\n\t\t\t\t<\/div>\n\t\t\t\t\t<\/div>\n\t\t\t\t<\/div>\n\t\t\t\t<\/div>\n\t\t","protected":false},"excerpt":{"rendered":"<p>Estamos muy orgullosos de presentar nuestro primer comercial de Kraft, un proyecto liderado por nuestro equipo de Marketing. Este lanzamiento es un paso clave para continuar consolid\u00e1ndonos como l\u00edderes en el mercado l\u00e1cteo. Proximamente esta campa\u00f1al la estaremos compartiendo a nuestras filiales de LATAM, como comienzo de una serie de iniciativas que seguir\u00e1n posicion\u00e1ndonos como [&hellip;]<\/p>\n","protected":false},"author":1,"featured_media":0,"parent":0,"menu_order":0,"comment_status":"closed","ping_status":"closed","template":"","meta":{"_acf_changed":false,"footnotes":""},"class_list":["post-3441","page","type-page","status-publish","hentry"],"acf":[],"_links":{"self":[{"href":"https:\/\/pruebaswhisper.xyz\/lactalis-mx\/wp-json\/wp\/v2\/pages\/3441","targetHints":{"allow":["GET"]}}],"collection":[{"href":"https:\/\/pruebaswhisper.xyz\/lactalis-mx\/wp-json\/wp\/v2\/pages"}],"about":[{"href":"https:\/\/pruebaswhisper.xyz\/lactalis-mx\/wp-json\/wp\/v2\/types\/page"}],"author":[{"embeddable":true,"href":"https:\/\/pruebaswhisper.xyz\/lactalis-mx\/wp-json\/wp\/v2\/users\/1"}],"replies":[{"embeddable":true,"href":"https:\/\/pruebaswhisper.xyz\/lactalis-mx\/wp-json\/wp\/v2\/comments?post=3441"}],"version-history":[{"count":13,"href":"https:\/\/pruebaswhisper.xyz\/lactalis-mx\/wp-json\/wp\/v2\/pages\/3441\/revisions"}],"predecessor-version":[{"id":3459,"href":"https:\/\/pruebaswhisper.xyz\/lactalis-mx\/wp-json\/wp\/v2\/pages\/3441\/revisions\/3459"}],"wp:attachment":[{"href":"https:\/\/pruebaswhisper.xyz\/lactalis-mx\/wp-json\/wp\/v2\/media?parent=3441"}],"curies":[{"name":"wp","href":"https:\/\/api.w.org\/{rel}","templated":true}]}}