{"id":1020,"date":"2024-10-15T11:16:44","date_gmt":"2024-10-15T16:16:44","guid":{"rendered":"https:\/\/pruebaswhisper.xyz\/lactalis-mx\/?post_type=product&#038;p=1020"},"modified":"2025-01-27T10:37:57","modified_gmt":"2025-01-27T15:37:57","slug":"manchego-molletero-400g","status":"publish","type":"product","link":"https:\/\/pruebaswhisper.xyz\/lactalis-mx\/producto\/manchego-molletero-400g\/","title":{"rendered":"MANCHEGO MOLLETERO 400G"},"content":{"rendered":"<p>Este queso tiene una textura firme y un sabor suave, se elabora con leche de la m\u00e1s alta calidad, proveniente de vacas seleccionadas. Este queso es un homenaje a las t\u00e9cnicas tradicionales, garantizando un sabor aut\u00e9ntico y una textura inigualable. Por su presentaci\u00f3n tiene la medida ideal para preparar molletes<\/p>\n","protected":false},"excerpt":{"rendered":"<ul>\n<li>1. Hecho con leche 100% de vaca.<\/li>\n<li>2. Funde de manera uniformemente deliciosa, creando la capa ideal para un sabor irresistible.<\/li>\n<li>3. Su presentaci\u00f3n en rebanadas es perfecto para tus molletes.<\/li>\n<\/ul>\n","protected":false},"featured_media":1594,"comment_status":"open","ping_status":"closed","template":"","meta":{"_acf_changed":false},"product_brand":[],"product_cat":[22],"product_tag":[],"class_list":{"0":"post-1020","1":"product","2":"type-product","3":"status-publish","4":"has-post-thumbnail","6":"product_cat-esmeralda","8":"first","9":"instock","10":"shipping-taxable","11":"product-type-simple"},"acf":[],"_links":{"self":[{"href":"https:\/\/pruebaswhisper.xyz\/lactalis-mx\/wp-json\/wp\/v2\/product\/1020","targetHints":{"allow":["GET"]}}],"collection":[{"href":"https:\/\/pruebaswhisper.xyz\/lactalis-mx\/wp-json\/wp\/v2\/product"}],"about":[{"href":"https:\/\/pruebaswhisper.xyz\/lactalis-mx\/wp-json\/wp\/v2\/types\/product"}],"replies":[{"embeddable":true,"href":"https:\/\/pruebaswhisper.xyz\/lactalis-mx\/wp-json\/wp\/v2\/comments?post=1020"}],"wp:featuredmedia":[{"embeddable":true,"href":"https:\/\/pruebaswhisper.xyz\/lactalis-mx\/wp-json\/wp\/v2\/media\/1594"}],"wp:attachment":[{"href":"https:\/\/pruebaswhisper.xyz\/lactalis-mx\/wp-json\/wp\/v2\/media?parent=1020"}],"wp:term":[{"taxonomy":"product_brand","embeddable":true,"href":"https:\/\/pruebaswhisper.xyz\/lactalis-mx\/wp-json\/wp\/v2\/product_brand?post=1020"},{"taxonomy":"product_cat","embeddable":true,"href":"https:\/\/pruebaswhisper.xyz\/lactalis-mx\/wp-json\/wp\/v2\/product_cat?post=1020"},{"taxonomy":"product_tag","embeddable":true,"href":"https:\/\/pruebaswhisper.xyz\/lactalis-mx\/wp-json\/wp\/v2\/product_tag?post=1020"}],"curies":[{"name":"wp","href":"https:\/\/api.w.org\/{rel}","templated":true}]}}