{"id":1045,"date":"2024-10-15T11:27:37","date_gmt":"2024-10-15T16:27:37","guid":{"rendered":"https:\/\/pruebaswhisper.xyz\/lactalis-mx\/?post_type=product&#038;p=1045"},"modified":"2025-01-27T10:43:56","modified_gmt":"2025-01-27T15:43:56","slug":"mozzarella-rallado-350g","status":"publish","type":"product","link":"https:\/\/pruebaswhisper.xyz\/lactalis-mx\/producto\/mozzarella-rallado-350g\/","title":{"rendered":"MOZZARELLA RALLADO 350G"},"content":{"rendered":"<p>La mozzarella Esmeralda se elabora con leche fresca de la m\u00e1s alta calidad, seleccionada cuidadosamente para asegurar un sabor aut\u00e9ntico y una textura perfecta. Cada bocado refleja el compromiso de nuestra marca con la tradici\u00f3n y la excelencia. Su presentaci\u00f3n rallada lo hace muy pr\u00e1ctico para la elaboraci\u00f3n de platillos Este queso es conocido por su textura y sabor suave , que se derrite maravillosamente al cocinarlo. Su sabor cremoso y delicado lo convierte en el complemento ideal para pizzas, lasa\u00f1as, ensaladas y muchos otros platillos.<\/p>\n","protected":false},"excerpt":{"rendered":"<ul>\n<li>1. Hecho con leche 100% de vaca.<\/li>\n<li>2. Su presentaci\u00f3n es ideal para derretir en platillos salados.<\/li>\n<li>3. Da un giro a tus recetas con el perfecto toque de sabor.<\/li>\n<\/ul>\n","protected":false},"featured_media":1584,"comment_status":"open","ping_status":"closed","template":"","meta":{"_acf_changed":false},"product_brand":[],"product_cat":[22],"product_tag":[],"class_list":{"0":"post-1045","1":"product","2":"type-product","3":"status-publish","4":"has-post-thumbnail","6":"product_cat-esmeralda","8":"first","9":"instock","10":"shipping-taxable","11":"product-type-simple"},"acf":[],"_links":{"self":[{"href":"https:\/\/pruebaswhisper.xyz\/lactalis-mx\/wp-json\/wp\/v2\/product\/1045","targetHints":{"allow":["GET"]}}],"collection":[{"href":"https:\/\/pruebaswhisper.xyz\/lactalis-mx\/wp-json\/wp\/v2\/product"}],"about":[{"href":"https:\/\/pruebaswhisper.xyz\/lactalis-mx\/wp-json\/wp\/v2\/types\/product"}],"replies":[{"embeddable":true,"href":"https:\/\/pruebaswhisper.xyz\/lactalis-mx\/wp-json\/wp\/v2\/comments?post=1045"}],"wp:featuredmedia":[{"embeddable":true,"href":"https:\/\/pruebaswhisper.xyz\/lactalis-mx\/wp-json\/wp\/v2\/media\/1584"}],"wp:attachment":[{"href":"https:\/\/pruebaswhisper.xyz\/lactalis-mx\/wp-json\/wp\/v2\/media?parent=1045"}],"wp:term":[{"taxonomy":"product_brand","embeddable":true,"href":"https:\/\/pruebaswhisper.xyz\/lactalis-mx\/wp-json\/wp\/v2\/product_brand?post=1045"},{"taxonomy":"product_cat","embeddable":true,"href":"https:\/\/pruebaswhisper.xyz\/lactalis-mx\/wp-json\/wp\/v2\/product_cat?post=1045"},{"taxonomy":"product_tag","embeddable":true,"href":"https:\/\/pruebaswhisper.xyz\/lactalis-mx\/wp-json\/wp\/v2\/product_tag?post=1045"}],"curies":[{"name":"wp","href":"https:\/\/api.w.org\/{rel}","templated":true}]}}