{"id":1074,"date":"2024-10-15T11:40:05","date_gmt":"2024-10-15T16:40:05","guid":{"rendered":"https:\/\/pruebaswhisper.xyz\/lactalis-mx\/?post_type=product&#038;p=1074"},"modified":"2024-12-09T10:14:40","modified_gmt":"2024-12-09T15:14:40","slug":"parmesano-kraft","status":"publish","type":"product","link":"https:\/\/pruebaswhisper.xyz\/lactalis-mx\/producto\/parmesano-kraft\/","title":{"rendered":"Parmesano Kraft"},"content":{"rendered":"<p>El queso Parmesano rallado KRAFT\u00ae. Es un queso rallado, seco y madurado de excelente sabor para acompa\u00f1ar sus platillos favoritos. Es elaborado con leche pasteurizada de vaca y cultivos l\u00e1cticos. Su presentaci\u00f3n en envase termoformado con tapa. La marca #1 de queso en USA.<\/p>\n<p>Gramaje: 85g, 227g, 453g, 680g, 2.04kg<\/p>\n<p class=\"p1\">\n","protected":false},"excerpt":{"rendered":"<ul>\n<li class=\"p1\">Expertos en queso desde 1914.<\/li>\n<li class=\"p1\">Aut\u00e9ntica f\u00f3rmula americana.<\/li>\n<li class=\"p1\">Importado de Estados Unidos.<\/li>\n<li class=\"p1\">Hecho 100% con leche de vaca.<\/li>\n<\/ul>\n","protected":false},"featured_media":1078,"comment_status":"open","ping_status":"closed","template":"","meta":{"_acf_changed":false},"product_brand":[],"product_cat":[26],"product_tag":[],"class_list":{"0":"post-1074","1":"product","2":"type-product","3":"status-publish","4":"has-post-thumbnail","6":"product_cat-kraft","8":"first","9":"instock","10":"shipping-taxable","11":"product-type-simple"},"acf":[],"_links":{"self":[{"href":"https:\/\/pruebaswhisper.xyz\/lactalis-mx\/wp-json\/wp\/v2\/product\/1074","targetHints":{"allow":["GET"]}}],"collection":[{"href":"https:\/\/pruebaswhisper.xyz\/lactalis-mx\/wp-json\/wp\/v2\/product"}],"about":[{"href":"https:\/\/pruebaswhisper.xyz\/lactalis-mx\/wp-json\/wp\/v2\/types\/product"}],"replies":[{"embeddable":true,"href":"https:\/\/pruebaswhisper.xyz\/lactalis-mx\/wp-json\/wp\/v2\/comments?post=1074"}],"wp:featuredmedia":[{"embeddable":true,"href":"https:\/\/pruebaswhisper.xyz\/lactalis-mx\/wp-json\/wp\/v2\/media\/1078"}],"wp:attachment":[{"href":"https:\/\/pruebaswhisper.xyz\/lactalis-mx\/wp-json\/wp\/v2\/media?parent=1074"}],"wp:term":[{"taxonomy":"product_brand","embeddable":true,"href":"https:\/\/pruebaswhisper.xyz\/lactalis-mx\/wp-json\/wp\/v2\/product_brand?post=1074"},{"taxonomy":"product_cat","embeddable":true,"href":"https:\/\/pruebaswhisper.xyz\/lactalis-mx\/wp-json\/wp\/v2\/product_cat?post=1074"},{"taxonomy":"product_tag","embeddable":true,"href":"https:\/\/pruebaswhisper.xyz\/lactalis-mx\/wp-json\/wp\/v2\/product_tag?post=1074"}],"curies":[{"name":"wp","href":"https:\/\/api.w.org\/{rel}","templated":true}]}}