{"id":1095,"date":"2024-10-15T11:49:38","date_gmt":"2024-10-15T16:49:38","guid":{"rendered":"https:\/\/pruebaswhisper.xyz\/lactalis-mx\/?post_type=product&#038;p=1095"},"modified":"2024-12-09T10:13:24","modified_gmt":"2024-12-09T15:13:24","slug":"singles-supreme","status":"publish","type":"product","link":"https:\/\/pruebaswhisper.xyz\/lactalis-mx\/producto\/singles-supreme\/","title":{"rendered":"Singles Supreme"},"content":{"rendered":"<p>El queso fundido americano Singles Supreme de KRAFT\u00ae es un queso procesado elaborado en mayor proporci\u00f3n por ingredientes de origen l\u00e1cteo que se pasteurizan junto con otros ingredientes. Es liso homog\u00e9neo y de textura firme, de color amarillo con notas naranjas y baja acidez, posee un sabor l\u00e1cteo caracter\u00edstico a quesos maduros, con notas ligeramente dulces. Su presentaci\u00f3n es en paquetes de 224 g, cada uno con 8 rebanadas de 28 g. Rebanada 56% m\u00e1s gruesa que Singles Americano 144g<\/p>\n<p>&nbsp;<\/p>\n<p>Gramaje: 224g<\/p>\n","protected":false},"excerpt":{"rendered":"<p>La aventura inicia en 1903, en la ciudad de Chicago, E.U. con James Kraft qui\u00e9n inicia su negocio de quesos. James fue el creador y el primero en patentar los quesos procesados en 1916. La expansi\u00f3n de su negocio se dio en la Primera Guerra Mundial a ra\u00edz de vender el queso procesado en latas al ej\u00e9rcito americano, de ah\u00ed la denominaci\u00f3n \u201cqueso americano\u201d.<\/p>\n","protected":false},"featured_media":1557,"comment_status":"open","ping_status":"closed","template":"","meta":{"_acf_changed":false},"product_brand":[],"product_cat":[26],"product_tag":[],"class_list":{"0":"post-1095","1":"product","2":"type-product","3":"status-publish","4":"has-post-thumbnail","6":"product_cat-kraft","8":"first","9":"instock","10":"shipping-taxable","11":"product-type-simple"},"acf":[],"_links":{"self":[{"href":"https:\/\/pruebaswhisper.xyz\/lactalis-mx\/wp-json\/wp\/v2\/product\/1095","targetHints":{"allow":["GET"]}}],"collection":[{"href":"https:\/\/pruebaswhisper.xyz\/lactalis-mx\/wp-json\/wp\/v2\/product"}],"about":[{"href":"https:\/\/pruebaswhisper.xyz\/lactalis-mx\/wp-json\/wp\/v2\/types\/product"}],"replies":[{"embeddable":true,"href":"https:\/\/pruebaswhisper.xyz\/lactalis-mx\/wp-json\/wp\/v2\/comments?post=1095"}],"wp:featuredmedia":[{"embeddable":true,"href":"https:\/\/pruebaswhisper.xyz\/lactalis-mx\/wp-json\/wp\/v2\/media\/1557"}],"wp:attachment":[{"href":"https:\/\/pruebaswhisper.xyz\/lactalis-mx\/wp-json\/wp\/v2\/media?parent=1095"}],"wp:term":[{"taxonomy":"product_brand","embeddable":true,"href":"https:\/\/pruebaswhisper.xyz\/lactalis-mx\/wp-json\/wp\/v2\/product_brand?post=1095"},{"taxonomy":"product_cat","embeddable":true,"href":"https:\/\/pruebaswhisper.xyz\/lactalis-mx\/wp-json\/wp\/v2\/product_cat?post=1095"},{"taxonomy":"product_tag","embeddable":true,"href":"https:\/\/pruebaswhisper.xyz\/lactalis-mx\/wp-json\/wp\/v2\/product_tag?post=1095"}],"curies":[{"name":"wp","href":"https:\/\/api.w.org\/{rel}","templated":true}]}}