{"id":1097,"date":"2024-10-15T11:52:02","date_gmt":"2024-10-15T16:52:02","guid":{"rendered":"https:\/\/pruebaswhisper.xyz\/lactalis-mx\/?post_type=product&#038;p=1097"},"modified":"2024-12-09T10:32:51","modified_gmt":"2024-12-09T15:32:51","slug":"natural-cheese-parmesano","status":"publish","type":"product","link":"https:\/\/pruebaswhisper.xyz\/lactalis-mx\/producto\/natural-cheese-parmesano\/","title":{"rendered":"Natural Cheese Parmesano"},"content":{"rendered":"<p>El queso Parmesano rallado KRAFT\u00ae. Es un queso duro, seco y madurado de excelente sabor para acompa\u00f1ar sus platillos favoritos. Es elaborado con leche pasteurizada de vaca y cultivos l\u00e1cticos. Su presentaci\u00f3n es en bolsa laminada con atm\u00f3sfera modificada y un peso neto de 170 g.<\/p>\n<p>Gramaje: 170g<\/p>\n<p>&nbsp;<\/p>\n","protected":false},"excerpt":{"rendered":"<ul>\n<li class=\"p1\">Expertos en queso desde 1914.<\/li>\n<li class=\"p1\">Hecho 100% con leche de vaca.<\/li>\n<li class=\"p1\">Libre de hormonas rbst.<\/li>\n<li class=\"p1\">Versatilidad de usos.<\/li>\n<li class=\"p1\">Bolsas resellables.<\/li>\n<\/ul>\n","protected":false},"featured_media":1560,"comment_status":"open","ping_status":"closed","template":"","meta":{"_acf_changed":false},"product_brand":[],"product_cat":[26],"product_tag":[],"class_list":{"0":"post-1097","1":"product","2":"type-product","3":"status-publish","4":"has-post-thumbnail","6":"product_cat-kraft","8":"first","9":"instock","10":"shipping-taxable","11":"product-type-simple"},"acf":[],"_links":{"self":[{"href":"https:\/\/pruebaswhisper.xyz\/lactalis-mx\/wp-json\/wp\/v2\/product\/1097","targetHints":{"allow":["GET"]}}],"collection":[{"href":"https:\/\/pruebaswhisper.xyz\/lactalis-mx\/wp-json\/wp\/v2\/product"}],"about":[{"href":"https:\/\/pruebaswhisper.xyz\/lactalis-mx\/wp-json\/wp\/v2\/types\/product"}],"replies":[{"embeddable":true,"href":"https:\/\/pruebaswhisper.xyz\/lactalis-mx\/wp-json\/wp\/v2\/comments?post=1097"}],"wp:featuredmedia":[{"embeddable":true,"href":"https:\/\/pruebaswhisper.xyz\/lactalis-mx\/wp-json\/wp\/v2\/media\/1560"}],"wp:attachment":[{"href":"https:\/\/pruebaswhisper.xyz\/lactalis-mx\/wp-json\/wp\/v2\/media?parent=1097"}],"wp:term":[{"taxonomy":"product_brand","embeddable":true,"href":"https:\/\/pruebaswhisper.xyz\/lactalis-mx\/wp-json\/wp\/v2\/product_brand?post=1097"},{"taxonomy":"product_cat","embeddable":true,"href":"https:\/\/pruebaswhisper.xyz\/lactalis-mx\/wp-json\/wp\/v2\/product_cat?post=1097"},{"taxonomy":"product_tag","embeddable":true,"href":"https:\/\/pruebaswhisper.xyz\/lactalis-mx\/wp-json\/wp\/v2\/product_tag?post=1097"}],"curies":[{"name":"wp","href":"https:\/\/api.w.org\/{rel}","templated":true}]}}