{"id":1103,"date":"2024-10-15T11:55:25","date_gmt":"2024-10-15T16:55:25","guid":{"rendered":"https:\/\/pruebaswhisper.xyz\/lactalis-mx\/?post_type=product&#038;p=1103"},"modified":"2024-12-09T10:12:04","modified_gmt":"2024-12-09T15:12:04","slug":"natural-cheese-eggs","status":"publish","type":"product","link":"https:\/\/pruebaswhisper.xyz\/lactalis-mx\/producto\/natural-cheese-eggs\/","title":{"rendered":"Natural Cheese Eggs"},"content":{"rendered":"<p>La mezcla de dos quesos (Queso Cheddar y Suizo) KRAFT\u00ae. Es un queso suave y madurado de excelente sabor para acompa\u00f1ar sus platillos favoritos. Es elaborado con leche pasteurizada de vaca y cultivos l\u00e1cticos. Su presentaci\u00f3n es en bolsa laminada con atm\u00f3sfera modificada y un peso neto de 226 g.<\/p>\n<p>&nbsp;<\/p>\n","protected":false},"excerpt":{"rendered":"<ul>\n<li class=\"p1\">El queso cheddar y el queso suizo se pueden usar en una gran variedad de recetas, como s\u00e1ndwiches, hamburguesas, macarrones con queso, fondue, raclette, entre otras:<\/li>\n<li class=\"p1\">S\u00e1ndwiches y hamburguesas: El cheddar es un queso vers\u00e1til que se puede utilizar en estos platillos.<\/li>\n<li class=\"p1\">Macarrones con queso: El queso suizo con sabor a nuez y el cheddar le dan un toque delicioso a este cl\u00e1sico.<\/li>\n<li class=\"p1\">Fondue o raclette: El queso suizo es ideal para crear estas delicias.<\/li>\n<li class=\"p1\">Tabla de quesos: El cheddar curado combina muy bien con vinos tintos y blancos.<\/li>\n<\/ul>\n","protected":false},"featured_media":1565,"comment_status":"open","ping_status":"closed","template":"","meta":{"_acf_changed":false},"product_brand":[],"product_cat":[26],"product_tag":[],"class_list":{"0":"post-1103","1":"product","2":"type-product","3":"status-publish","4":"has-post-thumbnail","6":"product_cat-kraft","8":"first","9":"instock","10":"shipping-taxable","11":"product-type-simple"},"acf":[],"_links":{"self":[{"href":"https:\/\/pruebaswhisper.xyz\/lactalis-mx\/wp-json\/wp\/v2\/product\/1103","targetHints":{"allow":["GET"]}}],"collection":[{"href":"https:\/\/pruebaswhisper.xyz\/lactalis-mx\/wp-json\/wp\/v2\/product"}],"about":[{"href":"https:\/\/pruebaswhisper.xyz\/lactalis-mx\/wp-json\/wp\/v2\/types\/product"}],"replies":[{"embeddable":true,"href":"https:\/\/pruebaswhisper.xyz\/lactalis-mx\/wp-json\/wp\/v2\/comments?post=1103"}],"wp:featuredmedia":[{"embeddable":true,"href":"https:\/\/pruebaswhisper.xyz\/lactalis-mx\/wp-json\/wp\/v2\/media\/1565"}],"wp:attachment":[{"href":"https:\/\/pruebaswhisper.xyz\/lactalis-mx\/wp-json\/wp\/v2\/media?parent=1103"}],"wp:term":[{"taxonomy":"product_brand","embeddable":true,"href":"https:\/\/pruebaswhisper.xyz\/lactalis-mx\/wp-json\/wp\/v2\/product_brand?post=1103"},{"taxonomy":"product_cat","embeddable":true,"href":"https:\/\/pruebaswhisper.xyz\/lactalis-mx\/wp-json\/wp\/v2\/product_cat?post=1103"},{"taxonomy":"product_tag","embeddable":true,"href":"https:\/\/pruebaswhisper.xyz\/lactalis-mx\/wp-json\/wp\/v2\/product_tag?post=1103"}],"curies":[{"name":"wp","href":"https:\/\/api.w.org\/{rel}","templated":true}]}}