{"id":1105,"date":"2024-10-15T11:56:13","date_gmt":"2024-10-15T16:56:13","guid":{"rendered":"https:\/\/pruebaswhisper.xyz\/lactalis-mx\/?post_type=product&#038;p=1105"},"modified":"2024-12-09T10:11:52","modified_gmt":"2024-12-09T15:11:52","slug":"natural-cheese-pizza","status":"publish","type":"product","link":"https:\/\/pruebaswhisper.xyz\/lactalis-mx\/producto\/natural-cheese-pizza\/","title":{"rendered":"Natural Cheese Pizza"},"content":{"rendered":"<p>La mezcla para pizza (Queso Mozzarella y Parmesano) KRAFT\u00ae. Es un queso suave y madurado de excelente sabor para acompa\u00f1ar sus platillos favoritos. Es elaborado con leche pasteurizada de vaca y cultivos l\u00e1cticos. Su presentaci\u00f3n es en bolsa laminada con atm\u00f3sfera modificada y un peso neto de 226 g.<\/p>\n<p class=\"p1\">\n","protected":false},"excerpt":{"rendered":"<p>Con la l\u00ednea de Natural Cheese Rallados d\u00e9jate llevar por expertos de quesos Kraft y disfruta de un sabor \u00fanico de una combinaci\u00f3n de quesos como Pizza (Mozzarella de corte tradicional y Queso Parmesano Kraft Rallado fino). Disfruta de una tarde para hacer pizza en familia.<\/p>\n","protected":false},"featured_media":1563,"comment_status":"open","ping_status":"closed","template":"","meta":{"_acf_changed":false},"product_brand":[],"product_cat":[26],"product_tag":[],"class_list":{"0":"post-1105","1":"product","2":"type-product","3":"status-publish","4":"has-post-thumbnail","6":"product_cat-kraft","8":"first","9":"instock","10":"shipping-taxable","11":"product-type-simple"},"acf":[],"_links":{"self":[{"href":"https:\/\/pruebaswhisper.xyz\/lactalis-mx\/wp-json\/wp\/v2\/product\/1105","targetHints":{"allow":["GET"]}}],"collection":[{"href":"https:\/\/pruebaswhisper.xyz\/lactalis-mx\/wp-json\/wp\/v2\/product"}],"about":[{"href":"https:\/\/pruebaswhisper.xyz\/lactalis-mx\/wp-json\/wp\/v2\/types\/product"}],"replies":[{"embeddable":true,"href":"https:\/\/pruebaswhisper.xyz\/lactalis-mx\/wp-json\/wp\/v2\/comments?post=1105"}],"wp:featuredmedia":[{"embeddable":true,"href":"https:\/\/pruebaswhisper.xyz\/lactalis-mx\/wp-json\/wp\/v2\/media\/1563"}],"wp:attachment":[{"href":"https:\/\/pruebaswhisper.xyz\/lactalis-mx\/wp-json\/wp\/v2\/media?parent=1105"}],"wp:term":[{"taxonomy":"product_brand","embeddable":true,"href":"https:\/\/pruebaswhisper.xyz\/lactalis-mx\/wp-json\/wp\/v2\/product_brand?post=1105"},{"taxonomy":"product_cat","embeddable":true,"href":"https:\/\/pruebaswhisper.xyz\/lactalis-mx\/wp-json\/wp\/v2\/product_cat?post=1105"},{"taxonomy":"product_tag","embeddable":true,"href":"https:\/\/pruebaswhisper.xyz\/lactalis-mx\/wp-json\/wp\/v2\/product_tag?post=1105"}],"curies":[{"name":"wp","href":"https:\/\/api.w.org\/{rel}","templated":true}]}}