{"id":1107,"date":"2024-10-15T11:57:12","date_gmt":"2024-10-15T16:57:12","guid":{"rendered":"https:\/\/pruebaswhisper.xyz\/lactalis-mx\/?post_type=product&#038;p=1107"},"modified":"2024-12-09T10:11:24","modified_gmt":"2024-12-09T15:11:24","slug":"natural-cheese-rebanado-mozzarella","status":"publish","type":"product","link":"https:\/\/pruebaswhisper.xyz\/lactalis-mx\/producto\/natural-cheese-rebanado-mozzarella\/","title":{"rendered":"Natural Cheese Rebanado Mozzarella"},"content":{"rendered":"<p>El queso KRAFT\u00ae Natural Cheese Mozzarela rebanado es un queso fresco con baja humedad elaborado a partir de leche semidescremada de vaca. Tiene un sabor suave y delicado, con un ligero toque dulce. Su textura es viscosa y el\u00e1stica, presentando excelentes propiedades de fundido. Su presentaci\u00f3n es en empaque resellable con 18 rebanadas de 11 g cada una<\/p>\n<p class=\"p1\">\n","protected":false},"excerpt":{"rendered":"<p>Las principales caracter\u00edsticas de estos rebanados es que son muy vers\u00e1tiles en su uso, son hechos con 100% leche de vaca y utilizando leche sin hormonas, vienen en su bolsa resellable de manera horizontal para tener un agarre de rebanada m\u00e1s f\u00e1cil y c\u00f3moda.<\/p>\n","protected":false},"featured_media":1562,"comment_status":"open","ping_status":"closed","template":"","meta":{"_acf_changed":false},"product_brand":[],"product_cat":[26],"product_tag":[],"class_list":{"0":"post-1107","1":"product","2":"type-product","3":"status-publish","4":"has-post-thumbnail","6":"product_cat-kraft","8":"first","9":"instock","10":"shipping-taxable","11":"product-type-simple"},"acf":[],"_links":{"self":[{"href":"https:\/\/pruebaswhisper.xyz\/lactalis-mx\/wp-json\/wp\/v2\/product\/1107","targetHints":{"allow":["GET"]}}],"collection":[{"href":"https:\/\/pruebaswhisper.xyz\/lactalis-mx\/wp-json\/wp\/v2\/product"}],"about":[{"href":"https:\/\/pruebaswhisper.xyz\/lactalis-mx\/wp-json\/wp\/v2\/types\/product"}],"replies":[{"embeddable":true,"href":"https:\/\/pruebaswhisper.xyz\/lactalis-mx\/wp-json\/wp\/v2\/comments?post=1107"}],"wp:featuredmedia":[{"embeddable":true,"href":"https:\/\/pruebaswhisper.xyz\/lactalis-mx\/wp-json\/wp\/v2\/media\/1562"}],"wp:attachment":[{"href":"https:\/\/pruebaswhisper.xyz\/lactalis-mx\/wp-json\/wp\/v2\/media?parent=1107"}],"wp:term":[{"taxonomy":"product_brand","embeddable":true,"href":"https:\/\/pruebaswhisper.xyz\/lactalis-mx\/wp-json\/wp\/v2\/product_brand?post=1107"},{"taxonomy":"product_cat","embeddable":true,"href":"https:\/\/pruebaswhisper.xyz\/lactalis-mx\/wp-json\/wp\/v2\/product_cat?post=1107"},{"taxonomy":"product_tag","embeddable":true,"href":"https:\/\/pruebaswhisper.xyz\/lactalis-mx\/wp-json\/wp\/v2\/product_tag?post=1107"}],"curies":[{"name":"wp","href":"https:\/\/api.w.org\/{rel}","templated":true}]}}