{"id":1109,"date":"2024-10-15T11:58:17","date_gmt":"2024-10-15T16:58:17","guid":{"rendered":"https:\/\/pruebaswhisper.xyz\/lactalis-mx\/?post_type=product&#038;p=1109"},"modified":"2024-12-09T10:11:11","modified_gmt":"2024-12-09T15:11:11","slug":"natural-cheese-rebanado-muenster","status":"publish","type":"product","link":"https:\/\/pruebaswhisper.xyz\/lactalis-mx\/producto\/natural-cheese-rebanado-muenster\/","title":{"rendered":"Natural Cheese Rebanado Muenster"},"content":{"rendered":"<p>El queso KRAFT\u00ae natural Cheese Muenster rebanado es un queso de sabor suave y ligeramente \u00e1cido, con una textura firme y cremosa. Es elaborado con leche de vacas criadas sin la hormona rbST a\u00f1adida. Su presentaci\u00f3n es en empaque resellable con 12 rebanadas de 17 g cada una.<\/p>\n<p class=\"p1\">\n<p class=\"p1\">\n","protected":false},"excerpt":{"rendered":"<p>El Muenster es<span class=\"Apple-converted-space\">\u00a0 <\/span>un queso tierno con una corteza de color naranja y un interior blanco de un caracter\u00edstico color amarillo anaranjado que se debe al efecto de la brevibacterium linens, tambi\u00e9n llamada fermento del rojo. La corteza se trata artesanalmente con sal, que es lo que hace que sus sabores se desarrollen de manera correcta. El suave sabor de este queso de leche de vaca y corteza lavada es comparable tanto al t\u00edpico queso amarillo estadounidense.<\/p>\n","protected":false},"featured_media":1561,"comment_status":"open","ping_status":"closed","template":"","meta":{"_acf_changed":false},"product_brand":[],"product_cat":[26],"product_tag":[],"class_list":{"0":"post-1109","1":"product","2":"type-product","3":"status-publish","4":"has-post-thumbnail","6":"product_cat-kraft","8":"first","9":"instock","10":"shipping-taxable","11":"product-type-simple"},"acf":[],"_links":{"self":[{"href":"https:\/\/pruebaswhisper.xyz\/lactalis-mx\/wp-json\/wp\/v2\/product\/1109","targetHints":{"allow":["GET"]}}],"collection":[{"href":"https:\/\/pruebaswhisper.xyz\/lactalis-mx\/wp-json\/wp\/v2\/product"}],"about":[{"href":"https:\/\/pruebaswhisper.xyz\/lactalis-mx\/wp-json\/wp\/v2\/types\/product"}],"replies":[{"embeddable":true,"href":"https:\/\/pruebaswhisper.xyz\/lactalis-mx\/wp-json\/wp\/v2\/comments?post=1109"}],"wp:featuredmedia":[{"embeddable":true,"href":"https:\/\/pruebaswhisper.xyz\/lactalis-mx\/wp-json\/wp\/v2\/media\/1561"}],"wp:attachment":[{"href":"https:\/\/pruebaswhisper.xyz\/lactalis-mx\/wp-json\/wp\/v2\/media?parent=1109"}],"wp:term":[{"taxonomy":"product_brand","embeddable":true,"href":"https:\/\/pruebaswhisper.xyz\/lactalis-mx\/wp-json\/wp\/v2\/product_brand?post=1109"},{"taxonomy":"product_cat","embeddable":true,"href":"https:\/\/pruebaswhisper.xyz\/lactalis-mx\/wp-json\/wp\/v2\/product_cat?post=1109"},{"taxonomy":"product_tag","embeddable":true,"href":"https:\/\/pruebaswhisper.xyz\/lactalis-mx\/wp-json\/wp\/v2\/product_tag?post=1109"}],"curies":[{"name":"wp","href":"https:\/\/api.w.org\/{rel}","templated":true}]}}