{"id":1111,"date":"2024-10-15T11:59:18","date_gmt":"2024-10-15T16:59:18","guid":{"rendered":"https:\/\/pruebaswhisper.xyz\/lactalis-mx\/?post_type=product&#038;p=1111"},"modified":"2024-12-09T10:10:52","modified_gmt":"2024-12-09T15:10:52","slug":"natural-cheese-rebanado-provolone","status":"publish","type":"product","link":"https:\/\/pruebaswhisper.xyz\/lactalis-mx\/producto\/natural-cheese-rebanado-provolone\/","title":{"rendered":"Natural Cheese Rebanado Provolone"},"content":{"rendered":"<p>El queso KRAFT\u00ae natural cheese Provolone rebanado es un queso semiduro de textura firme y sabor ahumado. Su presentaci\u00f3n es en empaque resellable con 12 rebanadas de 19 g cada una.<\/p>\n<p>&nbsp;<\/p>\n","protected":false},"excerpt":{"rendered":"<ul>\n<li class=\"p1\">El queso provolone es un queso italiano semi duro con una corteza blanda y fina que se puede usar para muchas cosas en la cocina:<\/li>\n<li class=\"p1\">Gratinar: Es ideal para gratinar pastas, sopas, verduras, o con una mezcla de pimiento, tomate y berenjena pochados.<\/li>\n<li class=\"p1\">En pizzas, paninis, etc. Es un compa\u00f1ero habitual en las pizzas, y tambi\u00e9n se puede poner por encima de paninis.<\/li>\n<li class=\"p1\">En bocadillos o s\u00e1ndwiches: Se puede poner dentro de bocadillos o s\u00e1ndwiches.<\/li>\n<li class=\"p1\">Como relleno de croquetas: Se puede usar como relleno de croquetas.<\/li>\n<li class=\"p1\">Crudo: Se puede comer sin cocinar, cortado en tacos o en bastones, o como ingrediente de ensaladas y otros platos fr\u00edos.<\/li>\n<li class=\"p1\">En Italia: Es muy com\u00fan tomarlo a la plancha o a la brasa, solo aderezado con especias como el or\u00e9gano, o en compa\u00f1\u00eda de verduras asadas, champi\u00f1ones, jam\u00f3n cocido, etc.<\/li>\n<\/ul>\n","protected":false},"featured_media":1558,"comment_status":"open","ping_status":"closed","template":"","meta":{"_acf_changed":false},"product_brand":[],"product_cat":[26],"product_tag":[],"class_list":{"0":"post-1111","1":"product","2":"type-product","3":"status-publish","4":"has-post-thumbnail","6":"product_cat-kraft","8":"first","9":"instock","10":"shipping-taxable","11":"product-type-simple"},"acf":[],"_links":{"self":[{"href":"https:\/\/pruebaswhisper.xyz\/lactalis-mx\/wp-json\/wp\/v2\/product\/1111","targetHints":{"allow":["GET"]}}],"collection":[{"href":"https:\/\/pruebaswhisper.xyz\/lactalis-mx\/wp-json\/wp\/v2\/product"}],"about":[{"href":"https:\/\/pruebaswhisper.xyz\/lactalis-mx\/wp-json\/wp\/v2\/types\/product"}],"replies":[{"embeddable":true,"href":"https:\/\/pruebaswhisper.xyz\/lactalis-mx\/wp-json\/wp\/v2\/comments?post=1111"}],"wp:featuredmedia":[{"embeddable":true,"href":"https:\/\/pruebaswhisper.xyz\/lactalis-mx\/wp-json\/wp\/v2\/media\/1558"}],"wp:attachment":[{"href":"https:\/\/pruebaswhisper.xyz\/lactalis-mx\/wp-json\/wp\/v2\/media?parent=1111"}],"wp:term":[{"taxonomy":"product_brand","embeddable":true,"href":"https:\/\/pruebaswhisper.xyz\/lactalis-mx\/wp-json\/wp\/v2\/product_brand?post=1111"},{"taxonomy":"product_cat","embeddable":true,"href":"https:\/\/pruebaswhisper.xyz\/lactalis-mx\/wp-json\/wp\/v2\/product_cat?post=1111"},{"taxonomy":"product_tag","embeddable":true,"href":"https:\/\/pruebaswhisper.xyz\/lactalis-mx\/wp-json\/wp\/v2\/product_tag?post=1111"}],"curies":[{"name":"wp","href":"https:\/\/api.w.org\/{rel}","templated":true}]}}