{"id":1113,"date":"2024-10-15T12:00:10","date_gmt":"2024-10-15T17:00:10","guid":{"rendered":"https:\/\/pruebaswhisper.xyz\/lactalis-mx\/?post_type=product&#038;p=1113"},"modified":"2024-12-09T10:11:40","modified_gmt":"2024-12-09T15:11:40","slug":"natural-cheese-rebanado-pepper-jack","status":"publish","type":"product","link":"https:\/\/pruebaswhisper.xyz\/lactalis-mx\/producto\/natural-cheese-rebanado-pepper-jack\/","title":{"rendered":"Natural Cheese Rebanado Pepper Jack"},"content":{"rendered":"<p>El queso KRAFT\u00ae Natural Cheese Peper Jack est\u00e1 elaborado con queso Monterey Jack natural y chiles jalape\u00f1os. Es un queso de consistencia cremosa y picor moderado con excelentes propiedades de fundido. Las rebanadas son 20% m\u00e1s grandes que las de tama\u00f1o normal. Es elaborado con leche de vacas criadas sin la hormona rbST a\u00f1adida. Su presentaci\u00f3n es en empaque resellable con 10 rebanadas de 23 g cada una.<\/p>\n<p>&nbsp;<\/p>\n","protected":false},"excerpt":{"rendered":"<p class=\"p1\">\n<ul>\n<li class=\"p1\">Empaque pr\u00e1ctico por su bolsa resellable y conserva mejor el producto.<\/li>\n<li class=\"p1\">Rebanadas gruesas y delgadas con fundido f\u00e1cil.<\/li>\n<li class=\"p1\">Hecho 100% de leche<\/li>\n<li class=\"p1\">El pepper jack (peper yak) es queso monterey jack y como su nombre indica, el queso se condimenta con pimientos dulces, romero, chiles habaneros, ajo y jalape\u00f1os.<\/li>\n<\/ul>\n","protected":false},"featured_media":1559,"comment_status":"open","ping_status":"closed","template":"","meta":{"_acf_changed":false},"product_brand":[],"product_cat":[26],"product_tag":[],"class_list":{"0":"post-1113","1":"product","2":"type-product","3":"status-publish","4":"has-post-thumbnail","6":"product_cat-kraft","8":"first","9":"instock","10":"shipping-taxable","11":"product-type-simple"},"acf":[],"_links":{"self":[{"href":"https:\/\/pruebaswhisper.xyz\/lactalis-mx\/wp-json\/wp\/v2\/product\/1113","targetHints":{"allow":["GET"]}}],"collection":[{"href":"https:\/\/pruebaswhisper.xyz\/lactalis-mx\/wp-json\/wp\/v2\/product"}],"about":[{"href":"https:\/\/pruebaswhisper.xyz\/lactalis-mx\/wp-json\/wp\/v2\/types\/product"}],"replies":[{"embeddable":true,"href":"https:\/\/pruebaswhisper.xyz\/lactalis-mx\/wp-json\/wp\/v2\/comments?post=1113"}],"wp:featuredmedia":[{"embeddable":true,"href":"https:\/\/pruebaswhisper.xyz\/lactalis-mx\/wp-json\/wp\/v2\/media\/1559"}],"wp:attachment":[{"href":"https:\/\/pruebaswhisper.xyz\/lactalis-mx\/wp-json\/wp\/v2\/media?parent=1113"}],"wp:term":[{"taxonomy":"product_brand","embeddable":true,"href":"https:\/\/pruebaswhisper.xyz\/lactalis-mx\/wp-json\/wp\/v2\/product_brand?post=1113"},{"taxonomy":"product_cat","embeddable":true,"href":"https:\/\/pruebaswhisper.xyz\/lactalis-mx\/wp-json\/wp\/v2\/product_cat?post=1113"},{"taxonomy":"product_tag","embeddable":true,"href":"https:\/\/pruebaswhisper.xyz\/lactalis-mx\/wp-json\/wp\/v2\/product_tag?post=1113"}],"curies":[{"name":"wp","href":"https:\/\/api.w.org\/{rel}","templated":true}]}}