{"id":1117,"date":"2024-10-15T12:02:50","date_gmt":"2024-10-15T17:02:50","guid":{"rendered":"https:\/\/pruebaswhisper.xyz\/lactalis-mx\/?post_type=product&#038;p=1117"},"modified":"2025-01-27T09:14:19","modified_gmt":"2025-01-27T14:14:19","slug":"mantequilla-con-sal-200g","status":"publish","type":"product","link":"https:\/\/pruebaswhisper.xyz\/lactalis-mx\/producto\/mantequilla-con-sal-200g\/","title":{"rendered":"MANTEQUILLA  CON SAL 200G"},"content":{"rendered":"<p>Su delicioso sabor se consigue gracias al trabajo minucioso de Pr\u00e9sident seleccionando las mejores natas para su elaboraci\u00f3n en la f\u00e1brica Isigny le Buat, en el coraz\u00f3n de Normand\u00eda. La Mantequilla Pr\u00e9sident tiene un sabor fino, delicado, suave y fresco. Disponible con Sal y sin Sal.<\/p>\n","protected":false},"excerpt":{"rendered":"<ul>\n<li>Elaborada 100% nata de leche.<\/li>\n<li>Contiene 82% de grasa, muy positivo en mantequilla<\/li>\n<li>Sabor suave y delicado, con un toque de sal<\/li>\n<\/ul>\n","protected":false},"featured_media":1731,"comment_status":"open","ping_status":"closed","template":"","meta":{"_acf_changed":false},"product_brand":[],"product_cat":[23],"product_tag":[],"class_list":{"0":"post-1117","1":"product","2":"type-product","3":"status-publish","4":"has-post-thumbnail","6":"product_cat-president","8":"first","9":"instock","10":"shipping-taxable","11":"product-type-simple"},"acf":[],"_links":{"self":[{"href":"https:\/\/pruebaswhisper.xyz\/lactalis-mx\/wp-json\/wp\/v2\/product\/1117","targetHints":{"allow":["GET"]}}],"collection":[{"href":"https:\/\/pruebaswhisper.xyz\/lactalis-mx\/wp-json\/wp\/v2\/product"}],"about":[{"href":"https:\/\/pruebaswhisper.xyz\/lactalis-mx\/wp-json\/wp\/v2\/types\/product"}],"replies":[{"embeddable":true,"href":"https:\/\/pruebaswhisper.xyz\/lactalis-mx\/wp-json\/wp\/v2\/comments?post=1117"}],"wp:featuredmedia":[{"embeddable":true,"href":"https:\/\/pruebaswhisper.xyz\/lactalis-mx\/wp-json\/wp\/v2\/media\/1731"}],"wp:attachment":[{"href":"https:\/\/pruebaswhisper.xyz\/lactalis-mx\/wp-json\/wp\/v2\/media?parent=1117"}],"wp:term":[{"taxonomy":"product_brand","embeddable":true,"href":"https:\/\/pruebaswhisper.xyz\/lactalis-mx\/wp-json\/wp\/v2\/product_brand?post=1117"},{"taxonomy":"product_cat","embeddable":true,"href":"https:\/\/pruebaswhisper.xyz\/lactalis-mx\/wp-json\/wp\/v2\/product_cat?post=1117"},{"taxonomy":"product_tag","embeddable":true,"href":"https:\/\/pruebaswhisper.xyz\/lactalis-mx\/wp-json\/wp\/v2\/product_tag?post=1117"}],"curies":[{"name":"wp","href":"https:\/\/api.w.org\/{rel}","templated":true}]}}