{"id":1124,"date":"2024-10-15T12:05:04","date_gmt":"2024-10-15T17:05:04","guid":{"rendered":"https:\/\/pruebaswhisper.xyz\/lactalis-mx\/?post_type=product&#038;p=1124"},"modified":"2025-01-27T09:07:04","modified_gmt":"2025-01-27T14:07:04","slug":"brie-555g","status":"publish","type":"product","link":"https:\/\/pruebaswhisper.xyz\/lactalis-mx\/producto\/brie-555g\/","title":{"rendered":"BRIE 555G"},"content":{"rendered":"<p>Descubra el placer de un Brie de sabor suave y textura cremosa. Elaborado seg\u00fan la tradici\u00f3n francesa a partir de100% leche de vaca El Brie Pr\u00e9sident es un producto b\u00e1sico en cualquier reuni\u00f3n. Es suave y cremoso, con un sabor suave y una corteza comestible blanca como la nieve<\/p>\n","protected":false},"excerpt":{"rendered":"<ul>\n<li>Elaborado con 100% leche de vaca<\/li>\n<li>Cubierto por una suave capa comestible blanca<\/li>\n<li>Tiempo de maduraci\u00f3n de 3 a 4 semanas<\/li>\n<\/ul>\n","protected":false},"featured_media":1742,"comment_status":"open","ping_status":"closed","template":"","meta":{"_acf_changed":false},"product_brand":[],"product_cat":[23],"product_tag":[],"class_list":{"0":"post-1124","1":"product","2":"type-product","3":"status-publish","4":"has-post-thumbnail","6":"product_cat-president","8":"first","9":"instock","10":"shipping-taxable","11":"product-type-simple"},"acf":[],"_links":{"self":[{"href":"https:\/\/pruebaswhisper.xyz\/lactalis-mx\/wp-json\/wp\/v2\/product\/1124","targetHints":{"allow":["GET"]}}],"collection":[{"href":"https:\/\/pruebaswhisper.xyz\/lactalis-mx\/wp-json\/wp\/v2\/product"}],"about":[{"href":"https:\/\/pruebaswhisper.xyz\/lactalis-mx\/wp-json\/wp\/v2\/types\/product"}],"replies":[{"embeddable":true,"href":"https:\/\/pruebaswhisper.xyz\/lactalis-mx\/wp-json\/wp\/v2\/comments?post=1124"}],"wp:featuredmedia":[{"embeddable":true,"href":"https:\/\/pruebaswhisper.xyz\/lactalis-mx\/wp-json\/wp\/v2\/media\/1742"}],"wp:attachment":[{"href":"https:\/\/pruebaswhisper.xyz\/lactalis-mx\/wp-json\/wp\/v2\/media?parent=1124"}],"wp:term":[{"taxonomy":"product_brand","embeddable":true,"href":"https:\/\/pruebaswhisper.xyz\/lactalis-mx\/wp-json\/wp\/v2\/product_brand?post=1124"},{"taxonomy":"product_cat","embeddable":true,"href":"https:\/\/pruebaswhisper.xyz\/lactalis-mx\/wp-json\/wp\/v2\/product_cat?post=1124"},{"taxonomy":"product_tag","embeddable":true,"href":"https:\/\/pruebaswhisper.xyz\/lactalis-mx\/wp-json\/wp\/v2\/product_tag?post=1124"}],"curies":[{"name":"wp","href":"https:\/\/api.w.org\/{rel}","templated":true}]}}