{"id":1125,"date":"2024-10-15T12:05:35","date_gmt":"2024-10-15T17:05:35","guid":{"rendered":"https:\/\/pruebaswhisper.xyz\/lactalis-mx\/?post_type=product&#038;p=1125"},"modified":"2025-01-27T09:28:40","modified_gmt":"2025-01-27T14:28:40","slug":"wee-brie-199g","status":"publish","type":"product","link":"https:\/\/pruebaswhisper.xyz\/lactalis-mx\/producto\/wee-brie-199g\/","title":{"rendered":"WEE BRIE 139G"},"content":{"rendered":"<p>Deliciosamente cremoso, en porciones peque\u00f1as. Rico y aut\u00e9ntico sabor a queso Brie en 8 porciones untables. 40 calor\u00edas por cu\u00f1a de snack gourmet a\u00f1ade un poco de decadencia a su almuerzo en bolsa<\/p>\n","protected":false},"excerpt":{"rendered":"<ul>\n<li>Autentico sabor de queso Brie<\/li>\n<li>40 calorias por porci\u00f3n<\/li>\n<li>Ideal para un snack de media ma\u00f1ana o tarde<\/li>\n<\/ul>\n","protected":false},"featured_media":1725,"comment_status":"open","ping_status":"closed","template":"","meta":{"_acf_changed":false},"product_brand":[],"product_cat":[23],"product_tag":[],"class_list":{"0":"post-1125","1":"product","2":"type-product","3":"status-publish","4":"has-post-thumbnail","6":"product_cat-president","8":"first","9":"instock","10":"shipping-taxable","11":"product-type-simple"},"acf":[],"_links":{"self":[{"href":"https:\/\/pruebaswhisper.xyz\/lactalis-mx\/wp-json\/wp\/v2\/product\/1125","targetHints":{"allow":["GET"]}}],"collection":[{"href":"https:\/\/pruebaswhisper.xyz\/lactalis-mx\/wp-json\/wp\/v2\/product"}],"about":[{"href":"https:\/\/pruebaswhisper.xyz\/lactalis-mx\/wp-json\/wp\/v2\/types\/product"}],"replies":[{"embeddable":true,"href":"https:\/\/pruebaswhisper.xyz\/lactalis-mx\/wp-json\/wp\/v2\/comments?post=1125"}],"wp:featuredmedia":[{"embeddable":true,"href":"https:\/\/pruebaswhisper.xyz\/lactalis-mx\/wp-json\/wp\/v2\/media\/1725"}],"wp:attachment":[{"href":"https:\/\/pruebaswhisper.xyz\/lactalis-mx\/wp-json\/wp\/v2\/media?parent=1125"}],"wp:term":[{"taxonomy":"product_brand","embeddable":true,"href":"https:\/\/pruebaswhisper.xyz\/lactalis-mx\/wp-json\/wp\/v2\/product_brand?post=1125"},{"taxonomy":"product_cat","embeddable":true,"href":"https:\/\/pruebaswhisper.xyz\/lactalis-mx\/wp-json\/wp\/v2\/product_cat?post=1125"},{"taxonomy":"product_tag","embeddable":true,"href":"https:\/\/pruebaswhisper.xyz\/lactalis-mx\/wp-json\/wp\/v2\/product_tag?post=1125"}],"curies":[{"name":"wp","href":"https:\/\/api.w.org\/{rel}","templated":true}]}}