{"id":1127,"date":"2024-10-15T12:06:32","date_gmt":"2024-10-15T17:06:32","guid":{"rendered":"https:\/\/pruebaswhisper.xyz\/lactalis-mx\/?post_type=product&#038;p=1127"},"modified":"2025-01-27T09:09:48","modified_gmt":"2025-01-27T14:09:48","slug":"camembert-226g","status":"publish","type":"product","link":"https:\/\/pruebaswhisper.xyz\/lactalis-mx\/producto\/camembert-226g\/","title":{"rendered":"CAMEMBERT 226G"},"content":{"rendered":"<p>Rico en prote\u00ednas y calcio, el Camembert Pr\u00e9sident es una fuente de placer que encuentra su lugar en una alimentaci\u00f3n sencilla y equilibrada. Su corteza comestible es fina, blanca y luminosa, y su pasta es suave y cremosa, con un sabor aut\u00e9ntico y unas caracter\u00edsticas muy marcadas pero no fuertes. Nuestro queso Camembert se produce en la regi\u00f3n francesa de Baja Normand\u00eda, con la garant\u00eda de calidad Pr\u00e9sident y del sabor de un aut\u00e9ntico queso Camembert franc\u00e9s. Es un queso muy vers\u00e1til que puede convertirse en un ingrediente indispensable en tu cocina: es ideal para disfrutar solo, acompa\u00f1ado de frutas o frutos secos, o como ingrediente de exquisitos platos: gratinado, en ensaladas, en hojaldres<\/p>\n","protected":false},"excerpt":{"rendered":"<ul>\n<li>Elaborado con 100% leche de vaca<\/li>\n<li>Cubierto por una suave capa comestible blanca (hongo Penicillium camemberti)<\/li>\n<li>Tiempo de maduraci\u00f3n de 4 a 5 semanas<\/li>\n<\/ul>\n","protected":false},"featured_media":1737,"comment_status":"open","ping_status":"closed","template":"","meta":{"_acf_changed":false},"product_brand":[],"product_cat":[23],"product_tag":[],"class_list":{"0":"post-1127","1":"product","2":"type-product","3":"status-publish","4":"has-post-thumbnail","6":"product_cat-president","8":"first","9":"instock","10":"shipping-taxable","11":"product-type-simple"},"acf":[],"_links":{"self":[{"href":"https:\/\/pruebaswhisper.xyz\/lactalis-mx\/wp-json\/wp\/v2\/product\/1127","targetHints":{"allow":["GET"]}}],"collection":[{"href":"https:\/\/pruebaswhisper.xyz\/lactalis-mx\/wp-json\/wp\/v2\/product"}],"about":[{"href":"https:\/\/pruebaswhisper.xyz\/lactalis-mx\/wp-json\/wp\/v2\/types\/product"}],"replies":[{"embeddable":true,"href":"https:\/\/pruebaswhisper.xyz\/lactalis-mx\/wp-json\/wp\/v2\/comments?post=1127"}],"wp:featuredmedia":[{"embeddable":true,"href":"https:\/\/pruebaswhisper.xyz\/lactalis-mx\/wp-json\/wp\/v2\/media\/1737"}],"wp:attachment":[{"href":"https:\/\/pruebaswhisper.xyz\/lactalis-mx\/wp-json\/wp\/v2\/media?parent=1127"}],"wp:term":[{"taxonomy":"product_brand","embeddable":true,"href":"https:\/\/pruebaswhisper.xyz\/lactalis-mx\/wp-json\/wp\/v2\/product_brand?post=1127"},{"taxonomy":"product_cat","embeddable":true,"href":"https:\/\/pruebaswhisper.xyz\/lactalis-mx\/wp-json\/wp\/v2\/product_cat?post=1127"},{"taxonomy":"product_tag","embeddable":true,"href":"https:\/\/pruebaswhisper.xyz\/lactalis-mx\/wp-json\/wp\/v2\/product_tag?post=1127"}],"curies":[{"name":"wp","href":"https:\/\/api.w.org\/{rel}","templated":true}]}}