{"id":1130,"date":"2024-10-15T12:07:30","date_gmt":"2024-10-15T17:07:30","guid":{"rendered":"https:\/\/pruebaswhisper.xyz\/lactalis-mx\/?post_type=product&#038;p=1130"},"modified":"2025-01-27T09:21:16","modified_gmt":"2025-01-27T14:21:16","slug":"feta-chunk-226g","status":"publish","type":"product","link":"https:\/\/pruebaswhisper.xyz\/lactalis-mx\/producto\/feta-chunk-226g\/","title":{"rendered":"FETA CHUNK 226G"},"content":{"rendered":"<p>Nuevo aspecto, \u00a1el mismo gran producto! El nuevo envase de 8 oz de Pr\u00e9sident\u00ae Feta en trozos se puede volver a cerrar c\u00f3modamente con una pel\u00edcula f\u00e1cil de pelar y utiliza menos pl\u00e1stico. Pr\u00e9sident Feta en trozos es un queso de sabor intenso que ofrece el equilibrio perfecto entre cremosidad y salinidad.<\/p>\n","protected":false},"excerpt":{"rendered":"<ul>\n<li>Elaborado con 100% leche de vaca<\/li>\n<li>Presentaci\u00f3n en bloque<\/li>\n<li>Sabor salado, ideal para ensalda y pizza<\/li>\n<\/ul>\n","protected":false},"featured_media":1733,"comment_status":"open","ping_status":"closed","template":"","meta":{"_acf_changed":false},"product_brand":[],"product_cat":[23],"product_tag":[],"class_list":{"0":"post-1130","1":"product","2":"type-product","3":"status-publish","4":"has-post-thumbnail","6":"product_cat-president","8":"first","9":"instock","10":"shipping-taxable","11":"product-type-simple"},"acf":[],"_links":{"self":[{"href":"https:\/\/pruebaswhisper.xyz\/lactalis-mx\/wp-json\/wp\/v2\/product\/1130","targetHints":{"allow":["GET"]}}],"collection":[{"href":"https:\/\/pruebaswhisper.xyz\/lactalis-mx\/wp-json\/wp\/v2\/product"}],"about":[{"href":"https:\/\/pruebaswhisper.xyz\/lactalis-mx\/wp-json\/wp\/v2\/types\/product"}],"replies":[{"embeddable":true,"href":"https:\/\/pruebaswhisper.xyz\/lactalis-mx\/wp-json\/wp\/v2\/comments?post=1130"}],"wp:featuredmedia":[{"embeddable":true,"href":"https:\/\/pruebaswhisper.xyz\/lactalis-mx\/wp-json\/wp\/v2\/media\/1733"}],"wp:attachment":[{"href":"https:\/\/pruebaswhisper.xyz\/lactalis-mx\/wp-json\/wp\/v2\/media?parent=1130"}],"wp:term":[{"taxonomy":"product_brand","embeddable":true,"href":"https:\/\/pruebaswhisper.xyz\/lactalis-mx\/wp-json\/wp\/v2\/product_brand?post=1130"},{"taxonomy":"product_cat","embeddable":true,"href":"https:\/\/pruebaswhisper.xyz\/lactalis-mx\/wp-json\/wp\/v2\/product_cat?post=1130"},{"taxonomy":"product_tag","embeddable":true,"href":"https:\/\/pruebaswhisper.xyz\/lactalis-mx\/wp-json\/wp\/v2\/product_tag?post=1130"}],"curies":[{"name":"wp","href":"https:\/\/api.w.org\/{rel}","templated":true}]}}