{"id":1721,"date":"2024-11-25T09:49:29","date_gmt":"2024-11-25T14:49:29","guid":{"rendered":"https:\/\/pruebaswhisper.xyz\/lactalis-mx\/?post_type=product&#038;p=1721"},"modified":"2025-01-27T10:08:24","modified_gmt":"2025-01-27T15:08:24","slug":"parmesano-cuna-900g","status":"publish","type":"product","link":"https:\/\/pruebaswhisper.xyz\/lactalis-mx\/producto\/parmesano-cuna-900g\/","title":{"rendered":"PARMESANO CU\u00d1A 900G"},"content":{"rendered":"<p>Es un queso que se origin\u00f3 en Italia, es un queso duro y granular con un sabor fuerte y afrutado. El parmesano Galbani cuenta con una maduraci\u00f3n de 6 meses, por su consistencia es ideal para intensificar los sabores de las preparaciones como ensaldas, pastas, risottos. Se puede usar para gratinar platos al horno, creando una costra dorada y deliciosa. En su presentaci\u00f3n de cu\u00f1a que permite rallando al instante o picarlo.<\/p>\n","protected":false},"excerpt":{"rendered":"<ul>\n<li>Elaborado con leche 100%<\/li>\n<li>Sabor fuerte y salado<\/li>\n<li>Maduracion de 6 meses<\/li>\n<\/ul>\n","protected":false},"featured_media":1709,"comment_status":"open","ping_status":"closed","template":"","meta":{"_acf_changed":false},"product_brand":[],"product_cat":[24],"product_tag":[],"class_list":{"0":"post-1721","1":"product","2":"type-product","3":"status-publish","4":"has-post-thumbnail","6":"product_cat-galbani","8":"first","9":"instock","10":"shipping-taxable","11":"product-type-simple"},"acf":[],"_links":{"self":[{"href":"https:\/\/pruebaswhisper.xyz\/lactalis-mx\/wp-json\/wp\/v2\/product\/1721","targetHints":{"allow":["GET"]}}],"collection":[{"href":"https:\/\/pruebaswhisper.xyz\/lactalis-mx\/wp-json\/wp\/v2\/product"}],"about":[{"href":"https:\/\/pruebaswhisper.xyz\/lactalis-mx\/wp-json\/wp\/v2\/types\/product"}],"replies":[{"embeddable":true,"href":"https:\/\/pruebaswhisper.xyz\/lactalis-mx\/wp-json\/wp\/v2\/comments?post=1721"}],"wp:featuredmedia":[{"embeddable":true,"href":"https:\/\/pruebaswhisper.xyz\/lactalis-mx\/wp-json\/wp\/v2\/media\/1709"}],"wp:attachment":[{"href":"https:\/\/pruebaswhisper.xyz\/lactalis-mx\/wp-json\/wp\/v2\/media?parent=1721"}],"wp:term":[{"taxonomy":"product_brand","embeddable":true,"href":"https:\/\/pruebaswhisper.xyz\/lactalis-mx\/wp-json\/wp\/v2\/product_brand?post=1721"},{"taxonomy":"product_cat","embeddable":true,"href":"https:\/\/pruebaswhisper.xyz\/lactalis-mx\/wp-json\/wp\/v2\/product_cat?post=1721"},{"taxonomy":"product_tag","embeddable":true,"href":"https:\/\/pruebaswhisper.xyz\/lactalis-mx\/wp-json\/wp\/v2\/product_tag?post=1721"}],"curies":[{"name":"wp","href":"https:\/\/api.w.org\/{rel}","templated":true}]}}