{"id":1746,"date":"2024-11-25T10:13:18","date_gmt":"2024-11-25T15:13:18","guid":{"rendered":"https:\/\/pruebaswhisper.xyz\/lactalis-mx\/?post_type=product&#038;p=1746"},"modified":"2025-01-27T09:30:41","modified_gmt":"2025-01-27T14:30:41","slug":"emmental-220g","status":"publish","type":"product","link":"https:\/\/pruebaswhisper.xyz\/lactalis-mx\/producto\/emmental-220g\/","title":{"rendered":"EMMENTAL 220G"},"content":{"rendered":"<p>El queso Emmental destaca por su ternura, su aroma fuerte y afrutado y su\u00a0 sabor suave y dulce en el que podemos apreciar algunas notas con sabor a nueces. Para ofrecerte lo mejor del Emmental, Pr\u00e9sident selecciona el coraz\u00f3n de la rueda, donde es m\u00e1s tierno y afrutado. El quesero controla, a lo largo de todo el proceso de maduraci\u00f3n, la correcta formaci\u00f3n de los agujeros en las ruedas, garant\u00eda de un Emmental tierno. Adem\u00e1s, la leche necesaria para su fabricaci\u00f3n se recoge en granjas francesas cuidadosamente seleccionadas. Nuestro queso Emmental es naturalmente rico en calcio, ya que una porci\u00f3n de 30g contiene tanto calcio como 2 vasos de leche de 125 ml.<\/p>\n","protected":false},"excerpt":{"rendered":"<ul>\n<li>Elaborado con leche de vaca<\/li>\n<li>Aroma fuerte y afrutado<\/li>\n<li>Ideal para recetas frias o calientes<\/li>\n<\/ul>\n","protected":false},"featured_media":1734,"comment_status":"open","ping_status":"closed","template":"","meta":{"_acf_changed":false},"product_brand":[],"product_cat":[23],"product_tag":[],"class_list":{"0":"post-1746","1":"product","2":"type-product","3":"status-publish","4":"has-post-thumbnail","6":"product_cat-president","8":"first","9":"instock","10":"shipping-taxable","11":"product-type-simple"},"acf":[],"_links":{"self":[{"href":"https:\/\/pruebaswhisper.xyz\/lactalis-mx\/wp-json\/wp\/v2\/product\/1746","targetHints":{"allow":["GET"]}}],"collection":[{"href":"https:\/\/pruebaswhisper.xyz\/lactalis-mx\/wp-json\/wp\/v2\/product"}],"about":[{"href":"https:\/\/pruebaswhisper.xyz\/lactalis-mx\/wp-json\/wp\/v2\/types\/product"}],"replies":[{"embeddable":true,"href":"https:\/\/pruebaswhisper.xyz\/lactalis-mx\/wp-json\/wp\/v2\/comments?post=1746"}],"wp:featuredmedia":[{"embeddable":true,"href":"https:\/\/pruebaswhisper.xyz\/lactalis-mx\/wp-json\/wp\/v2\/media\/1734"}],"wp:attachment":[{"href":"https:\/\/pruebaswhisper.xyz\/lactalis-mx\/wp-json\/wp\/v2\/media?parent=1746"}],"wp:term":[{"taxonomy":"product_brand","embeddable":true,"href":"https:\/\/pruebaswhisper.xyz\/lactalis-mx\/wp-json\/wp\/v2\/product_brand?post=1746"},{"taxonomy":"product_cat","embeddable":true,"href":"https:\/\/pruebaswhisper.xyz\/lactalis-mx\/wp-json\/wp\/v2\/product_cat?post=1746"},{"taxonomy":"product_tag","embeddable":true,"href":"https:\/\/pruebaswhisper.xyz\/lactalis-mx\/wp-json\/wp\/v2\/product_tag?post=1746"}],"curies":[{"name":"wp","href":"https:\/\/api.w.org\/{rel}","templated":true}]}}