{"id":926,"date":"2024-10-15T10:01:48","date_gmt":"2024-10-15T15:01:48","guid":{"rendered":"https:\/\/pruebaswhisper.xyz\/lactalis-mx\/?post_type=product&#038;p=926"},"modified":"2025-01-27T11:03:18","modified_gmt":"2025-01-27T16:03:18","slug":"breakstones-doubles-durazno","status":"publish","type":"product","link":"https:\/\/pruebaswhisper.xyz\/lactalis-mx\/producto\/breakstones-doubles-durazno\/","title":{"rendered":"Breakstones Doubles Durazno"},"content":{"rendered":"<p>El queso cottage BREAKSTONE\u2019S\u00ae con topping de sabor durazno para mezclar, es un queso fresco con alto contenido de prote\u00edna elaborado a partir de la cuajada de la leche. Tiene un sabor suave y delicado, as\u00ed como una consistencia cremosa. Su presentaci\u00f3n es en envase r\u00edgido moldeado por inyecci\u00f3n de 4.7 oz. Contiene 13g de prote\u00edna por envase de 133g.<\/p>\n<p><strong>Atributo:\u00a0<\/strong><\/p>\n<p class=\"p1\">Breakstone\u2019s tiene origen en Nueva York en 1990 por dos hermanos de Lituania con apellido del mismo nombre de la marca, mismos que revolucionaron la forma de vender el queso cottage.<\/p>\n<p class=\"p1\">M\u00e1s de 140 a\u00f1os despu\u00e9s, Breakstone\u2019s sigue siendo un s\u00edmbolo de alta calidad en productos l\u00e1cteos y un referente en el mundo de la innovaci\u00f3n de queso cottage. Nuestra excelencia pionera continu\u00f3 creando deliciosos y afrutados cottage doubles<\/p>\n","protected":false},"excerpt":{"rendered":"<ul>\n<li>Breakstone\u2019s tiene origen en Nueva York en 1990 por dos hermanos de Lituania con apellido del mismo nombre de la marca, mismos que revolucionaron la forma de vender el queso cottage.<\/li>\n<li>M\u00e1s de 140 a\u00f1os despu\u00e9s, Breakstone\u2019s sigue siendo un s\u00edmbolo de alta calidad en productos l\u00e1cteos y un referente en el mundo de la innovaci\u00f3n de queso cottage. Nuestra excelencia pionera continu\u00f3 creando deliciosos y afrutados cottage doubles<\/li>\n<\/ul>\n<p>&nbsp;<\/p>\n","protected":false},"featured_media":927,"comment_status":"open","ping_status":"closed","template":"","meta":{"_acf_changed":false},"product_brand":[],"product_cat":[27],"product_tag":[],"class_list":{"0":"post-926","1":"product","2":"type-product","3":"status-publish","4":"has-post-thumbnail","6":"product_cat-breakstones","8":"first","9":"instock","10":"shipping-taxable","11":"product-type-simple"},"acf":[],"_links":{"self":[{"href":"https:\/\/pruebaswhisper.xyz\/lactalis-mx\/wp-json\/wp\/v2\/product\/926","targetHints":{"allow":["GET"]}}],"collection":[{"href":"https:\/\/pruebaswhisper.xyz\/lactalis-mx\/wp-json\/wp\/v2\/product"}],"about":[{"href":"https:\/\/pruebaswhisper.xyz\/lactalis-mx\/wp-json\/wp\/v2\/types\/product"}],"replies":[{"embeddable":true,"href":"https:\/\/pruebaswhisper.xyz\/lactalis-mx\/wp-json\/wp\/v2\/comments?post=926"}],"wp:featuredmedia":[{"embeddable":true,"href":"https:\/\/pruebaswhisper.xyz\/lactalis-mx\/wp-json\/wp\/v2\/media\/927"}],"wp:attachment":[{"href":"https:\/\/pruebaswhisper.xyz\/lactalis-mx\/wp-json\/wp\/v2\/media?parent=926"}],"wp:term":[{"taxonomy":"product_brand","embeddable":true,"href":"https:\/\/pruebaswhisper.xyz\/lactalis-mx\/wp-json\/wp\/v2\/product_brand?post=926"},{"taxonomy":"product_cat","embeddable":true,"href":"https:\/\/pruebaswhisper.xyz\/lactalis-mx\/wp-json\/wp\/v2\/product_cat?post=926"},{"taxonomy":"product_tag","embeddable":true,"href":"https:\/\/pruebaswhisper.xyz\/lactalis-mx\/wp-json\/wp\/v2\/product_tag?post=926"}],"curies":[{"name":"wp","href":"https:\/\/api.w.org\/{rel}","templated":true}]}}