{"id":930,"date":"2024-10-15T10:10:06","date_gmt":"2024-10-15T15:10:06","guid":{"rendered":"https:\/\/pruebaswhisper.xyz\/lactalis-mx\/?post_type=product&#038;p=930"},"modified":"2025-01-27T10:28:16","modified_gmt":"2025-01-27T15:28:16","slug":"panela-400g","status":"publish","type":"product","link":"https:\/\/pruebaswhisper.xyz\/lactalis-mx\/producto\/panela-400g\/","title":{"rendered":"PANELA 400G"},"content":{"rendered":"<p>Es un tipo de queso fresco originario de M\u00e9xico. Se caracteriza por su textura suave y su sabor ligeramente salado. Es un queso de pasta blanda que se elabora a partir de 100% leche de vaca y no se somete a un proceso de maduraci\u00f3n prolongado, lo que le permite mantener su frescura. Su presentaci\u00f3n es en empaque termo formado con atm\u00f3sfera modificada que ayuda a una mejor conservaci\u00f3n de producto.<\/p>\n","protected":false},"excerpt":{"rendered":"<ul>\n<li>1. Hecho con leche 100% de vaca.<\/li>\n<li>2. Elaborado de manera artesanal.<\/li>\n<li>3. Ideal para una comida balanceada.<\/li>\n<\/ul>\n","protected":false},"featured_media":1625,"comment_status":"open","ping_status":"closed","template":"","meta":{"_acf_changed":false},"product_brand":[],"product_cat":[22],"product_tag":[],"class_list":{"0":"post-930","1":"product","2":"type-product","3":"status-publish","4":"has-post-thumbnail","6":"product_cat-esmeralda","8":"first","9":"instock","10":"shipping-taxable","11":"product-type-simple"},"acf":[],"_links":{"self":[{"href":"https:\/\/pruebaswhisper.xyz\/lactalis-mx\/wp-json\/wp\/v2\/product\/930","targetHints":{"allow":["GET"]}}],"collection":[{"href":"https:\/\/pruebaswhisper.xyz\/lactalis-mx\/wp-json\/wp\/v2\/product"}],"about":[{"href":"https:\/\/pruebaswhisper.xyz\/lactalis-mx\/wp-json\/wp\/v2\/types\/product"}],"replies":[{"embeddable":true,"href":"https:\/\/pruebaswhisper.xyz\/lactalis-mx\/wp-json\/wp\/v2\/comments?post=930"}],"wp:featuredmedia":[{"embeddable":true,"href":"https:\/\/pruebaswhisper.xyz\/lactalis-mx\/wp-json\/wp\/v2\/media\/1625"}],"wp:attachment":[{"href":"https:\/\/pruebaswhisper.xyz\/lactalis-mx\/wp-json\/wp\/v2\/media?parent=930"}],"wp:term":[{"taxonomy":"product_brand","embeddable":true,"href":"https:\/\/pruebaswhisper.xyz\/lactalis-mx\/wp-json\/wp\/v2\/product_brand?post=930"},{"taxonomy":"product_cat","embeddable":true,"href":"https:\/\/pruebaswhisper.xyz\/lactalis-mx\/wp-json\/wp\/v2\/product_cat?post=930"},{"taxonomy":"product_tag","embeddable":true,"href":"https:\/\/pruebaswhisper.xyz\/lactalis-mx\/wp-json\/wp\/v2\/product_tag?post=930"}],"curies":[{"name":"wp","href":"https:\/\/api.w.org\/{rel}","templated":true}]}}