{"id":950,"date":"2024-10-15T10:17:52","date_gmt":"2024-10-15T15:17:52","guid":{"rendered":"https:\/\/pruebaswhisper.xyz\/lactalis-mx\/?post_type=product&#038;p=950"},"modified":"2025-01-27T10:30:39","modified_gmt":"2025-01-27T15:30:39","slug":"oaxaca-reducido-400g","status":"publish","type":"product","link":"https:\/\/pruebaswhisper.xyz\/lactalis-mx\/producto\/oaxaca-reducido-400g\/","title":{"rendered":"OAXACA REDUCIDO 400G"},"content":{"rendered":"<p>Se caracteriza por su textura en forma de hebra y su sabor suave. Se Elaborado a partir de 100% leche de vaca y se produce mediante un proceso artesanal de estirado y moldeado.Tiene 25% menos grasa que la presentaci\u00f3n regular. Su presentaci\u00f3n es en empaque termo formado con atm\u00f3sfera modificada que ayuda a una mejor conservaci\u00f3n de producto.<\/p>\n","protected":false},"excerpt":{"rendered":"<ul>\n<li>1. Hecho con leche 100% de vaca.<\/li>\n<li>2. Elaborado de manera artesanal.<\/li>\n<li>3. Con una textura que se deshebra sin esfuerzo.<\/li>\n<li>4. Reducido en grasa. (Comparado con Esmeralda Oaxaca 400g)<\/li>\n<\/ul>\n","protected":false},"featured_media":1617,"comment_status":"open","ping_status":"closed","template":"","meta":{"_acf_changed":false},"product_brand":[],"product_cat":[22],"product_tag":[],"class_list":{"0":"post-950","1":"product","2":"type-product","3":"status-publish","4":"has-post-thumbnail","6":"product_cat-esmeralda","8":"first","9":"instock","10":"shipping-taxable","11":"product-type-simple"},"acf":[],"_links":{"self":[{"href":"https:\/\/pruebaswhisper.xyz\/lactalis-mx\/wp-json\/wp\/v2\/product\/950","targetHints":{"allow":["GET"]}}],"collection":[{"href":"https:\/\/pruebaswhisper.xyz\/lactalis-mx\/wp-json\/wp\/v2\/product"}],"about":[{"href":"https:\/\/pruebaswhisper.xyz\/lactalis-mx\/wp-json\/wp\/v2\/types\/product"}],"replies":[{"embeddable":true,"href":"https:\/\/pruebaswhisper.xyz\/lactalis-mx\/wp-json\/wp\/v2\/comments?post=950"}],"wp:featuredmedia":[{"embeddable":true,"href":"https:\/\/pruebaswhisper.xyz\/lactalis-mx\/wp-json\/wp\/v2\/media\/1617"}],"wp:attachment":[{"href":"https:\/\/pruebaswhisper.xyz\/lactalis-mx\/wp-json\/wp\/v2\/media?parent=950"}],"wp:term":[{"taxonomy":"product_brand","embeddable":true,"href":"https:\/\/pruebaswhisper.xyz\/lactalis-mx\/wp-json\/wp\/v2\/product_brand?post=950"},{"taxonomy":"product_cat","embeddable":true,"href":"https:\/\/pruebaswhisper.xyz\/lactalis-mx\/wp-json\/wp\/v2\/product_cat?post=950"},{"taxonomy":"product_tag","embeddable":true,"href":"https:\/\/pruebaswhisper.xyz\/lactalis-mx\/wp-json\/wp\/v2\/product_tag?post=950"}],"curies":[{"name":"wp","href":"https:\/\/api.w.org\/{rel}","templated":true}]}}