{"id":992,"date":"2024-10-15T10:45:04","date_gmt":"2024-10-15T15:45:04","guid":{"rendered":"https:\/\/pruebaswhisper.xyz\/lactalis-mx\/?post_type=product&#038;p=992"},"modified":"2025-01-27T10:41:09","modified_gmt":"2025-01-27T15:41:09","slug":"manchego-rallado-350g","status":"publish","type":"product","link":"https:\/\/pruebaswhisper.xyz\/lactalis-mx\/producto\/manchego-rallado-350g\/","title":{"rendered":"MANCHEGO RALLADO 350G"},"content":{"rendered":"<p>Este queso tiene una textura firme y un sabor suave, se elabora con leche de la m\u00e1s alta calidad, proveniente de vacas seleccionadas. Este queso es un homenaje a las t\u00e9cnicas tradicionales, garantizando un sabor aut\u00e9ntico y una textura inigualable. Por su presentaci\u00f3n rallada es muy practico para elaborar platillos para gratinar<\/p>\n","protected":false},"excerpt":{"rendered":"<ul>\n<li>1. Hecho con leche 100% de vaca.<\/li>\n<li>2.F\u00e1cil presentaci\u00f3n para tus preparaciones.<\/li>\n<li>3.Ideal para derretir en platillos salados.<\/li>\n<\/ul>\n","protected":false},"featured_media":1604,"comment_status":"open","ping_status":"closed","template":"","meta":{"_acf_changed":false},"product_brand":[],"product_cat":[22],"product_tag":[],"class_list":{"0":"post-992","1":"product","2":"type-product","3":"status-publish","4":"has-post-thumbnail","6":"product_cat-esmeralda","8":"first","9":"instock","10":"shipping-taxable","11":"product-type-simple"},"acf":[],"_links":{"self":[{"href":"https:\/\/pruebaswhisper.xyz\/lactalis-mx\/wp-json\/wp\/v2\/product\/992","targetHints":{"allow":["GET"]}}],"collection":[{"href":"https:\/\/pruebaswhisper.xyz\/lactalis-mx\/wp-json\/wp\/v2\/product"}],"about":[{"href":"https:\/\/pruebaswhisper.xyz\/lactalis-mx\/wp-json\/wp\/v2\/types\/product"}],"replies":[{"embeddable":true,"href":"https:\/\/pruebaswhisper.xyz\/lactalis-mx\/wp-json\/wp\/v2\/comments?post=992"}],"wp:featuredmedia":[{"embeddable":true,"href":"https:\/\/pruebaswhisper.xyz\/lactalis-mx\/wp-json\/wp\/v2\/media\/1604"}],"wp:attachment":[{"href":"https:\/\/pruebaswhisper.xyz\/lactalis-mx\/wp-json\/wp\/v2\/media?parent=992"}],"wp:term":[{"taxonomy":"product_brand","embeddable":true,"href":"https:\/\/pruebaswhisper.xyz\/lactalis-mx\/wp-json\/wp\/v2\/product_brand?post=992"},{"taxonomy":"product_cat","embeddable":true,"href":"https:\/\/pruebaswhisper.xyz\/lactalis-mx\/wp-json\/wp\/v2\/product_cat?post=992"},{"taxonomy":"product_tag","embeddable":true,"href":"https:\/\/pruebaswhisper.xyz\/lactalis-mx\/wp-json\/wp\/v2\/product_tag?post=992"}],"curies":[{"name":"wp","href":"https:\/\/api.w.org\/{rel}","templated":true}]}}