{"id":247,"date":"2021-09-23T12:25:17","date_gmt":"2021-09-23T17:25:17","guid":{"rendered":"https:\/\/pruebaswhisper.xyz\/renovandocon\/?page_id=247"},"modified":"2021-11-24T12:40:42","modified_gmt":"2021-11-24T17:40:42","slug":"conocenos","status":"publish","type":"page","link":"https:\/\/pruebaswhisper.xyz\/renovandocon\/conocenos\/","title":{"rendered":"Conocenos"},"content":{"rendered":"<h2>Nuestro Equipo <br \/>de Trabajo<\/h2>\n<h2>Olga De la Pava Mej\u00eda  <\/h2>\n<p>\n\t\t\t\t\tAdministradora de Negocios de la Universidad EAFIT, Especialista en Gerencia de la Seguridad y la Salud en el Trabajo.  Otras certificaciones como Direccionamiento Estrat\u00e9gico y Gerencial Universidad de los Andes. Desde hace 15 a\u00f1os su carrera viene orientada al proceso de transformaci\u00f3n y evoluci\u00f3n del Ser, para la cual complementa su formaci\u00f3n y desarrollo a trav\u00e9s de diferentes disciplinas obteniendo certificaciones internacionales con los creadores y referentes importantes de: Programaci\u00f3n Neuroling\u00fc\u00edstica, Master y Trainer certificada por Richard Blandler, Coaching Ontol\u00f3gico- Cocrear, Aprendizaje Experiencial y Outdoor Trainig \u2013 Ernesto Yturralde, Manejo de din\u00e1micas de grupos- Gerza, Indagaci\u00f3n Apreciativa, Coaching Deportivo, Jefe Coach, entre otras, adem\u00e1s de vivencias con personas expertas en empoderamiento como Anthony Robinns, Richard Blander, Gabriel Guerrero, entre otros.\n\t\t\t\t<\/p>\n<p>\n\t\t\t\t\t\u00abLa trayectoria empresarial y la experiencia desarrollada a trav\u00e9s de los a\u00f1os me ha permitido fusionar ambos mundos y brindar experiencias a partir de un estilo din\u00e1mico y sencillo.  Siendo una apasionada por facilitar y ser co-creadora de vivencias transformadoras en las personas, alegre, entusiasta, creativa y una convencida de que los grandes cambios se generan a partir de las cosas simples que se hacen desde el coraz\u00f3n.\u00bb\n\t\t\t\t<\/p>\n<p>\u201cLa conciencia, el camino que te lleva a elevar los niveles en seguridad y salud en tu organizaci\u00f3n.\u201d<\/p>\n<p>\t\t\t<img decoding=\"async\" src=\"https:\/\/pruebaswhisper.xyz\/renovandocon\/wp-content\/uploads\/2021\/11\/PERFIL-OLGA.jpg\" alt=\"Olga Luc\u00eda de la Pava\"><\/p>\n<h2>Rafael C\u00e1rdenas \u00c1ngel <\/h2>\n<p>\n\t\t\t\t\tIngeniero Qu\u00edmico, Universidad Nacional de Colombia, Especialista en Seguridad y Salud en el Trabajo.  Certificado en Coaching, Programaci\u00f3n Neurolinguistica, Aprendizaje Experiencial, Lego Serious Play, entre otros.\n\t\t\t\t<\/p>\n<p>\n\t\t\t\t\tEscritor de los libros: Seguridad Sentido de Vida, Manual de Comportamientos  SST, Elevando los Niveles de Conciencia ISO 45001, Liderazgo en SST, la met\u00e1fora.<br \/>\n\t\t\t\t\tCreador de Modelos: Seguridad y Salud en el Trabajo un sentido de vida, Party Work Game (PWG), Modelo de Modificaci\u00f3n de Comportamientos MMC.<br \/>\n\t\t\t\t\tCreador de din\u00e1micas especializadas en cambios a corto plazo.\n\t\t\t\t<\/p>\n<p>\n\t\t\t\t\tDocente Universitario por 12 a\u00f1os.  Experiencia de 35 a\u00f1os en la industria.\n\t\t\t\t<\/p>\n<p>\n\t\t\t\t\tGerente de Renovando Conciencia, fundador y director de Tawa, Centro de formaci\u00f3n y aprendizaje.\n\t\t\t\t<\/p>\n<p>\u201cTransformar la seguridad en conciencia, es darle sentido a tu vida y reputaci\u00f3n a tu empresa.\u201d<\/p>\n<p>\t\t\t<img decoding=\"async\" src=\"https:\/\/pruebaswhisper.xyz\/renovandocon\/wp-content\/uploads\/2021\/11\/PERFIL-RAFAEL.jpg\" alt=\"Rafael C\u00e1rdenas \u00c1ngel\"><\/p>\n<h2>\u00bfQu\u00e9 nos motiva?<\/h2>\n<p>Contribuir a una nueva generaci\u00f3n de la seguridad y la salud del trabajo a trav\u00e9s de la conciencia del humano, sus valores y su capacidad de resiliencia para aportar en \u00e9pocas de incertidumbre un enfoque hacia un \u201ccuidado por la vida\u201d.<\/p>\n<p>Aportar nuevas metodolog\u00edas innovadoras a trav\u00e9s de aprendizajes para adultos que funcionen en tiempos cortos y generen transferencia a los puestos de trabajo, ampliando la capacidad de los multiplicadores y la rentabilidad de la organizaci\u00f3n.<\/p>\n<p>Crear nuevas historias desde la individualidad a la colectividad, generando nuevas creencias empoderadoras de evoluci\u00f3n y transformaci\u00f3n del humano como principio de cambios sociales, orientados hacia la conexi\u00f3n, cooperaci\u00f3n y uni\u00f3n en las organizaciones, una sola vida.<\/p>\n<h2>Experiencia<\/h2>\n<figure><img decoding=\"async\" width=\"252\" height=\"157\" src=\"https:\/\/pruebaswhisper.xyz\/renovandocon\/wp-content\/uploads\/2021\/09\/ICONO-1.png\" alt=\"ICONO-1\" loading=\"lazy\" \/><\/figure>\n<p>Nos destacamos por el conocimiento y resultados de nuestro equipo interdisciplinario de facilitadores y consultores senior, con certificaciones internacionales y con m\u00e1s de 35 a\u00f1os de experiencia en diferentes \u00e1reas interdisciplinarias.<\/p>\n<h2>Confiabilidad<\/h2>\n<figure><img decoding=\"async\" width=\"178\" height=\"203\" src=\"https:\/\/pruebaswhisper.xyz\/renovandocon\/wp-content\/uploads\/2021\/09\/ICONO-2.png\" alt=\"\" loading=\"lazy\" \/><\/figure>\n<p>Nuestros eventos han sido calificados en un nivel  \u201cmuy superior\u201d por los socios de aprendizaje que impactamos,  y nos hemos posicionado como proveedores recurrentes en empresas reconocidas,  tanto a nivel nacional como  internacional.<\/p>\n<h2>Innovaci\u00f3n<\/h2>\n<figure><img decoding=\"async\" width=\"168\" height=\"220\" src=\"https:\/\/pruebaswhisper.xyz\/renovandocon\/wp-content\/uploads\/2021\/09\/ICONO-3.png\" alt=\"ICONO-3\" loading=\"lazy\" \/><\/figure>\n<p>Constantemente desarrollamos nuevas soluciones, las cuales nos permiten aumentar nuestra  base de respuestas a trav\u00e9s de herramientas y modelos dise\u00f1ados a las necesidades de cada organizaci\u00f3n.<\/p>\n<h2>Gratitud<\/h2>\n<figure><img decoding=\"async\" width=\"237\" height=\"236\" src=\"https:\/\/pruebaswhisper.xyz\/renovandocon\/wp-content\/uploads\/2021\/09\/ICONO-4.png\" alt=\"ICONO-4\" loading=\"lazy\" \/><\/figure>\n<p>Vibramos con sentimientos de valoraci\u00f3n y estima hacia nuestros clientes, socios del aprendizaje, colaboradores y hacia todos los procesos que realizamos con amor.<\/p>\n<h2>Servicio y lealtad<\/h2>\n<figure><img decoding=\"async\" width=\"233\" height=\"232\" src=\"https:\/\/pruebaswhisper.xyz\/renovandocon\/wp-content\/uploads\/2021\/09\/ICONO-5.png\" alt=\"\" loading=\"lazy\" \/><\/figure>\n<p>Nos apasiona nuestro compromiso permanente de dar lo mejor en cada proceso y el respeto por nuestros clientes.<br \/>\n\u201cNuestro inter\u00e9s puesto en el otro.\u201d<\/p>\n","protected":false},"excerpt":{"rendered":"<p>Nuestro Equipo de Trabajo Olga De la Pava Mej\u00eda Administradora de Negocios de la Universidad EAFIT, Especialista en Gerencia de la Seguridad y la Salud en el Trabajo. Otras certificaciones como Direccionamiento Estrat\u00e9gico y Gerencial Universidad de los Andes. Desde hace 15 a\u00f1os su carrera viene orientada al proceso de transformaci\u00f3n y evoluci\u00f3n del Ser, [&hellip;]<\/p>\n","protected":false},"author":1,"featured_media":0,"parent":0,"menu_order":0,"comment_status":"closed","ping_status":"closed","template":"","meta":{"footnotes":""},"class_list":["post-247","page","type-page","status-publish","hentry"],"_links":{"self":[{"href":"https:\/\/pruebaswhisper.xyz\/renovandocon\/wp-json\/wp\/v2\/pages\/247","targetHints":{"allow":["GET"]}}],"collection":[{"href":"https:\/\/pruebaswhisper.xyz\/renovandocon\/wp-json\/wp\/v2\/pages"}],"about":[{"href":"https:\/\/pruebaswhisper.xyz\/renovandocon\/wp-json\/wp\/v2\/types\/page"}],"author":[{"embeddable":true,"href":"https:\/\/pruebaswhisper.xyz\/renovandocon\/wp-json\/wp\/v2\/users\/1"}],"replies":[{"embeddable":true,"href":"https:\/\/pruebaswhisper.xyz\/renovandocon\/wp-json\/wp\/v2\/comments?post=247"}],"version-history":[{"count":169,"href":"https:\/\/pruebaswhisper.xyz\/renovandocon\/wp-json\/wp\/v2\/pages\/247\/revisions"}],"predecessor-version":[{"id":1383,"href":"https:\/\/pruebaswhisper.xyz\/renovandocon\/wp-json\/wp\/v2\/pages\/247\/revisions\/1383"}],"wp:attachment":[{"href":"https:\/\/pruebaswhisper.xyz\/renovandocon\/wp-json\/wp\/v2\/media?parent=247"}],"curies":[{"name":"wp","href":"https:\/\/api.w.org\/{rel}","templated":true}]}}