{"id":61,"date":"2021-09-22T12:34:12","date_gmt":"2021-09-22T17:34:12","guid":{"rendered":"https:\/\/pruebaswhisper.xyz\/renovandocon\/?page_id=61"},"modified":"2021-11-30T18:23:43","modified_gmt":"2021-11-30T23:23:43","slug":"blog","status":"publish","type":"page","link":"https:\/\/pruebaswhisper.xyz\/renovandocon\/blog\/","title":{"rendered":"Blog"},"content":{"rendered":"<h2>Aprende con <br \/>nosotros<\/h2>\n<p>Nuestra misi\u00f3n en SST est\u00e1 basada en un lenguaje transformador, por eso queremos que a trav\u00e9s de nuestra narrativa siempre te conectes con nuestros mensajes e intenciones, que nuestros aportes eleven cada vez tus niveles de conciencia y adquieras herramientas para esta nueva versi\u00f3n de seguridad un sentido de vida, un cuidado por la vida. Haz parte de esta comunidad.<\/p>\n<p>\t\t\t\t\t\t\t\t\t\t\t\t\t\t\t<img decoding=\"async\" width=\"1600\" height=\"1067\" src=\"https:\/\/pruebaswhisper.xyz\/renovandocon\/wp-content\/uploads\/2021\/09\/Tenemos-un-mundo-de-soluciones.jpg\" alt=\"Tenemos un mundo de soluciones\" loading=\"lazy\" srcset=\"https:\/\/pruebaswhisper.xyz\/renovandocon\/wp-content\/uploads\/2021\/09\/Tenemos-un-mundo-de-soluciones.jpg 1600w, https:\/\/pruebaswhisper.xyz\/renovandocon\/wp-content\/uploads\/2021\/09\/Tenemos-un-mundo-de-soluciones-493x329.jpg 493w, https:\/\/pruebaswhisper.xyz\/renovandocon\/wp-content\/uploads\/2021\/09\/Tenemos-un-mundo-de-soluciones-600x400.jpg 600w, https:\/\/pruebaswhisper.xyz\/renovandocon\/wp-content\/uploads\/2021\/09\/Tenemos-un-mundo-de-soluciones-300x200.jpg 300w, https:\/\/pruebaswhisper.xyz\/renovandocon\/wp-content\/uploads\/2021\/09\/Tenemos-un-mundo-de-soluciones-1024x683.jpg 1024w, https:\/\/pruebaswhisper.xyz\/renovandocon\/wp-content\/uploads\/2021\/09\/Tenemos-un-mundo-de-soluciones-768x512.jpg 768w, https:\/\/pruebaswhisper.xyz\/renovandocon\/wp-content\/uploads\/2021\/09\/Tenemos-un-mundo-de-soluciones-1536x1024.jpg 1536w, https:\/\/pruebaswhisper.xyz\/renovandocon\/wp-content\/uploads\/2021\/09\/Tenemos-un-mundo-de-soluciones-1320x880.jpg 1320w\" sizes=\"auto, (max-width: 1600px) 100vw, 1600px\" \/>\t\t\t\t\t\t\t\t\t\t\t\t\t\t\t<\/p>\n<p>En esta ocasi\u00f3n queremos compartir algunos elementos claves para su empresa:<\/p>\n<h2>Misi\u00f3n<\/h2>\n<p>Es la comprensi\u00f3n acumulada en la conciencia, que se manifiesta en la personalidad, como la vocaci\u00f3n o inclinaci\u00f3n espec\u00edfica que la persona siente hacia ciertas actividades, de las cuales disfruta profundamente, facilitando que su energ\u00eda vital ascienda y que la persona encuentre mucho entusiasmo para vivir la vida y servir a otros.<\/p>\n<h2>Funci\u00f3n<\/h2>\n<p>Es lo que la persona hace para \u201cganarse la vida\u201d en general puede decirse que la funci\u00f3n corresponde con lo que normalmente llamamos deberes.<\/p>\n<h2>Destino<\/h2>\n<p>Lo primero que un Disc\u00edpulo de Amor respeta, es el destino de las dem\u00e1s personas, esto significa que, toda persona ha venido a la vida a perfeccionar su esp\u00edritu, aprendiendo y comprendiendo a trav\u00e9s de sus propias experiencias, lo que le falta por completar en su conciencia.<\/p>\n<p>Los Disc\u00edpulos tienen la funci\u00f3n de dar ejemplo de amor y respeto.<\/p>\n<p>Como una forma de ense\u00f1anza, y tambi\u00e9n, de dar informaci\u00f3n para el mejoramiento espiritual de las dem\u00e1s personas, y facilitar la transmutaci\u00f3n del destino, siempre y cuando, esta informaci\u00f3n haya sido solicitada voluntariamente por las personas interesadas.<\/p>\n<h2>Comportamientos<\/h2>\n<p>Son las costumbres, gustos, modales, y caracter\u00edsticas de la personalidad, y del instinto, que determinan el comportamiento de una persona frente a su medio de vida. Los comportamientos que cada quien desarrolla, son importantes para su propia experiencia de vida, ya que responden de una manera perfecta, con las necesidades de su Destino, y de su Misi\u00f3n.<\/p>\n<p>\t\t\t\t\t\t\t\t\t\t\t\t\t\t\t<img decoding=\"async\" width=\"2077\" height=\"1386\" src=\"https:\/\/pruebaswhisper.xyz\/renovandocon\/wp-content\/uploads\/2021\/09\/FOTO-BLOG.jpg\" alt=\"FOTO-BLOG\" loading=\"lazy\" srcset=\"https:\/\/pruebaswhisper.xyz\/renovandocon\/wp-content\/uploads\/2021\/09\/FOTO-BLOG.jpg 2077w, https:\/\/pruebaswhisper.xyz\/renovandocon\/wp-content\/uploads\/2021\/09\/FOTO-BLOG-493x329.jpg 493w, https:\/\/pruebaswhisper.xyz\/renovandocon\/wp-content\/uploads\/2021\/09\/FOTO-BLOG-600x400.jpg 600w, https:\/\/pruebaswhisper.xyz\/renovandocon\/wp-content\/uploads\/2021\/09\/FOTO-BLOG-300x200.jpg 300w, https:\/\/pruebaswhisper.xyz\/renovandocon\/wp-content\/uploads\/2021\/09\/FOTO-BLOG-1024x683.jpg 1024w, https:\/\/pruebaswhisper.xyz\/renovandocon\/wp-content\/uploads\/2021\/09\/FOTO-BLOG-768x512.jpg 768w, https:\/\/pruebaswhisper.xyz\/renovandocon\/wp-content\/uploads\/2021\/09\/FOTO-BLOG-1536x1025.jpg 1536w, https:\/\/pruebaswhisper.xyz\/renovandocon\/wp-content\/uploads\/2021\/09\/FOTO-BLOG-2048x1367.jpg 2048w\" sizes=\"auto, (max-width: 2077px) 100vw, 2077px\" \/>\t\t\t\t\t\t\t\t\t\t\t\t\t\t\t<\/p>\n<h2>Tambi\u00e9n te podr\u00eda interesar leer esto<\/h2>\n","protected":false},"excerpt":{"rendered":"<p>Aprende con nosotros Nuestra misi\u00f3n en SST est\u00e1 basada en un lenguaje transformador, por eso queremos que a trav\u00e9s de nuestra narrativa siempre te conectes con nuestros mensajes e intenciones, que nuestros aportes eleven cada vez tus niveles de conciencia y adquieras herramientas para esta nueva versi\u00f3n de seguridad un sentido de vida, un cuidado [&hellip;]<\/p>\n","protected":false},"author":1,"featured_media":0,"parent":0,"menu_order":0,"comment_status":"closed","ping_status":"closed","template":"","meta":{"footnotes":""},"class_list":["post-61","page","type-page","status-publish","hentry"],"_links":{"self":[{"href":"https:\/\/pruebaswhisper.xyz\/renovandocon\/wp-json\/wp\/v2\/pages\/61","targetHints":{"allow":["GET"]}}],"collection":[{"href":"https:\/\/pruebaswhisper.xyz\/renovandocon\/wp-json\/wp\/v2\/pages"}],"about":[{"href":"https:\/\/pruebaswhisper.xyz\/renovandocon\/wp-json\/wp\/v2\/types\/page"}],"author":[{"embeddable":true,"href":"https:\/\/pruebaswhisper.xyz\/renovandocon\/wp-json\/wp\/v2\/users\/1"}],"replies":[{"embeddable":true,"href":"https:\/\/pruebaswhisper.xyz\/renovandocon\/wp-json\/wp\/v2\/comments?post=61"}],"version-history":[{"count":65,"href":"https:\/\/pruebaswhisper.xyz\/renovandocon\/wp-json\/wp\/v2\/pages\/61\/revisions"}],"predecessor-version":[{"id":1472,"href":"https:\/\/pruebaswhisper.xyz\/renovandocon\/wp-json\/wp\/v2\/pages\/61\/revisions\/1472"}],"wp:attachment":[{"href":"https:\/\/pruebaswhisper.xyz\/renovandocon\/wp-json\/wp\/v2\/media?parent=61"}],"curies":[{"name":"wp","href":"https:\/\/api.w.org\/{rel}","templated":true}]}}