{"id":739,"date":"2021-10-22T15:39:19","date_gmt":"2021-10-22T20:39:19","guid":{"rendered":"https:\/\/pruebaswhisper.xyz\/renovandocon\/?page_id=739"},"modified":"2021-11-30T10:18:12","modified_gmt":"2021-11-30T15:18:12","slug":"soluciones","status":"publish","type":"page","link":"https:\/\/pruebaswhisper.xyz\/renovandocon\/soluciones\/","title":{"rendered":"Soluciones"},"content":{"rendered":"<h2>Soluciones<\/h2>\n<p>Renovando Conciencia es la primera opci\u00f3n para encontrar soluciones a temas de <strong>cultura, comportamientos y aprendizajes,<\/strong> su herramienta fundamental est\u00e1 centrada en elevar los niveles de conciencia en toda\u00a0 la organizaci\u00f3n y su trazabilidad; generamos resultados basados en la experiencia y generamos sostenibilidad.<\/p>\n<h2>Modelo Seguridad Sentido de Vida<\/h2>\n<p>El modelo de seguridad sentido de vida es un proceso innovador <strong>generador de cambios y resultados <\/strong><strong>efectivos<\/strong> en procesos de SST, contribuye de manera exponencial a los sistemas de gesti\u00f3n en seguridad, pues trasciende el conocimiento a la conciencia, de la norma a los valores y del oficio a un cuidado por la vida.<\/p>\n<p>El \u00fanico modelo de SST con indicadores y trazabilidad en tiempo presente, donde ocurren los cambios en el Ser. \u00a0Nos diferencia nuestro indicador NCS: \u00a0Nivel de conciencia en seguridad.<\/p>\n<p>\t\t\t\t\t\t\t\t\t\t\t\t\t\t\t<img decoding=\"async\" width=\"729\" height=\"491\" src=\"https:\/\/pruebaswhisper.xyz\/renovandocon\/wp-content\/uploads\/2021\/11\/Modelo-Seguridad-Sentido-de-Vida.jpg\" alt=\"\" loading=\"lazy\" srcset=\"https:\/\/pruebaswhisper.xyz\/renovandocon\/wp-content\/uploads\/2021\/11\/Modelo-Seguridad-Sentido-de-Vida.jpg 729w, https:\/\/pruebaswhisper.xyz\/renovandocon\/wp-content\/uploads\/2021\/11\/Modelo-Seguridad-Sentido-de-Vida-493x332.jpg 493w, https:\/\/pruebaswhisper.xyz\/renovandocon\/wp-content\/uploads\/2021\/11\/Modelo-Seguridad-Sentido-de-Vida-600x404.jpg 600w, https:\/\/pruebaswhisper.xyz\/renovandocon\/wp-content\/uploads\/2021\/11\/Modelo-Seguridad-Sentido-de-Vida-300x202.jpg 300w\" sizes=\"auto, (max-width: 729px) 100vw, 729px\" \/><br \/>\n\t\t\t\t\t\t\t\t\t\t\t\t\t\t\t<img decoding=\"async\" width=\"729\" height=\"491\" src=\"https:\/\/pruebaswhisper.xyz\/renovandocon\/wp-content\/uploads\/2021\/11\/Modelo-MMC.jpg\" alt=\"\" loading=\"lazy\" srcset=\"https:\/\/pruebaswhisper.xyz\/renovandocon\/wp-content\/uploads\/2021\/11\/Modelo-MMC.jpg 729w, https:\/\/pruebaswhisper.xyz\/renovandocon\/wp-content\/uploads\/2021\/11\/Modelo-MMC-493x332.jpg 493w, https:\/\/pruebaswhisper.xyz\/renovandocon\/wp-content\/uploads\/2021\/11\/Modelo-MMC-600x404.jpg 600w, https:\/\/pruebaswhisper.xyz\/renovandocon\/wp-content\/uploads\/2021\/11\/Modelo-MMC-300x202.jpg 300w\" sizes=\"auto, (max-width: 729px) 100vw, 729px\" \/>\t\t\t\t\t\t\t\t\t\t\t\t\t\t\t<\/p>\n<h2>Modelo MMC: Modificaci\u00f3n de Comportamientos<\/h2>\n<p>El MMC es un modelo fundamentado en la creaci\u00f3n de relaciones significativas, pasamos de la <strong>observaci\u00f3n del comportamiento a la modificaci\u00f3n del comportamiento<\/strong>, aportando a la generaci\u00f3n de una cultura de SST basada en un cuidado por la vida, un lenguaje transformador y creativo con sentido de vida.<\/p>\n<p>Su metodolog\u00eda basada en el ciclo de la comunicaci\u00f3n y su lema \u201cMi inter\u00e9s puesto en el otro\u201d permiten su trazabilidad como indicador de adaptabilidad en una organizaci\u00f3n.<\/p>\n<h2>Plataforma: Academia Renovando Conciencia<\/h2>\n<p>Concientes de nuestro legado y del aporte a la generaci\u00f3n de nuevos esquemas ajustados a una nueva realidad laboral, hemos creado nuestra plataforma para <strong>multiplicar una nueva filosof\u00eda en SST<\/strong> con esquemas de formaci\u00f3n orientados con narrativas propias, resultados a corto plazo y sobre todo con una orientaci\u00f3n desde lo profesional y lo personal.\u00a0 Dise\u00f1amos y desarrollamos los procesos de acuerdo a\u00a0 las necesidades y pol\u00edticas de cada organizaci\u00f3n.<\/p>\n<p>Fundamentamos toda la formaci\u00f3n desde lo individual a lo colectivo y rescatamos las historias para generar cambios en la conciencia del humano.<\/p>\n<p>\t\t\t\t\t\t\t\t\t\t\t\t\t\t\t<img decoding=\"async\" width=\"729\" height=\"491\" src=\"https:\/\/pruebaswhisper.xyz\/renovandocon\/wp-content\/uploads\/2021\/11\/Soluciones-Plataforma-Academia.jpg\" alt=\"\" loading=\"lazy\" srcset=\"https:\/\/pruebaswhisper.xyz\/renovandocon\/wp-content\/uploads\/2021\/11\/Soluciones-Plataforma-Academia.jpg 729w, https:\/\/pruebaswhisper.xyz\/renovandocon\/wp-content\/uploads\/2021\/11\/Soluciones-Plataforma-Academia-493x332.jpg 493w, https:\/\/pruebaswhisper.xyz\/renovandocon\/wp-content\/uploads\/2021\/11\/Soluciones-Plataforma-Academia-600x404.jpg 600w, https:\/\/pruebaswhisper.xyz\/renovandocon\/wp-content\/uploads\/2021\/11\/Soluciones-Plataforma-Academia-300x202.jpg 300w\" sizes=\"auto, (max-width: 729px) 100vw, 729px\" \/><br \/>\n\t\t\t\t\t\t\t\t\t\t\t\t\t\t\t<img decoding=\"async\" width=\"729\" height=\"491\" src=\"https:\/\/pruebaswhisper.xyz\/renovandocon\/wp-content\/uploads\/2021\/11\/Soluciones-ConecSER.jpg\" alt=\"\" loading=\"lazy\" srcset=\"https:\/\/pruebaswhisper.xyz\/renovandocon\/wp-content\/uploads\/2021\/11\/Soluciones-ConecSER.jpg 729w, https:\/\/pruebaswhisper.xyz\/renovandocon\/wp-content\/uploads\/2021\/11\/Soluciones-ConecSER-493x332.jpg 493w, https:\/\/pruebaswhisper.xyz\/renovandocon\/wp-content\/uploads\/2021\/11\/Soluciones-ConecSER-600x404.jpg 600w, https:\/\/pruebaswhisper.xyz\/renovandocon\/wp-content\/uploads\/2021\/11\/Soluciones-ConecSER-300x202.jpg 300w\" sizes=\"auto, (max-width: 729px) 100vw, 729px\" \/>\t\t\t\t\t\t\t\t\t\t\t\t\t\t\t<\/p>\n<h2>Modelo conectarSER:  Sostenibilidad a los procesos de Formaci\u00f3n y Desarrollo<\/h2>\n<p>Producto innovador que le genera a la organizaci\u00f3n adaptabilidad y sostenibilidad, a partir de crear espacios de <strong>convivencia, pertenencia y compromiso<\/strong> en toda la comunidad. Son programas dise\u00f1ados en medio de la naturaleza donde se facilita la integraci\u00f3n, se fortalece la conexi\u00f3n de todo un equipo y se integran elementos dentro del esquema de formaci\u00f3n, con las estrategias y prop\u00f3sitos de la organizaci\u00f3n, generando resultados visibles.<\/p>\n<p>Conoce aqu\u00ed <a style=\"color: #6c217e;\" href=\"https:\/\/fincatawa.com\/\" target=\"_blank\" rel=\"noopener\"><strong>Nuestra Sede<\/strong><\/a>, su lugar para <strong>conectarSER<\/strong>.<\/p>\n<h2>Metodolog\u00eda Party Work Game<\/h2>\n<p>Vive la experiencia de conocerte a trav\u00e9s de tres juegos de mesa inspirados en preferencias cerebrales <b>(Desc\u00fabrete)<\/b>, Enegrama (<b>Libertad en la Jungla)<\/b> y Leyes Universales <b>(La Ruta Universal)<\/b>.<\/p>\n<p>Es una metodolog\u00eda construida para elevar el nivel de desarrollo personal de los integrantes de una organizaci\u00f3n orientada al autoconocimiento, autoconciencia y autonom\u00eda con el fin de generar un liderazgo con compromiso emocional y pertenencia en tiempo real.<\/p>\n<p>\t\t\t<a href=\"https:\/\/partyworkgame.com\/\" target=\"_blank\" rel=\"nofollow noopener\" role=\"button\"><br \/>\n\t\t\t\t\t\tConocer m\u00e1s<br \/>\n\t\t\t\t\t<\/a><br \/>\n\t\t\t\t\t\t\t\t\t\t\t\t\t\t\t<img decoding=\"async\" width=\"729\" height=\"490\" src=\"https:\/\/pruebaswhisper.xyz\/renovandocon\/wp-content\/uploads\/2021\/11\/Party-Work-Game.png\" alt=\"\" loading=\"lazy\" srcset=\"https:\/\/pruebaswhisper.xyz\/renovandocon\/wp-content\/uploads\/2021\/11\/Party-Work-Game.png 729w, https:\/\/pruebaswhisper.xyz\/renovandocon\/wp-content\/uploads\/2021\/11\/Party-Work-Game-493x331.png 493w, https:\/\/pruebaswhisper.xyz\/renovandocon\/wp-content\/uploads\/2021\/11\/Party-Work-Game-600x403.png 600w, https:\/\/pruebaswhisper.xyz\/renovandocon\/wp-content\/uploads\/2021\/11\/Party-Work-Game-300x202.png 300w\" sizes=\"auto, (max-width: 729px) 100vw, 729px\" \/><br \/>\n\t\t\t\t\t\t\t\t\t\t\t\t\t\t\t<img decoding=\"async\" width=\"729\" height=\"491\" src=\"https:\/\/pruebaswhisper.xyz\/renovandocon\/wp-content\/uploads\/2021\/11\/Soluciones-Formador-de-formadores.jpg\" alt=\"Soluciones-Formador-de-formadores\" loading=\"lazy\" srcset=\"https:\/\/pruebaswhisper.xyz\/renovandocon\/wp-content\/uploads\/2021\/11\/Soluciones-Formador-de-formadores.jpg 729w, https:\/\/pruebaswhisper.xyz\/renovandocon\/wp-content\/uploads\/2021\/11\/Soluciones-Formador-de-formadores-493x332.jpg 493w, https:\/\/pruebaswhisper.xyz\/renovandocon\/wp-content\/uploads\/2021\/11\/Soluciones-Formador-de-formadores-600x404.jpg 600w, https:\/\/pruebaswhisper.xyz\/renovandocon\/wp-content\/uploads\/2021\/11\/Soluciones-Formador-de-formadores-300x202.jpg 300w\" sizes=\"auto, (max-width: 729px) 100vw, 729px\" \/>\t\t\t\t\t\t\t\t\t\t\t\t\t\t\t<\/p>\n<h2>Formador de Formadores<\/h2>\n<p>Es un proceso de transferencia del \u201c<b>Modelo SST un sentido de vida<\/b>\u201d , para darle continuidad a la generaci\u00f3n de cultura con personal interno formado y especializado para tal fin.\u00a0 Desarrollamos las habilidades, conocimientos y estrategias para construir el sostenimiento a los procesos de desarrollo y evoluci\u00f3n personal, en el contexto de la seguridad y la salud en el trabajo.<\/p>\n<p>https:\/\/www.youtube.com\/watch?v=lpintstvV1k<\/p>\n","protected":false},"excerpt":{"rendered":"<p>Soluciones Renovando Conciencia es la primera opci\u00f3n para encontrar soluciones a temas de cultura, comportamientos y aprendizajes, su herramienta fundamental est\u00e1 centrada en elevar los niveles de conciencia en toda\u00a0 la organizaci\u00f3n y su trazabilidad; generamos resultados basados en la experiencia y generamos sostenibilidad. Modelo Seguridad Sentido de Vida El modelo de seguridad sentido de [&hellip;]<\/p>\n","protected":false},"author":1,"featured_media":0,"parent":0,"menu_order":0,"comment_status":"closed","ping_status":"closed","template":"","meta":{"footnotes":""},"class_list":["post-739","page","type-page","status-publish","hentry"],"_links":{"self":[{"href":"https:\/\/pruebaswhisper.xyz\/renovandocon\/wp-json\/wp\/v2\/pages\/739","targetHints":{"allow":["GET"]}}],"collection":[{"href":"https:\/\/pruebaswhisper.xyz\/renovandocon\/wp-json\/wp\/v2\/pages"}],"about":[{"href":"https:\/\/pruebaswhisper.xyz\/renovandocon\/wp-json\/wp\/v2\/types\/page"}],"author":[{"embeddable":true,"href":"https:\/\/pruebaswhisper.xyz\/renovandocon\/wp-json\/wp\/v2\/users\/1"}],"replies":[{"embeddable":true,"href":"https:\/\/pruebaswhisper.xyz\/renovandocon\/wp-json\/wp\/v2\/comments?post=739"}],"version-history":[{"count":139,"href":"https:\/\/pruebaswhisper.xyz\/renovandocon\/wp-json\/wp\/v2\/pages\/739\/revisions"}],"predecessor-version":[{"id":1442,"href":"https:\/\/pruebaswhisper.xyz\/renovandocon\/wp-json\/wp\/v2\/pages\/739\/revisions\/1442"}],"wp:attachment":[{"href":"https:\/\/pruebaswhisper.xyz\/renovandocon\/wp-json\/wp\/v2\/media?parent=739"}],"curies":[{"name":"wp","href":"https:\/\/api.w.org\/{rel}","templated":true}]}}