{"id":152,"date":"2020-03-11T15:26:54","date_gmt":"2020-03-11T14:26:54","guid":{"rendered":"http:\/\/pypgroupsas.com\/sader\/?page_id=152"},"modified":"2020-05-13T22:39:46","modified_gmt":"2020-05-13T20:39:46","slug":"nosotros","status":"publish","type":"page","link":"https:\/\/pruebaswhisper.xyz\/saderma-old\/nosotros\/","title":{"rendered":"Nosotros"},"content":{"rendered":"\n\t<h1><strong>\u00bfQUI\u00c9NES SOMOS?<\/strong><\/h1>\n\t<p>LABORATORIO\u00a0DERMATOL\u00d3GICO<\/p>\n\t<p>Somos una compa\u00f1\u00eda joven fundada en Chile y registrada en Colombia en el 2015 por un ingeniero industrial con car\u00e1cter innovador, con la asesor\u00eda de un grupo de m\u00e9dicos especialistas en la piel, comprometidos con la salud dermatol\u00f3gica.<\/p>\n<p>SADERMA. S.A.S nace como una empresa con desarrollo tecnol\u00f3gico y cient\u00edfico con el objeto de mejorar los tratamientos dermocosm\u00e9ticos con respaldo cient\u00edfico que ayuden a mantener una piel sana y radiante a la poblaci\u00f3n en general.<\/p>\n\t<h2>MISI\u00d3N<\/h2>\n\t<p>Adquirir una experiencia \u00fanica en la biolog\u00eda de la piel al servicio de la dermatolog\u00eda, inspirarnos en la investigaci\u00f3n y el desarrollo de productos dermocosm\u00e9ticos que ayuden a mantener una piel sana y radiante a la poblaci\u00f3n en general.<\/p>\n\t<h2>VISI\u00d3N<\/h2>\n\t<p>Ser reconocido en el 2.021 como el primer laboratorio dermocosmetico en Latinoam\u00e9rica, comprometido con la responsabilidad social, la promoci\u00f3n y prevenci\u00f3n de los riesgos funcionales de la piel.<\/p>\n\t<p>\u201cLa piel es el espejo que habla de nuestra vida, cu\u00eddala para que no hable de tu edad.\u201d<\/p>\n\t\t\t\t<img loading=\"lazy\" decoding=\"async\" src=\"https:\/\/pruebaswhisper.xyz\/saderma-old\/wp-content\/uploads\/2020\/03\/icon3.png\" alt=\"icon3\" itemprop=\"image\" height=\"157\" width=\"150\" title=\"icon3\" onerror=\"this.style.display='none'\"  \/>\n\t<p><strong>NUESTRA<\/strong> RESPONSABILIDAD<\/p>\n\t<p>Desarrollar soluciones dermocosm\u00e9tica eficaces para una variedad amplia de alteraciones cut\u00e1neas con el acompa\u00f1amiento del especialista de la piel.<\/p>\n\t\t\t\t<img loading=\"lazy\" decoding=\"async\" src=\"https:\/\/pruebaswhisper.xyz\/saderma-old\/wp-content\/uploads\/2020\/03\/icon2.png\" alt=\"icon2\" itemprop=\"image\" height=\"157\" width=\"150\" title=\"icon2\" onerror=\"this.style.display='none'\"  \/>\n\t<p><strong>NUESTROS <\/strong>PRODUCTOS<\/p>\n\t<p>Conoce todo sobre nuestros producto dermacosm\u00e9ticos, para el cuidado y la prevenci\u00f3n de los riesgos funcionales de la piel.<\/p>\n\t\t\t\t<img loading=\"lazy\" decoding=\"async\" src=\"https:\/\/pruebaswhisper.xyz\/saderma-old\/wp-content\/uploads\/2020\/03\/icon.png\" alt=\"icon\" itemprop=\"image\" height=\"157\" width=\"150\" title=\"icon\" onerror=\"this.style.display='none'\"  \/>\n\t<p><strong>PUNTOS<\/strong> SADERMA<\/p>\n\t<p>Premiamos tu fidelidad, con nuestro programa prevent SADERMA acumula puntos con tus compras y disfruta de grandes beneficios para el cuidado de tu piel.<\/p>\n\t\t\t\t<img loading=\"lazy\" decoding=\"async\" src=\"https:\/\/pruebaswhisper.xyz\/saderma-old\/wp-content\/uploads\/2020\/04\/mujer-con-fondo-2.png\" alt=\"mujer-con-fondo-2\" itemprop=\"image\" height=\"539\" width=\"500\" title=\"mujer-con-fondo-2\" onerror=\"this.style.display='none'\"  \/>\n\t<h2>Principios empresariales<\/h2>\n\t<p>Laboratorio Saderma S.A.S, posee la voluntad de aplicar cuatro principios de responsabilidad social como gesti\u00f3n empresarial.<\/p>\n\t\t\t\t<img loading=\"lazy\" decoding=\"async\" src=\"https:\/\/pruebaswhisper.xyz\/saderma-old\/wp-content\/uploads\/2020\/03\/social4-1.jpg\" alt=\"social4-1\" itemprop=\"image\" height=\"302\" width=\"300\" title=\"social4-1\" onerror=\"this.style.display='none'\"  \/>\n\t<h3><strong>Responsabilidad social<\/strong><\/h3>\n\t<p>Estructurar un programa especializado en responsabilidad social empresarial, enfocado en pacientes con quemaduras agudas, el cual se ver\u00e1 reflejado con donaciones voluntarias de producto a fundaciones de quemados en Colombia, tales como cremas protectoras del sol, cremas hidratantes, y todo \u00a0producto que sea elaborado, por Laboratorio Dermatol\u00f3gico Saderma.<\/p>\n\t\t\t\t<img loading=\"lazy\" decoding=\"async\" src=\"https:\/\/pruebaswhisper.xyz\/saderma-old\/wp-content\/uploads\/2020\/03\/social2-1.jpg\" alt=\"social2-1\" itemprop=\"image\" height=\"302\" width=\"300\" title=\"social2-1\" onerror=\"this.style.display='none'\"  \/>\n\t<h3><strong>Responsabilidad legal<\/strong><\/h3>\n\t<p>Cumplir estrictamente con las disposiciones normativas que reglamentan los aspectos sanitarios en materia de productos dermocosm\u00e9ticos en Colombia y en los pa\u00edses miembros de la comunidad andina de naciones (CAN), por consiguiente cumpliremos al m\u00e1ximo con las certificaciones t\u00e9cnicas que legitime que nuestros productos dermocosm\u00e9ticos que investigamos, fabricamos, y comercializaremos en el pa\u00eds cuentan con las condiciones \u00f3ptimas de calidad y observancia por parte de los entes de vigilancia sanitaria.<\/p>\n\t\t\t\t<img loading=\"lazy\" decoding=\"async\" src=\"https:\/\/pruebaswhisper.xyz\/saderma-old\/wp-content\/uploads\/2020\/03\/social1.jpg\" alt=\"social1\" itemprop=\"image\" height=\"302\" width=\"300\" title=\"social1\" onerror=\"this.style.display='none'\"  \/>\n\t<h3><strong>Responsabilidades \u00e9ticas<\/strong><\/h3>\n\t<p>Nuestro principio \u00e9tico estar\u00e1 acorde con la moral de la empresa de hacer las cosas correctamente y justas, que eviten enga\u00f1ar y hacer da\u00f1o a terceros con la utilizaci\u00f3n de nuestros productos dermocosm\u00e9ticos.<\/p>\n\t\t\t\t<img loading=\"lazy\" decoding=\"async\" src=\"https:\/\/pruebaswhisper.xyz\/saderma-old\/wp-content\/uploads\/2020\/03\/social3-1.jpg\" alt=\"social3-1\" itemprop=\"image\" height=\"302\" width=\"300\" title=\"social3-1\" onerror=\"this.style.display='none'\"  \/>\n\t<h3><strong>Responsabilidad educativa<\/strong><\/h3>\n\t<p>Laboratorio Dermatol\u00f3gico SADERMA S.A.S. y todo su equipo de colaboradores tendr\u00e1n como objetivo fundamental promover la salud dermatol\u00f3gica como principio \u00e9tico y moral con herramientas practicas de informaci\u00f3n virtual de f\u00e1cil entendimiento por parte del la poblaci\u00f3n, con el objeto de educar sobre las conductas de protecci\u00f3n personal y el cuidado de la piel, la restauraci\u00f3n o conservaci\u00f3n de la salud dermatol\u00f3gica y la belleza.<\/p>\n","protected":false},"excerpt":{"rendered":"<p>\u00bfQUI\u00c9NES SOMOS? LABORATORIO\u00a0DERMATOL\u00d3GICO Somos una compa\u00f1\u00eda joven fundada en Chile y registrada en Colombia en el 2015 por un ingeniero industrial con car\u00e1cter innovador, con la asesor\u00eda de un grupo de m\u00e9dicos especialistas en la piel, comprometidos con la salud dermatol\u00f3gica. SADERMA. S.A.S nace como una empresa con desarrollo tecnol\u00f3gico y cient\u00edfico con el objeto [&hellip;]<\/p>\n","protected":false},"author":1,"featured_media":0,"parent":0,"menu_order":0,"comment_status":"closed","ping_status":"closed","template":"template-fullwidth.php","meta":{"_acf_changed":false,"footnotes":""},"acf":[],"yoast_head":"<!-- This site is optimized with the Yoast SEO plugin v22.9 - https:\/\/yoast.com\/wordpress\/plugins\/seo\/ -->\n<title>Nosotros - Saderma Laboratorio Dermatologico<\/title>\n<meta name=\"robots\" content=\"noindex, follow, max-snippet:-1, max-image-preview:large, max-video-preview:-1\" \/>\n<meta property=\"og:locale\" content=\"es_ES\" \/>\n<meta property=\"og:type\" content=\"article\" \/>\n<meta property=\"og:title\" content=\"Nosotros - Saderma Laboratorio Dermatologico\" \/>\n<meta property=\"og:description\" content=\"\u00bfQUI\u00c9NES SOMOS? LABORATORIO\u00a0DERMATOL\u00d3GICO Somos una compa\u00f1\u00eda joven fundada en Chile y registrada en Colombia en el 2015 por un ingeniero industrial con car\u00e1cter innovador, con la asesor\u00eda de un grupo de m\u00e9dicos especialistas en la piel, comprometidos con la salud dermatol\u00f3gica. SADERMA. S.A.S nace como una empresa con desarrollo tecnol\u00f3gico y cient\u00edfico con el objeto [&hellip;]\" \/>\n<meta property=\"og:url\" content=\"https:\/\/pruebaswhisper.xyz\/saderma-old\/nosotros\/\" \/>\n<meta property=\"og:site_name\" content=\"Saderma Laboratorio Dermatologico\" \/>\n<meta property=\"article:modified_time\" content=\"2020-05-13T20:39:46+00:00\" \/>\n<meta property=\"og:image\" content=\"https:\/\/pruebaswhisper.xyz\/saderma-old\/wp-content\/uploads\/2020\/03\/icon3.png\" \/>\n<meta name=\"twitter:card\" content=\"summary_large_image\" \/>\n<meta name=\"twitter:label1\" content=\"Tiempo de lectura\" \/>\n\t<meta name=\"twitter:data1\" content=\"3 minutos\" \/>\n<script type=\"application\/ld+json\" class=\"yoast-schema-graph\">{\"@context\":\"https:\/\/schema.org\",\"@graph\":[{\"@type\":\"WebPage\",\"@id\":\"https:\/\/pruebaswhisper.xyz\/saderma-old\/nosotros\/\",\"url\":\"https:\/\/pruebaswhisper.xyz\/saderma-old\/nosotros\/\",\"name\":\"Nosotros - Saderma Laboratorio Dermatologico\",\"isPartOf\":{\"@id\":\"https:\/\/pruebaswhisper.xyz\/saderma-old\/#website\"},\"primaryImageOfPage\":{\"@id\":\"https:\/\/pruebaswhisper.xyz\/saderma-old\/nosotros\/#primaryimage\"},\"image\":{\"@id\":\"https:\/\/pruebaswhisper.xyz\/saderma-old\/nosotros\/#primaryimage\"},\"thumbnailUrl\":\"https:\/\/pruebaswhisper.xyz\/saderma-old\/wp-content\/uploads\/2020\/03\/icon3.png\",\"datePublished\":\"2020-03-11T14:26:54+00:00\",\"dateModified\":\"2020-05-13T20:39:46+00:00\",\"breadcrumb\":{\"@id\":\"https:\/\/pruebaswhisper.xyz\/saderma-old\/nosotros\/#breadcrumb\"},\"inLanguage\":\"es\",\"potentialAction\":[{\"@type\":\"ReadAction\",\"target\":[\"https:\/\/pruebaswhisper.xyz\/saderma-old\/nosotros\/\"]}]},{\"@type\":\"ImageObject\",\"inLanguage\":\"es\",\"@id\":\"https:\/\/pruebaswhisper.xyz\/saderma-old\/nosotros\/#primaryimage\",\"url\":\"https:\/\/pruebaswhisper.xyz\/saderma-old\/wp-content\/uploads\/2020\/03\/icon3.png\",\"contentUrl\":\"https:\/\/pruebaswhisper.xyz\/saderma-old\/wp-content\/uploads\/2020\/03\/icon3.png\",\"width\":150,\"height\":157},{\"@type\":\"BreadcrumbList\",\"@id\":\"https:\/\/pruebaswhisper.xyz\/saderma-old\/nosotros\/#breadcrumb\",\"itemListElement\":[{\"@type\":\"ListItem\",\"position\":1,\"name\":\"Portada\",\"item\":\"https:\/\/pruebaswhisper.xyz\/saderma-old\/\"},{\"@type\":\"ListItem\",\"position\":2,\"name\":\"Nosotros\"}]},{\"@type\":\"WebSite\",\"@id\":\"https:\/\/pruebaswhisper.xyz\/saderma-old\/#website\",\"url\":\"https:\/\/pruebaswhisper.xyz\/saderma-old\/\",\"name\":\"Saderma Laboratorio Dermatologico\",\"description\":\"Saderma Skin care Productos para el cuidado de la piel , cremas antiedad  y anti manchas Newderm con vitamina c cremas hidratantes  con acido Hialuronico Hyderm, protector solar Sunfeel ,Contorno de ojos anti arrugas Tensoderm\",\"publisher\":{\"@id\":\"https:\/\/pruebaswhisper.xyz\/saderma-old\/#organization\"},\"potentialAction\":[{\"@type\":\"SearchAction\",\"target\":{\"@type\":\"EntryPoint\",\"urlTemplate\":\"https:\/\/pruebaswhisper.xyz\/saderma-old\/?s={search_term_string}\"},\"query-input\":\"required name=search_term_string\"}],\"inLanguage\":\"es\"},{\"@type\":\"Organization\",\"@id\":\"https:\/\/pruebaswhisper.xyz\/saderma-old\/#organization\",\"name\":\"Saderma Laboratorio Dermatologico\",\"url\":\"https:\/\/pruebaswhisper.xyz\/saderma-old\/\",\"logo\":{\"@type\":\"ImageObject\",\"inLanguage\":\"es\",\"@id\":\"https:\/\/pruebaswhisper.xyz\/saderma-old\/#\/schema\/logo\/image\/\",\"url\":\"https:\/\/pruebaswhisper.xyz\/saderma-old\/wp-content\/uploads\/2020\/03\/cropped-logo-300.png\",\"contentUrl\":\"https:\/\/pruebaswhisper.xyz\/saderma-old\/wp-content\/uploads\/2020\/03\/cropped-logo-300.png\",\"width\":333,\"height\":78,\"caption\":\"Saderma Laboratorio Dermatologico\"},\"image\":{\"@id\":\"https:\/\/pruebaswhisper.xyz\/saderma-old\/#\/schema\/logo\/image\/\"}}]}<\/script>\n<!-- \/ Yoast SEO plugin. -->","yoast_head_json":{"title":"Nosotros - Saderma Laboratorio Dermatologico","robots":{"index":"noindex","follow":"follow","max-snippet":"max-snippet:-1","max-image-preview":"max-image-preview:large","max-video-preview":"max-video-preview:-1"},"og_locale":"es_ES","og_type":"article","og_title":"Nosotros - Saderma Laboratorio Dermatologico","og_description":"\u00bfQUI\u00c9NES SOMOS? LABORATORIO\u00a0DERMATOL\u00d3GICO Somos una compa\u00f1\u00eda joven fundada en Chile y registrada en Colombia en el 2015 por un ingeniero industrial con car\u00e1cter innovador, con la asesor\u00eda de un grupo de m\u00e9dicos especialistas en la piel, comprometidos con la salud dermatol\u00f3gica. SADERMA. S.A.S nace como una empresa con desarrollo tecnol\u00f3gico y cient\u00edfico con el objeto [&hellip;]","og_url":"https:\/\/pruebaswhisper.xyz\/saderma-old\/nosotros\/","og_site_name":"Saderma Laboratorio Dermatologico","article_modified_time":"2020-05-13T20:39:46+00:00","og_image":[{"url":"https:\/\/pruebaswhisper.xyz\/saderma-old\/wp-content\/uploads\/2020\/03\/icon3.png"}],"twitter_card":"summary_large_image","twitter_misc":{"Tiempo de lectura":"3 minutos"},"schema":{"@context":"https:\/\/schema.org","@graph":[{"@type":"WebPage","@id":"https:\/\/pruebaswhisper.xyz\/saderma-old\/nosotros\/","url":"https:\/\/pruebaswhisper.xyz\/saderma-old\/nosotros\/","name":"Nosotros - Saderma Laboratorio Dermatologico","isPartOf":{"@id":"https:\/\/pruebaswhisper.xyz\/saderma-old\/#website"},"primaryImageOfPage":{"@id":"https:\/\/pruebaswhisper.xyz\/saderma-old\/nosotros\/#primaryimage"},"image":{"@id":"https:\/\/pruebaswhisper.xyz\/saderma-old\/nosotros\/#primaryimage"},"thumbnailUrl":"https:\/\/pruebaswhisper.xyz\/saderma-old\/wp-content\/uploads\/2020\/03\/icon3.png","datePublished":"2020-03-11T14:26:54+00:00","dateModified":"2020-05-13T20:39:46+00:00","breadcrumb":{"@id":"https:\/\/pruebaswhisper.xyz\/saderma-old\/nosotros\/#breadcrumb"},"inLanguage":"es","potentialAction":[{"@type":"ReadAction","target":["https:\/\/pruebaswhisper.xyz\/saderma-old\/nosotros\/"]}]},{"@type":"ImageObject","inLanguage":"es","@id":"https:\/\/pruebaswhisper.xyz\/saderma-old\/nosotros\/#primaryimage","url":"https:\/\/pruebaswhisper.xyz\/saderma-old\/wp-content\/uploads\/2020\/03\/icon3.png","contentUrl":"https:\/\/pruebaswhisper.xyz\/saderma-old\/wp-content\/uploads\/2020\/03\/icon3.png","width":150,"height":157},{"@type":"BreadcrumbList","@id":"https:\/\/pruebaswhisper.xyz\/saderma-old\/nosotros\/#breadcrumb","itemListElement":[{"@type":"ListItem","position":1,"name":"Portada","item":"https:\/\/pruebaswhisper.xyz\/saderma-old\/"},{"@type":"ListItem","position":2,"name":"Nosotros"}]},{"@type":"WebSite","@id":"https:\/\/pruebaswhisper.xyz\/saderma-old\/#website","url":"https:\/\/pruebaswhisper.xyz\/saderma-old\/","name":"Saderma Laboratorio Dermatologico","description":"Saderma Skin care Productos para el cuidado de la piel , cremas antiedad  y anti manchas Newderm con vitamina c cremas hidratantes  con acido Hialuronico Hyderm, protector solar Sunfeel ,Contorno de ojos anti arrugas Tensoderm","publisher":{"@id":"https:\/\/pruebaswhisper.xyz\/saderma-old\/#organization"},"potentialAction":[{"@type":"SearchAction","target":{"@type":"EntryPoint","urlTemplate":"https:\/\/pruebaswhisper.xyz\/saderma-old\/?s={search_term_string}"},"query-input":"required name=search_term_string"}],"inLanguage":"es"},{"@type":"Organization","@id":"https:\/\/pruebaswhisper.xyz\/saderma-old\/#organization","name":"Saderma Laboratorio Dermatologico","url":"https:\/\/pruebaswhisper.xyz\/saderma-old\/","logo":{"@type":"ImageObject","inLanguage":"es","@id":"https:\/\/pruebaswhisper.xyz\/saderma-old\/#\/schema\/logo\/image\/","url":"https:\/\/pruebaswhisper.xyz\/saderma-old\/wp-content\/uploads\/2020\/03\/cropped-logo-300.png","contentUrl":"https:\/\/pruebaswhisper.xyz\/saderma-old\/wp-content\/uploads\/2020\/03\/cropped-logo-300.png","width":333,"height":78,"caption":"Saderma Laboratorio Dermatologico"},"image":{"@id":"https:\/\/pruebaswhisper.xyz\/saderma-old\/#\/schema\/logo\/image\/"}}]}},"_links":{"self":[{"href":"https:\/\/pruebaswhisper.xyz\/saderma-old\/wp-json\/wp\/v2\/pages\/152"}],"collection":[{"href":"https:\/\/pruebaswhisper.xyz\/saderma-old\/wp-json\/wp\/v2\/pages"}],"about":[{"href":"https:\/\/pruebaswhisper.xyz\/saderma-old\/wp-json\/wp\/v2\/types\/page"}],"author":[{"embeddable":true,"href":"https:\/\/pruebaswhisper.xyz\/saderma-old\/wp-json\/wp\/v2\/users\/1"}],"replies":[{"embeddable":true,"href":"https:\/\/pruebaswhisper.xyz\/saderma-old\/wp-json\/wp\/v2\/comments?post=152"}],"version-history":[{"count":7,"href":"https:\/\/pruebaswhisper.xyz\/saderma-old\/wp-json\/wp\/v2\/pages\/152\/revisions"}],"predecessor-version":[{"id":689,"href":"https:\/\/pruebaswhisper.xyz\/saderma-old\/wp-json\/wp\/v2\/pages\/152\/revisions\/689"}],"wp:attachment":[{"href":"https:\/\/pruebaswhisper.xyz\/saderma-old\/wp-json\/wp\/v2\/media?parent=152"}],"curies":[{"name":"wp","href":"https:\/\/api.w.org\/{rel}","templated":true}]}}