{"id":2304,"date":"2021-12-23T16:42:14","date_gmt":"2021-12-23T21:42:14","guid":{"rendered":"https:\/\/pruebaswhisper.xyz\/saderma-old\/?post_type=product&#038;p=2304"},"modified":"2024-03-14T15:54:08","modified_gmt":"2024-03-14T20:54:08","slug":"kit-renovador","status":"publish","type":"product","link":"https:\/\/pruebaswhisper.xyz\/saderma-old\/producto\/kit-renovador\/","title":{"rendered":"KIT 1 RENOVADOR todo tipo de piel"},"content":{"rendered":"<p>Este magn\u00edfico KIT RENOVADOR para todo tipo de piel, prevenci\u00f3n en pieles j\u00f3venes e hidrataci\u00f3n en pieles maduras.\u00a0 Contiene:<\/p>\n<p>SANDET: todo tipo de Piel: elaborado a base de extractos naturales que remueven de forma segura las impurezas, excesos de grasa y c\u00e9lulas muertas de la piel sin alterar el manto lip\u00eddico.<\/p>\n<p>HYDERM: con propiedades Filmogenas (retiene la humedad natural de la piel), brindando una hidrataci\u00f3n \u00f3ptima durante el d\u00eda.<\/p>\n<p>TENSODERM: Rellena las arrugas desde el interior, tanto en la frente como en el contorno de los ojos, para una piel visiblemente m\u00e1s tersa y densa, Aumenta significativamente la s\u00edntesis de col\u00e1geno I, III y IV.<\/p>\n","protected":false},"excerpt":{"rendered":"<p>Este magn\u00edfico KIT RENOVADOR para todo tipo de piel, prevenci\u00f3n en pieles j\u00f3venes e hidrataci\u00f3n en pieles maduras.\u00a0 Contiene: SANDET: todo tipo de Piel: elaborado a base de extractos naturales que remueven de forma segura las impurezas, excesos de grasa y c\u00e9lulas muertas de la piel sin alterar el manto lip\u00eddico. HYDERM: con propiedades Filmogenas [&hellip;]<\/p>\n","protected":false},"featured_media":2308,"template":"","meta":{"_acf_changed":false},"product_cat":[15,26,21,24],"product_tag":[40],"acf":[],"yoast_head":"<!-- This site is optimized with the Yoast SEO plugin v22.9 - https:\/\/yoast.com\/wordpress\/plugins\/seo\/ -->\n<title>KIT 1 RENOVADOR todo tipo de piel - Saderma Laboratorio Dermatologico<\/title>\n<meta name=\"robots\" content=\"noindex, follow, max-snippet:-1, max-image-preview:large, max-video-preview:-1\" \/>\n<meta property=\"og:locale\" content=\"es_ES\" \/>\n<meta property=\"og:type\" content=\"article\" \/>\n<meta property=\"og:title\" content=\"KIT 1 RENOVADOR todo tipo de piel - Saderma Laboratorio Dermatologico\" \/>\n<meta property=\"og:description\" content=\"Este magn\u00edfico KIT RENOVADOR para todo tipo de piel, prevenci\u00f3n en pieles j\u00f3venes e hidrataci\u00f3n en pieles maduras.\u00a0 Contiene: SANDET: todo tipo de Piel: elaborado a base de extractos naturales que remueven de forma segura las impurezas, excesos de grasa y c\u00e9lulas muertas de la piel sin alterar el manto lip\u00eddico. HYDERM: con propiedades Filmogenas [&hellip;]\" \/>\n<meta property=\"og:url\" content=\"https:\/\/pruebaswhisper.xyz\/saderma-old\/producto\/kit-renovador\/\" \/>\n<meta property=\"og:site_name\" content=\"Saderma Laboratorio Dermatologico\" \/>\n<meta property=\"article:modified_time\" content=\"2024-03-14T20:54:08+00:00\" \/>\n<meta property=\"og:image\" content=\"https:\/\/pruebaswhisper.xyz\/saderma-old\/wp-content\/uploads\/2021\/12\/KIT-1-RECORATDA.jpg\" \/>\n\t<meta property=\"og:image:width\" content=\"1181\" \/>\n\t<meta property=\"og:image:height\" content=\"1012\" \/>\n\t<meta property=\"og:image:type\" content=\"image\/jpeg\" \/>\n<meta name=\"twitter:card\" content=\"summary_large_image\" \/>\n<meta name=\"twitter:label1\" content=\"Tiempo de lectura\" \/>\n\t<meta name=\"twitter:data1\" content=\"1 minuto\" \/>\n<script type=\"application\/ld+json\" class=\"yoast-schema-graph\">{\"@context\":\"https:\/\/schema.org\",\"@graph\":[{\"@type\":\"WebPage\",\"@id\":\"https:\/\/pruebaswhisper.xyz\/saderma-old\/producto\/kit-renovador\/\",\"url\":\"https:\/\/pruebaswhisper.xyz\/saderma-old\/producto\/kit-renovador\/\",\"name\":\"KIT 1 RENOVADOR todo tipo de piel - Saderma Laboratorio Dermatologico\",\"isPartOf\":{\"@id\":\"https:\/\/pruebaswhisper.xyz\/saderma-old\/#website\"},\"primaryImageOfPage\":{\"@id\":\"https:\/\/pruebaswhisper.xyz\/saderma-old\/producto\/kit-renovador\/#primaryimage\"},\"image\":{\"@id\":\"https:\/\/pruebaswhisper.xyz\/saderma-old\/producto\/kit-renovador\/#primaryimage\"},\"thumbnailUrl\":\"https:\/\/pruebaswhisper.xyz\/saderma-old\/wp-content\/uploads\/2021\/12\/KIT-1-RECORATDA.jpg\",\"datePublished\":\"2021-12-23T21:42:14+00:00\",\"dateModified\":\"2024-03-14T20:54:08+00:00\",\"breadcrumb\":{\"@id\":\"https:\/\/pruebaswhisper.xyz\/saderma-old\/producto\/kit-renovador\/#breadcrumb\"},\"inLanguage\":\"es\",\"potentialAction\":[{\"@type\":\"ReadAction\",\"target\":[\"https:\/\/pruebaswhisper.xyz\/saderma-old\/producto\/kit-renovador\/\"]}]},{\"@type\":\"ImageObject\",\"inLanguage\":\"es\",\"@id\":\"https:\/\/pruebaswhisper.xyz\/saderma-old\/producto\/kit-renovador\/#primaryimage\",\"url\":\"https:\/\/pruebaswhisper.xyz\/saderma-old\/wp-content\/uploads\/2021\/12\/KIT-1-RECORATDA.jpg\",\"contentUrl\":\"https:\/\/pruebaswhisper.xyz\/saderma-old\/wp-content\/uploads\/2021\/12\/KIT-1-RECORATDA.jpg\",\"width\":1181,\"height\":1012},{\"@type\":\"BreadcrumbList\",\"@id\":\"https:\/\/pruebaswhisper.xyz\/saderma-old\/producto\/kit-renovador\/#breadcrumb\",\"itemListElement\":[{\"@type\":\"ListItem\",\"position\":1,\"name\":\"Portada\",\"item\":\"https:\/\/pruebaswhisper.xyz\/saderma-old\/\"},{\"@type\":\"ListItem\",\"position\":2,\"name\":\"Tienda\",\"item\":\"https:\/\/pruebaswhisper.xyz\/saderma-old\/tienda-laboratorio-dermatologico\/\"},{\"@type\":\"ListItem\",\"position\":3,\"name\":\"KIT 1 RENOVADOR todo tipo de piel\"}]},{\"@type\":\"WebSite\",\"@id\":\"https:\/\/pruebaswhisper.xyz\/saderma-old\/#website\",\"url\":\"https:\/\/pruebaswhisper.xyz\/saderma-old\/\",\"name\":\"Saderma Laboratorio Dermatologico\",\"description\":\"Saderma Skin care Productos para el cuidado de la piel , cremas antiedad  y anti manchas Newderm con vitamina c cremas hidratantes  con acido Hialuronico Hyderm, protector solar Sunfeel ,Contorno de ojos anti arrugas Tensoderm\",\"publisher\":{\"@id\":\"https:\/\/pruebaswhisper.xyz\/saderma-old\/#organization\"},\"potentialAction\":[{\"@type\":\"SearchAction\",\"target\":{\"@type\":\"EntryPoint\",\"urlTemplate\":\"https:\/\/pruebaswhisper.xyz\/saderma-old\/?s={search_term_string}\"},\"query-input\":\"required name=search_term_string\"}],\"inLanguage\":\"es\"},{\"@type\":\"Organization\",\"@id\":\"https:\/\/pruebaswhisper.xyz\/saderma-old\/#organization\",\"name\":\"Saderma Laboratorio Dermatologico\",\"url\":\"https:\/\/pruebaswhisper.xyz\/saderma-old\/\",\"logo\":{\"@type\":\"ImageObject\",\"inLanguage\":\"es\",\"@id\":\"https:\/\/pruebaswhisper.xyz\/saderma-old\/#\/schema\/logo\/image\/\",\"url\":\"https:\/\/pruebaswhisper.xyz\/saderma-old\/wp-content\/uploads\/2020\/03\/cropped-logo-300.png\",\"contentUrl\":\"https:\/\/pruebaswhisper.xyz\/saderma-old\/wp-content\/uploads\/2020\/03\/cropped-logo-300.png\",\"width\":333,\"height\":78,\"caption\":\"Saderma Laboratorio Dermatologico\"},\"image\":{\"@id\":\"https:\/\/pruebaswhisper.xyz\/saderma-old\/#\/schema\/logo\/image\/\"}}]}<\/script>\n<!-- \/ Yoast SEO plugin. -->","yoast_head_json":{"title":"KIT 1 RENOVADOR todo tipo de piel - Saderma Laboratorio Dermatologico","robots":{"index":"noindex","follow":"follow","max-snippet":"max-snippet:-1","max-image-preview":"max-image-preview:large","max-video-preview":"max-video-preview:-1"},"og_locale":"es_ES","og_type":"article","og_title":"KIT 1 RENOVADOR todo tipo de piel - Saderma Laboratorio Dermatologico","og_description":"Este magn\u00edfico KIT RENOVADOR para todo tipo de piel, prevenci\u00f3n en pieles j\u00f3venes e hidrataci\u00f3n en pieles maduras.\u00a0 Contiene: SANDET: todo tipo de Piel: elaborado a base de extractos naturales que remueven de forma segura las impurezas, excesos de grasa y c\u00e9lulas muertas de la piel sin alterar el manto lip\u00eddico. HYDERM: con propiedades Filmogenas [&hellip;]","og_url":"https:\/\/pruebaswhisper.xyz\/saderma-old\/producto\/kit-renovador\/","og_site_name":"Saderma Laboratorio Dermatologico","article_modified_time":"2024-03-14T20:54:08+00:00","og_image":[{"width":1181,"height":1012,"url":"https:\/\/pruebaswhisper.xyz\/saderma-old\/wp-content\/uploads\/2021\/12\/KIT-1-RECORATDA.jpg","type":"image\/jpeg"}],"twitter_card":"summary_large_image","twitter_misc":{"Tiempo de lectura":"1 minuto"},"schema":{"@context":"https:\/\/schema.org","@graph":[{"@type":"WebPage","@id":"https:\/\/pruebaswhisper.xyz\/saderma-old\/producto\/kit-renovador\/","url":"https:\/\/pruebaswhisper.xyz\/saderma-old\/producto\/kit-renovador\/","name":"KIT 1 RENOVADOR todo tipo de piel - Saderma Laboratorio Dermatologico","isPartOf":{"@id":"https:\/\/pruebaswhisper.xyz\/saderma-old\/#website"},"primaryImageOfPage":{"@id":"https:\/\/pruebaswhisper.xyz\/saderma-old\/producto\/kit-renovador\/#primaryimage"},"image":{"@id":"https:\/\/pruebaswhisper.xyz\/saderma-old\/producto\/kit-renovador\/#primaryimage"},"thumbnailUrl":"https:\/\/pruebaswhisper.xyz\/saderma-old\/wp-content\/uploads\/2021\/12\/KIT-1-RECORATDA.jpg","datePublished":"2021-12-23T21:42:14+00:00","dateModified":"2024-03-14T20:54:08+00:00","breadcrumb":{"@id":"https:\/\/pruebaswhisper.xyz\/saderma-old\/producto\/kit-renovador\/#breadcrumb"},"inLanguage":"es","potentialAction":[{"@type":"ReadAction","target":["https:\/\/pruebaswhisper.xyz\/saderma-old\/producto\/kit-renovador\/"]}]},{"@type":"ImageObject","inLanguage":"es","@id":"https:\/\/pruebaswhisper.xyz\/saderma-old\/producto\/kit-renovador\/#primaryimage","url":"https:\/\/pruebaswhisper.xyz\/saderma-old\/wp-content\/uploads\/2021\/12\/KIT-1-RECORATDA.jpg","contentUrl":"https:\/\/pruebaswhisper.xyz\/saderma-old\/wp-content\/uploads\/2021\/12\/KIT-1-RECORATDA.jpg","width":1181,"height":1012},{"@type":"BreadcrumbList","@id":"https:\/\/pruebaswhisper.xyz\/saderma-old\/producto\/kit-renovador\/#breadcrumb","itemListElement":[{"@type":"ListItem","position":1,"name":"Portada","item":"https:\/\/pruebaswhisper.xyz\/saderma-old\/"},{"@type":"ListItem","position":2,"name":"Tienda","item":"https:\/\/pruebaswhisper.xyz\/saderma-old\/tienda-laboratorio-dermatologico\/"},{"@type":"ListItem","position":3,"name":"KIT 1 RENOVADOR todo tipo de piel"}]},{"@type":"WebSite","@id":"https:\/\/pruebaswhisper.xyz\/saderma-old\/#website","url":"https:\/\/pruebaswhisper.xyz\/saderma-old\/","name":"Saderma Laboratorio Dermatologico","description":"Saderma Skin care Productos para el cuidado de la piel , cremas antiedad  y anti manchas Newderm con vitamina c cremas hidratantes  con acido Hialuronico Hyderm, protector solar Sunfeel ,Contorno de ojos anti arrugas Tensoderm","publisher":{"@id":"https:\/\/pruebaswhisper.xyz\/saderma-old\/#organization"},"potentialAction":[{"@type":"SearchAction","target":{"@type":"EntryPoint","urlTemplate":"https:\/\/pruebaswhisper.xyz\/saderma-old\/?s={search_term_string}"},"query-input":"required name=search_term_string"}],"inLanguage":"es"},{"@type":"Organization","@id":"https:\/\/pruebaswhisper.xyz\/saderma-old\/#organization","name":"Saderma Laboratorio Dermatologico","url":"https:\/\/pruebaswhisper.xyz\/saderma-old\/","logo":{"@type":"ImageObject","inLanguage":"es","@id":"https:\/\/pruebaswhisper.xyz\/saderma-old\/#\/schema\/logo\/image\/","url":"https:\/\/pruebaswhisper.xyz\/saderma-old\/wp-content\/uploads\/2020\/03\/cropped-logo-300.png","contentUrl":"https:\/\/pruebaswhisper.xyz\/saderma-old\/wp-content\/uploads\/2020\/03\/cropped-logo-300.png","width":333,"height":78,"caption":"Saderma Laboratorio Dermatologico"},"image":{"@id":"https:\/\/pruebaswhisper.xyz\/saderma-old\/#\/schema\/logo\/image\/"}}]}},"_links":{"self":[{"href":"https:\/\/pruebaswhisper.xyz\/saderma-old\/wp-json\/wp\/v2\/product\/2304"}],"collection":[{"href":"https:\/\/pruebaswhisper.xyz\/saderma-old\/wp-json\/wp\/v2\/product"}],"about":[{"href":"https:\/\/pruebaswhisper.xyz\/saderma-old\/wp-json\/wp\/v2\/types\/product"}],"wp:featuredmedia":[{"embeddable":true,"href":"https:\/\/pruebaswhisper.xyz\/saderma-old\/wp-json\/wp\/v2\/media\/2308"}],"wp:attachment":[{"href":"https:\/\/pruebaswhisper.xyz\/saderma-old\/wp-json\/wp\/v2\/media?parent=2304"}],"wp:term":[{"taxonomy":"product_cat","embeddable":true,"href":"https:\/\/pruebaswhisper.xyz\/saderma-old\/wp-json\/wp\/v2\/product_cat?post=2304"},{"taxonomy":"product_tag","embeddable":true,"href":"https:\/\/pruebaswhisper.xyz\/saderma-old\/wp-json\/wp\/v2\/product_tag?post=2304"}],"curies":[{"name":"wp","href":"https:\/\/api.w.org\/{rel}","templated":true}]}}