{"id":2656,"date":"2022-06-23T10:45:23","date_gmt":"2022-06-23T15:45:23","guid":{"rendered":"https:\/\/pruebaswhisper.xyz\/saderma-old\/?post_type=product&#038;p=2656"},"modified":"2024-08-01T02:15:00","modified_gmt":"2024-08-01T07:15:00","slug":"hyderm-advanced","status":"publish","type":"product","link":"https:\/\/pruebaswhisper.xyz\/saderma-old\/producto\/hyderm-advanced\/","title":{"rendered":"Hyderm Advanced"},"content":{"rendered":"<p><strong>Contenido neto:<\/strong> 30 mL<br \/>\n<strong>Registro INVIMA:<\/strong> NSOC05446-21CO<\/p>\n","protected":false},"excerpt":{"rendered":"<p><strong>S\u00e9rum hidratante, antioxidante con \u00e1cido<\/strong><b>hialur\u00f3nico<\/b><\/p>\n<p>Combina la mezcla compleja de amino\u00e1cidos, \u00e1cido hialur\u00f3nico y c\u00e9lulas madre vegetales que imitan el factor de hidrataci\u00f3n natural de la piel, aumentando la capacidad de retenci\u00f3n de humedad.<\/p>\n<p><strong><span style=\"color: #00bcbc;\">\u203a <\/span><\/strong> Asegura la hidrataci\u00f3n sostenida durante 48 Horas.<br \/>\n<strong><span style=\"color: #00bcbc;\">\u203a <\/span><\/strong> Combate el estr\u00e9s oxidativo inducido por los rayos UVA y algunos contaminantes como BaP (benzoapireno.).<br \/>\n<strong><span style=\"color: #00bcbc;\">\u203a <\/span><\/strong> Ayuda a la construcci\u00f3n de nuevos tejidos.<br \/>\n<strong><span style=\"color: #00bcbc;\">\u203a <\/span><\/strong> Rellena arrugas y corrige la p\u00e9rdida de luminosidad.<\/p>\n","protected":false},"featured_media":2657,"template":"","meta":{"_acf_changed":false},"product_cat":[24,34,25],"product_tag":[],"acf":[],"yoast_head":"<!-- This site is optimized with the Yoast SEO plugin v22.9 - https:\/\/yoast.com\/wordpress\/plugins\/seo\/ -->\n<title>Hyderm Advanced - Saderma Laboratorio Dermatologico<\/title>\n<meta name=\"robots\" content=\"noindex, follow, max-snippet:-1, max-image-preview:large, max-video-preview:-1\" \/>\n<meta property=\"og:locale\" content=\"es_ES\" \/>\n<meta property=\"og:type\" content=\"article\" \/>\n<meta property=\"og:title\" content=\"Hyderm Advanced - Saderma Laboratorio Dermatologico\" \/>\n<meta property=\"og:description\" content=\"S\u00e9rum hidratante, antioxidante con \u00e1cidohialur\u00f3nico  Combina la mezcla compleja de amino\u00e1cidos, \u00e1cido hialur\u00f3nico y c\u00e9lulas madre vegetales que imitan el factor de hidrataci\u00f3n natural de la piel, aumentando la capacidad de retenci\u00f3n de humedad.  \u203a Asegura la hidrataci\u00f3n sostenida durante 48 Horas. \u203a Combate el estr\u00e9s oxidativo inducido por los rayos UVA y algunos contaminantes como BaP (benzoapireno.). \u203a Ayuda a la construcci\u00f3n de nuevos tejidos. \u203a Rellena arrugas y corrige la p\u00e9rdida de luminosidad.\" \/>\n<meta property=\"og:url\" content=\"https:\/\/pruebaswhisper.xyz\/saderma-old\/producto\/hyderm-advanced\/\" \/>\n<meta property=\"og:site_name\" content=\"Saderma Laboratorio Dermatologico\" \/>\n<meta property=\"article:modified_time\" content=\"2024-08-01T07:15:00+00:00\" \/>\n<meta property=\"og:image\" content=\"https:\/\/pruebaswhisper.xyz\/saderma-old\/wp-content\/uploads\/2022\/06\/HYDERM-3.jpg\" \/>\n\t<meta property=\"og:image:width\" content=\"2000\" \/>\n\t<meta property=\"og:image:height\" content=\"2000\" \/>\n\t<meta property=\"og:image:type\" content=\"image\/jpeg\" \/>\n<meta name=\"twitter:card\" content=\"summary_large_image\" \/>\n<meta name=\"twitter:label1\" content=\"Tiempo de lectura\" \/>\n\t<meta name=\"twitter:data1\" content=\"1 minuto\" \/>\n<script type=\"application\/ld+json\" class=\"yoast-schema-graph\">{\"@context\":\"https:\/\/schema.org\",\"@graph\":[{\"@type\":\"WebPage\",\"@id\":\"https:\/\/pruebaswhisper.xyz\/saderma-old\/producto\/hyderm-advanced\/\",\"url\":\"https:\/\/pruebaswhisper.xyz\/saderma-old\/producto\/hyderm-advanced\/\",\"name\":\"Hyderm Advanced - Saderma Laboratorio Dermatologico\",\"isPartOf\":{\"@id\":\"https:\/\/pruebaswhisper.xyz\/saderma-old\/#website\"},\"primaryImageOfPage\":{\"@id\":\"https:\/\/pruebaswhisper.xyz\/saderma-old\/producto\/hyderm-advanced\/#primaryimage\"},\"image\":{\"@id\":\"https:\/\/pruebaswhisper.xyz\/saderma-old\/producto\/hyderm-advanced\/#primaryimage\"},\"thumbnailUrl\":\"https:\/\/pruebaswhisper.xyz\/saderma-old\/wp-content\/uploads\/2022\/06\/HYDERM-3.jpg\",\"datePublished\":\"2022-06-23T15:45:23+00:00\",\"dateModified\":\"2024-08-01T07:15:00+00:00\",\"breadcrumb\":{\"@id\":\"https:\/\/pruebaswhisper.xyz\/saderma-old\/producto\/hyderm-advanced\/#breadcrumb\"},\"inLanguage\":\"es\",\"potentialAction\":[{\"@type\":\"ReadAction\",\"target\":[\"https:\/\/pruebaswhisper.xyz\/saderma-old\/producto\/hyderm-advanced\/\"]}]},{\"@type\":\"ImageObject\",\"inLanguage\":\"es\",\"@id\":\"https:\/\/pruebaswhisper.xyz\/saderma-old\/producto\/hyderm-advanced\/#primaryimage\",\"url\":\"https:\/\/pruebaswhisper.xyz\/saderma-old\/wp-content\/uploads\/2022\/06\/HYDERM-3.jpg\",\"contentUrl\":\"https:\/\/pruebaswhisper.xyz\/saderma-old\/wp-content\/uploads\/2022\/06\/HYDERM-3.jpg\",\"width\":2000,\"height\":2000,\"caption\":\"HYDERM-3\"},{\"@type\":\"BreadcrumbList\",\"@id\":\"https:\/\/pruebaswhisper.xyz\/saderma-old\/producto\/hyderm-advanced\/#breadcrumb\",\"itemListElement\":[{\"@type\":\"ListItem\",\"position\":1,\"name\":\"Portada\",\"item\":\"https:\/\/pruebaswhisper.xyz\/saderma-old\/\"},{\"@type\":\"ListItem\",\"position\":2,\"name\":\"Tienda\",\"item\":\"https:\/\/pruebaswhisper.xyz\/saderma-old\/tienda-laboratorio-dermatologico\/\"},{\"@type\":\"ListItem\",\"position\":3,\"name\":\"Hyderm Advanced\"}]},{\"@type\":\"WebSite\",\"@id\":\"https:\/\/pruebaswhisper.xyz\/saderma-old\/#website\",\"url\":\"https:\/\/pruebaswhisper.xyz\/saderma-old\/\",\"name\":\"Saderma Laboratorio Dermatologico\",\"description\":\"Saderma Skin care Productos para el cuidado de la piel , cremas antiedad  y anti manchas Newderm con vitamina c cremas hidratantes  con acido Hialuronico Hyderm, protector solar Sunfeel ,Contorno de ojos anti arrugas Tensoderm\",\"publisher\":{\"@id\":\"https:\/\/pruebaswhisper.xyz\/saderma-old\/#organization\"},\"potentialAction\":[{\"@type\":\"SearchAction\",\"target\":{\"@type\":\"EntryPoint\",\"urlTemplate\":\"https:\/\/pruebaswhisper.xyz\/saderma-old\/?s={search_term_string}\"},\"query-input\":\"required name=search_term_string\"}],\"inLanguage\":\"es\"},{\"@type\":\"Organization\",\"@id\":\"https:\/\/pruebaswhisper.xyz\/saderma-old\/#organization\",\"name\":\"Saderma Laboratorio Dermatologico\",\"url\":\"https:\/\/pruebaswhisper.xyz\/saderma-old\/\",\"logo\":{\"@type\":\"ImageObject\",\"inLanguage\":\"es\",\"@id\":\"https:\/\/pruebaswhisper.xyz\/saderma-old\/#\/schema\/logo\/image\/\",\"url\":\"https:\/\/pruebaswhisper.xyz\/saderma-old\/wp-content\/uploads\/2020\/03\/cropped-logo-300.png\",\"contentUrl\":\"https:\/\/pruebaswhisper.xyz\/saderma-old\/wp-content\/uploads\/2020\/03\/cropped-logo-300.png\",\"width\":333,\"height\":78,\"caption\":\"Saderma Laboratorio Dermatologico\"},\"image\":{\"@id\":\"https:\/\/pruebaswhisper.xyz\/saderma-old\/#\/schema\/logo\/image\/\"}}]}<\/script>\n<!-- \/ Yoast SEO plugin. -->","yoast_head_json":{"title":"Hyderm Advanced - Saderma Laboratorio Dermatologico","robots":{"index":"noindex","follow":"follow","max-snippet":"max-snippet:-1","max-image-preview":"max-image-preview:large","max-video-preview":"max-video-preview:-1"},"og_locale":"es_ES","og_type":"article","og_title":"Hyderm Advanced - Saderma Laboratorio Dermatologico","og_description":"S\u00e9rum hidratante, antioxidante con \u00e1cidohialur\u00f3nico  Combina la mezcla compleja de amino\u00e1cidos, \u00e1cido hialur\u00f3nico y c\u00e9lulas madre vegetales que imitan el factor de hidrataci\u00f3n natural de la piel, aumentando la capacidad de retenci\u00f3n de humedad.  \u203a Asegura la hidrataci\u00f3n sostenida durante 48 Horas. \u203a Combate el estr\u00e9s oxidativo inducido por los rayos UVA y algunos contaminantes como BaP (benzoapireno.). \u203a Ayuda a la construcci\u00f3n de nuevos tejidos. \u203a Rellena arrugas y corrige la p\u00e9rdida de luminosidad.","og_url":"https:\/\/pruebaswhisper.xyz\/saderma-old\/producto\/hyderm-advanced\/","og_site_name":"Saderma Laboratorio Dermatologico","article_modified_time":"2024-08-01T07:15:00+00:00","og_image":[{"width":2000,"height":2000,"url":"https:\/\/pruebaswhisper.xyz\/saderma-old\/wp-content\/uploads\/2022\/06\/HYDERM-3.jpg","type":"image\/jpeg"}],"twitter_card":"summary_large_image","twitter_misc":{"Tiempo de lectura":"1 minuto"},"schema":{"@context":"https:\/\/schema.org","@graph":[{"@type":"WebPage","@id":"https:\/\/pruebaswhisper.xyz\/saderma-old\/producto\/hyderm-advanced\/","url":"https:\/\/pruebaswhisper.xyz\/saderma-old\/producto\/hyderm-advanced\/","name":"Hyderm Advanced - Saderma Laboratorio Dermatologico","isPartOf":{"@id":"https:\/\/pruebaswhisper.xyz\/saderma-old\/#website"},"primaryImageOfPage":{"@id":"https:\/\/pruebaswhisper.xyz\/saderma-old\/producto\/hyderm-advanced\/#primaryimage"},"image":{"@id":"https:\/\/pruebaswhisper.xyz\/saderma-old\/producto\/hyderm-advanced\/#primaryimage"},"thumbnailUrl":"https:\/\/pruebaswhisper.xyz\/saderma-old\/wp-content\/uploads\/2022\/06\/HYDERM-3.jpg","datePublished":"2022-06-23T15:45:23+00:00","dateModified":"2024-08-01T07:15:00+00:00","breadcrumb":{"@id":"https:\/\/pruebaswhisper.xyz\/saderma-old\/producto\/hyderm-advanced\/#breadcrumb"},"inLanguage":"es","potentialAction":[{"@type":"ReadAction","target":["https:\/\/pruebaswhisper.xyz\/saderma-old\/producto\/hyderm-advanced\/"]}]},{"@type":"ImageObject","inLanguage":"es","@id":"https:\/\/pruebaswhisper.xyz\/saderma-old\/producto\/hyderm-advanced\/#primaryimage","url":"https:\/\/pruebaswhisper.xyz\/saderma-old\/wp-content\/uploads\/2022\/06\/HYDERM-3.jpg","contentUrl":"https:\/\/pruebaswhisper.xyz\/saderma-old\/wp-content\/uploads\/2022\/06\/HYDERM-3.jpg","width":2000,"height":2000,"caption":"HYDERM-3"},{"@type":"BreadcrumbList","@id":"https:\/\/pruebaswhisper.xyz\/saderma-old\/producto\/hyderm-advanced\/#breadcrumb","itemListElement":[{"@type":"ListItem","position":1,"name":"Portada","item":"https:\/\/pruebaswhisper.xyz\/saderma-old\/"},{"@type":"ListItem","position":2,"name":"Tienda","item":"https:\/\/pruebaswhisper.xyz\/saderma-old\/tienda-laboratorio-dermatologico\/"},{"@type":"ListItem","position":3,"name":"Hyderm Advanced"}]},{"@type":"WebSite","@id":"https:\/\/pruebaswhisper.xyz\/saderma-old\/#website","url":"https:\/\/pruebaswhisper.xyz\/saderma-old\/","name":"Saderma Laboratorio Dermatologico","description":"Saderma Skin care Productos para el cuidado de la piel , cremas antiedad  y anti manchas Newderm con vitamina c cremas hidratantes  con acido Hialuronico Hyderm, protector solar Sunfeel ,Contorno de ojos anti arrugas Tensoderm","publisher":{"@id":"https:\/\/pruebaswhisper.xyz\/saderma-old\/#organization"},"potentialAction":[{"@type":"SearchAction","target":{"@type":"EntryPoint","urlTemplate":"https:\/\/pruebaswhisper.xyz\/saderma-old\/?s={search_term_string}"},"query-input":"required name=search_term_string"}],"inLanguage":"es"},{"@type":"Organization","@id":"https:\/\/pruebaswhisper.xyz\/saderma-old\/#organization","name":"Saderma Laboratorio Dermatologico","url":"https:\/\/pruebaswhisper.xyz\/saderma-old\/","logo":{"@type":"ImageObject","inLanguage":"es","@id":"https:\/\/pruebaswhisper.xyz\/saderma-old\/#\/schema\/logo\/image\/","url":"https:\/\/pruebaswhisper.xyz\/saderma-old\/wp-content\/uploads\/2020\/03\/cropped-logo-300.png","contentUrl":"https:\/\/pruebaswhisper.xyz\/saderma-old\/wp-content\/uploads\/2020\/03\/cropped-logo-300.png","width":333,"height":78,"caption":"Saderma Laboratorio Dermatologico"},"image":{"@id":"https:\/\/pruebaswhisper.xyz\/saderma-old\/#\/schema\/logo\/image\/"}}]}},"_links":{"self":[{"href":"https:\/\/pruebaswhisper.xyz\/saderma-old\/wp-json\/wp\/v2\/product\/2656"}],"collection":[{"href":"https:\/\/pruebaswhisper.xyz\/saderma-old\/wp-json\/wp\/v2\/product"}],"about":[{"href":"https:\/\/pruebaswhisper.xyz\/saderma-old\/wp-json\/wp\/v2\/types\/product"}],"wp:featuredmedia":[{"embeddable":true,"href":"https:\/\/pruebaswhisper.xyz\/saderma-old\/wp-json\/wp\/v2\/media\/2657"}],"wp:attachment":[{"href":"https:\/\/pruebaswhisper.xyz\/saderma-old\/wp-json\/wp\/v2\/media?parent=2656"}],"wp:term":[{"taxonomy":"product_cat","embeddable":true,"href":"https:\/\/pruebaswhisper.xyz\/saderma-old\/wp-json\/wp\/v2\/product_cat?post=2656"},{"taxonomy":"product_tag","embeddable":true,"href":"https:\/\/pruebaswhisper.xyz\/saderma-old\/wp-json\/wp\/v2\/product_tag?post=2656"}],"curies":[{"name":"wp","href":"https:\/\/api.w.org\/{rel}","templated":true}]}}