{"id":2862,"date":"2022-08-17T12:59:41","date_gmt":"2022-08-17T17:59:41","guid":{"rendered":"https:\/\/pruebaswhisper.xyz\/saderma-old\/?post_type=product&#038;p=2862"},"modified":"2024-03-14T12:52:29","modified_gmt":"2024-03-14T17:52:29","slug":"kit-anti-edad-serum-vitamina-c","status":"publish","type":"product","link":"https:\/\/pruebaswhisper.xyz\/saderma-old\/producto\/kit-anti-edad-serum-vitamina-c\/","title":{"rendered":"KIT ANTI EDAD SERUM VITAMINA C"},"content":{"rendered":"<p>Kit antiedad,\u00a0 Ideal para todo tipo de piel<\/p>\n<p>HILUM-C : Previene la p\u00e9rdida de elasticidad de las fibras d\u00e9rmicas del rostro. Ideal para pieles irregulares con p\u00e9rdida de firmeza y luminosidad. Retrasando el envejecimiento ambiental y cronol\u00f3gico.<br \/>\nPermite a la piel recuperar la apariencia juvenil y radiante en el rostro.<\/p>\n<p>TENSODERM: Rellena las arrugas desde el interior, tanto en la frente como en el contorno de los ojos, para una piel visiblemente m\u00e1s tersa y densa, Aumenta significativamente la s\u00edntesis de col\u00e1geno I, III y IV.<\/p>\n<p>SANDET: Todo tipo de Piel: elaborado a base de extractos naturales que remueven de forma segura las impurezas, excesos de grasa y c\u00e9lulas muertas de la piel sin alterar el manto lip\u00eddico. Obsequio<\/p>\n<p>&nbsp;<\/p>\n<p>&nbsp;<\/p>\n","protected":false},"excerpt":{"rendered":"<p>Kit antiedad,\u00a0 Ideal para todo tipo de piel HILUM-C : Previene la p\u00e9rdida de elasticidad de las fibras d\u00e9rmicas del rostro. Ideal para pieles irregulares con p\u00e9rdida de firmeza y luminosidad. Retrasando el envejecimiento ambiental y cronol\u00f3gico. Permite a la piel recuperar la apariencia juvenil y radiante en el rostro. TENSODERM: Rellena las arrugas desde [&hellip;]<\/p>\n","protected":false},"featured_media":3609,"template":"","meta":{"_acf_changed":false},"product_cat":[24],"product_tag":[],"acf":[],"yoast_head":"<!-- This site is optimized with the Yoast SEO plugin v22.9 - https:\/\/yoast.com\/wordpress\/plugins\/seo\/ -->\n<title>KIT ANTI EDAD SERUM VITAMINA C - Saderma Laboratorio Dermatologico<\/title>\n<meta name=\"robots\" content=\"noindex, follow, max-snippet:-1, max-image-preview:large, max-video-preview:-1\" \/>\n<meta property=\"og:locale\" content=\"es_ES\" \/>\n<meta property=\"og:type\" content=\"article\" \/>\n<meta property=\"og:title\" content=\"KIT ANTI EDAD SERUM VITAMINA C - Saderma Laboratorio Dermatologico\" \/>\n<meta property=\"og:description\" content=\"Kit antiedad,\u00a0 Ideal para todo tipo de piel HILUM-C : Previene la p\u00e9rdida de elasticidad de las fibras d\u00e9rmicas del rostro. Ideal para pieles irregulares con p\u00e9rdida de firmeza y luminosidad. Retrasando el envejecimiento ambiental y cronol\u00f3gico. Permite a la piel recuperar la apariencia juvenil y radiante en el rostro. TENSODERM: Rellena las arrugas desde [&hellip;]\" \/>\n<meta property=\"og:url\" content=\"https:\/\/pruebaswhisper.xyz\/saderma-old\/producto\/kit-anti-edad-serum-vitamina-c\/\" \/>\n<meta property=\"og:site_name\" content=\"Saderma Laboratorio Dermatologico\" \/>\n<meta property=\"article:modified_time\" content=\"2024-03-14T17:52:29+00:00\" \/>\n<meta property=\"og:image\" content=\"https:\/\/pruebaswhisper.xyz\/saderma-old\/wp-content\/uploads\/2022\/08\/9-POST-AGOSTO-2.jpg\" \/>\n\t<meta property=\"og:image:width\" content=\"1200\" \/>\n\t<meta property=\"og:image:height\" content=\"1200\" \/>\n\t<meta property=\"og:image:type\" content=\"image\/jpeg\" \/>\n<meta name=\"twitter:card\" content=\"summary_large_image\" \/>\n<meta name=\"twitter:label1\" content=\"Tiempo de lectura\" \/>\n\t<meta name=\"twitter:data1\" content=\"1 minuto\" \/>\n<script type=\"application\/ld+json\" class=\"yoast-schema-graph\">{\"@context\":\"https:\/\/schema.org\",\"@graph\":[{\"@type\":\"WebPage\",\"@id\":\"https:\/\/pruebaswhisper.xyz\/saderma-old\/producto\/kit-anti-edad-serum-vitamina-c\/\",\"url\":\"https:\/\/pruebaswhisper.xyz\/saderma-old\/producto\/kit-anti-edad-serum-vitamina-c\/\",\"name\":\"KIT ANTI EDAD SERUM VITAMINA C - Saderma Laboratorio Dermatologico\",\"isPartOf\":{\"@id\":\"https:\/\/pruebaswhisper.xyz\/saderma-old\/#website\"},\"primaryImageOfPage\":{\"@id\":\"https:\/\/pruebaswhisper.xyz\/saderma-old\/producto\/kit-anti-edad-serum-vitamina-c\/#primaryimage\"},\"image\":{\"@id\":\"https:\/\/pruebaswhisper.xyz\/saderma-old\/producto\/kit-anti-edad-serum-vitamina-c\/#primaryimage\"},\"thumbnailUrl\":\"https:\/\/pruebaswhisper.xyz\/saderma-old\/wp-content\/uploads\/2022\/08\/9-POST-AGOSTO-2.jpg\",\"datePublished\":\"2022-08-17T17:59:41+00:00\",\"dateModified\":\"2024-03-14T17:52:29+00:00\",\"breadcrumb\":{\"@id\":\"https:\/\/pruebaswhisper.xyz\/saderma-old\/producto\/kit-anti-edad-serum-vitamina-c\/#breadcrumb\"},\"inLanguage\":\"es\",\"potentialAction\":[{\"@type\":\"ReadAction\",\"target\":[\"https:\/\/pruebaswhisper.xyz\/saderma-old\/producto\/kit-anti-edad-serum-vitamina-c\/\"]}]},{\"@type\":\"ImageObject\",\"inLanguage\":\"es\",\"@id\":\"https:\/\/pruebaswhisper.xyz\/saderma-old\/producto\/kit-anti-edad-serum-vitamina-c\/#primaryimage\",\"url\":\"https:\/\/pruebaswhisper.xyz\/saderma-old\/wp-content\/uploads\/2022\/08\/9-POST-AGOSTO-2.jpg\",\"contentUrl\":\"https:\/\/pruebaswhisper.xyz\/saderma-old\/wp-content\/uploads\/2022\/08\/9-POST-AGOSTO-2.jpg\",\"width\":1200,\"height\":1200},{\"@type\":\"BreadcrumbList\",\"@id\":\"https:\/\/pruebaswhisper.xyz\/saderma-old\/producto\/kit-anti-edad-serum-vitamina-c\/#breadcrumb\",\"itemListElement\":[{\"@type\":\"ListItem\",\"position\":1,\"name\":\"Portada\",\"item\":\"https:\/\/pruebaswhisper.xyz\/saderma-old\/\"},{\"@type\":\"ListItem\",\"position\":2,\"name\":\"Tienda\",\"item\":\"https:\/\/pruebaswhisper.xyz\/saderma-old\/tienda-laboratorio-dermatologico\/\"},{\"@type\":\"ListItem\",\"position\":3,\"name\":\"KIT ANTI EDAD SERUM VITAMINA C\"}]},{\"@type\":\"WebSite\",\"@id\":\"https:\/\/pruebaswhisper.xyz\/saderma-old\/#website\",\"url\":\"https:\/\/pruebaswhisper.xyz\/saderma-old\/\",\"name\":\"Saderma Laboratorio Dermatologico\",\"description\":\"Saderma Skin care Productos para el cuidado de la piel , cremas antiedad  y anti manchas Newderm con vitamina c cremas hidratantes  con acido Hialuronico Hyderm, protector solar Sunfeel ,Contorno de ojos anti arrugas Tensoderm\",\"publisher\":{\"@id\":\"https:\/\/pruebaswhisper.xyz\/saderma-old\/#organization\"},\"potentialAction\":[{\"@type\":\"SearchAction\",\"target\":{\"@type\":\"EntryPoint\",\"urlTemplate\":\"https:\/\/pruebaswhisper.xyz\/saderma-old\/?s={search_term_string}\"},\"query-input\":\"required name=search_term_string\"}],\"inLanguage\":\"es\"},{\"@type\":\"Organization\",\"@id\":\"https:\/\/pruebaswhisper.xyz\/saderma-old\/#organization\",\"name\":\"Saderma Laboratorio Dermatologico\",\"url\":\"https:\/\/pruebaswhisper.xyz\/saderma-old\/\",\"logo\":{\"@type\":\"ImageObject\",\"inLanguage\":\"es\",\"@id\":\"https:\/\/pruebaswhisper.xyz\/saderma-old\/#\/schema\/logo\/image\/\",\"url\":\"https:\/\/pruebaswhisper.xyz\/saderma-old\/wp-content\/uploads\/2020\/03\/cropped-logo-300.png\",\"contentUrl\":\"https:\/\/pruebaswhisper.xyz\/saderma-old\/wp-content\/uploads\/2020\/03\/cropped-logo-300.png\",\"width\":333,\"height\":78,\"caption\":\"Saderma Laboratorio Dermatologico\"},\"image\":{\"@id\":\"https:\/\/pruebaswhisper.xyz\/saderma-old\/#\/schema\/logo\/image\/\"}}]}<\/script>\n<!-- \/ Yoast SEO plugin. -->","yoast_head_json":{"title":"KIT ANTI EDAD SERUM VITAMINA C - Saderma Laboratorio Dermatologico","robots":{"index":"noindex","follow":"follow","max-snippet":"max-snippet:-1","max-image-preview":"max-image-preview:large","max-video-preview":"max-video-preview:-1"},"og_locale":"es_ES","og_type":"article","og_title":"KIT ANTI EDAD SERUM VITAMINA C - Saderma Laboratorio Dermatologico","og_description":"Kit antiedad,\u00a0 Ideal para todo tipo de piel HILUM-C : Previene la p\u00e9rdida de elasticidad de las fibras d\u00e9rmicas del rostro. Ideal para pieles irregulares con p\u00e9rdida de firmeza y luminosidad. Retrasando el envejecimiento ambiental y cronol\u00f3gico. Permite a la piel recuperar la apariencia juvenil y radiante en el rostro. TENSODERM: Rellena las arrugas desde [&hellip;]","og_url":"https:\/\/pruebaswhisper.xyz\/saderma-old\/producto\/kit-anti-edad-serum-vitamina-c\/","og_site_name":"Saderma Laboratorio Dermatologico","article_modified_time":"2024-03-14T17:52:29+00:00","og_image":[{"width":1200,"height":1200,"url":"https:\/\/pruebaswhisper.xyz\/saderma-old\/wp-content\/uploads\/2022\/08\/9-POST-AGOSTO-2.jpg","type":"image\/jpeg"}],"twitter_card":"summary_large_image","twitter_misc":{"Tiempo de lectura":"1 minuto"},"schema":{"@context":"https:\/\/schema.org","@graph":[{"@type":"WebPage","@id":"https:\/\/pruebaswhisper.xyz\/saderma-old\/producto\/kit-anti-edad-serum-vitamina-c\/","url":"https:\/\/pruebaswhisper.xyz\/saderma-old\/producto\/kit-anti-edad-serum-vitamina-c\/","name":"KIT ANTI EDAD SERUM VITAMINA C - Saderma Laboratorio Dermatologico","isPartOf":{"@id":"https:\/\/pruebaswhisper.xyz\/saderma-old\/#website"},"primaryImageOfPage":{"@id":"https:\/\/pruebaswhisper.xyz\/saderma-old\/producto\/kit-anti-edad-serum-vitamina-c\/#primaryimage"},"image":{"@id":"https:\/\/pruebaswhisper.xyz\/saderma-old\/producto\/kit-anti-edad-serum-vitamina-c\/#primaryimage"},"thumbnailUrl":"https:\/\/pruebaswhisper.xyz\/saderma-old\/wp-content\/uploads\/2022\/08\/9-POST-AGOSTO-2.jpg","datePublished":"2022-08-17T17:59:41+00:00","dateModified":"2024-03-14T17:52:29+00:00","breadcrumb":{"@id":"https:\/\/pruebaswhisper.xyz\/saderma-old\/producto\/kit-anti-edad-serum-vitamina-c\/#breadcrumb"},"inLanguage":"es","potentialAction":[{"@type":"ReadAction","target":["https:\/\/pruebaswhisper.xyz\/saderma-old\/producto\/kit-anti-edad-serum-vitamina-c\/"]}]},{"@type":"ImageObject","inLanguage":"es","@id":"https:\/\/pruebaswhisper.xyz\/saderma-old\/producto\/kit-anti-edad-serum-vitamina-c\/#primaryimage","url":"https:\/\/pruebaswhisper.xyz\/saderma-old\/wp-content\/uploads\/2022\/08\/9-POST-AGOSTO-2.jpg","contentUrl":"https:\/\/pruebaswhisper.xyz\/saderma-old\/wp-content\/uploads\/2022\/08\/9-POST-AGOSTO-2.jpg","width":1200,"height":1200},{"@type":"BreadcrumbList","@id":"https:\/\/pruebaswhisper.xyz\/saderma-old\/producto\/kit-anti-edad-serum-vitamina-c\/#breadcrumb","itemListElement":[{"@type":"ListItem","position":1,"name":"Portada","item":"https:\/\/pruebaswhisper.xyz\/saderma-old\/"},{"@type":"ListItem","position":2,"name":"Tienda","item":"https:\/\/pruebaswhisper.xyz\/saderma-old\/tienda-laboratorio-dermatologico\/"},{"@type":"ListItem","position":3,"name":"KIT ANTI EDAD SERUM VITAMINA C"}]},{"@type":"WebSite","@id":"https:\/\/pruebaswhisper.xyz\/saderma-old\/#website","url":"https:\/\/pruebaswhisper.xyz\/saderma-old\/","name":"Saderma Laboratorio Dermatologico","description":"Saderma Skin care Productos para el cuidado de la piel , cremas antiedad  y anti manchas Newderm con vitamina c cremas hidratantes  con acido Hialuronico Hyderm, protector solar Sunfeel ,Contorno de ojos anti arrugas Tensoderm","publisher":{"@id":"https:\/\/pruebaswhisper.xyz\/saderma-old\/#organization"},"potentialAction":[{"@type":"SearchAction","target":{"@type":"EntryPoint","urlTemplate":"https:\/\/pruebaswhisper.xyz\/saderma-old\/?s={search_term_string}"},"query-input":"required name=search_term_string"}],"inLanguage":"es"},{"@type":"Organization","@id":"https:\/\/pruebaswhisper.xyz\/saderma-old\/#organization","name":"Saderma Laboratorio Dermatologico","url":"https:\/\/pruebaswhisper.xyz\/saderma-old\/","logo":{"@type":"ImageObject","inLanguage":"es","@id":"https:\/\/pruebaswhisper.xyz\/saderma-old\/#\/schema\/logo\/image\/","url":"https:\/\/pruebaswhisper.xyz\/saderma-old\/wp-content\/uploads\/2020\/03\/cropped-logo-300.png","contentUrl":"https:\/\/pruebaswhisper.xyz\/saderma-old\/wp-content\/uploads\/2020\/03\/cropped-logo-300.png","width":333,"height":78,"caption":"Saderma Laboratorio Dermatologico"},"image":{"@id":"https:\/\/pruebaswhisper.xyz\/saderma-old\/#\/schema\/logo\/image\/"}}]}},"_links":{"self":[{"href":"https:\/\/pruebaswhisper.xyz\/saderma-old\/wp-json\/wp\/v2\/product\/2862"}],"collection":[{"href":"https:\/\/pruebaswhisper.xyz\/saderma-old\/wp-json\/wp\/v2\/product"}],"about":[{"href":"https:\/\/pruebaswhisper.xyz\/saderma-old\/wp-json\/wp\/v2\/types\/product"}],"wp:featuredmedia":[{"embeddable":true,"href":"https:\/\/pruebaswhisper.xyz\/saderma-old\/wp-json\/wp\/v2\/media\/3609"}],"wp:attachment":[{"href":"https:\/\/pruebaswhisper.xyz\/saderma-old\/wp-json\/wp\/v2\/media?parent=2862"}],"wp:term":[{"taxonomy":"product_cat","embeddable":true,"href":"https:\/\/pruebaswhisper.xyz\/saderma-old\/wp-json\/wp\/v2\/product_cat?post=2862"},{"taxonomy":"product_tag","embeddable":true,"href":"https:\/\/pruebaswhisper.xyz\/saderma-old\/wp-json\/wp\/v2\/product_tag?post=2862"}],"curies":[{"name":"wp","href":"https:\/\/api.w.org\/{rel}","templated":true}]}}