{"id":2962,"date":"2022-10-08T13:06:06","date_gmt":"2022-10-08T18:06:06","guid":{"rendered":"https:\/\/pruebaswhisper.xyz\/saderma-old\/?post_type=product&#038;p=2962"},"modified":"2024-04-24T11:30:06","modified_gmt":"2024-04-24T16:30:06","slug":"kit-rutina-de-noche-antiedad","status":"publish","type":"product","link":"https:\/\/pruebaswhisper.xyz\/saderma-old\/producto\/kit-rutina-de-noche-antiedad\/","title":{"rendered":"KIT RUTINA DE NOCHE ANTIEDAD"},"content":{"rendered":"<p>Rutina noche \ud83c\udf19 Antiedad \ud83e\uddd6\ud83d\udc86<br \/>\nUna rutina antiedad contribuye a mantener saludable tu piel. Adem\u00e1s, una buena rutina antiedad puede ralentizar o atenuar los signos de envejecimiento.<\/p>\n<p>Dile adi\u00f3s a las l\u00edneas de expresi\u00f3n, sigue los siguientes pasos para obtener los m\u00e1ximos beneficios de tu rutina antiedad, y mant\u00e9n una apariencia juvenil por muchos a\u00f1os \ud83d\udc86\ud83d\udc86\u200d\u2642\ufe0f.<\/p>\n<p>Usa un limpiador facial dependiendo de tu tipo de piel<br \/>\n\u203a Sandet limpiador facial con extracto de t\u00e9 verde (si tienes piel grasa)\ud83e\uddf4\ud83c\udf43 que elimina el exceso de grasa, purifica y descongestiona los poros.<br \/>\n\u203a\u00a0Sandet tradicional, limpiador facial \ud83d\ude36\u200d\ud83c\udf2b\ufe0f\ud83e\uddf4 (para todo tipo de piel), suave que no altera el PH natural de la piel.<\/p>\n<p>\u203aUsa Tensoderm contorno de ojos \ud83d\udc86\u200d\u2640\ufe0f que aumenta significativamente la s\u00edntesis de col\u00e1geno.<\/p>\n<p>\u203aComplementa Perfectinol S\u00e9rum renovador celular con retinol, Acelerante de la renovaci\u00f3n celular para una piel m\u00e1s fresca y vibrante, que te ayudara a\u00a0\u00a0reducir la profundidad de las arrugas \ud83e\uddd6<\/p>\n<p>&nbsp;<\/p>\n","protected":false},"excerpt":{"rendered":"<p>Rutina noche \ud83c\udf19 Antiedad \ud83e\uddd6\ud83d\udc86 Una rutina antiedad contribuye a mantener saludable tu piel. Adem\u00e1s, una buena rutina antiedad puede ralentizar o atenuar los signos de envejecimiento. Dile adi\u00f3s a las l\u00edneas de expresi\u00f3n, sigue los siguientes pasos para obtener los m\u00e1ximos beneficios de tu rutina antiedad, y mant\u00e9n una apariencia juvenil por muchos a\u00f1os [&hellip;]<\/p>\n","protected":false},"featured_media":2963,"template":"","meta":{"_acf_changed":false},"product_cat":[24,34],"product_tag":[],"acf":[],"yoast_head":"<!-- This site is optimized with the Yoast SEO plugin v22.9 - https:\/\/yoast.com\/wordpress\/plugins\/seo\/ -->\n<title>KIT RUTINA DE NOCHE ANTIEDAD - Saderma Laboratorio Dermatologico<\/title>\n<meta name=\"robots\" content=\"noindex, follow, max-snippet:-1, max-image-preview:large, max-video-preview:-1\" \/>\n<meta property=\"og:locale\" content=\"es_ES\" \/>\n<meta property=\"og:type\" content=\"article\" \/>\n<meta property=\"og:title\" content=\"KIT RUTINA DE NOCHE ANTIEDAD - Saderma Laboratorio Dermatologico\" \/>\n<meta property=\"og:description\" content=\"Rutina noche \ud83c\udf19 Antiedad \ud83e\uddd6\ud83d\udc86 Una rutina antiedad contribuye a mantener saludable tu piel. Adem\u00e1s, una buena rutina antiedad puede ralentizar o atenuar los signos de envejecimiento. Dile adi\u00f3s a las l\u00edneas de expresi\u00f3n, sigue los siguientes pasos para obtener los m\u00e1ximos beneficios de tu rutina antiedad, y mant\u00e9n una apariencia juvenil por muchos a\u00f1os [&hellip;]\" \/>\n<meta property=\"og:url\" content=\"https:\/\/pruebaswhisper.xyz\/saderma-old\/producto\/kit-rutina-de-noche-antiedad\/\" \/>\n<meta property=\"og:site_name\" content=\"Saderma Laboratorio Dermatologico\" \/>\n<meta property=\"article:modified_time\" content=\"2024-04-24T16:30:06+00:00\" \/>\n<meta property=\"og:image\" content=\"https:\/\/pruebaswhisper.xyz\/saderma-old\/wp-content\/uploads\/2022\/10\/SEPTIEMBRE-POST-7-1.jpg\" \/>\n\t<meta property=\"og:image:width\" content=\"1400\" \/>\n\t<meta property=\"og:image:height\" content=\"1400\" \/>\n\t<meta property=\"og:image:type\" content=\"image\/jpeg\" \/>\n<meta name=\"twitter:card\" content=\"summary_large_image\" \/>\n<meta name=\"twitter:label1\" content=\"Tiempo de lectura\" \/>\n\t<meta name=\"twitter:data1\" content=\"1 minuto\" \/>\n<script type=\"application\/ld+json\" class=\"yoast-schema-graph\">{\"@context\":\"https:\/\/schema.org\",\"@graph\":[{\"@type\":\"WebPage\",\"@id\":\"https:\/\/pruebaswhisper.xyz\/saderma-old\/producto\/kit-rutina-de-noche-antiedad\/\",\"url\":\"https:\/\/pruebaswhisper.xyz\/saderma-old\/producto\/kit-rutina-de-noche-antiedad\/\",\"name\":\"KIT RUTINA DE NOCHE ANTIEDAD - Saderma Laboratorio Dermatologico\",\"isPartOf\":{\"@id\":\"https:\/\/pruebaswhisper.xyz\/saderma-old\/#website\"},\"primaryImageOfPage\":{\"@id\":\"https:\/\/pruebaswhisper.xyz\/saderma-old\/producto\/kit-rutina-de-noche-antiedad\/#primaryimage\"},\"image\":{\"@id\":\"https:\/\/pruebaswhisper.xyz\/saderma-old\/producto\/kit-rutina-de-noche-antiedad\/#primaryimage\"},\"thumbnailUrl\":\"https:\/\/pruebaswhisper.xyz\/saderma-old\/wp-content\/uploads\/2022\/10\/SEPTIEMBRE-POST-7-1.jpg\",\"datePublished\":\"2022-10-08T18:06:06+00:00\",\"dateModified\":\"2024-04-24T16:30:06+00:00\",\"breadcrumb\":{\"@id\":\"https:\/\/pruebaswhisper.xyz\/saderma-old\/producto\/kit-rutina-de-noche-antiedad\/#breadcrumb\"},\"inLanguage\":\"es\",\"potentialAction\":[{\"@type\":\"ReadAction\",\"target\":[\"https:\/\/pruebaswhisper.xyz\/saderma-old\/producto\/kit-rutina-de-noche-antiedad\/\"]}]},{\"@type\":\"ImageObject\",\"inLanguage\":\"es\",\"@id\":\"https:\/\/pruebaswhisper.xyz\/saderma-old\/producto\/kit-rutina-de-noche-antiedad\/#primaryimage\",\"url\":\"https:\/\/pruebaswhisper.xyz\/saderma-old\/wp-content\/uploads\/2022\/10\/SEPTIEMBRE-POST-7-1.jpg\",\"contentUrl\":\"https:\/\/pruebaswhisper.xyz\/saderma-old\/wp-content\/uploads\/2022\/10\/SEPTIEMBRE-POST-7-1.jpg\",\"width\":1400,\"height\":1400},{\"@type\":\"BreadcrumbList\",\"@id\":\"https:\/\/pruebaswhisper.xyz\/saderma-old\/producto\/kit-rutina-de-noche-antiedad\/#breadcrumb\",\"itemListElement\":[{\"@type\":\"ListItem\",\"position\":1,\"name\":\"Portada\",\"item\":\"https:\/\/pruebaswhisper.xyz\/saderma-old\/\"},{\"@type\":\"ListItem\",\"position\":2,\"name\":\"Tienda\",\"item\":\"https:\/\/pruebaswhisper.xyz\/saderma-old\/tienda-laboratorio-dermatologico\/\"},{\"@type\":\"ListItem\",\"position\":3,\"name\":\"KIT RUTINA DE NOCHE ANTIEDAD\"}]},{\"@type\":\"WebSite\",\"@id\":\"https:\/\/pruebaswhisper.xyz\/saderma-old\/#website\",\"url\":\"https:\/\/pruebaswhisper.xyz\/saderma-old\/\",\"name\":\"Saderma Laboratorio Dermatologico\",\"description\":\"Saderma Skin care Productos para el cuidado de la piel , cremas antiedad  y anti manchas Newderm con vitamina c cremas hidratantes  con acido Hialuronico Hyderm, protector solar Sunfeel ,Contorno de ojos anti arrugas Tensoderm\",\"publisher\":{\"@id\":\"https:\/\/pruebaswhisper.xyz\/saderma-old\/#organization\"},\"potentialAction\":[{\"@type\":\"SearchAction\",\"target\":{\"@type\":\"EntryPoint\",\"urlTemplate\":\"https:\/\/pruebaswhisper.xyz\/saderma-old\/?s={search_term_string}\"},\"query-input\":\"required name=search_term_string\"}],\"inLanguage\":\"es\"},{\"@type\":\"Organization\",\"@id\":\"https:\/\/pruebaswhisper.xyz\/saderma-old\/#organization\",\"name\":\"Saderma Laboratorio Dermatologico\",\"url\":\"https:\/\/pruebaswhisper.xyz\/saderma-old\/\",\"logo\":{\"@type\":\"ImageObject\",\"inLanguage\":\"es\",\"@id\":\"https:\/\/pruebaswhisper.xyz\/saderma-old\/#\/schema\/logo\/image\/\",\"url\":\"https:\/\/pruebaswhisper.xyz\/saderma-old\/wp-content\/uploads\/2020\/03\/cropped-logo-300.png\",\"contentUrl\":\"https:\/\/pruebaswhisper.xyz\/saderma-old\/wp-content\/uploads\/2020\/03\/cropped-logo-300.png\",\"width\":333,\"height\":78,\"caption\":\"Saderma Laboratorio Dermatologico\"},\"image\":{\"@id\":\"https:\/\/pruebaswhisper.xyz\/saderma-old\/#\/schema\/logo\/image\/\"}}]}<\/script>\n<!-- \/ Yoast SEO plugin. -->","yoast_head_json":{"title":"KIT RUTINA DE NOCHE ANTIEDAD - Saderma Laboratorio Dermatologico","robots":{"index":"noindex","follow":"follow","max-snippet":"max-snippet:-1","max-image-preview":"max-image-preview:large","max-video-preview":"max-video-preview:-1"},"og_locale":"es_ES","og_type":"article","og_title":"KIT RUTINA DE NOCHE ANTIEDAD - Saderma Laboratorio Dermatologico","og_description":"Rutina noche \ud83c\udf19 Antiedad \ud83e\uddd6\ud83d\udc86 Una rutina antiedad contribuye a mantener saludable tu piel. Adem\u00e1s, una buena rutina antiedad puede ralentizar o atenuar los signos de envejecimiento. Dile adi\u00f3s a las l\u00edneas de expresi\u00f3n, sigue los siguientes pasos para obtener los m\u00e1ximos beneficios de tu rutina antiedad, y mant\u00e9n una apariencia juvenil por muchos a\u00f1os [&hellip;]","og_url":"https:\/\/pruebaswhisper.xyz\/saderma-old\/producto\/kit-rutina-de-noche-antiedad\/","og_site_name":"Saderma Laboratorio Dermatologico","article_modified_time":"2024-04-24T16:30:06+00:00","og_image":[{"width":1400,"height":1400,"url":"https:\/\/pruebaswhisper.xyz\/saderma-old\/wp-content\/uploads\/2022\/10\/SEPTIEMBRE-POST-7-1.jpg","type":"image\/jpeg"}],"twitter_card":"summary_large_image","twitter_misc":{"Tiempo de lectura":"1 minuto"},"schema":{"@context":"https:\/\/schema.org","@graph":[{"@type":"WebPage","@id":"https:\/\/pruebaswhisper.xyz\/saderma-old\/producto\/kit-rutina-de-noche-antiedad\/","url":"https:\/\/pruebaswhisper.xyz\/saderma-old\/producto\/kit-rutina-de-noche-antiedad\/","name":"KIT RUTINA DE NOCHE ANTIEDAD - Saderma Laboratorio Dermatologico","isPartOf":{"@id":"https:\/\/pruebaswhisper.xyz\/saderma-old\/#website"},"primaryImageOfPage":{"@id":"https:\/\/pruebaswhisper.xyz\/saderma-old\/producto\/kit-rutina-de-noche-antiedad\/#primaryimage"},"image":{"@id":"https:\/\/pruebaswhisper.xyz\/saderma-old\/producto\/kit-rutina-de-noche-antiedad\/#primaryimage"},"thumbnailUrl":"https:\/\/pruebaswhisper.xyz\/saderma-old\/wp-content\/uploads\/2022\/10\/SEPTIEMBRE-POST-7-1.jpg","datePublished":"2022-10-08T18:06:06+00:00","dateModified":"2024-04-24T16:30:06+00:00","breadcrumb":{"@id":"https:\/\/pruebaswhisper.xyz\/saderma-old\/producto\/kit-rutina-de-noche-antiedad\/#breadcrumb"},"inLanguage":"es","potentialAction":[{"@type":"ReadAction","target":["https:\/\/pruebaswhisper.xyz\/saderma-old\/producto\/kit-rutina-de-noche-antiedad\/"]}]},{"@type":"ImageObject","inLanguage":"es","@id":"https:\/\/pruebaswhisper.xyz\/saderma-old\/producto\/kit-rutina-de-noche-antiedad\/#primaryimage","url":"https:\/\/pruebaswhisper.xyz\/saderma-old\/wp-content\/uploads\/2022\/10\/SEPTIEMBRE-POST-7-1.jpg","contentUrl":"https:\/\/pruebaswhisper.xyz\/saderma-old\/wp-content\/uploads\/2022\/10\/SEPTIEMBRE-POST-7-1.jpg","width":1400,"height":1400},{"@type":"BreadcrumbList","@id":"https:\/\/pruebaswhisper.xyz\/saderma-old\/producto\/kit-rutina-de-noche-antiedad\/#breadcrumb","itemListElement":[{"@type":"ListItem","position":1,"name":"Portada","item":"https:\/\/pruebaswhisper.xyz\/saderma-old\/"},{"@type":"ListItem","position":2,"name":"Tienda","item":"https:\/\/pruebaswhisper.xyz\/saderma-old\/tienda-laboratorio-dermatologico\/"},{"@type":"ListItem","position":3,"name":"KIT RUTINA DE NOCHE ANTIEDAD"}]},{"@type":"WebSite","@id":"https:\/\/pruebaswhisper.xyz\/saderma-old\/#website","url":"https:\/\/pruebaswhisper.xyz\/saderma-old\/","name":"Saderma Laboratorio Dermatologico","description":"Saderma Skin care Productos para el cuidado de la piel , cremas antiedad  y anti manchas Newderm con vitamina c cremas hidratantes  con acido Hialuronico Hyderm, protector solar Sunfeel ,Contorno de ojos anti arrugas Tensoderm","publisher":{"@id":"https:\/\/pruebaswhisper.xyz\/saderma-old\/#organization"},"potentialAction":[{"@type":"SearchAction","target":{"@type":"EntryPoint","urlTemplate":"https:\/\/pruebaswhisper.xyz\/saderma-old\/?s={search_term_string}"},"query-input":"required name=search_term_string"}],"inLanguage":"es"},{"@type":"Organization","@id":"https:\/\/pruebaswhisper.xyz\/saderma-old\/#organization","name":"Saderma Laboratorio Dermatologico","url":"https:\/\/pruebaswhisper.xyz\/saderma-old\/","logo":{"@type":"ImageObject","inLanguage":"es","@id":"https:\/\/pruebaswhisper.xyz\/saderma-old\/#\/schema\/logo\/image\/","url":"https:\/\/pruebaswhisper.xyz\/saderma-old\/wp-content\/uploads\/2020\/03\/cropped-logo-300.png","contentUrl":"https:\/\/pruebaswhisper.xyz\/saderma-old\/wp-content\/uploads\/2020\/03\/cropped-logo-300.png","width":333,"height":78,"caption":"Saderma Laboratorio Dermatologico"},"image":{"@id":"https:\/\/pruebaswhisper.xyz\/saderma-old\/#\/schema\/logo\/image\/"}}]}},"_links":{"self":[{"href":"https:\/\/pruebaswhisper.xyz\/saderma-old\/wp-json\/wp\/v2\/product\/2962"}],"collection":[{"href":"https:\/\/pruebaswhisper.xyz\/saderma-old\/wp-json\/wp\/v2\/product"}],"about":[{"href":"https:\/\/pruebaswhisper.xyz\/saderma-old\/wp-json\/wp\/v2\/types\/product"}],"wp:featuredmedia":[{"embeddable":true,"href":"https:\/\/pruebaswhisper.xyz\/saderma-old\/wp-json\/wp\/v2\/media\/2963"}],"wp:attachment":[{"href":"https:\/\/pruebaswhisper.xyz\/saderma-old\/wp-json\/wp\/v2\/media?parent=2962"}],"wp:term":[{"taxonomy":"product_cat","embeddable":true,"href":"https:\/\/pruebaswhisper.xyz\/saderma-old\/wp-json\/wp\/v2\/product_cat?post=2962"},{"taxonomy":"product_tag","embeddable":true,"href":"https:\/\/pruebaswhisper.xyz\/saderma-old\/wp-json\/wp\/v2\/product_tag?post=2962"}],"curies":[{"name":"wp","href":"https:\/\/api.w.org\/{rel}","templated":true}]}}