{"id":3077,"date":"2022-12-05T14:39:44","date_gmt":"2022-12-05T19:39:44","guid":{"rendered":"https:\/\/pruebaswhisper.xyz\/saderma-old\/?post_type=product&#038;p=3077"},"modified":"2024-03-14T15:37:42","modified_gmt":"2024-03-14T20:37:42","slug":"kit-renacer-antiedad-para-todo-tipo-de-piel-copia","status":"publish","type":"product","link":"https:\/\/pruebaswhisper.xyz\/saderma-old\/producto\/kit-renacer-antiedad-para-todo-tipo-de-piel-copia\/","title":{"rendered":"KIT RENACER ANTIEDAD ANTI MANCHAS PARA TODO TIPO DE PIEL"},"content":{"rendered":"<p>KIT RENACER ANTIEDAD ANTI MANCHAS PARA TODO TIPO DE PIEL \ud83c\udf81 Para el renacer de tu piel\ud83d\udc86\u200d\u2640\ufe0f, renueva las c\u00e9lulas de tu piel, disminuyendo y previniendo la aparici\u00f3n de arrugas y l\u00edneas de expresi\u00f3n\ud83e\uddd6\u200d\u2640\ufe0f.\u200b<\/p>\n<p>\u2705SANDET: todo tipo de Piel: elaborado a base de extractos naturales que remueven de forma segura las impurezas, excesos de grasa y c\u00e9lulas muertas de la piel sin alterar el manto lip\u00eddico.\u200b<br \/>\n\u2705LING-D :S\u00e9rum antiarrugas, Previene la aparici\u00f3n de l\u00edneas de expresi\u00f3n y alisa la superficie de la piel.\u200b<\/p>\n<p>\u2705NEWDERM: Hidrata la piel, Previene la descamaci\u00f3n por quemadura solar, Aumenta la elasticidad de la dermis, Interrumpe los procesos enzim\u00e1ticos productores de pigmento dentro de los melanocitos.\u200b<\/p>\n<p>\u2705TENSODERM: contorno de ojos Antiarrugas. Rellena las arugas desde el interior, tanto en la frente como en el contorno de los ojos, para una piel visiblemente m\u00e1s tersa y densa.<\/p>\n<p>Realiza tu compra por nuestro sitio web\ud83d\uded2<\/p>\n<p>&nbsp;<\/p>\n<p>&nbsp;<\/p>\n","protected":false},"excerpt":{"rendered":"<p>KIT RENACER ANTIEDAD ANTI MANCHAS PARA TODO TIPO DE PIEL \ud83c\udf81 Para el renacer de tu piel\ud83d\udc86\u200d\u2640\ufe0f, renueva las c\u00e9lulas de tu piel, disminuyendo y previniendo la aparici\u00f3n de arrugas y l\u00edneas de expresi\u00f3n\ud83e\uddd6\u200d\u2640\ufe0f.\u200b \u2705SANDET: todo tipo de Piel: elaborado a base de extractos naturales que remueven de forma segura las impurezas, excesos de grasa [&hellip;]<\/p>\n","protected":false},"featured_media":4653,"template":"","meta":{"_acf_changed":false},"product_cat":[21,27,34,24,25],"product_tag":[],"acf":[],"yoast_head":"<!-- This site is optimized with the Yoast SEO plugin v22.9 - https:\/\/yoast.com\/wordpress\/plugins\/seo\/ -->\n<title>KIT RENACER ANTIEDAD ANTI MANCHAS PARA TODO TIPO DE PIEL - Saderma Laboratorio Dermatologico<\/title>\n<meta name=\"robots\" content=\"noindex, follow, max-snippet:-1, max-image-preview:large, max-video-preview:-1\" \/>\n<meta property=\"og:locale\" content=\"es_ES\" \/>\n<meta property=\"og:type\" content=\"article\" \/>\n<meta property=\"og:title\" content=\"KIT RENACER ANTIEDAD ANTI MANCHAS PARA TODO TIPO DE PIEL - Saderma Laboratorio Dermatologico\" \/>\n<meta property=\"og:description\" content=\"KIT RENACER ANTIEDAD ANTI MANCHAS PARA TODO TIPO DE PIEL \ud83c\udf81 Para el renacer de tu piel\ud83d\udc86\u200d\u2640\ufe0f, renueva las c\u00e9lulas de tu piel, disminuyendo y previniendo la aparici\u00f3n de arrugas y l\u00edneas de expresi\u00f3n\ud83e\uddd6\u200d\u2640\ufe0f.\u200b \u2705SANDET: todo tipo de Piel: elaborado a base de extractos naturales que remueven de forma segura las impurezas, excesos de grasa [&hellip;]\" \/>\n<meta property=\"og:url\" content=\"https:\/\/pruebaswhisper.xyz\/saderma-old\/producto\/kit-renacer-antiedad-para-todo-tipo-de-piel-copia\/\" \/>\n<meta property=\"og:site_name\" content=\"Saderma Laboratorio Dermatologico\" \/>\n<meta property=\"article:modified_time\" content=\"2024-03-14T20:37:42+00:00\" \/>\n<meta property=\"og:image\" content=\"https:\/\/pruebaswhisper.xyz\/saderma-old\/wp-content\/uploads\/2022\/12\/2-POST-DIC-1.jpg\" \/>\n\t<meta property=\"og:image:width\" content=\"1080\" \/>\n\t<meta property=\"og:image:height\" content=\"1350\" \/>\n\t<meta property=\"og:image:type\" content=\"image\/jpeg\" \/>\n<meta name=\"twitter:card\" content=\"summary_large_image\" \/>\n<meta name=\"twitter:label1\" content=\"Tiempo de lectura\" \/>\n\t<meta name=\"twitter:data1\" content=\"1 minuto\" \/>\n<script type=\"application\/ld+json\" class=\"yoast-schema-graph\">{\"@context\":\"https:\/\/schema.org\",\"@graph\":[{\"@type\":\"WebPage\",\"@id\":\"https:\/\/pruebaswhisper.xyz\/saderma-old\/producto\/kit-renacer-antiedad-para-todo-tipo-de-piel-copia\/\",\"url\":\"https:\/\/pruebaswhisper.xyz\/saderma-old\/producto\/kit-renacer-antiedad-para-todo-tipo-de-piel-copia\/\",\"name\":\"KIT RENACER ANTIEDAD ANTI MANCHAS PARA TODO TIPO DE PIEL - Saderma Laboratorio Dermatologico\",\"isPartOf\":{\"@id\":\"https:\/\/pruebaswhisper.xyz\/saderma-old\/#website\"},\"primaryImageOfPage\":{\"@id\":\"https:\/\/pruebaswhisper.xyz\/saderma-old\/producto\/kit-renacer-antiedad-para-todo-tipo-de-piel-copia\/#primaryimage\"},\"image\":{\"@id\":\"https:\/\/pruebaswhisper.xyz\/saderma-old\/producto\/kit-renacer-antiedad-para-todo-tipo-de-piel-copia\/#primaryimage\"},\"thumbnailUrl\":\"https:\/\/pruebaswhisper.xyz\/saderma-old\/wp-content\/uploads\/2022\/12\/2-POST-DIC-1.jpg\",\"datePublished\":\"2022-12-05T19:39:44+00:00\",\"dateModified\":\"2024-03-14T20:37:42+00:00\",\"breadcrumb\":{\"@id\":\"https:\/\/pruebaswhisper.xyz\/saderma-old\/producto\/kit-renacer-antiedad-para-todo-tipo-de-piel-copia\/#breadcrumb\"},\"inLanguage\":\"es\",\"potentialAction\":[{\"@type\":\"ReadAction\",\"target\":[\"https:\/\/pruebaswhisper.xyz\/saderma-old\/producto\/kit-renacer-antiedad-para-todo-tipo-de-piel-copia\/\"]}]},{\"@type\":\"ImageObject\",\"inLanguage\":\"es\",\"@id\":\"https:\/\/pruebaswhisper.xyz\/saderma-old\/producto\/kit-renacer-antiedad-para-todo-tipo-de-piel-copia\/#primaryimage\",\"url\":\"https:\/\/pruebaswhisper.xyz\/saderma-old\/wp-content\/uploads\/2022\/12\/2-POST-DIC-1.jpg\",\"contentUrl\":\"https:\/\/pruebaswhisper.xyz\/saderma-old\/wp-content\/uploads\/2022\/12\/2-POST-DIC-1.jpg\",\"width\":1080,\"height\":1350},{\"@type\":\"BreadcrumbList\",\"@id\":\"https:\/\/pruebaswhisper.xyz\/saderma-old\/producto\/kit-renacer-antiedad-para-todo-tipo-de-piel-copia\/#breadcrumb\",\"itemListElement\":[{\"@type\":\"ListItem\",\"position\":1,\"name\":\"Portada\",\"item\":\"https:\/\/pruebaswhisper.xyz\/saderma-old\/\"},{\"@type\":\"ListItem\",\"position\":2,\"name\":\"Tienda\",\"item\":\"https:\/\/pruebaswhisper.xyz\/saderma-old\/tienda-laboratorio-dermatologico\/\"},{\"@type\":\"ListItem\",\"position\":3,\"name\":\"KIT RENACER ANTIEDAD ANTI MANCHAS PARA TODO TIPO DE PIEL\"}]},{\"@type\":\"WebSite\",\"@id\":\"https:\/\/pruebaswhisper.xyz\/saderma-old\/#website\",\"url\":\"https:\/\/pruebaswhisper.xyz\/saderma-old\/\",\"name\":\"Saderma Laboratorio Dermatologico\",\"description\":\"Saderma Skin care Productos para el cuidado de la piel , cremas antiedad  y anti manchas Newderm con vitamina c cremas hidratantes  con acido Hialuronico Hyderm, protector solar Sunfeel ,Contorno de ojos anti arrugas Tensoderm\",\"publisher\":{\"@id\":\"https:\/\/pruebaswhisper.xyz\/saderma-old\/#organization\"},\"potentialAction\":[{\"@type\":\"SearchAction\",\"target\":{\"@type\":\"EntryPoint\",\"urlTemplate\":\"https:\/\/pruebaswhisper.xyz\/saderma-old\/?s={search_term_string}\"},\"query-input\":\"required name=search_term_string\"}],\"inLanguage\":\"es\"},{\"@type\":\"Organization\",\"@id\":\"https:\/\/pruebaswhisper.xyz\/saderma-old\/#organization\",\"name\":\"Saderma Laboratorio Dermatologico\",\"url\":\"https:\/\/pruebaswhisper.xyz\/saderma-old\/\",\"logo\":{\"@type\":\"ImageObject\",\"inLanguage\":\"es\",\"@id\":\"https:\/\/pruebaswhisper.xyz\/saderma-old\/#\/schema\/logo\/image\/\",\"url\":\"https:\/\/pruebaswhisper.xyz\/saderma-old\/wp-content\/uploads\/2020\/03\/cropped-logo-300.png\",\"contentUrl\":\"https:\/\/pruebaswhisper.xyz\/saderma-old\/wp-content\/uploads\/2020\/03\/cropped-logo-300.png\",\"width\":333,\"height\":78,\"caption\":\"Saderma Laboratorio Dermatologico\"},\"image\":{\"@id\":\"https:\/\/pruebaswhisper.xyz\/saderma-old\/#\/schema\/logo\/image\/\"}}]}<\/script>\n<!-- \/ Yoast SEO plugin. -->","yoast_head_json":{"title":"KIT RENACER ANTIEDAD ANTI MANCHAS PARA TODO TIPO DE PIEL - Saderma Laboratorio Dermatologico","robots":{"index":"noindex","follow":"follow","max-snippet":"max-snippet:-1","max-image-preview":"max-image-preview:large","max-video-preview":"max-video-preview:-1"},"og_locale":"es_ES","og_type":"article","og_title":"KIT RENACER ANTIEDAD ANTI MANCHAS PARA TODO TIPO DE PIEL - Saderma Laboratorio Dermatologico","og_description":"KIT RENACER ANTIEDAD ANTI MANCHAS PARA TODO TIPO DE PIEL \ud83c\udf81 Para el renacer de tu piel\ud83d\udc86\u200d\u2640\ufe0f, renueva las c\u00e9lulas de tu piel, disminuyendo y previniendo la aparici\u00f3n de arrugas y l\u00edneas de expresi\u00f3n\ud83e\uddd6\u200d\u2640\ufe0f.\u200b \u2705SANDET: todo tipo de Piel: elaborado a base de extractos naturales que remueven de forma segura las impurezas, excesos de grasa [&hellip;]","og_url":"https:\/\/pruebaswhisper.xyz\/saderma-old\/producto\/kit-renacer-antiedad-para-todo-tipo-de-piel-copia\/","og_site_name":"Saderma Laboratorio Dermatologico","article_modified_time":"2024-03-14T20:37:42+00:00","og_image":[{"width":1080,"height":1350,"url":"https:\/\/pruebaswhisper.xyz\/saderma-old\/wp-content\/uploads\/2022\/12\/2-POST-DIC-1.jpg","type":"image\/jpeg"}],"twitter_card":"summary_large_image","twitter_misc":{"Tiempo de lectura":"1 minuto"},"schema":{"@context":"https:\/\/schema.org","@graph":[{"@type":"WebPage","@id":"https:\/\/pruebaswhisper.xyz\/saderma-old\/producto\/kit-renacer-antiedad-para-todo-tipo-de-piel-copia\/","url":"https:\/\/pruebaswhisper.xyz\/saderma-old\/producto\/kit-renacer-antiedad-para-todo-tipo-de-piel-copia\/","name":"KIT RENACER ANTIEDAD ANTI MANCHAS PARA TODO TIPO DE PIEL - Saderma Laboratorio Dermatologico","isPartOf":{"@id":"https:\/\/pruebaswhisper.xyz\/saderma-old\/#website"},"primaryImageOfPage":{"@id":"https:\/\/pruebaswhisper.xyz\/saderma-old\/producto\/kit-renacer-antiedad-para-todo-tipo-de-piel-copia\/#primaryimage"},"image":{"@id":"https:\/\/pruebaswhisper.xyz\/saderma-old\/producto\/kit-renacer-antiedad-para-todo-tipo-de-piel-copia\/#primaryimage"},"thumbnailUrl":"https:\/\/pruebaswhisper.xyz\/saderma-old\/wp-content\/uploads\/2022\/12\/2-POST-DIC-1.jpg","datePublished":"2022-12-05T19:39:44+00:00","dateModified":"2024-03-14T20:37:42+00:00","breadcrumb":{"@id":"https:\/\/pruebaswhisper.xyz\/saderma-old\/producto\/kit-renacer-antiedad-para-todo-tipo-de-piel-copia\/#breadcrumb"},"inLanguage":"es","potentialAction":[{"@type":"ReadAction","target":["https:\/\/pruebaswhisper.xyz\/saderma-old\/producto\/kit-renacer-antiedad-para-todo-tipo-de-piel-copia\/"]}]},{"@type":"ImageObject","inLanguage":"es","@id":"https:\/\/pruebaswhisper.xyz\/saderma-old\/producto\/kit-renacer-antiedad-para-todo-tipo-de-piel-copia\/#primaryimage","url":"https:\/\/pruebaswhisper.xyz\/saderma-old\/wp-content\/uploads\/2022\/12\/2-POST-DIC-1.jpg","contentUrl":"https:\/\/pruebaswhisper.xyz\/saderma-old\/wp-content\/uploads\/2022\/12\/2-POST-DIC-1.jpg","width":1080,"height":1350},{"@type":"BreadcrumbList","@id":"https:\/\/pruebaswhisper.xyz\/saderma-old\/producto\/kit-renacer-antiedad-para-todo-tipo-de-piel-copia\/#breadcrumb","itemListElement":[{"@type":"ListItem","position":1,"name":"Portada","item":"https:\/\/pruebaswhisper.xyz\/saderma-old\/"},{"@type":"ListItem","position":2,"name":"Tienda","item":"https:\/\/pruebaswhisper.xyz\/saderma-old\/tienda-laboratorio-dermatologico\/"},{"@type":"ListItem","position":3,"name":"KIT RENACER ANTIEDAD ANTI MANCHAS PARA TODO TIPO DE PIEL"}]},{"@type":"WebSite","@id":"https:\/\/pruebaswhisper.xyz\/saderma-old\/#website","url":"https:\/\/pruebaswhisper.xyz\/saderma-old\/","name":"Saderma Laboratorio Dermatologico","description":"Saderma Skin care Productos para el cuidado de la piel , cremas antiedad  y anti manchas Newderm con vitamina c cremas hidratantes  con acido Hialuronico Hyderm, protector solar Sunfeel ,Contorno de ojos anti arrugas Tensoderm","publisher":{"@id":"https:\/\/pruebaswhisper.xyz\/saderma-old\/#organization"},"potentialAction":[{"@type":"SearchAction","target":{"@type":"EntryPoint","urlTemplate":"https:\/\/pruebaswhisper.xyz\/saderma-old\/?s={search_term_string}"},"query-input":"required name=search_term_string"}],"inLanguage":"es"},{"@type":"Organization","@id":"https:\/\/pruebaswhisper.xyz\/saderma-old\/#organization","name":"Saderma Laboratorio Dermatologico","url":"https:\/\/pruebaswhisper.xyz\/saderma-old\/","logo":{"@type":"ImageObject","inLanguage":"es","@id":"https:\/\/pruebaswhisper.xyz\/saderma-old\/#\/schema\/logo\/image\/","url":"https:\/\/pruebaswhisper.xyz\/saderma-old\/wp-content\/uploads\/2020\/03\/cropped-logo-300.png","contentUrl":"https:\/\/pruebaswhisper.xyz\/saderma-old\/wp-content\/uploads\/2020\/03\/cropped-logo-300.png","width":333,"height":78,"caption":"Saderma Laboratorio Dermatologico"},"image":{"@id":"https:\/\/pruebaswhisper.xyz\/saderma-old\/#\/schema\/logo\/image\/"}}]}},"_links":{"self":[{"href":"https:\/\/pruebaswhisper.xyz\/saderma-old\/wp-json\/wp\/v2\/product\/3077"}],"collection":[{"href":"https:\/\/pruebaswhisper.xyz\/saderma-old\/wp-json\/wp\/v2\/product"}],"about":[{"href":"https:\/\/pruebaswhisper.xyz\/saderma-old\/wp-json\/wp\/v2\/types\/product"}],"wp:featuredmedia":[{"embeddable":true,"href":"https:\/\/pruebaswhisper.xyz\/saderma-old\/wp-json\/wp\/v2\/media\/4653"}],"wp:attachment":[{"href":"https:\/\/pruebaswhisper.xyz\/saderma-old\/wp-json\/wp\/v2\/media?parent=3077"}],"wp:term":[{"taxonomy":"product_cat","embeddable":true,"href":"https:\/\/pruebaswhisper.xyz\/saderma-old\/wp-json\/wp\/v2\/product_cat?post=3077"},{"taxonomy":"product_tag","embeddable":true,"href":"https:\/\/pruebaswhisper.xyz\/saderma-old\/wp-json\/wp\/v2\/product_tag?post=3077"}],"curies":[{"name":"wp","href":"https:\/\/api.w.org\/{rel}","templated":true}]}}