{"id":3610,"date":"2023-06-15T10:27:44","date_gmt":"2023-06-15T15:27:44","guid":{"rendered":"https:\/\/pruebaswhisper.xyz\/saderma-old\/?post_type=product&#038;p=3610"},"modified":"2024-03-14T12:56:08","modified_gmt":"2024-03-14T17:56:08","slug":"kit-de-kit-mes-del-padre-piel-grasa","status":"publish","type":"product","link":"https:\/\/pruebaswhisper.xyz\/saderma-old\/producto\/kit-de-kit-mes-del-padre-piel-grasa\/","title":{"rendered":"KIT MES DEL PADRE PIEL GRASA"},"content":{"rendered":"<p>Este Kit ideal para uso diario, anti-\u00a0Imperfecciones pieles grasas \ud83e\uddd6\ud83c\udf8a.\u200b<\/p>\n<p>Contiene:\u200b<\/p>\n<p>\u2705SANDET T\u00c9 VERDE :<span class=\"fl-heading-text\">Sandet gel limpiador facial y corporal tipo Syndet con extracto de t\u00e9 verde pieles Mixtas grasas o con Acn\u00e9<\/span><\/p>\n<p>\u2705<span class=\"fl-heading-text\">Tensoderm contorno de ojos: Rellena las arugas desde el interior, tanto en la frente como en el contorno de los ojos, para una piel visiblemente m\u00e1s tersa y densa. <\/span><\/p>\n<p><span class=\"fl-heading-text\">\u2705 Newderm emugel con arbutina y vitamina C: <\/span>\u00a0Inhibe la producci\u00f3n de la tirosinasa, enzima encargada de regular el proceso de producci\u00f3n de melanina. Ayudando a recuperar el tono de piel tanto en el rostro como en zonas que requieran un aclarado natural.<\/p>\n<p><span class=\"fl-heading-text\">\u2705<\/span><span class=\"fl-heading-text\">Perfectinol : Este c\u00f3ctel de activos tiene la capacidad de estimular la renovaci\u00f3n celular de la piel brindado luminosidad y una actividad queratinolitica que aceleran la producci\u00f3n de col\u00e1geno el rostro.<br \/>\n<\/span><\/p>\n","protected":false},"excerpt":{"rendered":"<p>Este Kit ideal para uso diario, anti-\u00a0Imperfecciones pieles grasas \ud83e\uddd6\ud83c\udf8a.\u200b Contiene:\u200b \u2705SANDET T\u00c9 VERDE :Sandet gel limpiador facial y corporal tipo Syndet con extracto de t\u00e9 verde pieles Mixtas grasas o con Acn\u00e9 \u2705Tensoderm contorno de ojos: Rellena las arugas desde el interior, tanto en la frente como en el contorno de los ojos, para [&hellip;]<\/p>\n","protected":false},"featured_media":3611,"template":"","meta":{"_acf_changed":false},"product_cat":[21,27,24,34],"product_tag":[],"acf":[],"yoast_head":"<!-- This site is optimized with the Yoast SEO plugin v22.9 - https:\/\/yoast.com\/wordpress\/plugins\/seo\/ -->\n<title>KIT MES DEL PADRE PIEL GRASA - Saderma Laboratorio Dermatologico<\/title>\n<meta name=\"robots\" content=\"noindex, follow, max-snippet:-1, max-image-preview:large, max-video-preview:-1\" \/>\n<meta property=\"og:locale\" content=\"es_ES\" \/>\n<meta property=\"og:type\" content=\"article\" \/>\n<meta property=\"og:title\" content=\"KIT MES DEL PADRE PIEL GRASA - Saderma Laboratorio Dermatologico\" \/>\n<meta property=\"og:description\" content=\"Este Kit ideal para uso diario, anti-\u00a0Imperfecciones pieles grasas \ud83e\uddd6\ud83c\udf8a.\u200b Contiene:\u200b \u2705SANDET T\u00c9 VERDE :Sandet gel limpiador facial y corporal tipo Syndet con extracto de t\u00e9 verde pieles Mixtas grasas o con Acn\u00e9 \u2705Tensoderm contorno de ojos: Rellena las arugas desde el interior, tanto en la frente como en el contorno de los ojos, para [&hellip;]\" \/>\n<meta property=\"og:url\" content=\"https:\/\/pruebaswhisper.xyz\/saderma-old\/producto\/kit-de-kit-mes-del-padre-piel-grasa\/\" \/>\n<meta property=\"og:site_name\" content=\"Saderma Laboratorio Dermatologico\" \/>\n<meta property=\"article:modified_time\" content=\"2024-03-14T17:56:08+00:00\" \/>\n<meta property=\"og:image\" content=\"https:\/\/pruebaswhisper.xyz\/saderma-old\/wp-content\/uploads\/2023\/06\/1-POST-JUNIO-SADERMA.jpg\" \/>\n\t<meta property=\"og:image:width\" content=\"1500\" \/>\n\t<meta property=\"og:image:height\" content=\"1500\" \/>\n\t<meta property=\"og:image:type\" content=\"image\/jpeg\" \/>\n<meta name=\"twitter:card\" content=\"summary_large_image\" \/>\n<meta name=\"twitter:label1\" content=\"Tiempo de lectura\" \/>\n\t<meta name=\"twitter:data1\" content=\"1 minuto\" \/>\n<script type=\"application\/ld+json\" class=\"yoast-schema-graph\">{\"@context\":\"https:\/\/schema.org\",\"@graph\":[{\"@type\":\"WebPage\",\"@id\":\"https:\/\/pruebaswhisper.xyz\/saderma-old\/producto\/kit-de-kit-mes-del-padre-piel-grasa\/\",\"url\":\"https:\/\/pruebaswhisper.xyz\/saderma-old\/producto\/kit-de-kit-mes-del-padre-piel-grasa\/\",\"name\":\"KIT MES DEL PADRE PIEL GRASA - Saderma Laboratorio Dermatologico\",\"isPartOf\":{\"@id\":\"https:\/\/pruebaswhisper.xyz\/saderma-old\/#website\"},\"primaryImageOfPage\":{\"@id\":\"https:\/\/pruebaswhisper.xyz\/saderma-old\/producto\/kit-de-kit-mes-del-padre-piel-grasa\/#primaryimage\"},\"image\":{\"@id\":\"https:\/\/pruebaswhisper.xyz\/saderma-old\/producto\/kit-de-kit-mes-del-padre-piel-grasa\/#primaryimage\"},\"thumbnailUrl\":\"https:\/\/pruebaswhisper.xyz\/saderma-old\/wp-content\/uploads\/2023\/06\/1-POST-JUNIO-SADERMA.jpg\",\"datePublished\":\"2023-06-15T15:27:44+00:00\",\"dateModified\":\"2024-03-14T17:56:08+00:00\",\"breadcrumb\":{\"@id\":\"https:\/\/pruebaswhisper.xyz\/saderma-old\/producto\/kit-de-kit-mes-del-padre-piel-grasa\/#breadcrumb\"},\"inLanguage\":\"es\",\"potentialAction\":[{\"@type\":\"ReadAction\",\"target\":[\"https:\/\/pruebaswhisper.xyz\/saderma-old\/producto\/kit-de-kit-mes-del-padre-piel-grasa\/\"]}]},{\"@type\":\"ImageObject\",\"inLanguage\":\"es\",\"@id\":\"https:\/\/pruebaswhisper.xyz\/saderma-old\/producto\/kit-de-kit-mes-del-padre-piel-grasa\/#primaryimage\",\"url\":\"https:\/\/pruebaswhisper.xyz\/saderma-old\/wp-content\/uploads\/2023\/06\/1-POST-JUNIO-SADERMA.jpg\",\"contentUrl\":\"https:\/\/pruebaswhisper.xyz\/saderma-old\/wp-content\/uploads\/2023\/06\/1-POST-JUNIO-SADERMA.jpg\",\"width\":1500,\"height\":1500},{\"@type\":\"BreadcrumbList\",\"@id\":\"https:\/\/pruebaswhisper.xyz\/saderma-old\/producto\/kit-de-kit-mes-del-padre-piel-grasa\/#breadcrumb\",\"itemListElement\":[{\"@type\":\"ListItem\",\"position\":1,\"name\":\"Portada\",\"item\":\"https:\/\/pruebaswhisper.xyz\/saderma-old\/\"},{\"@type\":\"ListItem\",\"position\":2,\"name\":\"Tienda\",\"item\":\"https:\/\/pruebaswhisper.xyz\/saderma-old\/tienda-laboratorio-dermatologico\/\"},{\"@type\":\"ListItem\",\"position\":3,\"name\":\"KIT MES DEL PADRE PIEL GRASA\"}]},{\"@type\":\"WebSite\",\"@id\":\"https:\/\/pruebaswhisper.xyz\/saderma-old\/#website\",\"url\":\"https:\/\/pruebaswhisper.xyz\/saderma-old\/\",\"name\":\"Saderma Laboratorio Dermatologico\",\"description\":\"Saderma Skin care Productos para el cuidado de la piel , cremas antiedad  y anti manchas Newderm con vitamina c cremas hidratantes  con acido Hialuronico Hyderm, protector solar Sunfeel ,Contorno de ojos anti arrugas Tensoderm\",\"publisher\":{\"@id\":\"https:\/\/pruebaswhisper.xyz\/saderma-old\/#organization\"},\"potentialAction\":[{\"@type\":\"SearchAction\",\"target\":{\"@type\":\"EntryPoint\",\"urlTemplate\":\"https:\/\/pruebaswhisper.xyz\/saderma-old\/?s={search_term_string}\"},\"query-input\":\"required name=search_term_string\"}],\"inLanguage\":\"es\"},{\"@type\":\"Organization\",\"@id\":\"https:\/\/pruebaswhisper.xyz\/saderma-old\/#organization\",\"name\":\"Saderma Laboratorio Dermatologico\",\"url\":\"https:\/\/pruebaswhisper.xyz\/saderma-old\/\",\"logo\":{\"@type\":\"ImageObject\",\"inLanguage\":\"es\",\"@id\":\"https:\/\/pruebaswhisper.xyz\/saderma-old\/#\/schema\/logo\/image\/\",\"url\":\"https:\/\/pruebaswhisper.xyz\/saderma-old\/wp-content\/uploads\/2020\/03\/cropped-logo-300.png\",\"contentUrl\":\"https:\/\/pruebaswhisper.xyz\/saderma-old\/wp-content\/uploads\/2020\/03\/cropped-logo-300.png\",\"width\":333,\"height\":78,\"caption\":\"Saderma Laboratorio Dermatologico\"},\"image\":{\"@id\":\"https:\/\/pruebaswhisper.xyz\/saderma-old\/#\/schema\/logo\/image\/\"}}]}<\/script>\n<!-- \/ Yoast SEO plugin. -->","yoast_head_json":{"title":"KIT MES DEL PADRE PIEL GRASA - Saderma Laboratorio Dermatologico","robots":{"index":"noindex","follow":"follow","max-snippet":"max-snippet:-1","max-image-preview":"max-image-preview:large","max-video-preview":"max-video-preview:-1"},"og_locale":"es_ES","og_type":"article","og_title":"KIT MES DEL PADRE PIEL GRASA - Saderma Laboratorio Dermatologico","og_description":"Este Kit ideal para uso diario, anti-\u00a0Imperfecciones pieles grasas \ud83e\uddd6\ud83c\udf8a.\u200b Contiene:\u200b \u2705SANDET T\u00c9 VERDE :Sandet gel limpiador facial y corporal tipo Syndet con extracto de t\u00e9 verde pieles Mixtas grasas o con Acn\u00e9 \u2705Tensoderm contorno de ojos: Rellena las arugas desde el interior, tanto en la frente como en el contorno de los ojos, para [&hellip;]","og_url":"https:\/\/pruebaswhisper.xyz\/saderma-old\/producto\/kit-de-kit-mes-del-padre-piel-grasa\/","og_site_name":"Saderma Laboratorio Dermatologico","article_modified_time":"2024-03-14T17:56:08+00:00","og_image":[{"width":1500,"height":1500,"url":"https:\/\/pruebaswhisper.xyz\/saderma-old\/wp-content\/uploads\/2023\/06\/1-POST-JUNIO-SADERMA.jpg","type":"image\/jpeg"}],"twitter_card":"summary_large_image","twitter_misc":{"Tiempo de lectura":"1 minuto"},"schema":{"@context":"https:\/\/schema.org","@graph":[{"@type":"WebPage","@id":"https:\/\/pruebaswhisper.xyz\/saderma-old\/producto\/kit-de-kit-mes-del-padre-piel-grasa\/","url":"https:\/\/pruebaswhisper.xyz\/saderma-old\/producto\/kit-de-kit-mes-del-padre-piel-grasa\/","name":"KIT MES DEL PADRE PIEL GRASA - Saderma Laboratorio Dermatologico","isPartOf":{"@id":"https:\/\/pruebaswhisper.xyz\/saderma-old\/#website"},"primaryImageOfPage":{"@id":"https:\/\/pruebaswhisper.xyz\/saderma-old\/producto\/kit-de-kit-mes-del-padre-piel-grasa\/#primaryimage"},"image":{"@id":"https:\/\/pruebaswhisper.xyz\/saderma-old\/producto\/kit-de-kit-mes-del-padre-piel-grasa\/#primaryimage"},"thumbnailUrl":"https:\/\/pruebaswhisper.xyz\/saderma-old\/wp-content\/uploads\/2023\/06\/1-POST-JUNIO-SADERMA.jpg","datePublished":"2023-06-15T15:27:44+00:00","dateModified":"2024-03-14T17:56:08+00:00","breadcrumb":{"@id":"https:\/\/pruebaswhisper.xyz\/saderma-old\/producto\/kit-de-kit-mes-del-padre-piel-grasa\/#breadcrumb"},"inLanguage":"es","potentialAction":[{"@type":"ReadAction","target":["https:\/\/pruebaswhisper.xyz\/saderma-old\/producto\/kit-de-kit-mes-del-padre-piel-grasa\/"]}]},{"@type":"ImageObject","inLanguage":"es","@id":"https:\/\/pruebaswhisper.xyz\/saderma-old\/producto\/kit-de-kit-mes-del-padre-piel-grasa\/#primaryimage","url":"https:\/\/pruebaswhisper.xyz\/saderma-old\/wp-content\/uploads\/2023\/06\/1-POST-JUNIO-SADERMA.jpg","contentUrl":"https:\/\/pruebaswhisper.xyz\/saderma-old\/wp-content\/uploads\/2023\/06\/1-POST-JUNIO-SADERMA.jpg","width":1500,"height":1500},{"@type":"BreadcrumbList","@id":"https:\/\/pruebaswhisper.xyz\/saderma-old\/producto\/kit-de-kit-mes-del-padre-piel-grasa\/#breadcrumb","itemListElement":[{"@type":"ListItem","position":1,"name":"Portada","item":"https:\/\/pruebaswhisper.xyz\/saderma-old\/"},{"@type":"ListItem","position":2,"name":"Tienda","item":"https:\/\/pruebaswhisper.xyz\/saderma-old\/tienda-laboratorio-dermatologico\/"},{"@type":"ListItem","position":3,"name":"KIT MES DEL PADRE PIEL GRASA"}]},{"@type":"WebSite","@id":"https:\/\/pruebaswhisper.xyz\/saderma-old\/#website","url":"https:\/\/pruebaswhisper.xyz\/saderma-old\/","name":"Saderma Laboratorio Dermatologico","description":"Saderma Skin care Productos para el cuidado de la piel , cremas antiedad  y anti manchas Newderm con vitamina c cremas hidratantes  con acido Hialuronico Hyderm, protector solar Sunfeel ,Contorno de ojos anti arrugas Tensoderm","publisher":{"@id":"https:\/\/pruebaswhisper.xyz\/saderma-old\/#organization"},"potentialAction":[{"@type":"SearchAction","target":{"@type":"EntryPoint","urlTemplate":"https:\/\/pruebaswhisper.xyz\/saderma-old\/?s={search_term_string}"},"query-input":"required name=search_term_string"}],"inLanguage":"es"},{"@type":"Organization","@id":"https:\/\/pruebaswhisper.xyz\/saderma-old\/#organization","name":"Saderma Laboratorio Dermatologico","url":"https:\/\/pruebaswhisper.xyz\/saderma-old\/","logo":{"@type":"ImageObject","inLanguage":"es","@id":"https:\/\/pruebaswhisper.xyz\/saderma-old\/#\/schema\/logo\/image\/","url":"https:\/\/pruebaswhisper.xyz\/saderma-old\/wp-content\/uploads\/2020\/03\/cropped-logo-300.png","contentUrl":"https:\/\/pruebaswhisper.xyz\/saderma-old\/wp-content\/uploads\/2020\/03\/cropped-logo-300.png","width":333,"height":78,"caption":"Saderma Laboratorio Dermatologico"},"image":{"@id":"https:\/\/pruebaswhisper.xyz\/saderma-old\/#\/schema\/logo\/image\/"}}]}},"_links":{"self":[{"href":"https:\/\/pruebaswhisper.xyz\/saderma-old\/wp-json\/wp\/v2\/product\/3610"}],"collection":[{"href":"https:\/\/pruebaswhisper.xyz\/saderma-old\/wp-json\/wp\/v2\/product"}],"about":[{"href":"https:\/\/pruebaswhisper.xyz\/saderma-old\/wp-json\/wp\/v2\/types\/product"}],"wp:featuredmedia":[{"embeddable":true,"href":"https:\/\/pruebaswhisper.xyz\/saderma-old\/wp-json\/wp\/v2\/media\/3611"}],"wp:attachment":[{"href":"https:\/\/pruebaswhisper.xyz\/saderma-old\/wp-json\/wp\/v2\/media?parent=3610"}],"wp:term":[{"taxonomy":"product_cat","embeddable":true,"href":"https:\/\/pruebaswhisper.xyz\/saderma-old\/wp-json\/wp\/v2\/product_cat?post=3610"},{"taxonomy":"product_tag","embeddable":true,"href":"https:\/\/pruebaswhisper.xyz\/saderma-old\/wp-json\/wp\/v2\/product_tag?post=3610"}],"curies":[{"name":"wp","href":"https:\/\/api.w.org\/{rel}","templated":true}]}}