{"id":37,"date":"2020-03-10T22:04:39","date_gmt":"2020-03-11T03:04:39","guid":{"rendered":"http:\/\/pypgroupsas.com\/sader\/?post_type=product&#038;p=37"},"modified":"2024-01-09T08:45:32","modified_gmt":"2024-01-09T13:45:32","slug":"sunfeel-protector-solar-spf-30","status":"publish","type":"product","link":"https:\/\/pruebaswhisper.xyz\/saderma-old\/producto\/sunfeel-protector-solar-spf-30\/","title":{"rendered":"Sunfeel protector solar SPF 30 +"},"content":{"rendered":"<p>Contenido Neto 60 gr | Registro INVIMA NSOC 70004-15CO<\/p>\n<p style=\"text-align: justify;\">PROTECTOR SOLAR SPF 30+ Combina tres filtros solares que dan mayor protecci\u00f3n a la piel de los efectos da\u00f1inos de los rayos solares UVA-UVB, Sin dejar sensaci\u00f3n grasa en la piel.<\/p>\n<blockquote><p><strong>SPF (FACTOR DE PROTECCI\u00d3N SOLAR) ES LA MEDIDA DEL NIVEL DE PROTECCI\u00d3N CONTRA LA RADIACI\u00d3N UVB.<\/strong><\/p><\/blockquote>\n<p style=\"text-align: justify;\">El factor de protecci\u00f3n SPF, indica el factor de protecci\u00f3n adicional de resistencia al sol, que brinda el protector solar; es decir cu\u00e1nto tiempo de protecci\u00f3n frente a los da\u00f1os del sol.<\/p>\n<p style=\"text-align: justify;\">Por ejemplo, en fototipos de piel, con exposici\u00f3n a los rayos (UVA &#8211; UVB) en periodos de tiempo de 10 minutos al sol pueden presentar eritema o enrojecimiento a la piel. Un factor SPF30+ ofrece 30 veces o m\u00e1s protecci\u00f3n, es decir: 10 minutos x 30 veces= 300 minutos equivalente a 5 horas de protecci\u00f3n.<\/p>\n","protected":false},"excerpt":{"rendered":"<p style=\"text-align: justify;\"><strong><span style=\"color: #00bcbc;\">\u203a<\/span> <\/strong>Novedosa formulaci\u00f3n en emulgel ideal para piel mixta y seca.<br \/>\n<strong><span style=\"color: #00bcbc;\">\u203a<\/span> <\/strong>Combinaci\u00f3n sin\u00e9rgica de tres filtros solares (Tinosorb\u00ae M, Eusolex\u00ae 2292 y Neo Heliopan\u00ae E 1000).<br \/>\n<strong><span style=\"color: #00bcbc;\">\u203a<\/span> <\/strong>Alto rendimiento de factor de protecci\u00f3n (SPF) contra los rayos solares. (UVA-UVB).<br \/>\n<strong><span style=\"color: #00bcbc;\">\u203a<\/span><\/strong> Sin sensaci\u00f3n grasa en la zona T.<br \/>\n<strong><span style=\"color: #00bcbc;\">\u203a<\/span> <\/strong>Con ingredientes emolientes, humectantes que ayudan a mantener la piel suave e hidratada, en las zonas deshidratadas (P\u00f3mulos).<\/p>\n","protected":false},"featured_media":1339,"template":"","meta":{"_acf_changed":false},"product_cat":[26,22],"product_tag":[55,42,54],"acf":[],"yoast_head":"<!-- This site is optimized with the Yoast SEO plugin v22.9 - https:\/\/yoast.com\/wordpress\/plugins\/seo\/ -->\n<title>Sunfeel protector solar SPF 30 + | Saderma Laboratorio Dermatologico<\/title>\n<meta name=\"description\" content=\"Sunfeel protector Solar SPF 30 de Saderma Lab. Dermatologico al mejor precio Toque Seco,Textura Invisible: pieles grasas, sensibles mixtas\" \/>\n<meta name=\"robots\" content=\"noindex, follow, max-snippet:-1, max-image-preview:large, max-video-preview:-1\" \/>\n<meta property=\"og:locale\" content=\"es_ES\" \/>\n<meta property=\"og:type\" content=\"article\" \/>\n<meta property=\"og:title\" content=\"Sunfeel protector solar SPF 30 + | Saderma Laboratorio Dermatologico\" \/>\n<meta property=\"og:description\" content=\"Sunfeel protector Solar SPF 30 de Saderma Lab. Dermatologico al mejor precio Toque Seco,Textura Invisible: pieles grasas, sensibles mixtas\" \/>\n<meta property=\"og:url\" content=\"https:\/\/pruebaswhisper.xyz\/saderma-old\/producto\/sunfeel-protector-solar-spf-30\/\" \/>\n<meta property=\"og:site_name\" content=\"Saderma Laboratorio Dermatologico\" \/>\n<meta property=\"article:modified_time\" content=\"2024-01-09T13:45:32+00:00\" \/>\n<meta property=\"og:image\" content=\"https:\/\/pruebaswhisper.xyz\/saderma-old\/wp-content\/uploads\/2020\/09\/sunfeel.png\" \/>\n\t<meta property=\"og:image:width\" content=\"1000\" \/>\n\t<meta property=\"og:image:height\" content=\"1000\" \/>\n\t<meta property=\"og:image:type\" content=\"image\/png\" \/>\n<meta name=\"twitter:card\" content=\"summary_large_image\" \/>\n<meta name=\"twitter:label1\" content=\"Tiempo de lectura\" \/>\n\t<meta name=\"twitter:data1\" content=\"1 minuto\" \/>\n<script type=\"application\/ld+json\" class=\"yoast-schema-graph\">{\"@context\":\"https:\/\/schema.org\",\"@graph\":[{\"@type\":\"WebPage\",\"@id\":\"https:\/\/pruebaswhisper.xyz\/saderma-old\/producto\/sunfeel-protector-solar-spf-30\/\",\"url\":\"https:\/\/pruebaswhisper.xyz\/saderma-old\/producto\/sunfeel-protector-solar-spf-30\/\",\"name\":\"Sunfeel protector solar SPF 30 + | Saderma Laboratorio Dermatologico\",\"isPartOf\":{\"@id\":\"https:\/\/pruebaswhisper.xyz\/saderma-old\/#website\"},\"primaryImageOfPage\":{\"@id\":\"https:\/\/pruebaswhisper.xyz\/saderma-old\/producto\/sunfeel-protector-solar-spf-30\/#primaryimage\"},\"image\":{\"@id\":\"https:\/\/pruebaswhisper.xyz\/saderma-old\/producto\/sunfeel-protector-solar-spf-30\/#primaryimage\"},\"thumbnailUrl\":\"https:\/\/pruebaswhisper.xyz\/saderma-old\/wp-content\/uploads\/2020\/09\/sunfeel.png\",\"datePublished\":\"2020-03-11T03:04:39+00:00\",\"dateModified\":\"2024-01-09T13:45:32+00:00\",\"description\":\"Sunfeel protector Solar SPF 30 de Saderma Lab. Dermatologico al mejor precio Toque Seco,Textura Invisible: pieles grasas, sensibles mixtas\",\"breadcrumb\":{\"@id\":\"https:\/\/pruebaswhisper.xyz\/saderma-old\/producto\/sunfeel-protector-solar-spf-30\/#breadcrumb\"},\"inLanguage\":\"es\",\"potentialAction\":[{\"@type\":\"ReadAction\",\"target\":[\"https:\/\/pruebaswhisper.xyz\/saderma-old\/producto\/sunfeel-protector-solar-spf-30\/\"]}]},{\"@type\":\"ImageObject\",\"inLanguage\":\"es\",\"@id\":\"https:\/\/pruebaswhisper.xyz\/saderma-old\/producto\/sunfeel-protector-solar-spf-30\/#primaryimage\",\"url\":\"https:\/\/pruebaswhisper.xyz\/saderma-old\/wp-content\/uploads\/2020\/09\/sunfeel.png\",\"contentUrl\":\"https:\/\/pruebaswhisper.xyz\/saderma-old\/wp-content\/uploads\/2020\/09\/sunfeel.png\",\"width\":1000,\"height\":1000,\"caption\":\"Sunfeel protector Solar Saderma\"},{\"@type\":\"BreadcrumbList\",\"@id\":\"https:\/\/pruebaswhisper.xyz\/saderma-old\/producto\/sunfeel-protector-solar-spf-30\/#breadcrumb\",\"itemListElement\":[{\"@type\":\"ListItem\",\"position\":1,\"name\":\"Portada\",\"item\":\"https:\/\/pruebaswhisper.xyz\/saderma-old\/\"},{\"@type\":\"ListItem\",\"position\":2,\"name\":\"Tienda\",\"item\":\"https:\/\/pruebaswhisper.xyz\/saderma-old\/tienda-laboratorio-dermatologico\/\"},{\"@type\":\"ListItem\",\"position\":3,\"name\":\"Sunfeel protector solar SPF 30 +\"}]},{\"@type\":\"WebSite\",\"@id\":\"https:\/\/pruebaswhisper.xyz\/saderma-old\/#website\",\"url\":\"https:\/\/pruebaswhisper.xyz\/saderma-old\/\",\"name\":\"Saderma Laboratorio Dermatologico\",\"description\":\"Saderma Skin care Productos para el cuidado de la piel , cremas antiedad  y anti manchas Newderm con vitamina c cremas hidratantes  con acido Hialuronico Hyderm, protector solar Sunfeel ,Contorno de ojos anti arrugas Tensoderm\",\"publisher\":{\"@id\":\"https:\/\/pruebaswhisper.xyz\/saderma-old\/#organization\"},\"potentialAction\":[{\"@type\":\"SearchAction\",\"target\":{\"@type\":\"EntryPoint\",\"urlTemplate\":\"https:\/\/pruebaswhisper.xyz\/saderma-old\/?s={search_term_string}\"},\"query-input\":\"required name=search_term_string\"}],\"inLanguage\":\"es\"},{\"@type\":\"Organization\",\"@id\":\"https:\/\/pruebaswhisper.xyz\/saderma-old\/#organization\",\"name\":\"Saderma Laboratorio Dermatologico\",\"url\":\"https:\/\/pruebaswhisper.xyz\/saderma-old\/\",\"logo\":{\"@type\":\"ImageObject\",\"inLanguage\":\"es\",\"@id\":\"https:\/\/pruebaswhisper.xyz\/saderma-old\/#\/schema\/logo\/image\/\",\"url\":\"https:\/\/pruebaswhisper.xyz\/saderma-old\/wp-content\/uploads\/2020\/03\/cropped-logo-300.png\",\"contentUrl\":\"https:\/\/pruebaswhisper.xyz\/saderma-old\/wp-content\/uploads\/2020\/03\/cropped-logo-300.png\",\"width\":333,\"height\":78,\"caption\":\"Saderma Laboratorio Dermatologico\"},\"image\":{\"@id\":\"https:\/\/pruebaswhisper.xyz\/saderma-old\/#\/schema\/logo\/image\/\"}}]}<\/script>\n<!-- \/ Yoast SEO plugin. -->","yoast_head_json":{"title":"Sunfeel protector solar SPF 30 + | Saderma Laboratorio Dermatologico","description":"Sunfeel protector Solar SPF 30 de Saderma Lab. Dermatologico al mejor precio Toque Seco,Textura Invisible: pieles grasas, sensibles mixtas","robots":{"index":"noindex","follow":"follow","max-snippet":"max-snippet:-1","max-image-preview":"max-image-preview:large","max-video-preview":"max-video-preview:-1"},"og_locale":"es_ES","og_type":"article","og_title":"Sunfeel protector solar SPF 30 + | Saderma Laboratorio Dermatologico","og_description":"Sunfeel protector Solar SPF 30 de Saderma Lab. Dermatologico al mejor precio Toque Seco,Textura Invisible: pieles grasas, sensibles mixtas","og_url":"https:\/\/pruebaswhisper.xyz\/saderma-old\/producto\/sunfeel-protector-solar-spf-30\/","og_site_name":"Saderma Laboratorio Dermatologico","article_modified_time":"2024-01-09T13:45:32+00:00","og_image":[{"width":1000,"height":1000,"url":"https:\/\/pruebaswhisper.xyz\/saderma-old\/wp-content\/uploads\/2020\/09\/sunfeel.png","type":"image\/png"}],"twitter_card":"summary_large_image","twitter_misc":{"Tiempo de lectura":"1 minuto"},"schema":{"@context":"https:\/\/schema.org","@graph":[{"@type":"WebPage","@id":"https:\/\/pruebaswhisper.xyz\/saderma-old\/producto\/sunfeel-protector-solar-spf-30\/","url":"https:\/\/pruebaswhisper.xyz\/saderma-old\/producto\/sunfeel-protector-solar-spf-30\/","name":"Sunfeel protector solar SPF 30 + | Saderma Laboratorio Dermatologico","isPartOf":{"@id":"https:\/\/pruebaswhisper.xyz\/saderma-old\/#website"},"primaryImageOfPage":{"@id":"https:\/\/pruebaswhisper.xyz\/saderma-old\/producto\/sunfeel-protector-solar-spf-30\/#primaryimage"},"image":{"@id":"https:\/\/pruebaswhisper.xyz\/saderma-old\/producto\/sunfeel-protector-solar-spf-30\/#primaryimage"},"thumbnailUrl":"https:\/\/pruebaswhisper.xyz\/saderma-old\/wp-content\/uploads\/2020\/09\/sunfeel.png","datePublished":"2020-03-11T03:04:39+00:00","dateModified":"2024-01-09T13:45:32+00:00","description":"Sunfeel protector Solar SPF 30 de Saderma Lab. Dermatologico al mejor precio Toque Seco,Textura Invisible: pieles grasas, sensibles mixtas","breadcrumb":{"@id":"https:\/\/pruebaswhisper.xyz\/saderma-old\/producto\/sunfeel-protector-solar-spf-30\/#breadcrumb"},"inLanguage":"es","potentialAction":[{"@type":"ReadAction","target":["https:\/\/pruebaswhisper.xyz\/saderma-old\/producto\/sunfeel-protector-solar-spf-30\/"]}]},{"@type":"ImageObject","inLanguage":"es","@id":"https:\/\/pruebaswhisper.xyz\/saderma-old\/producto\/sunfeel-protector-solar-spf-30\/#primaryimage","url":"https:\/\/pruebaswhisper.xyz\/saderma-old\/wp-content\/uploads\/2020\/09\/sunfeel.png","contentUrl":"https:\/\/pruebaswhisper.xyz\/saderma-old\/wp-content\/uploads\/2020\/09\/sunfeel.png","width":1000,"height":1000,"caption":"Sunfeel protector Solar Saderma"},{"@type":"BreadcrumbList","@id":"https:\/\/pruebaswhisper.xyz\/saderma-old\/producto\/sunfeel-protector-solar-spf-30\/#breadcrumb","itemListElement":[{"@type":"ListItem","position":1,"name":"Portada","item":"https:\/\/pruebaswhisper.xyz\/saderma-old\/"},{"@type":"ListItem","position":2,"name":"Tienda","item":"https:\/\/pruebaswhisper.xyz\/saderma-old\/tienda-laboratorio-dermatologico\/"},{"@type":"ListItem","position":3,"name":"Sunfeel protector solar SPF 30 +"}]},{"@type":"WebSite","@id":"https:\/\/pruebaswhisper.xyz\/saderma-old\/#website","url":"https:\/\/pruebaswhisper.xyz\/saderma-old\/","name":"Saderma Laboratorio Dermatologico","description":"Saderma Skin care Productos para el cuidado de la piel , cremas antiedad  y anti manchas Newderm con vitamina c cremas hidratantes  con acido Hialuronico Hyderm, protector solar Sunfeel ,Contorno de ojos anti arrugas Tensoderm","publisher":{"@id":"https:\/\/pruebaswhisper.xyz\/saderma-old\/#organization"},"potentialAction":[{"@type":"SearchAction","target":{"@type":"EntryPoint","urlTemplate":"https:\/\/pruebaswhisper.xyz\/saderma-old\/?s={search_term_string}"},"query-input":"required name=search_term_string"}],"inLanguage":"es"},{"@type":"Organization","@id":"https:\/\/pruebaswhisper.xyz\/saderma-old\/#organization","name":"Saderma Laboratorio Dermatologico","url":"https:\/\/pruebaswhisper.xyz\/saderma-old\/","logo":{"@type":"ImageObject","inLanguage":"es","@id":"https:\/\/pruebaswhisper.xyz\/saderma-old\/#\/schema\/logo\/image\/","url":"https:\/\/pruebaswhisper.xyz\/saderma-old\/wp-content\/uploads\/2020\/03\/cropped-logo-300.png","contentUrl":"https:\/\/pruebaswhisper.xyz\/saderma-old\/wp-content\/uploads\/2020\/03\/cropped-logo-300.png","width":333,"height":78,"caption":"Saderma Laboratorio Dermatologico"},"image":{"@id":"https:\/\/pruebaswhisper.xyz\/saderma-old\/#\/schema\/logo\/image\/"}}]}},"_links":{"self":[{"href":"https:\/\/pruebaswhisper.xyz\/saderma-old\/wp-json\/wp\/v2\/product\/37"}],"collection":[{"href":"https:\/\/pruebaswhisper.xyz\/saderma-old\/wp-json\/wp\/v2\/product"}],"about":[{"href":"https:\/\/pruebaswhisper.xyz\/saderma-old\/wp-json\/wp\/v2\/types\/product"}],"wp:featuredmedia":[{"embeddable":true,"href":"https:\/\/pruebaswhisper.xyz\/saderma-old\/wp-json\/wp\/v2\/media\/1339"}],"wp:attachment":[{"href":"https:\/\/pruebaswhisper.xyz\/saderma-old\/wp-json\/wp\/v2\/media?parent=37"}],"wp:term":[{"taxonomy":"product_cat","embeddable":true,"href":"https:\/\/pruebaswhisper.xyz\/saderma-old\/wp-json\/wp\/v2\/product_cat?post=37"},{"taxonomy":"product_tag","embeddable":true,"href":"https:\/\/pruebaswhisper.xyz\/saderma-old\/wp-json\/wp\/v2\/product_tag?post=37"}],"curies":[{"name":"wp","href":"https:\/\/api.w.org\/{rel}","templated":true}]}}