{"id":3819,"date":"2023-07-18T13:53:57","date_gmt":"2023-07-18T18:53:57","guid":{"rendered":"https:\/\/pruebaswhisper.xyz\/saderma-old\/?post_type=product&#038;p=3819"},"modified":"2024-01-28T23:18:27","modified_gmt":"2024-01-29T04:18:27","slug":"kit-duo-despigmentante","status":"publish","type":"product","link":"https:\/\/pruebaswhisper.xyz\/saderma-old\/producto\/kit-duo-despigmentante\/","title":{"rendered":"KIT DUO DESPIGMENTANTE"},"content":{"rendered":"<p>KIT DESPIGMENTANTE\u00a0 \ud83d\udc9c\ud83e\udd73\ud83e\udef6\ud83c\udffb<\/p>\n<p>Para ti \ud83e\udef5\ud83c\udffb que nos acompa\u00f1as, a\u00f1o tras a\u00f1o. Traemos una incre\u00edble promoci\u00f3n \ud83c\udf81\ud83e\udd73<\/p>\n<p>\u2705 Obt\u00e9n el 20% de descuento en nuestro Kit despigmentante\ud83d\udc9c, para manchas rebeldes.<\/p>\n<p>\u2728Ayud\u00e1ndote a recuperar el tono de piel tanto en el rostro como en zonas que requieran un aclarado natural (axilas, gl\u00fateos, entrepierna).<\/p>\n<p>Y lo mejor de todo es que recibir\u00e1s por tu compra un hermoso obsequio de nuestra marca \ud83e\udd29\ud83c\udf81<\/p>\n<p>*Promocion v\u00e1lida para productos seleccionados* Newderm advanced + Newderm emugel \ud83d\udc9c<\/p>\n","protected":false},"excerpt":{"rendered":"<p>KIT DESPIGMENTANTE\u00a0 \ud83d\udc9c\ud83e\udd73\ud83e\udef6\ud83c\udffb Para ti \ud83e\udef5\ud83c\udffb que nos acompa\u00f1as, a\u00f1o tras a\u00f1o. Traemos una incre\u00edble promoci\u00f3n \ud83c\udf81\ud83e\udd73 \u2705 Obt\u00e9n el 20% de descuento en nuestro Kit despigmentante\ud83d\udc9c, para manchas rebeldes. \u2728Ayud\u00e1ndote a recuperar el tono de piel tanto en el rostro como en zonas que requieran un aclarado natural (axilas, gl\u00fateos, entrepierna). Y lo mejor [&hellip;]<\/p>\n","protected":false},"featured_media":3820,"template":"","meta":{"_acf_changed":false},"product_cat":[21,27,24,34],"product_tag":[],"acf":[],"yoast_head":"<!-- This site is optimized with the Yoast SEO plugin v22.9 - https:\/\/yoast.com\/wordpress\/plugins\/seo\/ -->\n<title>KIT DUO DESPIGMENTANTE - Saderma Laboratorio Dermatologico<\/title>\n<meta name=\"robots\" content=\"noindex, follow, max-snippet:-1, max-image-preview:large, max-video-preview:-1\" \/>\n<meta property=\"og:locale\" content=\"es_ES\" \/>\n<meta property=\"og:type\" content=\"article\" \/>\n<meta property=\"og:title\" content=\"KIT DUO DESPIGMENTANTE - Saderma Laboratorio Dermatologico\" \/>\n<meta property=\"og:description\" content=\"KIT DESPIGMENTANTE\u00a0 \ud83d\udc9c\ud83e\udd73\ud83e\udef6\ud83c\udffb Para ti \ud83e\udef5\ud83c\udffb que nos acompa\u00f1as, a\u00f1o tras a\u00f1o. Traemos una incre\u00edble promoci\u00f3n \ud83c\udf81\ud83e\udd73 \u2705 Obt\u00e9n el 20% de descuento en nuestro Kit despigmentante\ud83d\udc9c, para manchas rebeldes. \u2728Ayud\u00e1ndote a recuperar el tono de piel tanto en el rostro como en zonas que requieran un aclarado natural (axilas, gl\u00fateos, entrepierna). Y lo mejor [&hellip;]\" \/>\n<meta property=\"og:url\" content=\"https:\/\/pruebaswhisper.xyz\/saderma-old\/producto\/kit-duo-despigmentante\/\" \/>\n<meta property=\"og:site_name\" content=\"Saderma Laboratorio Dermatologico\" \/>\n<meta property=\"article:modified_time\" content=\"2024-01-29T04:18:27+00:00\" \/>\n<meta property=\"og:image\" content=\"https:\/\/pruebaswhisper.xyz\/saderma-old\/wp-content\/uploads\/2023\/07\/POST-SADERMA-JULIO-KIT-DESPIGMENTANTE.jpg\" \/>\n\t<meta property=\"og:image:width\" content=\"1400\" \/>\n\t<meta property=\"og:image:height\" content=\"1400\" \/>\n\t<meta property=\"og:image:type\" content=\"image\/jpeg\" \/>\n<meta name=\"twitter:card\" content=\"summary_large_image\" \/>\n<meta name=\"twitter:label1\" content=\"Tiempo de lectura\" \/>\n\t<meta name=\"twitter:data1\" content=\"1 minuto\" \/>\n<script type=\"application\/ld+json\" class=\"yoast-schema-graph\">{\"@context\":\"https:\/\/schema.org\",\"@graph\":[{\"@type\":\"WebPage\",\"@id\":\"https:\/\/pruebaswhisper.xyz\/saderma-old\/producto\/kit-duo-despigmentante\/\",\"url\":\"https:\/\/pruebaswhisper.xyz\/saderma-old\/producto\/kit-duo-despigmentante\/\",\"name\":\"KIT DUO DESPIGMENTANTE - Saderma Laboratorio Dermatologico\",\"isPartOf\":{\"@id\":\"https:\/\/pruebaswhisper.xyz\/saderma-old\/#website\"},\"primaryImageOfPage\":{\"@id\":\"https:\/\/pruebaswhisper.xyz\/saderma-old\/producto\/kit-duo-despigmentante\/#primaryimage\"},\"image\":{\"@id\":\"https:\/\/pruebaswhisper.xyz\/saderma-old\/producto\/kit-duo-despigmentante\/#primaryimage\"},\"thumbnailUrl\":\"https:\/\/pruebaswhisper.xyz\/saderma-old\/wp-content\/uploads\/2023\/07\/POST-SADERMA-JULIO-KIT-DESPIGMENTANTE.jpg\",\"datePublished\":\"2023-07-18T18:53:57+00:00\",\"dateModified\":\"2024-01-29T04:18:27+00:00\",\"breadcrumb\":{\"@id\":\"https:\/\/pruebaswhisper.xyz\/saderma-old\/producto\/kit-duo-despigmentante\/#breadcrumb\"},\"inLanguage\":\"es\",\"potentialAction\":[{\"@type\":\"ReadAction\",\"target\":[\"https:\/\/pruebaswhisper.xyz\/saderma-old\/producto\/kit-duo-despigmentante\/\"]}]},{\"@type\":\"ImageObject\",\"inLanguage\":\"es\",\"@id\":\"https:\/\/pruebaswhisper.xyz\/saderma-old\/producto\/kit-duo-despigmentante\/#primaryimage\",\"url\":\"https:\/\/pruebaswhisper.xyz\/saderma-old\/wp-content\/uploads\/2023\/07\/POST-SADERMA-JULIO-KIT-DESPIGMENTANTE.jpg\",\"contentUrl\":\"https:\/\/pruebaswhisper.xyz\/saderma-old\/wp-content\/uploads\/2023\/07\/POST-SADERMA-JULIO-KIT-DESPIGMENTANTE.jpg\",\"width\":1400,\"height\":1400},{\"@type\":\"BreadcrumbList\",\"@id\":\"https:\/\/pruebaswhisper.xyz\/saderma-old\/producto\/kit-duo-despigmentante\/#breadcrumb\",\"itemListElement\":[{\"@type\":\"ListItem\",\"position\":1,\"name\":\"Portada\",\"item\":\"https:\/\/pruebaswhisper.xyz\/saderma-old\/\"},{\"@type\":\"ListItem\",\"position\":2,\"name\":\"Tienda\",\"item\":\"https:\/\/pruebaswhisper.xyz\/saderma-old\/tienda-laboratorio-dermatologico\/\"},{\"@type\":\"ListItem\",\"position\":3,\"name\":\"KIT DUO DESPIGMENTANTE\"}]},{\"@type\":\"WebSite\",\"@id\":\"https:\/\/pruebaswhisper.xyz\/saderma-old\/#website\",\"url\":\"https:\/\/pruebaswhisper.xyz\/saderma-old\/\",\"name\":\"Saderma Laboratorio Dermatologico\",\"description\":\"Saderma Skin care Productos para el cuidado de la piel , cremas antiedad  y anti manchas Newderm con vitamina c cremas hidratantes  con acido Hialuronico Hyderm, protector solar Sunfeel ,Contorno de ojos anti arrugas Tensoderm\",\"publisher\":{\"@id\":\"https:\/\/pruebaswhisper.xyz\/saderma-old\/#organization\"},\"potentialAction\":[{\"@type\":\"SearchAction\",\"target\":{\"@type\":\"EntryPoint\",\"urlTemplate\":\"https:\/\/pruebaswhisper.xyz\/saderma-old\/?s={search_term_string}\"},\"query-input\":\"required name=search_term_string\"}],\"inLanguage\":\"es\"},{\"@type\":\"Organization\",\"@id\":\"https:\/\/pruebaswhisper.xyz\/saderma-old\/#organization\",\"name\":\"Saderma Laboratorio Dermatologico\",\"url\":\"https:\/\/pruebaswhisper.xyz\/saderma-old\/\",\"logo\":{\"@type\":\"ImageObject\",\"inLanguage\":\"es\",\"@id\":\"https:\/\/pruebaswhisper.xyz\/saderma-old\/#\/schema\/logo\/image\/\",\"url\":\"https:\/\/pruebaswhisper.xyz\/saderma-old\/wp-content\/uploads\/2020\/03\/cropped-logo-300.png\",\"contentUrl\":\"https:\/\/pruebaswhisper.xyz\/saderma-old\/wp-content\/uploads\/2020\/03\/cropped-logo-300.png\",\"width\":333,\"height\":78,\"caption\":\"Saderma Laboratorio Dermatologico\"},\"image\":{\"@id\":\"https:\/\/pruebaswhisper.xyz\/saderma-old\/#\/schema\/logo\/image\/\"}}]}<\/script>\n<!-- \/ Yoast SEO plugin. -->","yoast_head_json":{"title":"KIT DUO DESPIGMENTANTE - Saderma Laboratorio Dermatologico","robots":{"index":"noindex","follow":"follow","max-snippet":"max-snippet:-1","max-image-preview":"max-image-preview:large","max-video-preview":"max-video-preview:-1"},"og_locale":"es_ES","og_type":"article","og_title":"KIT DUO DESPIGMENTANTE - Saderma Laboratorio Dermatologico","og_description":"KIT DESPIGMENTANTE\u00a0 \ud83d\udc9c\ud83e\udd73\ud83e\udef6\ud83c\udffb Para ti \ud83e\udef5\ud83c\udffb que nos acompa\u00f1as, a\u00f1o tras a\u00f1o. Traemos una incre\u00edble promoci\u00f3n \ud83c\udf81\ud83e\udd73 \u2705 Obt\u00e9n el 20% de descuento en nuestro Kit despigmentante\ud83d\udc9c, para manchas rebeldes. \u2728Ayud\u00e1ndote a recuperar el tono de piel tanto en el rostro como en zonas que requieran un aclarado natural (axilas, gl\u00fateos, entrepierna). Y lo mejor [&hellip;]","og_url":"https:\/\/pruebaswhisper.xyz\/saderma-old\/producto\/kit-duo-despigmentante\/","og_site_name":"Saderma Laboratorio Dermatologico","article_modified_time":"2024-01-29T04:18:27+00:00","og_image":[{"width":1400,"height":1400,"url":"https:\/\/pruebaswhisper.xyz\/saderma-old\/wp-content\/uploads\/2023\/07\/POST-SADERMA-JULIO-KIT-DESPIGMENTANTE.jpg","type":"image\/jpeg"}],"twitter_card":"summary_large_image","twitter_misc":{"Tiempo de lectura":"1 minuto"},"schema":{"@context":"https:\/\/schema.org","@graph":[{"@type":"WebPage","@id":"https:\/\/pruebaswhisper.xyz\/saderma-old\/producto\/kit-duo-despigmentante\/","url":"https:\/\/pruebaswhisper.xyz\/saderma-old\/producto\/kit-duo-despigmentante\/","name":"KIT DUO DESPIGMENTANTE - Saderma Laboratorio Dermatologico","isPartOf":{"@id":"https:\/\/pruebaswhisper.xyz\/saderma-old\/#website"},"primaryImageOfPage":{"@id":"https:\/\/pruebaswhisper.xyz\/saderma-old\/producto\/kit-duo-despigmentante\/#primaryimage"},"image":{"@id":"https:\/\/pruebaswhisper.xyz\/saderma-old\/producto\/kit-duo-despigmentante\/#primaryimage"},"thumbnailUrl":"https:\/\/pruebaswhisper.xyz\/saderma-old\/wp-content\/uploads\/2023\/07\/POST-SADERMA-JULIO-KIT-DESPIGMENTANTE.jpg","datePublished":"2023-07-18T18:53:57+00:00","dateModified":"2024-01-29T04:18:27+00:00","breadcrumb":{"@id":"https:\/\/pruebaswhisper.xyz\/saderma-old\/producto\/kit-duo-despigmentante\/#breadcrumb"},"inLanguage":"es","potentialAction":[{"@type":"ReadAction","target":["https:\/\/pruebaswhisper.xyz\/saderma-old\/producto\/kit-duo-despigmentante\/"]}]},{"@type":"ImageObject","inLanguage":"es","@id":"https:\/\/pruebaswhisper.xyz\/saderma-old\/producto\/kit-duo-despigmentante\/#primaryimage","url":"https:\/\/pruebaswhisper.xyz\/saderma-old\/wp-content\/uploads\/2023\/07\/POST-SADERMA-JULIO-KIT-DESPIGMENTANTE.jpg","contentUrl":"https:\/\/pruebaswhisper.xyz\/saderma-old\/wp-content\/uploads\/2023\/07\/POST-SADERMA-JULIO-KIT-DESPIGMENTANTE.jpg","width":1400,"height":1400},{"@type":"BreadcrumbList","@id":"https:\/\/pruebaswhisper.xyz\/saderma-old\/producto\/kit-duo-despigmentante\/#breadcrumb","itemListElement":[{"@type":"ListItem","position":1,"name":"Portada","item":"https:\/\/pruebaswhisper.xyz\/saderma-old\/"},{"@type":"ListItem","position":2,"name":"Tienda","item":"https:\/\/pruebaswhisper.xyz\/saderma-old\/tienda-laboratorio-dermatologico\/"},{"@type":"ListItem","position":3,"name":"KIT DUO DESPIGMENTANTE"}]},{"@type":"WebSite","@id":"https:\/\/pruebaswhisper.xyz\/saderma-old\/#website","url":"https:\/\/pruebaswhisper.xyz\/saderma-old\/","name":"Saderma Laboratorio Dermatologico","description":"Saderma Skin care Productos para el cuidado de la piel , cremas antiedad  y anti manchas Newderm con vitamina c cremas hidratantes  con acido Hialuronico Hyderm, protector solar Sunfeel ,Contorno de ojos anti arrugas Tensoderm","publisher":{"@id":"https:\/\/pruebaswhisper.xyz\/saderma-old\/#organization"},"potentialAction":[{"@type":"SearchAction","target":{"@type":"EntryPoint","urlTemplate":"https:\/\/pruebaswhisper.xyz\/saderma-old\/?s={search_term_string}"},"query-input":"required name=search_term_string"}],"inLanguage":"es"},{"@type":"Organization","@id":"https:\/\/pruebaswhisper.xyz\/saderma-old\/#organization","name":"Saderma Laboratorio Dermatologico","url":"https:\/\/pruebaswhisper.xyz\/saderma-old\/","logo":{"@type":"ImageObject","inLanguage":"es","@id":"https:\/\/pruebaswhisper.xyz\/saderma-old\/#\/schema\/logo\/image\/","url":"https:\/\/pruebaswhisper.xyz\/saderma-old\/wp-content\/uploads\/2020\/03\/cropped-logo-300.png","contentUrl":"https:\/\/pruebaswhisper.xyz\/saderma-old\/wp-content\/uploads\/2020\/03\/cropped-logo-300.png","width":333,"height":78,"caption":"Saderma Laboratorio Dermatologico"},"image":{"@id":"https:\/\/pruebaswhisper.xyz\/saderma-old\/#\/schema\/logo\/image\/"}}]}},"_links":{"self":[{"href":"https:\/\/pruebaswhisper.xyz\/saderma-old\/wp-json\/wp\/v2\/product\/3819"}],"collection":[{"href":"https:\/\/pruebaswhisper.xyz\/saderma-old\/wp-json\/wp\/v2\/product"}],"about":[{"href":"https:\/\/pruebaswhisper.xyz\/saderma-old\/wp-json\/wp\/v2\/types\/product"}],"wp:featuredmedia":[{"embeddable":true,"href":"https:\/\/pruebaswhisper.xyz\/saderma-old\/wp-json\/wp\/v2\/media\/3820"}],"wp:attachment":[{"href":"https:\/\/pruebaswhisper.xyz\/saderma-old\/wp-json\/wp\/v2\/media?parent=3819"}],"wp:term":[{"taxonomy":"product_cat","embeddable":true,"href":"https:\/\/pruebaswhisper.xyz\/saderma-old\/wp-json\/wp\/v2\/product_cat?post=3819"},{"taxonomy":"product_tag","embeddable":true,"href":"https:\/\/pruebaswhisper.xyz\/saderma-old\/wp-json\/wp\/v2\/product_tag?post=3819"}],"curies":[{"name":"wp","href":"https:\/\/api.w.org\/{rel}","templated":true}]}}