{"id":39,"date":"2020-03-10T22:04:47","date_gmt":"2020-03-11T03:04:47","guid":{"rendered":"http:\/\/pypgroupsas.com\/sader\/?post_type=product&#038;p=39"},"modified":"2024-07-01T00:00:18","modified_gmt":"2024-07-01T05:00:18","slug":"hyderm-face-emulgel-hidratante-facial-con-acido-hialuronico","status":"publish","type":"product","link":"https:\/\/pruebaswhisper.xyz\/saderma-old\/producto\/hyderm-face-emulgel-hidratante-facial-con-acido-hialuronico\/","title":{"rendered":"Hyderm face emulgel hidratante facial con \u00e1cido hialur\u00f3nico"},"content":{"rendered":"<p>Contenido Neto\u00a050\u00a0gr\u00a0| Registro INVIMA\u00a0NSOC 69999-15CO<\/p>\n<blockquote><p>HYDERM FACE APORTA FRESCURA E HIDRATA LA PIEL.<\/p><\/blockquote>\n<p>HYDERM Face con propiedades Filmogenas (retiene la humedad natural de la piel), brindando una hidrataci\u00f3n optima durante el d\u00eda.<\/p>\n<ul>\n<li>Reconstituyente de tejidos, gracias a sus ingredientes activos, ayuda a mantener la piel el\u00e1stica y saludable.<\/li>\n<li>Emulgel Hidratante Nutritiva para todo tipo de piel.<\/li>\n<li>Proporciona suavidad y luminosidad.<\/li>\n<li>Restaura la flexibilidad y le da lozan\u00eda a la piel.<\/li>\n<li>Deja las l\u00edneas de los labios mas definidas con apariencia mas juvenil y fresca.<\/li>\n<\/ul>\n<p>&nbsp;<\/p>\n","protected":false},"excerpt":{"rendered":"<p style=\"text-align: justify;\">HYDERM Face con propiedades Filmogenas (retiene la humedad natural de la piel), brindando una hidrataci\u00f3n optima durante el d\u00eda.<\/p>\n<p style=\"text-align: justify;\"><strong><span style=\"color: #00bcbc;\">\u203a <\/span><\/strong>Reconstituyente de tejidos, gracias a sus ingredientes activos, ayuda a mantener la piel el\u00e1stica y saludable.<br \/>\n<strong><span style=\"color: #00bcbc;\">\u203a <\/span><\/strong>Emulgel Hidratante Nutritiva para todo tipo de piel.<br \/>\n<strong><span style=\"color: #00bcbc;\">\u203a <\/span><\/strong>Proporciona suavidad y luminosidad.<br \/>\n<strong><span style=\"color: #00bcbc;\">\u203a <\/span><\/strong>Restaura la flexibilidad y le da lozan\u00eda a la piel.<br \/>\n<strong><span style=\"color: #00bcbc;\">\u203a <\/span><\/strong>Deja las l\u00edneas de los labios mas definidas con apariencia mas juvenil y fresca.<\/p>\n","protected":false},"featured_media":5356,"template":"","meta":{"_acf_changed":false},"product_cat":[21,24,34],"product_tag":[140,139,138],"acf":[],"yoast_head":"<!-- This site is optimized with the Yoast SEO plugin v22.9 - https:\/\/yoast.com\/wordpress\/plugins\/seo\/ -->\n<title>Hyderm face emulgel hidratante facial con \u00e1cido hialur\u00f3nico - Saderma Laboratorio Dermatologico<\/title>\n<meta name=\"description\" content=\"Hyderm Face hidratante de d\u00eda, con Acido Hialuronico,Retinol, Vitamina E Col\u00e1geno y El\u00e1stina Comprala al mejor precio en Saderma.co\" \/>\n<meta name=\"robots\" content=\"noindex, follow, max-snippet:-1, max-image-preview:large, max-video-preview:-1\" \/>\n<meta property=\"og:locale\" content=\"es_ES\" \/>\n<meta property=\"og:type\" content=\"article\" \/>\n<meta property=\"og:title\" content=\"Hyderm face emulgel hidratante facial con \u00e1cido hialur\u00f3nico - Saderma Laboratorio Dermatologico\" \/>\n<meta property=\"og:description\" content=\"Hyderm Face hidratante de d\u00eda, con Acido Hialuronico,Retinol, Vitamina E Col\u00e1geno y El\u00e1stina Comprala al mejor precio en Saderma.co\" \/>\n<meta property=\"og:url\" content=\"https:\/\/pruebaswhisper.xyz\/saderma-old\/producto\/hyderm-face-emulgel-hidratante-facial-con-acido-hialuronico\/\" \/>\n<meta property=\"og:site_name\" content=\"Saderma Laboratorio Dermatologico\" \/>\n<meta property=\"article:modified_time\" content=\"2024-07-01T05:00:18+00:00\" \/>\n<meta property=\"og:image\" content=\"https:\/\/pruebaswhisper.xyz\/saderma-old\/wp-content\/uploads\/2020\/03\/hyderm-fondo-blanco-1.jpg\" \/>\n\t<meta property=\"og:image:width\" content=\"1080\" \/>\n\t<meta property=\"og:image:height\" content=\"1080\" \/>\n\t<meta property=\"og:image:type\" content=\"image\/jpeg\" \/>\n<meta name=\"twitter:card\" content=\"summary_large_image\" \/>\n<meta name=\"twitter:label1\" content=\"Tiempo de lectura\" \/>\n\t<meta name=\"twitter:data1\" content=\"1 minuto\" \/>\n<script type=\"application\/ld+json\" class=\"yoast-schema-graph\">{\"@context\":\"https:\/\/schema.org\",\"@graph\":[{\"@type\":\"WebPage\",\"@id\":\"https:\/\/pruebaswhisper.xyz\/saderma-old\/producto\/hyderm-face-emulgel-hidratante-facial-con-acido-hialuronico\/\",\"url\":\"https:\/\/pruebaswhisper.xyz\/saderma-old\/producto\/hyderm-face-emulgel-hidratante-facial-con-acido-hialuronico\/\",\"name\":\"Hyderm face emulgel hidratante facial con \u00e1cido hialur\u00f3nico - Saderma Laboratorio Dermatologico\",\"isPartOf\":{\"@id\":\"https:\/\/pruebaswhisper.xyz\/saderma-old\/#website\"},\"primaryImageOfPage\":{\"@id\":\"https:\/\/pruebaswhisper.xyz\/saderma-old\/producto\/hyderm-face-emulgel-hidratante-facial-con-acido-hialuronico\/#primaryimage\"},\"image\":{\"@id\":\"https:\/\/pruebaswhisper.xyz\/saderma-old\/producto\/hyderm-face-emulgel-hidratante-facial-con-acido-hialuronico\/#primaryimage\"},\"thumbnailUrl\":\"https:\/\/pruebaswhisper.xyz\/saderma-old\/wp-content\/uploads\/2020\/03\/hyderm-fondo-blanco-1.jpg\",\"datePublished\":\"2020-03-11T03:04:47+00:00\",\"dateModified\":\"2024-07-01T05:00:18+00:00\",\"description\":\"Hyderm Face hidratante de d\u00eda, con Acido Hialuronico,Retinol, Vitamina E Col\u00e1geno y El\u00e1stina Comprala al mejor precio en Saderma.co\",\"breadcrumb\":{\"@id\":\"https:\/\/pruebaswhisper.xyz\/saderma-old\/producto\/hyderm-face-emulgel-hidratante-facial-con-acido-hialuronico\/#breadcrumb\"},\"inLanguage\":\"es\",\"potentialAction\":[{\"@type\":\"ReadAction\",\"target\":[\"https:\/\/pruebaswhisper.xyz\/saderma-old\/producto\/hyderm-face-emulgel-hidratante-facial-con-acido-hialuronico\/\"]}]},{\"@type\":\"ImageObject\",\"inLanguage\":\"es\",\"@id\":\"https:\/\/pruebaswhisper.xyz\/saderma-old\/producto\/hyderm-face-emulgel-hidratante-facial-con-acido-hialuronico\/#primaryimage\",\"url\":\"https:\/\/pruebaswhisper.xyz\/saderma-old\/wp-content\/uploads\/2020\/03\/hyderm-fondo-blanco-1.jpg\",\"contentUrl\":\"https:\/\/pruebaswhisper.xyz\/saderma-old\/wp-content\/uploads\/2020\/03\/hyderm-fondo-blanco-1.jpg\",\"width\":1080,\"height\":1080},{\"@type\":\"BreadcrumbList\",\"@id\":\"https:\/\/pruebaswhisper.xyz\/saderma-old\/producto\/hyderm-face-emulgel-hidratante-facial-con-acido-hialuronico\/#breadcrumb\",\"itemListElement\":[{\"@type\":\"ListItem\",\"position\":1,\"name\":\"Portada\",\"item\":\"https:\/\/pruebaswhisper.xyz\/saderma-old\/\"},{\"@type\":\"ListItem\",\"position\":2,\"name\":\"Tienda\",\"item\":\"https:\/\/pruebaswhisper.xyz\/saderma-old\/tienda-laboratorio-dermatologico\/\"},{\"@type\":\"ListItem\",\"position\":3,\"name\":\"Hyderm face emulgel hidratante facial con \u00e1cido hialur\u00f3nico\"}]},{\"@type\":\"WebSite\",\"@id\":\"https:\/\/pruebaswhisper.xyz\/saderma-old\/#website\",\"url\":\"https:\/\/pruebaswhisper.xyz\/saderma-old\/\",\"name\":\"Saderma Laboratorio Dermatologico\",\"description\":\"Saderma Skin care Productos para el cuidado de la piel , cremas antiedad  y anti manchas Newderm con vitamina c cremas hidratantes  con acido Hialuronico Hyderm, protector solar Sunfeel ,Contorno de ojos anti arrugas Tensoderm\",\"publisher\":{\"@id\":\"https:\/\/pruebaswhisper.xyz\/saderma-old\/#organization\"},\"potentialAction\":[{\"@type\":\"SearchAction\",\"target\":{\"@type\":\"EntryPoint\",\"urlTemplate\":\"https:\/\/pruebaswhisper.xyz\/saderma-old\/?s={search_term_string}\"},\"query-input\":\"required name=search_term_string\"}],\"inLanguage\":\"es\"},{\"@type\":\"Organization\",\"@id\":\"https:\/\/pruebaswhisper.xyz\/saderma-old\/#organization\",\"name\":\"Saderma Laboratorio Dermatologico\",\"url\":\"https:\/\/pruebaswhisper.xyz\/saderma-old\/\",\"logo\":{\"@type\":\"ImageObject\",\"inLanguage\":\"es\",\"@id\":\"https:\/\/pruebaswhisper.xyz\/saderma-old\/#\/schema\/logo\/image\/\",\"url\":\"https:\/\/pruebaswhisper.xyz\/saderma-old\/wp-content\/uploads\/2020\/03\/cropped-logo-300.png\",\"contentUrl\":\"https:\/\/pruebaswhisper.xyz\/saderma-old\/wp-content\/uploads\/2020\/03\/cropped-logo-300.png\",\"width\":333,\"height\":78,\"caption\":\"Saderma Laboratorio Dermatologico\"},\"image\":{\"@id\":\"https:\/\/pruebaswhisper.xyz\/saderma-old\/#\/schema\/logo\/image\/\"}}]}<\/script>\n<!-- \/ Yoast SEO plugin. -->","yoast_head_json":{"title":"Hyderm face emulgel hidratante facial con \u00e1cido hialur\u00f3nico - Saderma Laboratorio Dermatologico","description":"Hyderm Face hidratante de d\u00eda, con Acido Hialuronico,Retinol, Vitamina E Col\u00e1geno y El\u00e1stina Comprala al mejor precio en Saderma.co","robots":{"index":"noindex","follow":"follow","max-snippet":"max-snippet:-1","max-image-preview":"max-image-preview:large","max-video-preview":"max-video-preview:-1"},"og_locale":"es_ES","og_type":"article","og_title":"Hyderm face emulgel hidratante facial con \u00e1cido hialur\u00f3nico - Saderma Laboratorio Dermatologico","og_description":"Hyderm Face hidratante de d\u00eda, con Acido Hialuronico,Retinol, Vitamina E Col\u00e1geno y El\u00e1stina Comprala al mejor precio en Saderma.co","og_url":"https:\/\/pruebaswhisper.xyz\/saderma-old\/producto\/hyderm-face-emulgel-hidratante-facial-con-acido-hialuronico\/","og_site_name":"Saderma Laboratorio Dermatologico","article_modified_time":"2024-07-01T05:00:18+00:00","og_image":[{"width":1080,"height":1080,"url":"https:\/\/pruebaswhisper.xyz\/saderma-old\/wp-content\/uploads\/2020\/03\/hyderm-fondo-blanco-1.jpg","type":"image\/jpeg"}],"twitter_card":"summary_large_image","twitter_misc":{"Tiempo de lectura":"1 minuto"},"schema":{"@context":"https:\/\/schema.org","@graph":[{"@type":"WebPage","@id":"https:\/\/pruebaswhisper.xyz\/saderma-old\/producto\/hyderm-face-emulgel-hidratante-facial-con-acido-hialuronico\/","url":"https:\/\/pruebaswhisper.xyz\/saderma-old\/producto\/hyderm-face-emulgel-hidratante-facial-con-acido-hialuronico\/","name":"Hyderm face emulgel hidratante facial con \u00e1cido hialur\u00f3nico - Saderma Laboratorio Dermatologico","isPartOf":{"@id":"https:\/\/pruebaswhisper.xyz\/saderma-old\/#website"},"primaryImageOfPage":{"@id":"https:\/\/pruebaswhisper.xyz\/saderma-old\/producto\/hyderm-face-emulgel-hidratante-facial-con-acido-hialuronico\/#primaryimage"},"image":{"@id":"https:\/\/pruebaswhisper.xyz\/saderma-old\/producto\/hyderm-face-emulgel-hidratante-facial-con-acido-hialuronico\/#primaryimage"},"thumbnailUrl":"https:\/\/pruebaswhisper.xyz\/saderma-old\/wp-content\/uploads\/2020\/03\/hyderm-fondo-blanco-1.jpg","datePublished":"2020-03-11T03:04:47+00:00","dateModified":"2024-07-01T05:00:18+00:00","description":"Hyderm Face hidratante de d\u00eda, con Acido Hialuronico,Retinol, Vitamina E Col\u00e1geno y El\u00e1stina Comprala al mejor precio en Saderma.co","breadcrumb":{"@id":"https:\/\/pruebaswhisper.xyz\/saderma-old\/producto\/hyderm-face-emulgel-hidratante-facial-con-acido-hialuronico\/#breadcrumb"},"inLanguage":"es","potentialAction":[{"@type":"ReadAction","target":["https:\/\/pruebaswhisper.xyz\/saderma-old\/producto\/hyderm-face-emulgel-hidratante-facial-con-acido-hialuronico\/"]}]},{"@type":"ImageObject","inLanguage":"es","@id":"https:\/\/pruebaswhisper.xyz\/saderma-old\/producto\/hyderm-face-emulgel-hidratante-facial-con-acido-hialuronico\/#primaryimage","url":"https:\/\/pruebaswhisper.xyz\/saderma-old\/wp-content\/uploads\/2020\/03\/hyderm-fondo-blanco-1.jpg","contentUrl":"https:\/\/pruebaswhisper.xyz\/saderma-old\/wp-content\/uploads\/2020\/03\/hyderm-fondo-blanco-1.jpg","width":1080,"height":1080},{"@type":"BreadcrumbList","@id":"https:\/\/pruebaswhisper.xyz\/saderma-old\/producto\/hyderm-face-emulgel-hidratante-facial-con-acido-hialuronico\/#breadcrumb","itemListElement":[{"@type":"ListItem","position":1,"name":"Portada","item":"https:\/\/pruebaswhisper.xyz\/saderma-old\/"},{"@type":"ListItem","position":2,"name":"Tienda","item":"https:\/\/pruebaswhisper.xyz\/saderma-old\/tienda-laboratorio-dermatologico\/"},{"@type":"ListItem","position":3,"name":"Hyderm face emulgel hidratante facial con \u00e1cido hialur\u00f3nico"}]},{"@type":"WebSite","@id":"https:\/\/pruebaswhisper.xyz\/saderma-old\/#website","url":"https:\/\/pruebaswhisper.xyz\/saderma-old\/","name":"Saderma Laboratorio Dermatologico","description":"Saderma Skin care Productos para el cuidado de la piel , cremas antiedad  y anti manchas Newderm con vitamina c cremas hidratantes  con acido Hialuronico Hyderm, protector solar Sunfeel ,Contorno de ojos anti arrugas Tensoderm","publisher":{"@id":"https:\/\/pruebaswhisper.xyz\/saderma-old\/#organization"},"potentialAction":[{"@type":"SearchAction","target":{"@type":"EntryPoint","urlTemplate":"https:\/\/pruebaswhisper.xyz\/saderma-old\/?s={search_term_string}"},"query-input":"required name=search_term_string"}],"inLanguage":"es"},{"@type":"Organization","@id":"https:\/\/pruebaswhisper.xyz\/saderma-old\/#organization","name":"Saderma Laboratorio Dermatologico","url":"https:\/\/pruebaswhisper.xyz\/saderma-old\/","logo":{"@type":"ImageObject","inLanguage":"es","@id":"https:\/\/pruebaswhisper.xyz\/saderma-old\/#\/schema\/logo\/image\/","url":"https:\/\/pruebaswhisper.xyz\/saderma-old\/wp-content\/uploads\/2020\/03\/cropped-logo-300.png","contentUrl":"https:\/\/pruebaswhisper.xyz\/saderma-old\/wp-content\/uploads\/2020\/03\/cropped-logo-300.png","width":333,"height":78,"caption":"Saderma Laboratorio Dermatologico"},"image":{"@id":"https:\/\/pruebaswhisper.xyz\/saderma-old\/#\/schema\/logo\/image\/"}}]}},"_links":{"self":[{"href":"https:\/\/pruebaswhisper.xyz\/saderma-old\/wp-json\/wp\/v2\/product\/39"}],"collection":[{"href":"https:\/\/pruebaswhisper.xyz\/saderma-old\/wp-json\/wp\/v2\/product"}],"about":[{"href":"https:\/\/pruebaswhisper.xyz\/saderma-old\/wp-json\/wp\/v2\/types\/product"}],"wp:featuredmedia":[{"embeddable":true,"href":"https:\/\/pruebaswhisper.xyz\/saderma-old\/wp-json\/wp\/v2\/media\/5356"}],"wp:attachment":[{"href":"https:\/\/pruebaswhisper.xyz\/saderma-old\/wp-json\/wp\/v2\/media?parent=39"}],"wp:term":[{"taxonomy":"product_cat","embeddable":true,"href":"https:\/\/pruebaswhisper.xyz\/saderma-old\/wp-json\/wp\/v2\/product_cat?post=39"},{"taxonomy":"product_tag","embeddable":true,"href":"https:\/\/pruebaswhisper.xyz\/saderma-old\/wp-json\/wp\/v2\/product_tag?post=39"}],"curies":[{"name":"wp","href":"https:\/\/api.w.org\/{rel}","templated":true}]}}