{"id":43,"date":"2020-03-10T22:06:29","date_gmt":"2020-03-11T03:06:29","guid":{"rendered":"http:\/\/pypgroupsas.com\/sader\/?post_type=product&#038;p=43"},"modified":"2024-07-01T00:00:18","modified_gmt":"2024-07-01T05:00:18","slug":"newderm-emulgel-con-arbutina-y-vitamina-c","status":"publish","type":"product","link":"https:\/\/pruebaswhisper.xyz\/saderma-old\/producto\/newderm-emulgel-con-arbutina-y-vitamina-c\/","title":{"rendered":"Newderm emulgel con arbutina y vitamina C"},"content":{"rendered":"<p>Contenido Neto 35 grs | Registro INVIMA NSOC 70002 \u2013 15 CO<\/p>\n<p style=\"text-align: justify;\">ANTIEDAD NUTRITIVA\u00a0 QUE AYUDA A COMBATIR LAS ALTERACIONES DE LA PIGMENTACI\u00d3N CUT\u00c1NEA ( MANCHAS Y SIRVE COMO TRATAMIENTO COADYUDANTE PARA EL MELASMA).<\/p>\n<p style=\"text-align: left;\">NEWDERM\u00a0Inhibe la producci\u00f3n de la tirosinasa, enzima encargada de regular el proceso de producci\u00f3n de melanina.<\/p>\n<ul>\n<li>Hidrata la piel.<\/li>\n<li>Previene la descamaci\u00f3n por quemadura solar.<\/li>\n<li>Aumenta la elasticidad de la dermis.<\/li>\n<li>Interrumpe los procesos enzim\u00e1ticos productores de pigmento dentro de los melanocitos.<\/li>\n<\/ul>\n<p style=\"text-align: justify;\">El tratamiento t\u00f3pico de primera l\u00ednea que inhibe la v\u00eda de producci\u00f3n de pigmento,(TIROSINASA) con filtro solar (UVB) y pantalla (UV) que ayudan a proteger la piel de los rayos ultravioleta nocivos durante la exposici\u00f3n solar<\/p>\n<p>EFICACIA COMPROBADA CONTRA LA HIPERPIGMENTACI\u00d3N DE LA PIEL.<\/p>\n<p>Dermatol\u00f3gicamente probado<\/p>\n","protected":false},"excerpt":{"rendered":"<p style=\"text-align: justify;\"><strong>NEWDERM<\/strong>\u00a0Inhibe la producci\u00f3n de la tirosinasa, enzima encargada de regular el proceso de producci\u00f3n de melanina.<\/p>\n<p><strong><span style=\"color: #00bcbc;\">\u203a <\/span><\/strong>Hidrata la piel.<br \/>\n<strong><span style=\"color: #00bcbc;\">\u203a <\/span><\/strong>Previene la descamaci\u00f3n por quemadura solar.<br \/>\n<strong><span style=\"color: #00bcbc;\">\u203a <\/span><\/strong>Aumenta la elasticidad de la dermis..<br \/>\n<strong><span style=\"color: #00bcbc;\">\u203a <\/span><\/strong>Interrumpe los procesos enzim\u00e1ticos productores de pigmento dentro de los melanocitos.<br \/>\n<strong><span style=\"color: #00bcbc;\">\u203a <\/span><\/strong>Ayuda a recuperar el tono de piel tanto en el rostro como en zonas que requieran un aclarado natural.<\/p>\n<p style=\"text-align: justify;\">El tratamiento t\u00f3pico de primera l\u00ednea que inhibe la v\u00eda de producci\u00f3n de pigmento,(TIROSINASA) con filtro solar (UVB) y pantalla (UV) que ayudan a proteger la piel de los rayos ultravioleta nocivos durante la exposici\u00f3n solar.<\/p>\n","protected":false},"featured_media":5362,"template":"","meta":{"_acf_changed":false},"product_cat":[26,21,24,34],"product_tag":[],"acf":[],"yoast_head":"<!-- This site is optimized with the Yoast SEO plugin v22.9 - https:\/\/yoast.com\/wordpress\/plugins\/seo\/ -->\n<title>Newderm Crema para quitar Manchas Formulada por Dermatologos<\/title>\n<meta name=\"description\" content=\"\ud83e\udd47Newderm Crema para quitar las manchas en la Cara y piel en Colombia. Con Arbutina Vitamina C y Acido Glicolico \u2705Compra Online Al mejor precio\" \/>\n<meta name=\"robots\" content=\"noindex, follow, max-snippet:-1, max-image-preview:large, max-video-preview:-1\" \/>\n<meta property=\"og:locale\" content=\"es_ES\" \/>\n<meta property=\"og:type\" content=\"article\" \/>\n<meta property=\"og:title\" content=\"Newderm Crema para quitar Manchas Formulada por Dermatologos\" \/>\n<meta property=\"og:description\" content=\"\ud83e\udd47Newderm Crema para quitar las manchas en la Cara y piel en Colombia. Con Arbutina Vitamina C y Acido Glicolico \u2705Compra Online Al mejor precio\" \/>\n<meta property=\"og:url\" content=\"https:\/\/pruebaswhisper.xyz\/saderma-old\/producto\/newderm-emulgel-con-arbutina-y-vitamina-c\/\" \/>\n<meta property=\"og:site_name\" content=\"Saderma Laboratorio Dermatologico\" \/>\n<meta property=\"article:modified_time\" content=\"2024-07-01T05:00:18+00:00\" \/>\n<meta property=\"og:image\" content=\"https:\/\/pruebaswhisper.xyz\/saderma-old\/wp-content\/uploads\/2020\/03\/newderm-crema.jpg\" \/>\n\t<meta property=\"og:image:width\" content=\"1080\" \/>\n\t<meta property=\"og:image:height\" content=\"1080\" \/>\n\t<meta property=\"og:image:type\" content=\"image\/jpeg\" \/>\n<meta name=\"twitter:card\" content=\"summary_large_image\" \/>\n<meta name=\"twitter:label1\" content=\"Tiempo de lectura\" \/>\n\t<meta name=\"twitter:data1\" content=\"1 minuto\" \/>\n<script type=\"application\/ld+json\" class=\"yoast-schema-graph\">{\"@context\":\"https:\/\/schema.org\",\"@graph\":[{\"@type\":\"WebPage\",\"@id\":\"https:\/\/pruebaswhisper.xyz\/saderma-old\/producto\/newderm-emulgel-con-arbutina-y-vitamina-c\/\",\"url\":\"https:\/\/pruebaswhisper.xyz\/saderma-old\/producto\/newderm-emulgel-con-arbutina-y-vitamina-c\/\",\"name\":\"Newderm Crema para quitar Manchas Formulada por Dermatologos\",\"isPartOf\":{\"@id\":\"https:\/\/pruebaswhisper.xyz\/saderma-old\/#website\"},\"primaryImageOfPage\":{\"@id\":\"https:\/\/pruebaswhisper.xyz\/saderma-old\/producto\/newderm-emulgel-con-arbutina-y-vitamina-c\/#primaryimage\"},\"image\":{\"@id\":\"https:\/\/pruebaswhisper.xyz\/saderma-old\/producto\/newderm-emulgel-con-arbutina-y-vitamina-c\/#primaryimage\"},\"thumbnailUrl\":\"https:\/\/pruebaswhisper.xyz\/saderma-old\/wp-content\/uploads\/2020\/03\/newderm-crema.jpg\",\"datePublished\":\"2020-03-11T03:06:29+00:00\",\"dateModified\":\"2024-07-01T05:00:18+00:00\",\"description\":\"\ud83e\udd47Newderm Crema para quitar las manchas en la Cara y piel en Colombia. Con Arbutina Vitamina C y Acido Glicolico \u2705Compra Online Al mejor precio\",\"breadcrumb\":{\"@id\":\"https:\/\/pruebaswhisper.xyz\/saderma-old\/producto\/newderm-emulgel-con-arbutina-y-vitamina-c\/#breadcrumb\"},\"inLanguage\":\"es\",\"potentialAction\":[{\"@type\":\"ReadAction\",\"target\":[\"https:\/\/pruebaswhisper.xyz\/saderma-old\/producto\/newderm-emulgel-con-arbutina-y-vitamina-c\/\"]}]},{\"@type\":\"ImageObject\",\"inLanguage\":\"es\",\"@id\":\"https:\/\/pruebaswhisper.xyz\/saderma-old\/producto\/newderm-emulgel-con-arbutina-y-vitamina-c\/#primaryimage\",\"url\":\"https:\/\/pruebaswhisper.xyz\/saderma-old\/wp-content\/uploads\/2020\/03\/newderm-crema.jpg\",\"contentUrl\":\"https:\/\/pruebaswhisper.xyz\/saderma-old\/wp-content\/uploads\/2020\/03\/newderm-crema.jpg\",\"width\":1080,\"height\":1080},{\"@type\":\"BreadcrumbList\",\"@id\":\"https:\/\/pruebaswhisper.xyz\/saderma-old\/producto\/newderm-emulgel-con-arbutina-y-vitamina-c\/#breadcrumb\",\"itemListElement\":[{\"@type\":\"ListItem\",\"position\":1,\"name\":\"Portada\",\"item\":\"https:\/\/pruebaswhisper.xyz\/saderma-old\/\"},{\"@type\":\"ListItem\",\"position\":2,\"name\":\"Tienda\",\"item\":\"https:\/\/pruebaswhisper.xyz\/saderma-old\/tienda-laboratorio-dermatologico\/\"},{\"@type\":\"ListItem\",\"position\":3,\"name\":\"Newderm emulgel con arbutina y vitamina C\"}]},{\"@type\":\"WebSite\",\"@id\":\"https:\/\/pruebaswhisper.xyz\/saderma-old\/#website\",\"url\":\"https:\/\/pruebaswhisper.xyz\/saderma-old\/\",\"name\":\"Saderma Laboratorio Dermatologico\",\"description\":\"Saderma Skin care Productos para el cuidado de la piel , cremas antiedad  y anti manchas Newderm con vitamina c cremas hidratantes  con acido Hialuronico Hyderm, protector solar Sunfeel ,Contorno de ojos anti arrugas Tensoderm\",\"publisher\":{\"@id\":\"https:\/\/pruebaswhisper.xyz\/saderma-old\/#organization\"},\"potentialAction\":[{\"@type\":\"SearchAction\",\"target\":{\"@type\":\"EntryPoint\",\"urlTemplate\":\"https:\/\/pruebaswhisper.xyz\/saderma-old\/?s={search_term_string}\"},\"query-input\":\"required name=search_term_string\"}],\"inLanguage\":\"es\"},{\"@type\":\"Organization\",\"@id\":\"https:\/\/pruebaswhisper.xyz\/saderma-old\/#organization\",\"name\":\"Saderma Laboratorio Dermatologico\",\"url\":\"https:\/\/pruebaswhisper.xyz\/saderma-old\/\",\"logo\":{\"@type\":\"ImageObject\",\"inLanguage\":\"es\",\"@id\":\"https:\/\/pruebaswhisper.xyz\/saderma-old\/#\/schema\/logo\/image\/\",\"url\":\"https:\/\/pruebaswhisper.xyz\/saderma-old\/wp-content\/uploads\/2020\/03\/cropped-logo-300.png\",\"contentUrl\":\"https:\/\/pruebaswhisper.xyz\/saderma-old\/wp-content\/uploads\/2020\/03\/cropped-logo-300.png\",\"width\":333,\"height\":78,\"caption\":\"Saderma Laboratorio Dermatologico\"},\"image\":{\"@id\":\"https:\/\/pruebaswhisper.xyz\/saderma-old\/#\/schema\/logo\/image\/\"}}]}<\/script>\n<!-- \/ Yoast SEO plugin. -->","yoast_head_json":{"title":"Newderm Crema para quitar Manchas Formulada por Dermatologos","description":"\ud83e\udd47Newderm Crema para quitar las manchas en la Cara y piel en Colombia. Con Arbutina Vitamina C y Acido Glicolico \u2705Compra Online Al mejor precio","robots":{"index":"noindex","follow":"follow","max-snippet":"max-snippet:-1","max-image-preview":"max-image-preview:large","max-video-preview":"max-video-preview:-1"},"og_locale":"es_ES","og_type":"article","og_title":"Newderm Crema para quitar Manchas Formulada por Dermatologos","og_description":"\ud83e\udd47Newderm Crema para quitar las manchas en la Cara y piel en Colombia. Con Arbutina Vitamina C y Acido Glicolico \u2705Compra Online Al mejor precio","og_url":"https:\/\/pruebaswhisper.xyz\/saderma-old\/producto\/newderm-emulgel-con-arbutina-y-vitamina-c\/","og_site_name":"Saderma Laboratorio Dermatologico","article_modified_time":"2024-07-01T05:00:18+00:00","og_image":[{"width":1080,"height":1080,"url":"https:\/\/pruebaswhisper.xyz\/saderma-old\/wp-content\/uploads\/2020\/03\/newderm-crema.jpg","type":"image\/jpeg"}],"twitter_card":"summary_large_image","twitter_misc":{"Tiempo de lectura":"1 minuto"},"schema":{"@context":"https:\/\/schema.org","@graph":[{"@type":"WebPage","@id":"https:\/\/pruebaswhisper.xyz\/saderma-old\/producto\/newderm-emulgel-con-arbutina-y-vitamina-c\/","url":"https:\/\/pruebaswhisper.xyz\/saderma-old\/producto\/newderm-emulgel-con-arbutina-y-vitamina-c\/","name":"Newderm Crema para quitar Manchas Formulada por Dermatologos","isPartOf":{"@id":"https:\/\/pruebaswhisper.xyz\/saderma-old\/#website"},"primaryImageOfPage":{"@id":"https:\/\/pruebaswhisper.xyz\/saderma-old\/producto\/newderm-emulgel-con-arbutina-y-vitamina-c\/#primaryimage"},"image":{"@id":"https:\/\/pruebaswhisper.xyz\/saderma-old\/producto\/newderm-emulgel-con-arbutina-y-vitamina-c\/#primaryimage"},"thumbnailUrl":"https:\/\/pruebaswhisper.xyz\/saderma-old\/wp-content\/uploads\/2020\/03\/newderm-crema.jpg","datePublished":"2020-03-11T03:06:29+00:00","dateModified":"2024-07-01T05:00:18+00:00","description":"\ud83e\udd47Newderm Crema para quitar las manchas en la Cara y piel en Colombia. Con Arbutina Vitamina C y Acido Glicolico \u2705Compra Online Al mejor precio","breadcrumb":{"@id":"https:\/\/pruebaswhisper.xyz\/saderma-old\/producto\/newderm-emulgel-con-arbutina-y-vitamina-c\/#breadcrumb"},"inLanguage":"es","potentialAction":[{"@type":"ReadAction","target":["https:\/\/pruebaswhisper.xyz\/saderma-old\/producto\/newderm-emulgel-con-arbutina-y-vitamina-c\/"]}]},{"@type":"ImageObject","inLanguage":"es","@id":"https:\/\/pruebaswhisper.xyz\/saderma-old\/producto\/newderm-emulgel-con-arbutina-y-vitamina-c\/#primaryimage","url":"https:\/\/pruebaswhisper.xyz\/saderma-old\/wp-content\/uploads\/2020\/03\/newderm-crema.jpg","contentUrl":"https:\/\/pruebaswhisper.xyz\/saderma-old\/wp-content\/uploads\/2020\/03\/newderm-crema.jpg","width":1080,"height":1080},{"@type":"BreadcrumbList","@id":"https:\/\/pruebaswhisper.xyz\/saderma-old\/producto\/newderm-emulgel-con-arbutina-y-vitamina-c\/#breadcrumb","itemListElement":[{"@type":"ListItem","position":1,"name":"Portada","item":"https:\/\/pruebaswhisper.xyz\/saderma-old\/"},{"@type":"ListItem","position":2,"name":"Tienda","item":"https:\/\/pruebaswhisper.xyz\/saderma-old\/tienda-laboratorio-dermatologico\/"},{"@type":"ListItem","position":3,"name":"Newderm emulgel con arbutina y vitamina C"}]},{"@type":"WebSite","@id":"https:\/\/pruebaswhisper.xyz\/saderma-old\/#website","url":"https:\/\/pruebaswhisper.xyz\/saderma-old\/","name":"Saderma Laboratorio Dermatologico","description":"Saderma Skin care Productos para el cuidado de la piel , cremas antiedad  y anti manchas Newderm con vitamina c cremas hidratantes  con acido Hialuronico Hyderm, protector solar Sunfeel ,Contorno de ojos anti arrugas Tensoderm","publisher":{"@id":"https:\/\/pruebaswhisper.xyz\/saderma-old\/#organization"},"potentialAction":[{"@type":"SearchAction","target":{"@type":"EntryPoint","urlTemplate":"https:\/\/pruebaswhisper.xyz\/saderma-old\/?s={search_term_string}"},"query-input":"required name=search_term_string"}],"inLanguage":"es"},{"@type":"Organization","@id":"https:\/\/pruebaswhisper.xyz\/saderma-old\/#organization","name":"Saderma Laboratorio Dermatologico","url":"https:\/\/pruebaswhisper.xyz\/saderma-old\/","logo":{"@type":"ImageObject","inLanguage":"es","@id":"https:\/\/pruebaswhisper.xyz\/saderma-old\/#\/schema\/logo\/image\/","url":"https:\/\/pruebaswhisper.xyz\/saderma-old\/wp-content\/uploads\/2020\/03\/cropped-logo-300.png","contentUrl":"https:\/\/pruebaswhisper.xyz\/saderma-old\/wp-content\/uploads\/2020\/03\/cropped-logo-300.png","width":333,"height":78,"caption":"Saderma Laboratorio Dermatologico"},"image":{"@id":"https:\/\/pruebaswhisper.xyz\/saderma-old\/#\/schema\/logo\/image\/"}}]}},"_links":{"self":[{"href":"https:\/\/pruebaswhisper.xyz\/saderma-old\/wp-json\/wp\/v2\/product\/43"}],"collection":[{"href":"https:\/\/pruebaswhisper.xyz\/saderma-old\/wp-json\/wp\/v2\/product"}],"about":[{"href":"https:\/\/pruebaswhisper.xyz\/saderma-old\/wp-json\/wp\/v2\/types\/product"}],"wp:featuredmedia":[{"embeddable":true,"href":"https:\/\/pruebaswhisper.xyz\/saderma-old\/wp-json\/wp\/v2\/media\/5362"}],"wp:attachment":[{"href":"https:\/\/pruebaswhisper.xyz\/saderma-old\/wp-json\/wp\/v2\/media?parent=43"}],"wp:term":[{"taxonomy":"product_cat","embeddable":true,"href":"https:\/\/pruebaswhisper.xyz\/saderma-old\/wp-json\/wp\/v2\/product_cat?post=43"},{"taxonomy":"product_tag","embeddable":true,"href":"https:\/\/pruebaswhisper.xyz\/saderma-old\/wp-json\/wp\/v2\/product_tag?post=43"}],"curies":[{"name":"wp","href":"https:\/\/api.w.org\/{rel}","templated":true}]}}