{"id":454,"date":"2020-04-15T16:01:23","date_gmt":"2020-04-15T21:01:23","guid":{"rendered":"http:\/\/pypgroupsas.com\/sader\/?post_type=product&#038;p=454"},"modified":"2024-07-01T00:00:18","modified_gmt":"2024-07-01T05:00:18","slug":"sandet-gel-limpiador-facial-y-corporal-con-extracto-de-te-verde","status":"publish","type":"product","link":"https:\/\/pruebaswhisper.xyz\/saderma-old\/producto\/sandet-gel-limpiador-facial-y-corporal-con-extracto-de-te-verde\/","title":{"rendered":"Sandet gel limpiador facial y corporal tipo Syndet  con extracto de t\u00e9 verde pieles Mixtas grasas o con Acn\u00e9"},"content":{"rendered":"<p><strong>Contenido Neto\u00a0<\/strong>200 g<strong>\u00a0<\/strong><\/p>\n","protected":false},"excerpt":{"rendered":"<p><strong><span style=\"color: #00bcbc;\">\u203a <\/span><\/strong>Elimina el exceso de grasa, impurezas y c\u00e9lulas muertas.<br \/>\n<strong><span style=\"color: #00bcbc;\">\u203a <\/span><\/strong>Proporciona hidrataci\u00f3n.<br \/>\n<strong><span style=\"color: #00bcbc;\">\u203a <\/span><\/strong>Purifica y descongestiona los poros.<br \/>\n<strong><span style=\"color: #00bcbc;\">\u203a <\/span><\/strong>No reseca ni provoca tirantez en la piel.<\/p>\n","protected":false},"featured_media":5360,"template":"","meta":{"_acf_changed":false},"product_cat":[27,24,34],"product_tag":[50,51,52,47,53,48,49],"acf":[],"yoast_head":"<!-- This site is optimized with the Yoast SEO plugin v22.9 - https:\/\/yoast.com\/wordpress\/plugins\/seo\/ -->\n<title>Sandet T\u00e9 Verde limpiador en Gel Jabo\u00f3n Syndet pieles grasas y con Acne<\/title>\n<meta name=\"description\" content=\"Compra Jab\u00f3n tipo Syndet Sandet gel limpiador facial y corporal tipo con extracto de t\u00e9 verde ideal para piel Mixtas, grasas, Acn\u00e9 y espinillas y comedones.\" \/>\n<meta name=\"robots\" content=\"noindex, follow, max-snippet:-1, max-image-preview:large, max-video-preview:-1\" \/>\n<meta property=\"og:locale\" content=\"es_ES\" \/>\n<meta property=\"og:type\" content=\"article\" \/>\n<meta property=\"og:title\" content=\"Sandet T\u00e9 Verde limpiador en Gel Jabo\u00f3n Syndet pieles grasas y con Acne\" \/>\n<meta property=\"og:description\" content=\"Compra Jab\u00f3n tipo Syndet Sandet gel limpiador facial y corporal tipo con extracto de t\u00e9 verde ideal para piel Mixtas, grasas, Acn\u00e9 y espinillas y comedones.\" \/>\n<meta property=\"og:url\" content=\"https:\/\/pruebaswhisper.xyz\/saderma-old\/producto\/sandet-gel-limpiador-facial-y-corporal-con-extracto-de-te-verde\/\" \/>\n<meta property=\"og:site_name\" content=\"Saderma Laboratorio Dermatologico\" \/>\n<meta property=\"article:modified_time\" content=\"2024-07-01T05:00:18+00:00\" \/>\n<meta property=\"og:image\" content=\"https:\/\/pruebaswhisper.xyz\/saderma-old\/wp-content\/uploads\/2020\/04\/te-verde.jpg\" \/>\n\t<meta property=\"og:image:width\" content=\"1080\" \/>\n\t<meta property=\"og:image:height\" content=\"1080\" \/>\n\t<meta property=\"og:image:type\" content=\"image\/jpeg\" \/>\n<meta name=\"twitter:card\" content=\"summary_large_image\" \/>\n<meta name=\"twitter:label1\" content=\"Tiempo de lectura\" \/>\n\t<meta name=\"twitter:data1\" content=\"1 minuto\" \/>\n<script type=\"application\/ld+json\" class=\"yoast-schema-graph\">{\"@context\":\"https:\/\/schema.org\",\"@graph\":[{\"@type\":\"WebPage\",\"@id\":\"https:\/\/pruebaswhisper.xyz\/saderma-old\/producto\/sandet-gel-limpiador-facial-y-corporal-con-extracto-de-te-verde\/\",\"url\":\"https:\/\/pruebaswhisper.xyz\/saderma-old\/producto\/sandet-gel-limpiador-facial-y-corporal-con-extracto-de-te-verde\/\",\"name\":\"Sandet T\u00e9 Verde limpiador en Gel Jabo\u00f3n Syndet pieles grasas y con Acne\",\"isPartOf\":{\"@id\":\"https:\/\/pruebaswhisper.xyz\/saderma-old\/#website\"},\"primaryImageOfPage\":{\"@id\":\"https:\/\/pruebaswhisper.xyz\/saderma-old\/producto\/sandet-gel-limpiador-facial-y-corporal-con-extracto-de-te-verde\/#primaryimage\"},\"image\":{\"@id\":\"https:\/\/pruebaswhisper.xyz\/saderma-old\/producto\/sandet-gel-limpiador-facial-y-corporal-con-extracto-de-te-verde\/#primaryimage\"},\"thumbnailUrl\":\"https:\/\/pruebaswhisper.xyz\/saderma-old\/wp-content\/uploads\/2020\/04\/te-verde.jpg\",\"datePublished\":\"2020-04-15T21:01:23+00:00\",\"dateModified\":\"2024-07-01T05:00:18+00:00\",\"description\":\"Compra Jab\u00f3n tipo Syndet Sandet gel limpiador facial y corporal tipo con extracto de t\u00e9 verde ideal para piel Mixtas, grasas, Acn\u00e9 y espinillas y comedones.\",\"breadcrumb\":{\"@id\":\"https:\/\/pruebaswhisper.xyz\/saderma-old\/producto\/sandet-gel-limpiador-facial-y-corporal-con-extracto-de-te-verde\/#breadcrumb\"},\"inLanguage\":\"es\",\"potentialAction\":[{\"@type\":\"ReadAction\",\"target\":[\"https:\/\/pruebaswhisper.xyz\/saderma-old\/producto\/sandet-gel-limpiador-facial-y-corporal-con-extracto-de-te-verde\/\"]}]},{\"@type\":\"ImageObject\",\"inLanguage\":\"es\",\"@id\":\"https:\/\/pruebaswhisper.xyz\/saderma-old\/producto\/sandet-gel-limpiador-facial-y-corporal-con-extracto-de-te-verde\/#primaryimage\",\"url\":\"https:\/\/pruebaswhisper.xyz\/saderma-old\/wp-content\/uploads\/2020\/04\/te-verde.jpg\",\"contentUrl\":\"https:\/\/pruebaswhisper.xyz\/saderma-old\/wp-content\/uploads\/2020\/04\/te-verde.jpg\",\"width\":1080,\"height\":1080},{\"@type\":\"BreadcrumbList\",\"@id\":\"https:\/\/pruebaswhisper.xyz\/saderma-old\/producto\/sandet-gel-limpiador-facial-y-corporal-con-extracto-de-te-verde\/#breadcrumb\",\"itemListElement\":[{\"@type\":\"ListItem\",\"position\":1,\"name\":\"Portada\",\"item\":\"https:\/\/pruebaswhisper.xyz\/saderma-old\/\"},{\"@type\":\"ListItem\",\"position\":2,\"name\":\"Tienda\",\"item\":\"https:\/\/pruebaswhisper.xyz\/saderma-old\/tienda-laboratorio-dermatologico\/\"},{\"@type\":\"ListItem\",\"position\":3,\"name\":\"Sandet gel limpiador facial y corporal tipo Syndet con extracto de t\u00e9 verde pieles Mixtas grasas o con Acn\u00e9\"}]},{\"@type\":\"WebSite\",\"@id\":\"https:\/\/pruebaswhisper.xyz\/saderma-old\/#website\",\"url\":\"https:\/\/pruebaswhisper.xyz\/saderma-old\/\",\"name\":\"Saderma Laboratorio Dermatologico\",\"description\":\"Saderma Skin care Productos para el cuidado de la piel , cremas antiedad  y anti manchas Newderm con vitamina c cremas hidratantes  con acido Hialuronico Hyderm, protector solar Sunfeel ,Contorno de ojos anti arrugas Tensoderm\",\"publisher\":{\"@id\":\"https:\/\/pruebaswhisper.xyz\/saderma-old\/#organization\"},\"potentialAction\":[{\"@type\":\"SearchAction\",\"target\":{\"@type\":\"EntryPoint\",\"urlTemplate\":\"https:\/\/pruebaswhisper.xyz\/saderma-old\/?s={search_term_string}\"},\"query-input\":\"required name=search_term_string\"}],\"inLanguage\":\"es\"},{\"@type\":\"Organization\",\"@id\":\"https:\/\/pruebaswhisper.xyz\/saderma-old\/#organization\",\"name\":\"Saderma Laboratorio Dermatologico\",\"url\":\"https:\/\/pruebaswhisper.xyz\/saderma-old\/\",\"logo\":{\"@type\":\"ImageObject\",\"inLanguage\":\"es\",\"@id\":\"https:\/\/pruebaswhisper.xyz\/saderma-old\/#\/schema\/logo\/image\/\",\"url\":\"https:\/\/pruebaswhisper.xyz\/saderma-old\/wp-content\/uploads\/2020\/03\/cropped-logo-300.png\",\"contentUrl\":\"https:\/\/pruebaswhisper.xyz\/saderma-old\/wp-content\/uploads\/2020\/03\/cropped-logo-300.png\",\"width\":333,\"height\":78,\"caption\":\"Saderma Laboratorio Dermatologico\"},\"image\":{\"@id\":\"https:\/\/pruebaswhisper.xyz\/saderma-old\/#\/schema\/logo\/image\/\"}}]}<\/script>\n<!-- \/ Yoast SEO plugin. -->","yoast_head_json":{"title":"Sandet T\u00e9 Verde limpiador en Gel Jabo\u00f3n Syndet pieles grasas y con Acne","description":"Compra Jab\u00f3n tipo Syndet Sandet gel limpiador facial y corporal tipo con extracto de t\u00e9 verde ideal para piel Mixtas, grasas, Acn\u00e9 y espinillas y comedones.","robots":{"index":"noindex","follow":"follow","max-snippet":"max-snippet:-1","max-image-preview":"max-image-preview:large","max-video-preview":"max-video-preview:-1"},"og_locale":"es_ES","og_type":"article","og_title":"Sandet T\u00e9 Verde limpiador en Gel Jabo\u00f3n Syndet pieles grasas y con Acne","og_description":"Compra Jab\u00f3n tipo Syndet Sandet gel limpiador facial y corporal tipo con extracto de t\u00e9 verde ideal para piel Mixtas, grasas, Acn\u00e9 y espinillas y comedones.","og_url":"https:\/\/pruebaswhisper.xyz\/saderma-old\/producto\/sandet-gel-limpiador-facial-y-corporal-con-extracto-de-te-verde\/","og_site_name":"Saderma Laboratorio Dermatologico","article_modified_time":"2024-07-01T05:00:18+00:00","og_image":[{"width":1080,"height":1080,"url":"https:\/\/pruebaswhisper.xyz\/saderma-old\/wp-content\/uploads\/2020\/04\/te-verde.jpg","type":"image\/jpeg"}],"twitter_card":"summary_large_image","twitter_misc":{"Tiempo de lectura":"1 minuto"},"schema":{"@context":"https:\/\/schema.org","@graph":[{"@type":"WebPage","@id":"https:\/\/pruebaswhisper.xyz\/saderma-old\/producto\/sandet-gel-limpiador-facial-y-corporal-con-extracto-de-te-verde\/","url":"https:\/\/pruebaswhisper.xyz\/saderma-old\/producto\/sandet-gel-limpiador-facial-y-corporal-con-extracto-de-te-verde\/","name":"Sandet T\u00e9 Verde limpiador en Gel Jabo\u00f3n Syndet pieles grasas y con Acne","isPartOf":{"@id":"https:\/\/pruebaswhisper.xyz\/saderma-old\/#website"},"primaryImageOfPage":{"@id":"https:\/\/pruebaswhisper.xyz\/saderma-old\/producto\/sandet-gel-limpiador-facial-y-corporal-con-extracto-de-te-verde\/#primaryimage"},"image":{"@id":"https:\/\/pruebaswhisper.xyz\/saderma-old\/producto\/sandet-gel-limpiador-facial-y-corporal-con-extracto-de-te-verde\/#primaryimage"},"thumbnailUrl":"https:\/\/pruebaswhisper.xyz\/saderma-old\/wp-content\/uploads\/2020\/04\/te-verde.jpg","datePublished":"2020-04-15T21:01:23+00:00","dateModified":"2024-07-01T05:00:18+00:00","description":"Compra Jab\u00f3n tipo Syndet Sandet gel limpiador facial y corporal tipo con extracto de t\u00e9 verde ideal para piel Mixtas, grasas, Acn\u00e9 y espinillas y comedones.","breadcrumb":{"@id":"https:\/\/pruebaswhisper.xyz\/saderma-old\/producto\/sandet-gel-limpiador-facial-y-corporal-con-extracto-de-te-verde\/#breadcrumb"},"inLanguage":"es","potentialAction":[{"@type":"ReadAction","target":["https:\/\/pruebaswhisper.xyz\/saderma-old\/producto\/sandet-gel-limpiador-facial-y-corporal-con-extracto-de-te-verde\/"]}]},{"@type":"ImageObject","inLanguage":"es","@id":"https:\/\/pruebaswhisper.xyz\/saderma-old\/producto\/sandet-gel-limpiador-facial-y-corporal-con-extracto-de-te-verde\/#primaryimage","url":"https:\/\/pruebaswhisper.xyz\/saderma-old\/wp-content\/uploads\/2020\/04\/te-verde.jpg","contentUrl":"https:\/\/pruebaswhisper.xyz\/saderma-old\/wp-content\/uploads\/2020\/04\/te-verde.jpg","width":1080,"height":1080},{"@type":"BreadcrumbList","@id":"https:\/\/pruebaswhisper.xyz\/saderma-old\/producto\/sandet-gel-limpiador-facial-y-corporal-con-extracto-de-te-verde\/#breadcrumb","itemListElement":[{"@type":"ListItem","position":1,"name":"Portada","item":"https:\/\/pruebaswhisper.xyz\/saderma-old\/"},{"@type":"ListItem","position":2,"name":"Tienda","item":"https:\/\/pruebaswhisper.xyz\/saderma-old\/tienda-laboratorio-dermatologico\/"},{"@type":"ListItem","position":3,"name":"Sandet gel limpiador facial y corporal tipo Syndet con extracto de t\u00e9 verde pieles Mixtas grasas o con Acn\u00e9"}]},{"@type":"WebSite","@id":"https:\/\/pruebaswhisper.xyz\/saderma-old\/#website","url":"https:\/\/pruebaswhisper.xyz\/saderma-old\/","name":"Saderma Laboratorio Dermatologico","description":"Saderma Skin care Productos para el cuidado de la piel , cremas antiedad  y anti manchas Newderm con vitamina c cremas hidratantes  con acido Hialuronico Hyderm, protector solar Sunfeel ,Contorno de ojos anti arrugas Tensoderm","publisher":{"@id":"https:\/\/pruebaswhisper.xyz\/saderma-old\/#organization"},"potentialAction":[{"@type":"SearchAction","target":{"@type":"EntryPoint","urlTemplate":"https:\/\/pruebaswhisper.xyz\/saderma-old\/?s={search_term_string}"},"query-input":"required name=search_term_string"}],"inLanguage":"es"},{"@type":"Organization","@id":"https:\/\/pruebaswhisper.xyz\/saderma-old\/#organization","name":"Saderma Laboratorio Dermatologico","url":"https:\/\/pruebaswhisper.xyz\/saderma-old\/","logo":{"@type":"ImageObject","inLanguage":"es","@id":"https:\/\/pruebaswhisper.xyz\/saderma-old\/#\/schema\/logo\/image\/","url":"https:\/\/pruebaswhisper.xyz\/saderma-old\/wp-content\/uploads\/2020\/03\/cropped-logo-300.png","contentUrl":"https:\/\/pruebaswhisper.xyz\/saderma-old\/wp-content\/uploads\/2020\/03\/cropped-logo-300.png","width":333,"height":78,"caption":"Saderma Laboratorio Dermatologico"},"image":{"@id":"https:\/\/pruebaswhisper.xyz\/saderma-old\/#\/schema\/logo\/image\/"}}]}},"_links":{"self":[{"href":"https:\/\/pruebaswhisper.xyz\/saderma-old\/wp-json\/wp\/v2\/product\/454"}],"collection":[{"href":"https:\/\/pruebaswhisper.xyz\/saderma-old\/wp-json\/wp\/v2\/product"}],"about":[{"href":"https:\/\/pruebaswhisper.xyz\/saderma-old\/wp-json\/wp\/v2\/types\/product"}],"wp:featuredmedia":[{"embeddable":true,"href":"https:\/\/pruebaswhisper.xyz\/saderma-old\/wp-json\/wp\/v2\/media\/5360"}],"wp:attachment":[{"href":"https:\/\/pruebaswhisper.xyz\/saderma-old\/wp-json\/wp\/v2\/media?parent=454"}],"wp:term":[{"taxonomy":"product_cat","embeddable":true,"href":"https:\/\/pruebaswhisper.xyz\/saderma-old\/wp-json\/wp\/v2\/product_cat?post=454"},{"taxonomy":"product_tag","embeddable":true,"href":"https:\/\/pruebaswhisper.xyz\/saderma-old\/wp-json\/wp\/v2\/product_tag?post=454"}],"curies":[{"name":"wp","href":"https:\/\/api.w.org\/{rel}","templated":true}]}}