{"id":5222,"date":"2024-04-04T17:21:36","date_gmt":"2024-04-04T22:21:36","guid":{"rendered":"https:\/\/pruebaswhisper.xyz\/saderma-old\/?post_type=product&#038;p=5222"},"modified":"2024-04-05T17:44:58","modified_gmt":"2024-04-05T22:44:58","slug":"duo-despigmentate","status":"publish","type":"product","link":"https:\/\/pruebaswhisper.xyz\/saderma-old\/producto\/duo-despigmentate\/","title":{"rendered":"DUO DESPIGMENTATE"},"content":{"rendered":"<p>Desvanece la apariencia de las manchas y unifica el tono de tu piel\ud83e\uddd6\ud83c\udffb\u200d\u2640\ufe0f\u2728<\/p>\n<p>Con nuestro d\u00fao \ud83e\uddecdespigmentante Newderm Emulgel y Newderm Advanced.<br \/>\nCombina principios activos aclarantes\u2728 que inhiben la bios\u00edntesis de melanina como la transferencia de melanosomas a los queratinocitos\ud83d\udd2c\ud83e\uddec, responsables de la aparici\u00f3n de manchas oscuras de la piel.<\/p>\n<p>Recuerda \ud83d\udc68\ud83c\udffb\u200d\u2695\ufe0fincluir estos dos productos \u00fanicamente en tu rutina de noche\ud83d\ude34\ud83c\udf19 y evita\u00a0la exposici\u00f3n a\u00a0los rayos UV \u2600\ufe0fdirectamente durante el d\u00eda, complementar su uso con filtro solar de m\u00e1xima protecci\u00f3n.<\/p>\n<p>\u00a1Dale a tu piel el cuidado y bienestar que se merece!\ud83d\udc99<\/p>\n","protected":false},"excerpt":{"rendered":"<p>Desvanece la apariencia de las manchas y unifica el tono de tu piel\ud83e\uddd6\ud83c\udffb\u200d\u2640\ufe0f\u2728 Con nuestro d\u00fao \ud83e\uddecdespigmentante Newderm Emulgel y Newderm Advanced. Combina principios activos aclarantes\u2728 que inhiben la bios\u00edntesis de melanina como la transferencia de melanosomas a los queratinocitos\ud83d\udd2c\ud83e\uddec, responsables de la aparici\u00f3n de manchas oscuras de la piel. Recuerda \ud83d\udc68\ud83c\udffb\u200d\u2695\ufe0fincluir estos dos productos [&hellip;]<\/p>\n","protected":false},"featured_media":5223,"template":"","meta":{"_acf_changed":false},"product_cat":[21,27,24,34],"product_tag":[],"acf":[],"yoast_head":"<!-- This site is optimized with the Yoast SEO plugin v22.9 - https:\/\/yoast.com\/wordpress\/plugins\/seo\/ -->\n<title>DUO DESPIGMENTATE - Saderma Laboratorio Dermatologico<\/title>\n<meta name=\"robots\" content=\"noindex, follow, max-snippet:-1, max-image-preview:large, max-video-preview:-1\" \/>\n<meta property=\"og:locale\" content=\"es_ES\" \/>\n<meta property=\"og:type\" content=\"article\" \/>\n<meta property=\"og:title\" content=\"DUO DESPIGMENTATE - Saderma Laboratorio Dermatologico\" \/>\n<meta property=\"og:description\" content=\"Desvanece la apariencia de las manchas y unifica el tono de tu piel\ud83e\uddd6\ud83c\udffb\u200d\u2640\ufe0f\u2728 Con nuestro d\u00fao \ud83e\uddecdespigmentante Newderm Emulgel y Newderm Advanced. Combina principios activos aclarantes\u2728 que inhiben la bios\u00edntesis de melanina como la transferencia de melanosomas a los queratinocitos\ud83d\udd2c\ud83e\uddec, responsables de la aparici\u00f3n de manchas oscuras de la piel. Recuerda \ud83d\udc68\ud83c\udffb\u200d\u2695\ufe0fincluir estos dos productos [&hellip;]\" \/>\n<meta property=\"og:url\" content=\"https:\/\/pruebaswhisper.xyz\/saderma-old\/producto\/duo-despigmentate\/\" \/>\n<meta property=\"og:site_name\" content=\"Saderma Laboratorio Dermatologico\" \/>\n<meta property=\"article:modified_time\" content=\"2024-04-05T22:44:58+00:00\" \/>\n<meta property=\"og:image\" content=\"https:\/\/pruebaswhisper.xyz\/saderma-old\/wp-content\/uploads\/2024\/04\/3.png\" \/>\n\t<meta property=\"og:image:width\" content=\"1080\" \/>\n\t<meta property=\"og:image:height\" content=\"1080\" \/>\n\t<meta property=\"og:image:type\" content=\"image\/png\" \/>\n<meta name=\"twitter:card\" content=\"summary_large_image\" \/>\n<meta name=\"twitter:label1\" content=\"Tiempo de lectura\" \/>\n\t<meta name=\"twitter:data1\" content=\"1 minuto\" \/>\n<script type=\"application\/ld+json\" class=\"yoast-schema-graph\">{\"@context\":\"https:\/\/schema.org\",\"@graph\":[{\"@type\":\"WebPage\",\"@id\":\"https:\/\/pruebaswhisper.xyz\/saderma-old\/producto\/duo-despigmentate\/\",\"url\":\"https:\/\/pruebaswhisper.xyz\/saderma-old\/producto\/duo-despigmentate\/\",\"name\":\"DUO DESPIGMENTATE - Saderma Laboratorio Dermatologico\",\"isPartOf\":{\"@id\":\"https:\/\/pruebaswhisper.xyz\/saderma-old\/#website\"},\"primaryImageOfPage\":{\"@id\":\"https:\/\/pruebaswhisper.xyz\/saderma-old\/producto\/duo-despigmentate\/#primaryimage\"},\"image\":{\"@id\":\"https:\/\/pruebaswhisper.xyz\/saderma-old\/producto\/duo-despigmentate\/#primaryimage\"},\"thumbnailUrl\":\"https:\/\/pruebaswhisper.xyz\/saderma-old\/wp-content\/uploads\/2024\/04\/3.png\",\"datePublished\":\"2024-04-04T22:21:36+00:00\",\"dateModified\":\"2024-04-05T22:44:58+00:00\",\"breadcrumb\":{\"@id\":\"https:\/\/pruebaswhisper.xyz\/saderma-old\/producto\/duo-despigmentate\/#breadcrumb\"},\"inLanguage\":\"es\",\"potentialAction\":[{\"@type\":\"ReadAction\",\"target\":[\"https:\/\/pruebaswhisper.xyz\/saderma-old\/producto\/duo-despigmentate\/\"]}]},{\"@type\":\"ImageObject\",\"inLanguage\":\"es\",\"@id\":\"https:\/\/pruebaswhisper.xyz\/saderma-old\/producto\/duo-despigmentate\/#primaryimage\",\"url\":\"https:\/\/pruebaswhisper.xyz\/saderma-old\/wp-content\/uploads\/2024\/04\/3.png\",\"contentUrl\":\"https:\/\/pruebaswhisper.xyz\/saderma-old\/wp-content\/uploads\/2024\/04\/3.png\",\"width\":1080,\"height\":1080},{\"@type\":\"BreadcrumbList\",\"@id\":\"https:\/\/pruebaswhisper.xyz\/saderma-old\/producto\/duo-despigmentate\/#breadcrumb\",\"itemListElement\":[{\"@type\":\"ListItem\",\"position\":1,\"name\":\"Portada\",\"item\":\"https:\/\/pruebaswhisper.xyz\/saderma-old\/\"},{\"@type\":\"ListItem\",\"position\":2,\"name\":\"Tienda\",\"item\":\"https:\/\/pruebaswhisper.xyz\/saderma-old\/tienda-laboratorio-dermatologico\/\"},{\"@type\":\"ListItem\",\"position\":3,\"name\":\"DUO DESPIGMENTATE\"}]},{\"@type\":\"WebSite\",\"@id\":\"https:\/\/pruebaswhisper.xyz\/saderma-old\/#website\",\"url\":\"https:\/\/pruebaswhisper.xyz\/saderma-old\/\",\"name\":\"Saderma Laboratorio Dermatologico\",\"description\":\"Saderma Skin care Productos para el cuidado de la piel , cremas antiedad  y anti manchas Newderm con vitamina c cremas hidratantes  con acido Hialuronico Hyderm, protector solar Sunfeel ,Contorno de ojos anti arrugas Tensoderm\",\"publisher\":{\"@id\":\"https:\/\/pruebaswhisper.xyz\/saderma-old\/#organization\"},\"potentialAction\":[{\"@type\":\"SearchAction\",\"target\":{\"@type\":\"EntryPoint\",\"urlTemplate\":\"https:\/\/pruebaswhisper.xyz\/saderma-old\/?s={search_term_string}\"},\"query-input\":\"required name=search_term_string\"}],\"inLanguage\":\"es\"},{\"@type\":\"Organization\",\"@id\":\"https:\/\/pruebaswhisper.xyz\/saderma-old\/#organization\",\"name\":\"Saderma Laboratorio Dermatologico\",\"url\":\"https:\/\/pruebaswhisper.xyz\/saderma-old\/\",\"logo\":{\"@type\":\"ImageObject\",\"inLanguage\":\"es\",\"@id\":\"https:\/\/pruebaswhisper.xyz\/saderma-old\/#\/schema\/logo\/image\/\",\"url\":\"https:\/\/pruebaswhisper.xyz\/saderma-old\/wp-content\/uploads\/2020\/03\/cropped-logo-300.png\",\"contentUrl\":\"https:\/\/pruebaswhisper.xyz\/saderma-old\/wp-content\/uploads\/2020\/03\/cropped-logo-300.png\",\"width\":333,\"height\":78,\"caption\":\"Saderma Laboratorio Dermatologico\"},\"image\":{\"@id\":\"https:\/\/pruebaswhisper.xyz\/saderma-old\/#\/schema\/logo\/image\/\"}}]}<\/script>\n<!-- \/ Yoast SEO plugin. -->","yoast_head_json":{"title":"DUO DESPIGMENTATE - Saderma Laboratorio Dermatologico","robots":{"index":"noindex","follow":"follow","max-snippet":"max-snippet:-1","max-image-preview":"max-image-preview:large","max-video-preview":"max-video-preview:-1"},"og_locale":"es_ES","og_type":"article","og_title":"DUO DESPIGMENTATE - Saderma Laboratorio Dermatologico","og_description":"Desvanece la apariencia de las manchas y unifica el tono de tu piel\ud83e\uddd6\ud83c\udffb\u200d\u2640\ufe0f\u2728 Con nuestro d\u00fao \ud83e\uddecdespigmentante Newderm Emulgel y Newderm Advanced. Combina principios activos aclarantes\u2728 que inhiben la bios\u00edntesis de melanina como la transferencia de melanosomas a los queratinocitos\ud83d\udd2c\ud83e\uddec, responsables de la aparici\u00f3n de manchas oscuras de la piel. Recuerda \ud83d\udc68\ud83c\udffb\u200d\u2695\ufe0fincluir estos dos productos [&hellip;]","og_url":"https:\/\/pruebaswhisper.xyz\/saderma-old\/producto\/duo-despigmentate\/","og_site_name":"Saderma Laboratorio Dermatologico","article_modified_time":"2024-04-05T22:44:58+00:00","og_image":[{"width":1080,"height":1080,"url":"https:\/\/pruebaswhisper.xyz\/saderma-old\/wp-content\/uploads\/2024\/04\/3.png","type":"image\/png"}],"twitter_card":"summary_large_image","twitter_misc":{"Tiempo de lectura":"1 minuto"},"schema":{"@context":"https:\/\/schema.org","@graph":[{"@type":"WebPage","@id":"https:\/\/pruebaswhisper.xyz\/saderma-old\/producto\/duo-despigmentate\/","url":"https:\/\/pruebaswhisper.xyz\/saderma-old\/producto\/duo-despigmentate\/","name":"DUO DESPIGMENTATE - Saderma Laboratorio Dermatologico","isPartOf":{"@id":"https:\/\/pruebaswhisper.xyz\/saderma-old\/#website"},"primaryImageOfPage":{"@id":"https:\/\/pruebaswhisper.xyz\/saderma-old\/producto\/duo-despigmentate\/#primaryimage"},"image":{"@id":"https:\/\/pruebaswhisper.xyz\/saderma-old\/producto\/duo-despigmentate\/#primaryimage"},"thumbnailUrl":"https:\/\/pruebaswhisper.xyz\/saderma-old\/wp-content\/uploads\/2024\/04\/3.png","datePublished":"2024-04-04T22:21:36+00:00","dateModified":"2024-04-05T22:44:58+00:00","breadcrumb":{"@id":"https:\/\/pruebaswhisper.xyz\/saderma-old\/producto\/duo-despigmentate\/#breadcrumb"},"inLanguage":"es","potentialAction":[{"@type":"ReadAction","target":["https:\/\/pruebaswhisper.xyz\/saderma-old\/producto\/duo-despigmentate\/"]}]},{"@type":"ImageObject","inLanguage":"es","@id":"https:\/\/pruebaswhisper.xyz\/saderma-old\/producto\/duo-despigmentate\/#primaryimage","url":"https:\/\/pruebaswhisper.xyz\/saderma-old\/wp-content\/uploads\/2024\/04\/3.png","contentUrl":"https:\/\/pruebaswhisper.xyz\/saderma-old\/wp-content\/uploads\/2024\/04\/3.png","width":1080,"height":1080},{"@type":"BreadcrumbList","@id":"https:\/\/pruebaswhisper.xyz\/saderma-old\/producto\/duo-despigmentate\/#breadcrumb","itemListElement":[{"@type":"ListItem","position":1,"name":"Portada","item":"https:\/\/pruebaswhisper.xyz\/saderma-old\/"},{"@type":"ListItem","position":2,"name":"Tienda","item":"https:\/\/pruebaswhisper.xyz\/saderma-old\/tienda-laboratorio-dermatologico\/"},{"@type":"ListItem","position":3,"name":"DUO DESPIGMENTATE"}]},{"@type":"WebSite","@id":"https:\/\/pruebaswhisper.xyz\/saderma-old\/#website","url":"https:\/\/pruebaswhisper.xyz\/saderma-old\/","name":"Saderma Laboratorio Dermatologico","description":"Saderma Skin care Productos para el cuidado de la piel , cremas antiedad  y anti manchas Newderm con vitamina c cremas hidratantes  con acido Hialuronico Hyderm, protector solar Sunfeel ,Contorno de ojos anti arrugas Tensoderm","publisher":{"@id":"https:\/\/pruebaswhisper.xyz\/saderma-old\/#organization"},"potentialAction":[{"@type":"SearchAction","target":{"@type":"EntryPoint","urlTemplate":"https:\/\/pruebaswhisper.xyz\/saderma-old\/?s={search_term_string}"},"query-input":"required name=search_term_string"}],"inLanguage":"es"},{"@type":"Organization","@id":"https:\/\/pruebaswhisper.xyz\/saderma-old\/#organization","name":"Saderma Laboratorio Dermatologico","url":"https:\/\/pruebaswhisper.xyz\/saderma-old\/","logo":{"@type":"ImageObject","inLanguage":"es","@id":"https:\/\/pruebaswhisper.xyz\/saderma-old\/#\/schema\/logo\/image\/","url":"https:\/\/pruebaswhisper.xyz\/saderma-old\/wp-content\/uploads\/2020\/03\/cropped-logo-300.png","contentUrl":"https:\/\/pruebaswhisper.xyz\/saderma-old\/wp-content\/uploads\/2020\/03\/cropped-logo-300.png","width":333,"height":78,"caption":"Saderma Laboratorio Dermatologico"},"image":{"@id":"https:\/\/pruebaswhisper.xyz\/saderma-old\/#\/schema\/logo\/image\/"}}]}},"_links":{"self":[{"href":"https:\/\/pruebaswhisper.xyz\/saderma-old\/wp-json\/wp\/v2\/product\/5222"}],"collection":[{"href":"https:\/\/pruebaswhisper.xyz\/saderma-old\/wp-json\/wp\/v2\/product"}],"about":[{"href":"https:\/\/pruebaswhisper.xyz\/saderma-old\/wp-json\/wp\/v2\/types\/product"}],"wp:featuredmedia":[{"embeddable":true,"href":"https:\/\/pruebaswhisper.xyz\/saderma-old\/wp-json\/wp\/v2\/media\/5223"}],"wp:attachment":[{"href":"https:\/\/pruebaswhisper.xyz\/saderma-old\/wp-json\/wp\/v2\/media?parent=5222"}],"wp:term":[{"taxonomy":"product_cat","embeddable":true,"href":"https:\/\/pruebaswhisper.xyz\/saderma-old\/wp-json\/wp\/v2\/product_cat?post=5222"},{"taxonomy":"product_tag","embeddable":true,"href":"https:\/\/pruebaswhisper.xyz\/saderma-old\/wp-json\/wp\/v2\/product_tag?post=5222"}],"curies":[{"name":"wp","href":"https:\/\/api.w.org\/{rel}","templated":true}]}}