{"id":5416,"date":"2024-05-02T10:59:27","date_gmt":"2024-05-02T15:59:27","guid":{"rendered":"https:\/\/pruebaswhisper.xyz\/saderma-old\/?post_type=product&#038;p=5416"},"modified":"2024-05-02T11:02:47","modified_gmt":"2024-05-02T16:02:47","slug":"saderma-box-kit-madres-pieles-grasas","status":"publish","type":"product","link":"https:\/\/pruebaswhisper.xyz\/saderma-old\/producto\/saderma-box-kit-madres-pieles-grasas\/","title":{"rendered":"SADERMA BOX- KIT MADRES PIELES GRASAS"},"content":{"rendered":"<p>KIT MADRES PIELES GRASAS \ud83e\uddd6\ud83c\udf8a.\u200b<\/p>\n<p>Contiene:\u200b<\/p>\n<p>\u2705SANDET T\u00c9 VERDE , Para <span class=\"fl-heading-text\">pieles Mixtas grasas o con Acn\u00e9: <\/span>Elimina el exceso de grasa, impurezas y c\u00e9lulas muertas.\u200b<\/p>\n<p>\u2705TENSODERM: Rellena las arrugas desde el interior, tanto en la frente como en el contorno de los ojos, para una piel visiblemente m\u00e1s tersa y densa.\u200b<\/p>\n<p><span class=\"TextRun SCXP188501565 BCX0\" lang=\"ES-CO\" xml:lang=\"ES-CO\" data-scheme-color=\"@333333,,\" data-usefontface=\"false\" data-contrast=\"none\"><span class=\"SpellingError SCXP188501565 BCX0\">\u2705 LIGN- D: <strong>Serum antiarruga<\/strong>s, combina p\u00e9ptidos reafirmantes y poderosos antioxidantes e hidratantes. Reduce la formaci\u00f3n de arrugas hiper din\u00e1micas del rostro, causadas por la contracci\u00f3n de los m\u00fasculos.<br \/>\n<\/span><\/span><span class=\"LineBreakBlob BlobObject SCXP188501565 BCX0\"><span class=\"SCXP188501565 BCX0\">\u200b<\/span><br class=\"SCXP188501565 BCX0\" \/><\/span><span class=\"TextRun SCXP188501565 BCX0\" lang=\"ES-CO\" xml:lang=\"ES-CO\" data-scheme-color=\"@333333,,\" data-usefontface=\"false\" data-contrast=\"none\"><span class=\"SpellingError SCXP188501565 BCX0\">\u2705HYLUM-c , <\/span><\/span><strong>S\u00e9rum facial antioxidante con vitamina C: Previene la p\u00e9rdida de elasticidad de las fibras d\u00e9rmicas del rostro. Ideal para pieles irregulares con p\u00e9rdida de firmeza y luminosidad.<\/strong><\/p>\n<p><span class=\"EOP SCXP188501565 BCX0\">\u200b<\/span><\/p>\n<p>&nbsp;<\/p>\n<p>&nbsp;<\/p>\n","protected":false},"excerpt":{"rendered":"<p>KIT MADRES PIELES GRASAS \ud83e\uddd6\ud83c\udf8a.\u200b Contiene:\u200b \u2705SANDET T\u00c9 VERDE , Para pieles Mixtas grasas o con Acn\u00e9: Elimina el exceso de grasa, impurezas y c\u00e9lulas muertas.\u200b \u2705TENSODERM: Rellena las arrugas desde el interior, tanto en la frente como en el contorno de los ojos, para una piel visiblemente m\u00e1s tersa y densa.\u200b \u2705 LIGN- D: [&hellip;]<\/p>\n","protected":false},"featured_media":5417,"template":"","meta":{"_acf_changed":false},"product_cat":[21,27,34,24,25],"product_tag":[],"acf":[],"yoast_head":"<!-- This site is optimized with the Yoast SEO plugin v22.9 - https:\/\/yoast.com\/wordpress\/plugins\/seo\/ -->\n<title>SADERMA BOX- KIT MADRES PIELES GRASAS - Saderma Laboratorio Dermatologico<\/title>\n<meta name=\"robots\" content=\"noindex, follow, max-snippet:-1, max-image-preview:large, max-video-preview:-1\" \/>\n<meta property=\"og:locale\" content=\"es_ES\" \/>\n<meta property=\"og:type\" content=\"article\" \/>\n<meta property=\"og:title\" content=\"SADERMA BOX- KIT MADRES PIELES GRASAS - Saderma Laboratorio Dermatologico\" \/>\n<meta property=\"og:description\" content=\"KIT MADRES PIELES GRASAS \ud83e\uddd6\ud83c\udf8a.\u200b Contiene:\u200b \u2705SANDET T\u00c9 VERDE , Para pieles Mixtas grasas o con Acn\u00e9: Elimina el exceso de grasa, impurezas y c\u00e9lulas muertas.\u200b \u2705TENSODERM: Rellena las arrugas desde el interior, tanto en la frente como en el contorno de los ojos, para una piel visiblemente m\u00e1s tersa y densa.\u200b \u2705 LIGN- D: [&hellip;]\" \/>\n<meta property=\"og:url\" content=\"https:\/\/pruebaswhisper.xyz\/saderma-old\/producto\/saderma-box-kit-madres-pieles-grasas\/\" \/>\n<meta property=\"og:site_name\" content=\"Saderma Laboratorio Dermatologico\" \/>\n<meta property=\"article:modified_time\" content=\"2024-05-02T16:02:47+00:00\" \/>\n<meta property=\"og:image\" content=\"https:\/\/pruebaswhisper.xyz\/saderma-old\/wp-content\/uploads\/2024\/05\/Post-de-instagram-frase-corazon-rosa-9.png\" \/>\n\t<meta property=\"og:image:width\" content=\"1080\" \/>\n\t<meta property=\"og:image:height\" content=\"1080\" \/>\n\t<meta property=\"og:image:type\" content=\"image\/png\" \/>\n<meta name=\"twitter:card\" content=\"summary_large_image\" \/>\n<meta name=\"twitter:label1\" content=\"Tiempo de lectura\" \/>\n\t<meta name=\"twitter:data1\" content=\"1 minuto\" \/>\n<script type=\"application\/ld+json\" class=\"yoast-schema-graph\">{\"@context\":\"https:\/\/schema.org\",\"@graph\":[{\"@type\":\"WebPage\",\"@id\":\"https:\/\/pruebaswhisper.xyz\/saderma-old\/producto\/saderma-box-kit-madres-pieles-grasas\/\",\"url\":\"https:\/\/pruebaswhisper.xyz\/saderma-old\/producto\/saderma-box-kit-madres-pieles-grasas\/\",\"name\":\"SADERMA BOX- KIT MADRES PIELES GRASAS - Saderma Laboratorio Dermatologico\",\"isPartOf\":{\"@id\":\"https:\/\/pruebaswhisper.xyz\/saderma-old\/#website\"},\"primaryImageOfPage\":{\"@id\":\"https:\/\/pruebaswhisper.xyz\/saderma-old\/producto\/saderma-box-kit-madres-pieles-grasas\/#primaryimage\"},\"image\":{\"@id\":\"https:\/\/pruebaswhisper.xyz\/saderma-old\/producto\/saderma-box-kit-madres-pieles-grasas\/#primaryimage\"},\"thumbnailUrl\":\"https:\/\/pruebaswhisper.xyz\/saderma-old\/wp-content\/uploads\/2024\/05\/Post-de-instagram-frase-corazon-rosa-9.png\",\"datePublished\":\"2024-05-02T15:59:27+00:00\",\"dateModified\":\"2024-05-02T16:02:47+00:00\",\"breadcrumb\":{\"@id\":\"https:\/\/pruebaswhisper.xyz\/saderma-old\/producto\/saderma-box-kit-madres-pieles-grasas\/#breadcrumb\"},\"inLanguage\":\"es\",\"potentialAction\":[{\"@type\":\"ReadAction\",\"target\":[\"https:\/\/pruebaswhisper.xyz\/saderma-old\/producto\/saderma-box-kit-madres-pieles-grasas\/\"]}]},{\"@type\":\"ImageObject\",\"inLanguage\":\"es\",\"@id\":\"https:\/\/pruebaswhisper.xyz\/saderma-old\/producto\/saderma-box-kit-madres-pieles-grasas\/#primaryimage\",\"url\":\"https:\/\/pruebaswhisper.xyz\/saderma-old\/wp-content\/uploads\/2024\/05\/Post-de-instagram-frase-corazon-rosa-9.png\",\"contentUrl\":\"https:\/\/pruebaswhisper.xyz\/saderma-old\/wp-content\/uploads\/2024\/05\/Post-de-instagram-frase-corazon-rosa-9.png\",\"width\":1080,\"height\":1080},{\"@type\":\"BreadcrumbList\",\"@id\":\"https:\/\/pruebaswhisper.xyz\/saderma-old\/producto\/saderma-box-kit-madres-pieles-grasas\/#breadcrumb\",\"itemListElement\":[{\"@type\":\"ListItem\",\"position\":1,\"name\":\"Portada\",\"item\":\"https:\/\/pruebaswhisper.xyz\/saderma-old\/\"},{\"@type\":\"ListItem\",\"position\":2,\"name\":\"Tienda\",\"item\":\"https:\/\/pruebaswhisper.xyz\/saderma-old\/tienda-laboratorio-dermatologico\/\"},{\"@type\":\"ListItem\",\"position\":3,\"name\":\"SADERMA BOX- KIT MADRES PIELES GRASAS\"}]},{\"@type\":\"WebSite\",\"@id\":\"https:\/\/pruebaswhisper.xyz\/saderma-old\/#website\",\"url\":\"https:\/\/pruebaswhisper.xyz\/saderma-old\/\",\"name\":\"Saderma Laboratorio Dermatologico\",\"description\":\"Saderma Skin care Productos para el cuidado de la piel , cremas antiedad  y anti manchas Newderm con vitamina c cremas hidratantes  con acido Hialuronico Hyderm, protector solar Sunfeel ,Contorno de ojos anti arrugas Tensoderm\",\"publisher\":{\"@id\":\"https:\/\/pruebaswhisper.xyz\/saderma-old\/#organization\"},\"potentialAction\":[{\"@type\":\"SearchAction\",\"target\":{\"@type\":\"EntryPoint\",\"urlTemplate\":\"https:\/\/pruebaswhisper.xyz\/saderma-old\/?s={search_term_string}\"},\"query-input\":\"required name=search_term_string\"}],\"inLanguage\":\"es\"},{\"@type\":\"Organization\",\"@id\":\"https:\/\/pruebaswhisper.xyz\/saderma-old\/#organization\",\"name\":\"Saderma Laboratorio Dermatologico\",\"url\":\"https:\/\/pruebaswhisper.xyz\/saderma-old\/\",\"logo\":{\"@type\":\"ImageObject\",\"inLanguage\":\"es\",\"@id\":\"https:\/\/pruebaswhisper.xyz\/saderma-old\/#\/schema\/logo\/image\/\",\"url\":\"https:\/\/pruebaswhisper.xyz\/saderma-old\/wp-content\/uploads\/2020\/03\/cropped-logo-300.png\",\"contentUrl\":\"https:\/\/pruebaswhisper.xyz\/saderma-old\/wp-content\/uploads\/2020\/03\/cropped-logo-300.png\",\"width\":333,\"height\":78,\"caption\":\"Saderma Laboratorio Dermatologico\"},\"image\":{\"@id\":\"https:\/\/pruebaswhisper.xyz\/saderma-old\/#\/schema\/logo\/image\/\"}}]}<\/script>\n<!-- \/ Yoast SEO plugin. -->","yoast_head_json":{"title":"SADERMA BOX- KIT MADRES PIELES GRASAS - Saderma Laboratorio Dermatologico","robots":{"index":"noindex","follow":"follow","max-snippet":"max-snippet:-1","max-image-preview":"max-image-preview:large","max-video-preview":"max-video-preview:-1"},"og_locale":"es_ES","og_type":"article","og_title":"SADERMA BOX- KIT MADRES PIELES GRASAS - Saderma Laboratorio Dermatologico","og_description":"KIT MADRES PIELES GRASAS \ud83e\uddd6\ud83c\udf8a.\u200b Contiene:\u200b \u2705SANDET T\u00c9 VERDE , Para pieles Mixtas grasas o con Acn\u00e9: Elimina el exceso de grasa, impurezas y c\u00e9lulas muertas.\u200b \u2705TENSODERM: Rellena las arrugas desde el interior, tanto en la frente como en el contorno de los ojos, para una piel visiblemente m\u00e1s tersa y densa.\u200b \u2705 LIGN- D: [&hellip;]","og_url":"https:\/\/pruebaswhisper.xyz\/saderma-old\/producto\/saderma-box-kit-madres-pieles-grasas\/","og_site_name":"Saderma Laboratorio Dermatologico","article_modified_time":"2024-05-02T16:02:47+00:00","og_image":[{"width":1080,"height":1080,"url":"https:\/\/pruebaswhisper.xyz\/saderma-old\/wp-content\/uploads\/2024\/05\/Post-de-instagram-frase-corazon-rosa-9.png","type":"image\/png"}],"twitter_card":"summary_large_image","twitter_misc":{"Tiempo de lectura":"1 minuto"},"schema":{"@context":"https:\/\/schema.org","@graph":[{"@type":"WebPage","@id":"https:\/\/pruebaswhisper.xyz\/saderma-old\/producto\/saderma-box-kit-madres-pieles-grasas\/","url":"https:\/\/pruebaswhisper.xyz\/saderma-old\/producto\/saderma-box-kit-madres-pieles-grasas\/","name":"SADERMA BOX- KIT MADRES PIELES GRASAS - Saderma Laboratorio Dermatologico","isPartOf":{"@id":"https:\/\/pruebaswhisper.xyz\/saderma-old\/#website"},"primaryImageOfPage":{"@id":"https:\/\/pruebaswhisper.xyz\/saderma-old\/producto\/saderma-box-kit-madres-pieles-grasas\/#primaryimage"},"image":{"@id":"https:\/\/pruebaswhisper.xyz\/saderma-old\/producto\/saderma-box-kit-madres-pieles-grasas\/#primaryimage"},"thumbnailUrl":"https:\/\/pruebaswhisper.xyz\/saderma-old\/wp-content\/uploads\/2024\/05\/Post-de-instagram-frase-corazon-rosa-9.png","datePublished":"2024-05-02T15:59:27+00:00","dateModified":"2024-05-02T16:02:47+00:00","breadcrumb":{"@id":"https:\/\/pruebaswhisper.xyz\/saderma-old\/producto\/saderma-box-kit-madres-pieles-grasas\/#breadcrumb"},"inLanguage":"es","potentialAction":[{"@type":"ReadAction","target":["https:\/\/pruebaswhisper.xyz\/saderma-old\/producto\/saderma-box-kit-madres-pieles-grasas\/"]}]},{"@type":"ImageObject","inLanguage":"es","@id":"https:\/\/pruebaswhisper.xyz\/saderma-old\/producto\/saderma-box-kit-madres-pieles-grasas\/#primaryimage","url":"https:\/\/pruebaswhisper.xyz\/saderma-old\/wp-content\/uploads\/2024\/05\/Post-de-instagram-frase-corazon-rosa-9.png","contentUrl":"https:\/\/pruebaswhisper.xyz\/saderma-old\/wp-content\/uploads\/2024\/05\/Post-de-instagram-frase-corazon-rosa-9.png","width":1080,"height":1080},{"@type":"BreadcrumbList","@id":"https:\/\/pruebaswhisper.xyz\/saderma-old\/producto\/saderma-box-kit-madres-pieles-grasas\/#breadcrumb","itemListElement":[{"@type":"ListItem","position":1,"name":"Portada","item":"https:\/\/pruebaswhisper.xyz\/saderma-old\/"},{"@type":"ListItem","position":2,"name":"Tienda","item":"https:\/\/pruebaswhisper.xyz\/saderma-old\/tienda-laboratorio-dermatologico\/"},{"@type":"ListItem","position":3,"name":"SADERMA BOX- KIT MADRES PIELES GRASAS"}]},{"@type":"WebSite","@id":"https:\/\/pruebaswhisper.xyz\/saderma-old\/#website","url":"https:\/\/pruebaswhisper.xyz\/saderma-old\/","name":"Saderma Laboratorio Dermatologico","description":"Saderma Skin care Productos para el cuidado de la piel , cremas antiedad  y anti manchas Newderm con vitamina c cremas hidratantes  con acido Hialuronico Hyderm, protector solar Sunfeel ,Contorno de ojos anti arrugas Tensoderm","publisher":{"@id":"https:\/\/pruebaswhisper.xyz\/saderma-old\/#organization"},"potentialAction":[{"@type":"SearchAction","target":{"@type":"EntryPoint","urlTemplate":"https:\/\/pruebaswhisper.xyz\/saderma-old\/?s={search_term_string}"},"query-input":"required name=search_term_string"}],"inLanguage":"es"},{"@type":"Organization","@id":"https:\/\/pruebaswhisper.xyz\/saderma-old\/#organization","name":"Saderma Laboratorio Dermatologico","url":"https:\/\/pruebaswhisper.xyz\/saderma-old\/","logo":{"@type":"ImageObject","inLanguage":"es","@id":"https:\/\/pruebaswhisper.xyz\/saderma-old\/#\/schema\/logo\/image\/","url":"https:\/\/pruebaswhisper.xyz\/saderma-old\/wp-content\/uploads\/2020\/03\/cropped-logo-300.png","contentUrl":"https:\/\/pruebaswhisper.xyz\/saderma-old\/wp-content\/uploads\/2020\/03\/cropped-logo-300.png","width":333,"height":78,"caption":"Saderma Laboratorio Dermatologico"},"image":{"@id":"https:\/\/pruebaswhisper.xyz\/saderma-old\/#\/schema\/logo\/image\/"}}]}},"_links":{"self":[{"href":"https:\/\/pruebaswhisper.xyz\/saderma-old\/wp-json\/wp\/v2\/product\/5416"}],"collection":[{"href":"https:\/\/pruebaswhisper.xyz\/saderma-old\/wp-json\/wp\/v2\/product"}],"about":[{"href":"https:\/\/pruebaswhisper.xyz\/saderma-old\/wp-json\/wp\/v2\/types\/product"}],"wp:featuredmedia":[{"embeddable":true,"href":"https:\/\/pruebaswhisper.xyz\/saderma-old\/wp-json\/wp\/v2\/media\/5417"}],"wp:attachment":[{"href":"https:\/\/pruebaswhisper.xyz\/saderma-old\/wp-json\/wp\/v2\/media?parent=5416"}],"wp:term":[{"taxonomy":"product_cat","embeddable":true,"href":"https:\/\/pruebaswhisper.xyz\/saderma-old\/wp-json\/wp\/v2\/product_cat?post=5416"},{"taxonomy":"product_tag","embeddable":true,"href":"https:\/\/pruebaswhisper.xyz\/saderma-old\/wp-json\/wp\/v2\/product_tag?post=5416"}],"curies":[{"name":"wp","href":"https:\/\/api.w.org\/{rel}","templated":true}]}}