{"id":5421,"date":"2024-05-03T10:40:20","date_gmt":"2024-05-03T15:40:20","guid":{"rendered":"https:\/\/pruebaswhisper.xyz\/saderma-old\/?post_type=product&#038;p=5421"},"modified":"2024-05-17T00:02:12","modified_gmt":"2024-05-17T05:02:12","slug":"kit-antimanchas-en-tres-pasos","status":"publish","type":"product","link":"https:\/\/pruebaswhisper.xyz\/saderma-old\/producto\/kit-antimanchas-en-tres-pasos\/","title":{"rendered":"KIT ANTIMANCHAS EN TRES PASOS"},"content":{"rendered":"<p>Desvanece la apariencia de las manchas y unifica el tono de tu piel\ud83e\uddd6\ud83c\udffb\u200d\u2640\ufe0f\u2728<\/p>\n<p>Con nuestro Kit \ud83e\uddecdespigmentante: Hip-x50, Newderm Emulgel y Newderm Advanced.<br \/>\nCombina principios activos aclarantes\u2728 que inhiben la bios\u00edntesis de melanina como la transferencia de melanosomas a los queratinocitos\ud83d\udd2c\ud83e\uddec, responsables de la aparici\u00f3n de manchas oscuras de la piel.<\/p>\n<p>HIP-X50: Mejora el tono y aclara las manchas de la piel.<br \/>\nNEWDERM EMULGEL: Recuperar el tono de piel tanto en el rostro como en zonas que requieran un aclarado natural.<br \/>\nNEWDERM ADVANCED: <strong>S\u00e9rum despigmentante de efecto avanzado, \u00a0Desvanece la apariencia de las manchas.<\/strong><\/p>\n<p>Recuerda \ud83d\udc68\ud83c\udffb\u200d\u2695\ufe0fincluir estos dos productos \u00fanicamente en tu rutina de noche\ud83d\ude34\ud83c\udf19 y evita\u00a0la exposici\u00f3n a\u00a0los rayos UV \u2600\ufe0fdirectamente durante el d\u00eda, complementar su uso con filtro solar de m\u00e1xima protecci\u00f3n.<\/p>\n<p>\u00a1Dale a tu piel el cuidado y bienestar que se merece!\ud83d\udc99<\/p>\n","protected":false},"excerpt":{"rendered":"<p>Desvanece la apariencia de las manchas y unifica el tono de tu piel\ud83e\uddd6\ud83c\udffb\u200d\u2640\ufe0f\u2728 Con nuestro Kit \ud83e\uddecdespigmentante: Hip-x50, Newderm Emulgel y Newderm Advanced. Combina principios activos aclarantes\u2728 que inhiben la bios\u00edntesis de melanina como la transferencia de melanosomas a los queratinocitos\ud83d\udd2c\ud83e\uddec, responsables de la aparici\u00f3n de manchas oscuras de la piel. HIP-X50: Mejora el tono [&hellip;]<\/p>\n","protected":false},"featured_media":5422,"template":"","meta":{"_acf_changed":false},"product_cat":[21,27,24,34],"product_tag":[],"acf":[],"yoast_head":"<!-- This site is optimized with the Yoast SEO plugin v22.9 - https:\/\/yoast.com\/wordpress\/plugins\/seo\/ -->\n<title>KIT ANTIMANCHAS EN TRES PASOS - Saderma Laboratorio Dermatologico<\/title>\n<meta name=\"robots\" content=\"noindex, follow, max-snippet:-1, max-image-preview:large, max-video-preview:-1\" \/>\n<meta property=\"og:locale\" content=\"es_ES\" \/>\n<meta property=\"og:type\" content=\"article\" \/>\n<meta property=\"og:title\" content=\"KIT ANTIMANCHAS EN TRES PASOS - Saderma Laboratorio Dermatologico\" \/>\n<meta property=\"og:description\" content=\"Desvanece la apariencia de las manchas y unifica el tono de tu piel\ud83e\uddd6\ud83c\udffb\u200d\u2640\ufe0f\u2728 Con nuestro Kit \ud83e\uddecdespigmentante: Hip-x50, Newderm Emulgel y Newderm Advanced. Combina principios activos aclarantes\u2728 que inhiben la bios\u00edntesis de melanina como la transferencia de melanosomas a los queratinocitos\ud83d\udd2c\ud83e\uddec, responsables de la aparici\u00f3n de manchas oscuras de la piel. HIP-X50: Mejora el tono [&hellip;]\" \/>\n<meta property=\"og:url\" content=\"https:\/\/pruebaswhisper.xyz\/saderma-old\/producto\/kit-antimanchas-en-tres-pasos\/\" \/>\n<meta property=\"og:site_name\" content=\"Saderma Laboratorio Dermatologico\" \/>\n<meta property=\"article:modified_time\" content=\"2024-05-17T05:02:12+00:00\" \/>\n<meta property=\"og:image\" content=\"https:\/\/pruebaswhisper.xyz\/saderma-old\/wp-content\/uploads\/2024\/05\/6-ParrillaMayo2024_SADERMA-1.png\" \/>\n\t<meta property=\"og:image:width\" content=\"1080\" \/>\n\t<meta property=\"og:image:height\" content=\"1080\" \/>\n\t<meta property=\"og:image:type\" content=\"image\/png\" \/>\n<meta name=\"twitter:card\" content=\"summary_large_image\" \/>\n<meta name=\"twitter:label1\" content=\"Tiempo de lectura\" \/>\n\t<meta name=\"twitter:data1\" content=\"1 minuto\" \/>\n<script type=\"application\/ld+json\" class=\"yoast-schema-graph\">{\"@context\":\"https:\/\/schema.org\",\"@graph\":[{\"@type\":\"WebPage\",\"@id\":\"https:\/\/pruebaswhisper.xyz\/saderma-old\/producto\/kit-antimanchas-en-tres-pasos\/\",\"url\":\"https:\/\/pruebaswhisper.xyz\/saderma-old\/producto\/kit-antimanchas-en-tres-pasos\/\",\"name\":\"KIT ANTIMANCHAS EN TRES PASOS - Saderma Laboratorio Dermatologico\",\"isPartOf\":{\"@id\":\"https:\/\/pruebaswhisper.xyz\/saderma-old\/#website\"},\"primaryImageOfPage\":{\"@id\":\"https:\/\/pruebaswhisper.xyz\/saderma-old\/producto\/kit-antimanchas-en-tres-pasos\/#primaryimage\"},\"image\":{\"@id\":\"https:\/\/pruebaswhisper.xyz\/saderma-old\/producto\/kit-antimanchas-en-tres-pasos\/#primaryimage\"},\"thumbnailUrl\":\"https:\/\/pruebaswhisper.xyz\/saderma-old\/wp-content\/uploads\/2024\/05\/6-ParrillaMayo2024_SADERMA-1.png\",\"datePublished\":\"2024-05-03T15:40:20+00:00\",\"dateModified\":\"2024-05-17T05:02:12+00:00\",\"breadcrumb\":{\"@id\":\"https:\/\/pruebaswhisper.xyz\/saderma-old\/producto\/kit-antimanchas-en-tres-pasos\/#breadcrumb\"},\"inLanguage\":\"es\",\"potentialAction\":[{\"@type\":\"ReadAction\",\"target\":[\"https:\/\/pruebaswhisper.xyz\/saderma-old\/producto\/kit-antimanchas-en-tres-pasos\/\"]}]},{\"@type\":\"ImageObject\",\"inLanguage\":\"es\",\"@id\":\"https:\/\/pruebaswhisper.xyz\/saderma-old\/producto\/kit-antimanchas-en-tres-pasos\/#primaryimage\",\"url\":\"https:\/\/pruebaswhisper.xyz\/saderma-old\/wp-content\/uploads\/2024\/05\/6-ParrillaMayo2024_SADERMA-1.png\",\"contentUrl\":\"https:\/\/pruebaswhisper.xyz\/saderma-old\/wp-content\/uploads\/2024\/05\/6-ParrillaMayo2024_SADERMA-1.png\",\"width\":1080,\"height\":1080},{\"@type\":\"BreadcrumbList\",\"@id\":\"https:\/\/pruebaswhisper.xyz\/saderma-old\/producto\/kit-antimanchas-en-tres-pasos\/#breadcrumb\",\"itemListElement\":[{\"@type\":\"ListItem\",\"position\":1,\"name\":\"Portada\",\"item\":\"https:\/\/pruebaswhisper.xyz\/saderma-old\/\"},{\"@type\":\"ListItem\",\"position\":2,\"name\":\"Tienda\",\"item\":\"https:\/\/pruebaswhisper.xyz\/saderma-old\/tienda-laboratorio-dermatologico\/\"},{\"@type\":\"ListItem\",\"position\":3,\"name\":\"KIT ANTIMANCHAS EN TRES PASOS\"}]},{\"@type\":\"WebSite\",\"@id\":\"https:\/\/pruebaswhisper.xyz\/saderma-old\/#website\",\"url\":\"https:\/\/pruebaswhisper.xyz\/saderma-old\/\",\"name\":\"Saderma Laboratorio Dermatologico\",\"description\":\"Saderma Skin care Productos para el cuidado de la piel , cremas antiedad  y anti manchas Newderm con vitamina c cremas hidratantes  con acido Hialuronico Hyderm, protector solar Sunfeel ,Contorno de ojos anti arrugas Tensoderm\",\"publisher\":{\"@id\":\"https:\/\/pruebaswhisper.xyz\/saderma-old\/#organization\"},\"potentialAction\":[{\"@type\":\"SearchAction\",\"target\":{\"@type\":\"EntryPoint\",\"urlTemplate\":\"https:\/\/pruebaswhisper.xyz\/saderma-old\/?s={search_term_string}\"},\"query-input\":\"required name=search_term_string\"}],\"inLanguage\":\"es\"},{\"@type\":\"Organization\",\"@id\":\"https:\/\/pruebaswhisper.xyz\/saderma-old\/#organization\",\"name\":\"Saderma Laboratorio Dermatologico\",\"url\":\"https:\/\/pruebaswhisper.xyz\/saderma-old\/\",\"logo\":{\"@type\":\"ImageObject\",\"inLanguage\":\"es\",\"@id\":\"https:\/\/pruebaswhisper.xyz\/saderma-old\/#\/schema\/logo\/image\/\",\"url\":\"https:\/\/pruebaswhisper.xyz\/saderma-old\/wp-content\/uploads\/2020\/03\/cropped-logo-300.png\",\"contentUrl\":\"https:\/\/pruebaswhisper.xyz\/saderma-old\/wp-content\/uploads\/2020\/03\/cropped-logo-300.png\",\"width\":333,\"height\":78,\"caption\":\"Saderma Laboratorio Dermatologico\"},\"image\":{\"@id\":\"https:\/\/pruebaswhisper.xyz\/saderma-old\/#\/schema\/logo\/image\/\"}}]}<\/script>\n<!-- \/ Yoast SEO plugin. -->","yoast_head_json":{"title":"KIT ANTIMANCHAS EN TRES PASOS - Saderma Laboratorio Dermatologico","robots":{"index":"noindex","follow":"follow","max-snippet":"max-snippet:-1","max-image-preview":"max-image-preview:large","max-video-preview":"max-video-preview:-1"},"og_locale":"es_ES","og_type":"article","og_title":"KIT ANTIMANCHAS EN TRES PASOS - Saderma Laboratorio Dermatologico","og_description":"Desvanece la apariencia de las manchas y unifica el tono de tu piel\ud83e\uddd6\ud83c\udffb\u200d\u2640\ufe0f\u2728 Con nuestro Kit \ud83e\uddecdespigmentante: Hip-x50, Newderm Emulgel y Newderm Advanced. Combina principios activos aclarantes\u2728 que inhiben la bios\u00edntesis de melanina como la transferencia de melanosomas a los queratinocitos\ud83d\udd2c\ud83e\uddec, responsables de la aparici\u00f3n de manchas oscuras de la piel. HIP-X50: Mejora el tono [&hellip;]","og_url":"https:\/\/pruebaswhisper.xyz\/saderma-old\/producto\/kit-antimanchas-en-tres-pasos\/","og_site_name":"Saderma Laboratorio Dermatologico","article_modified_time":"2024-05-17T05:02:12+00:00","og_image":[{"width":1080,"height":1080,"url":"https:\/\/pruebaswhisper.xyz\/saderma-old\/wp-content\/uploads\/2024\/05\/6-ParrillaMayo2024_SADERMA-1.png","type":"image\/png"}],"twitter_card":"summary_large_image","twitter_misc":{"Tiempo de lectura":"1 minuto"},"schema":{"@context":"https:\/\/schema.org","@graph":[{"@type":"WebPage","@id":"https:\/\/pruebaswhisper.xyz\/saderma-old\/producto\/kit-antimanchas-en-tres-pasos\/","url":"https:\/\/pruebaswhisper.xyz\/saderma-old\/producto\/kit-antimanchas-en-tres-pasos\/","name":"KIT ANTIMANCHAS EN TRES PASOS - Saderma Laboratorio Dermatologico","isPartOf":{"@id":"https:\/\/pruebaswhisper.xyz\/saderma-old\/#website"},"primaryImageOfPage":{"@id":"https:\/\/pruebaswhisper.xyz\/saderma-old\/producto\/kit-antimanchas-en-tres-pasos\/#primaryimage"},"image":{"@id":"https:\/\/pruebaswhisper.xyz\/saderma-old\/producto\/kit-antimanchas-en-tres-pasos\/#primaryimage"},"thumbnailUrl":"https:\/\/pruebaswhisper.xyz\/saderma-old\/wp-content\/uploads\/2024\/05\/6-ParrillaMayo2024_SADERMA-1.png","datePublished":"2024-05-03T15:40:20+00:00","dateModified":"2024-05-17T05:02:12+00:00","breadcrumb":{"@id":"https:\/\/pruebaswhisper.xyz\/saderma-old\/producto\/kit-antimanchas-en-tres-pasos\/#breadcrumb"},"inLanguage":"es","potentialAction":[{"@type":"ReadAction","target":["https:\/\/pruebaswhisper.xyz\/saderma-old\/producto\/kit-antimanchas-en-tres-pasos\/"]}]},{"@type":"ImageObject","inLanguage":"es","@id":"https:\/\/pruebaswhisper.xyz\/saderma-old\/producto\/kit-antimanchas-en-tres-pasos\/#primaryimage","url":"https:\/\/pruebaswhisper.xyz\/saderma-old\/wp-content\/uploads\/2024\/05\/6-ParrillaMayo2024_SADERMA-1.png","contentUrl":"https:\/\/pruebaswhisper.xyz\/saderma-old\/wp-content\/uploads\/2024\/05\/6-ParrillaMayo2024_SADERMA-1.png","width":1080,"height":1080},{"@type":"BreadcrumbList","@id":"https:\/\/pruebaswhisper.xyz\/saderma-old\/producto\/kit-antimanchas-en-tres-pasos\/#breadcrumb","itemListElement":[{"@type":"ListItem","position":1,"name":"Portada","item":"https:\/\/pruebaswhisper.xyz\/saderma-old\/"},{"@type":"ListItem","position":2,"name":"Tienda","item":"https:\/\/pruebaswhisper.xyz\/saderma-old\/tienda-laboratorio-dermatologico\/"},{"@type":"ListItem","position":3,"name":"KIT ANTIMANCHAS EN TRES PASOS"}]},{"@type":"WebSite","@id":"https:\/\/pruebaswhisper.xyz\/saderma-old\/#website","url":"https:\/\/pruebaswhisper.xyz\/saderma-old\/","name":"Saderma Laboratorio Dermatologico","description":"Saderma Skin care Productos para el cuidado de la piel , cremas antiedad  y anti manchas Newderm con vitamina c cremas hidratantes  con acido Hialuronico Hyderm, protector solar Sunfeel ,Contorno de ojos anti arrugas Tensoderm","publisher":{"@id":"https:\/\/pruebaswhisper.xyz\/saderma-old\/#organization"},"potentialAction":[{"@type":"SearchAction","target":{"@type":"EntryPoint","urlTemplate":"https:\/\/pruebaswhisper.xyz\/saderma-old\/?s={search_term_string}"},"query-input":"required name=search_term_string"}],"inLanguage":"es"},{"@type":"Organization","@id":"https:\/\/pruebaswhisper.xyz\/saderma-old\/#organization","name":"Saderma Laboratorio Dermatologico","url":"https:\/\/pruebaswhisper.xyz\/saderma-old\/","logo":{"@type":"ImageObject","inLanguage":"es","@id":"https:\/\/pruebaswhisper.xyz\/saderma-old\/#\/schema\/logo\/image\/","url":"https:\/\/pruebaswhisper.xyz\/saderma-old\/wp-content\/uploads\/2020\/03\/cropped-logo-300.png","contentUrl":"https:\/\/pruebaswhisper.xyz\/saderma-old\/wp-content\/uploads\/2020\/03\/cropped-logo-300.png","width":333,"height":78,"caption":"Saderma Laboratorio Dermatologico"},"image":{"@id":"https:\/\/pruebaswhisper.xyz\/saderma-old\/#\/schema\/logo\/image\/"}}]}},"_links":{"self":[{"href":"https:\/\/pruebaswhisper.xyz\/saderma-old\/wp-json\/wp\/v2\/product\/5421"}],"collection":[{"href":"https:\/\/pruebaswhisper.xyz\/saderma-old\/wp-json\/wp\/v2\/product"}],"about":[{"href":"https:\/\/pruebaswhisper.xyz\/saderma-old\/wp-json\/wp\/v2\/types\/product"}],"wp:featuredmedia":[{"embeddable":true,"href":"https:\/\/pruebaswhisper.xyz\/saderma-old\/wp-json\/wp\/v2\/media\/5422"}],"wp:attachment":[{"href":"https:\/\/pruebaswhisper.xyz\/saderma-old\/wp-json\/wp\/v2\/media?parent=5421"}],"wp:term":[{"taxonomy":"product_cat","embeddable":true,"href":"https:\/\/pruebaswhisper.xyz\/saderma-old\/wp-json\/wp\/v2\/product_cat?post=5421"},{"taxonomy":"product_tag","embeddable":true,"href":"https:\/\/pruebaswhisper.xyz\/saderma-old\/wp-json\/wp\/v2\/product_tag?post=5421"}],"curies":[{"name":"wp","href":"https:\/\/api.w.org\/{rel}","templated":true}]}}