{"id":158,"date":"2023-08-08T18:18:04","date_gmt":"2023-08-08T16:18:04","guid":{"rendered":"https:\/\/pruebaswhisper.xyz\/saderma\/?post_type=product&#038;p=158"},"modified":"2023-08-24T21:11:57","modified_gmt":"2023-08-24T19:11:57","slug":"newderm-emulgel-con-arbutina-y-vitamina-c","status":"publish","type":"product","link":"https:\/\/pruebaswhisper.xyz\/saderma\/producto\/newderm-emulgel-con-arbutina-y-vitamina-c\/","title":{"rendered":"Newderm emulgel con arbutina y vitamina C"},"content":{"rendered":"<p>Contenido Neto 35 grs | Registro INVIMA NSOC 70002 \u2013 15 CO<\/p>\n<p>NEWDERM Inhibe la producci\u00f3n de la tirosinasa, enzima encargada de regular el proceso de producci\u00f3n de melanina.<\/p>\n<ul>\n<li>Hidrata la piel.<\/li>\n<li>Previene la descamaci\u00f3n por quemadura solar.<\/li>\n<li>Aumenta la elasticidad de la dermis.<\/li>\n<li>Interrumpe los procesos enzim\u00e1ticos productores de pigmento dentro de los melanocitos.<\/li>\n<\/ul>\n<p>El tratamiento t\u00f3pico de primera l\u00ednea que inhibe la v\u00eda de producci\u00f3n de pigmento, (TIROSINASA) con filtro solar (UVB) y pantalla (UV) que ayudan a proteger la piel de los rayos ultravioleta nocivos durante la exposici\u00f3n solar<\/p>\n<p>EFICACIA COMPROBADA CONTRA LA HIPERPIGMENTACI\u00d3N DE LA PIEL.<\/p>\n<p><strong><em>Dermatol\u00f3gicamente probado<\/em><\/strong><\/p>\n","protected":false},"excerpt":{"rendered":"<p><strong>NEWDERM<\/strong> Inhibe la producci\u00f3n de la tirosinasa, enzima encargada de regular el proceso de producci\u00f3n de melanina.<\/p>\n<ul>\n<li>Hidrata la piel.<\/li>\n<li>Previene la descamaci\u00f3n por quemadura solar.<\/li>\n<li>Aumenta la elasticidad de la dermis..<\/li>\n<li>Interrumpe los procesos enzim\u00e1ticos productores de pigmento dentro de los melanocitos.<\/li>\n<li>Ayuda a recuperar el tono de piel tanto en el rostro como en zonas que requieran un aclarado natural.<\/li>\n<\/ul>\n<p>El tratamiento t\u00f3pico de primera l\u00ednea que inhibe la v\u00eda de producci\u00f3n de pigmento,(TIROSINASA) con filtro solar (UVB) y pantalla (UV) que ayudan a proteger la piel de los rayos ultravioleta nocivos durante la exposici\u00f3n solar.<\/p>\n","protected":false},"featured_media":1083,"comment_status":"open","ping_status":"closed","template":"","meta":{"_joinchat":[]},"product_cat":[27,28,26],"product_tag":[],"class_list":["post-158","product","type-product","status-publish","has-post-thumbnail","hentry","product_cat-antiedad","product_cat-hidratacion","product_cat-limpieza"],"_links":{"self":[{"href":"https:\/\/pruebaswhisper.xyz\/saderma\/wp-json\/wp\/v2\/product\/158","targetHints":{"allow":["GET"]}}],"collection":[{"href":"https:\/\/pruebaswhisper.xyz\/saderma\/wp-json\/wp\/v2\/product"}],"about":[{"href":"https:\/\/pruebaswhisper.xyz\/saderma\/wp-json\/wp\/v2\/types\/product"}],"replies":[{"embeddable":true,"href":"https:\/\/pruebaswhisper.xyz\/saderma\/wp-json\/wp\/v2\/comments?post=158"}],"wp:featuredmedia":[{"embeddable":true,"href":"https:\/\/pruebaswhisper.xyz\/saderma\/wp-json\/wp\/v2\/media\/1083"}],"wp:attachment":[{"href":"https:\/\/pruebaswhisper.xyz\/saderma\/wp-json\/wp\/v2\/media?parent=158"}],"wp:term":[{"taxonomy":"product_cat","embeddable":true,"href":"https:\/\/pruebaswhisper.xyz\/saderma\/wp-json\/wp\/v2\/product_cat?post=158"},{"taxonomy":"product_tag","embeddable":true,"href":"https:\/\/pruebaswhisper.xyz\/saderma\/wp-json\/wp\/v2\/product_tag?post=158"}],"curies":[{"name":"wp","href":"https:\/\/api.w.org\/{rel}","templated":true}]}}